{"id":36460,"date":"2024-10-30T14:44:20","date_gmt":"2024-10-30T13:44:20","guid":{"rendered":"https:\/\/www.arteco-global.com\/video-security\/software-solutions\/vca-behaviour\/"},"modified":"2024-10-30T15:03:30","modified_gmt":"2024-10-30T14:03:30","slug":"vca-behaviour","status":"publish","type":"page","link":"https:\/\/www.arteco-global.com\/it\/video-security\/software-solutions\/vca-behaviour\/","title":{"rendered":"VCA Behaviour"},"content":{"rendered":"<p>La nostra soluzione di analisi video avanzata <strong>VCA Behaviour<\/strong> integra motori di <strong>Deep Learning<\/strong> e <strong>Intelligenza Artificiale<\/strong> per offrire prestazioni superiori nel monitoraggio e nella sicurezza.<\/p>\n<p>Progettata per funzionare con le nostre piattaforme VMS Omnia e VsaaS uSee, VCA Behaviour ti permette di migliorare il controllo e l\u2019efficienza operativa in una vasta gamma di applicazioni. Dalla rilevazione di comportamenti sospetti alla sicurezza in ambiti lavorativi e rispetto delle normative di sicurezza, la nostra soluzione rappresenta il futuro dell\u2019analisi video.<\/p>\n<p>Grazie al motore <strong>Deep Learning Skeleton Tracker<\/strong>, VCA rileva e traccia le posizioni del corpo umano per riconoscere movimenti e comportamenti, o interazioni con oggetti. Questo \u00e8 particolarmente utile in molteplici scenari, dove \u00e8 fondamentale <strong>monitorare con precisione<\/strong> il comportamento delle persone, <strong>ricevere allarmi in tempo reale ed automatizzare procedure di sicurezza<\/strong>.<\/p>\n<h3>Rilevamento Comportamentale con AI Avanzata<\/h3>\n<p>Grazie a VCA Behaviour, \u00e8 possibile identificare una vasta gamma di comportamenti anomali, tra cui <strong>risse, cadute, mani alzate e la presenza di oggetti in mano<\/strong>. Questi algoritmi offrono una protezione avanzata per ambienti come scuole, centri sportivi, attivit\u00e0 commerciali e aree pubbliche, aumentando significativamente la sicurezza.<\/p>\n<h3>Rilevamento di Accessori di Protezione (PPE)<\/h3>\n<p>Ideale per cantieri e aree industriali, il sistema rileva l\u2019uso di <strong>caschi di sicurezza e giubbotti ad alta visibilit\u00e0<\/strong>. Questo garantisce che il personale rispetti le normative di sicurezza, offrendo allo stesso tempo un controllo automatizzato degli accessi.<\/p>\n<hr \/>\n<h3 style=\"text-align: center;\"><span style=\"color: #900000;\">Settori di applicazione<\/span><\/h3>\n<table style=\"width: 100%;\">\n<tbody>\n<tr>\n<td style=\"width: 33.3333%; text-align: center; vertical-align: top;\"><img loading=\"lazy\" decoding=\"async\" class=\"alignnone size-full wp-image-36444\" src=\"https:\/\/www.arteco-global.com\/wp-content\/uploads\/2024\/10\/retail.jpg\" alt=\"\" width=\"300\" height=\"169\" srcset=\"https:\/\/www.arteco-global.com\/wp-content\/uploads\/2024\/10\/retail.jpg 300w, https:\/\/www.arteco-global.com\/wp-content\/uploads\/2024\/10\/retail-107x60.jpg 107w\" sizes=\"(max-width: 300px) 100vw, 300px\" \/><\/p>\n<p><strong>Retail e Centri Commerciali<\/strong><\/p>\n<p>Migliora la sicurezza prevenendo<br \/>\nrisse e furti grazie a sistemi<br \/>\ndi rilevamento avanzati<br \/>\ne analisi comportamentale.<\/td>\n<td style=\"width: 33.3333%; text-align: center; vertical-align: top;\"><img loading=\"lazy\" decoding=\"async\" class=\"alignnone size-full wp-image-36447\" src=\"https:\/\/www.arteco-global.com\/wp-content\/uploads\/2024\/10\/construction.jpg\" alt=\"\" width=\"300\" height=\"169\" srcset=\"https:\/\/www.arteco-global.com\/wp-content\/uploads\/2024\/10\/construction.jpg 300w, https:\/\/www.arteco-global.com\/wp-content\/uploads\/2024\/10\/construction-107x60.jpg 107w\" sizes=\"(max-width: 300px) 100vw, 300px\" \/><\/p>\n<p><strong>Cantieri e Logistica<\/strong><\/p>\n<p>Mantiene elevati standard di sicurezza<br \/>\nverificando automaticamente l\u2019uso di<br \/>\ndispositivi di protezione (PPE), gestendo<br \/>\nin maniera intelligente l\u2019accesso ai<br \/>\ncantieri o a zone a rischio in tempo reale.<\/td>\n<td style=\"width: 33.3333%; text-align: center; vertical-align: top;\"><img loading=\"lazy\" decoding=\"async\" class=\"alignnone size-full wp-image-36450\" src=\"https:\/\/www.arteco-global.com\/wp-content\/uploads\/2024\/10\/smartcity.jpg\" alt=\"\" width=\"300\" height=\"169\" srcset=\"https:\/\/www.arteco-global.com\/wp-content\/uploads\/2024\/10\/smartcity.jpg 300w, https:\/\/www.arteco-global.com\/wp-content\/uploads\/2024\/10\/smartcity-107x60.jpg 107w\" sizes=\"(max-width: 300px) 100vw, 300px\" \/><\/p>\n<p><strong>Smart Cities e Sicurezza Pubblica<\/strong><\/p>\n<p>Le nostre soluzioni di monitoraggio<br \/>\ncontinuo aiutano a proteggere le citt\u00e0<br \/>\nintelligenti, prevenendo incidenti<br \/>\ne migliorando l\u2019efficienza<br \/>\ndelle operazioni di sicurezza.<\/td>\n<\/tr>\n<\/tbody>\n<\/table>\n<hr \/>\n<h3>Benefici della Soluzione<\/h3>\n<ul>\n<li><strong>MIGLIORAMENTO DELLA SICUREZZA<br \/>\n<\/strong>I nostri algoritmi di rilevamento avanzato offrono una protezione in tempo reale contro comportamenti sospetti, aiutando le aziende a rispondere rapidamente a eventuali minacce.<\/li>\n<li><strong>INTEGRAZIONE PERFETTA<\/strong><br \/>\nProgettata per funzionare con VMS Omnia Extreme e VsaaS uSee, la nostra tecnologia si integra facilmente nei sistemi esistenti, offrendo una gestione centralizzata della sicurezza.<\/li>\n<li><strong>TECNOLOGIA DI DEEP LEARNING AVANZATA<\/strong><br \/>\nGli algoritmi di deep learning garantiscono un\u2019analisi video precisa e dettagliata, permettendo di adattare la soluzione a diverse esigenze operative.<\/li>\n<li><strong>SOLUZIONE SCALABILE E FLESSIBILE<\/strong><br \/>\nAdatta a tutti i tipi di attivit\u00e0, dalle piccole imprese fino a grandi infrastrutture, la nostra tecnologia si adatta alle telecamere gi\u00e0 installate ed \u00e8 progettata per crescere insieme alle tue esigenze.<\/li>\n<\/ul>\n<p>&nbsp;<\/p>\n","protected":false},"excerpt":{"rendered":"<p>La nostra soluzione di analisi video avanzata VCA Behaviour integra [&hellip;]<\/p>\n","protected":false},"author":4,"featured_media":36458,"parent":18082,"menu_order":0,"comment_status":"closed","ping_status":"closed","template":"template-page-con-download-link.php","meta":{"footnotes":""},"yoast_head":"<!-- This site is optimized with the Yoast SEO plugin v22.8 - https:\/\/yoast.com\/wordpress\/plugins\/seo\/ -->\n<title>VCA Behaviour - Arteco<\/title>\n<meta name=\"robots\" content=\"index, follow, max-snippet:-1, max-image-preview:large, max-video-preview:-1\" \/>\n<link rel=\"canonical\" href=\"https:\/\/www.arteco-global.com\/it\/video-security\/software-solutions\/vca-behaviour\/\" \/>\n<meta property=\"og:locale\" content=\"it_IT\" \/>\n<meta property=\"og:type\" content=\"article\" \/>\n<meta property=\"og:title\" content=\"VCA Behaviour - Arteco\" \/>\n<meta property=\"og:description\" content=\"La nostra soluzione di analisi video avanzata VCA Behaviour integra [&hellip;]\" \/>\n<meta property=\"og:url\" content=\"https:\/\/www.arteco-global.com\/it\/video-security\/software-solutions\/vca-behaviour\/\" \/>\n<meta property=\"og:site_name\" content=\"Arteco\" \/>\n<meta property=\"article:modified_time\" content=\"2024-10-30T14:03:30+00:00\" \/>\n<meta property=\"og:image\" content=\"https:\/\/www.arteco-global.com\/wp-content\/uploads\/2024\/10\/vca-behaviour-banner-scaled.jpg\" \/>\n\t<meta property=\"og:image:width\" content=\"2560\" \/>\n\t<meta property=\"og:image:height\" content=\"800\" \/>\n\t<meta property=\"og:image:type\" content=\"image\/jpeg\" \/>\n<meta name=\"twitter:card\" content=\"summary_large_image\" \/>\n<meta name=\"twitter:label1\" content=\"Tempo di lettura stimato\" \/>\n\t<meta name=\"twitter:data1\" content=\"4 minuti\" \/>\n<script type=\"application\/ld+json\" class=\"yoast-schema-graph\">{\"@context\":\"https:\/\/schema.org\",\"@graph\":[{\"@type\":\"WebPage\",\"@id\":\"https:\/\/www.arteco-global.com\/it\/video-security\/software-solutions\/vca-behaviour\/\",\"url\":\"https:\/\/www.arteco-global.com\/it\/video-security\/software-solutions\/vca-behaviour\/\",\"name\":\"VCA Behaviour - Arteco\",\"isPartOf\":{\"@id\":\"https:\/\/www.arteco-global.com\/en\/#website\"},\"primaryImageOfPage\":{\"@id\":\"https:\/\/www.arteco-global.com\/it\/video-security\/software-solutions\/vca-behaviour\/#primaryimage\"},\"image\":{\"@id\":\"https:\/\/www.arteco-global.com\/it\/video-security\/software-solutions\/vca-behaviour\/#primaryimage\"},\"thumbnailUrl\":\"https:\/\/www.arteco-global.com\/wp-content\/uploads\/2024\/10\/vca-behaviour-banner-scaled.jpg\",\"datePublished\":\"2024-10-30T13:44:20+00:00\",\"dateModified\":\"2024-10-30T14:03:30+00:00\",\"breadcrumb\":{\"@id\":\"https:\/\/www.arteco-global.com\/it\/video-security\/software-solutions\/vca-behaviour\/#breadcrumb\"},\"inLanguage\":\"it-IT\",\"potentialAction\":[{\"@type\":\"ReadAction\",\"target\":[\"https:\/\/www.arteco-global.com\/it\/video-security\/software-solutions\/vca-behaviour\/\"]}]},{\"@type\":\"ImageObject\",\"inLanguage\":\"it-IT\",\"@id\":\"https:\/\/www.arteco-global.com\/it\/video-security\/software-solutions\/vca-behaviour\/#primaryimage\",\"url\":\"https:\/\/www.arteco-global.com\/wp-content\/uploads\/2024\/10\/vca-behaviour-banner-scaled.jpg\",\"contentUrl\":\"https:\/\/www.arteco-global.com\/wp-content\/uploads\/2024\/10\/vca-behaviour-banner-scaled.jpg\",\"width\":2560,\"height\":800},{\"@type\":\"BreadcrumbList\",\"@id\":\"https:\/\/www.arteco-global.com\/it\/video-security\/software-solutions\/vca-behaviour\/#breadcrumb\",\"itemListElement\":[{\"@type\":\"ListItem\",\"position\":1,\"name\":\"Home\",\"item\":\"https:\/\/www.arteco-global.com\/it\/\"},{\"@type\":\"ListItem\",\"position\":2,\"name\":\"Arteco Global | Video Management Software per la sicurezza senza pensieri\",\"item\":\"https:\/\/www.arteco-global.com\/it\/video-security\/\"},{\"@type\":\"ListItem\",\"position\":3,\"name\":\"Software Solutions\",\"item\":\"https:\/\/www.arteco-global.com\/it\/video-security\/software-solutions\/\"},{\"@type\":\"ListItem\",\"position\":4,\"name\":\"VCA Behaviour\"}]},{\"@type\":\"WebSite\",\"@id\":\"https:\/\/www.arteco-global.com\/en\/#website\",\"url\":\"https:\/\/www.arteco-global.com\/en\/\",\"name\":\"Arteco\",\"description\":\"\",\"potentialAction\":[{\"@type\":\"SearchAction\",\"target\":{\"@type\":\"EntryPoint\",\"urlTemplate\":\"https:\/\/www.arteco-global.com\/en\/?s={search_term_string}\"},\"query-input\":\"required name=search_term_string\"}],\"inLanguage\":\"it-IT\"}]}<\/script>\n<!-- \/ Yoast SEO plugin. -->","yoast_head_json":{"title":"VCA Behaviour - Arteco","robots":{"index":"index","follow":"follow","max-snippet":"max-snippet:-1","max-image-preview":"max-image-preview:large","max-video-preview":"max-video-preview:-1"},"canonical":"https:\/\/www.arteco-global.com\/it\/video-security\/software-solutions\/vca-behaviour\/","og_locale":"it_IT","og_type":"article","og_title":"VCA Behaviour - Arteco","og_description":"La nostra soluzione di analisi video avanzata VCA Behaviour integra [&hellip;]","og_url":"https:\/\/www.arteco-global.com\/it\/video-security\/software-solutions\/vca-behaviour\/","og_site_name":"Arteco","article_modified_time":"2024-10-30T14:03:30+00:00","og_image":[{"width":2560,"height":800,"url":"https:\/\/www.arteco-global.com\/wp-content\/uploads\/2024\/10\/vca-behaviour-banner-scaled.jpg","type":"image\/jpeg"}],"twitter_card":"summary_large_image","twitter_misc":{"Tempo di lettura stimato":"4 minuti"},"schema":{"@context":"https:\/\/schema.org","@graph":[{"@type":"WebPage","@id":"https:\/\/www.arteco-global.com\/it\/video-security\/software-solutions\/vca-behaviour\/","url":"https:\/\/www.arteco-global.com\/it\/video-security\/software-solutions\/vca-behaviour\/","name":"VCA Behaviour - Arteco","isPartOf":{"@id":"https:\/\/www.arteco-global.com\/en\/#website"},"primaryImageOfPage":{"@id":"https:\/\/www.arteco-global.com\/it\/video-security\/software-solutions\/vca-behaviour\/#primaryimage"},"image":{"@id":"https:\/\/www.arteco-global.com\/it\/video-security\/software-solutions\/vca-behaviour\/#primaryimage"},"thumbnailUrl":"https:\/\/www.arteco-global.com\/wp-content\/uploads\/2024\/10\/vca-behaviour-banner-scaled.jpg","datePublished":"2024-10-30T13:44:20+00:00","dateModified":"2024-10-30T14:03:30+00:00","breadcrumb":{"@id":"https:\/\/www.arteco-global.com\/it\/video-security\/software-solutions\/vca-behaviour\/#breadcrumb"},"inLanguage":"it-IT","potentialAction":[{"@type":"ReadAction","target":["https:\/\/www.arteco-global.com\/it\/video-security\/software-solutions\/vca-behaviour\/"]}]},{"@type":"ImageObject","inLanguage":"it-IT","@id":"https:\/\/www.arteco-global.com\/it\/video-security\/software-solutions\/vca-behaviour\/#primaryimage","url":"https:\/\/www.arteco-global.com\/wp-content\/uploads\/2024\/10\/vca-behaviour-banner-scaled.jpg","contentUrl":"https:\/\/www.arteco-global.com\/wp-content\/uploads\/2024\/10\/vca-behaviour-banner-scaled.jpg","width":2560,"height":800},{"@type":"BreadcrumbList","@id":"https:\/\/www.arteco-global.com\/it\/video-security\/software-solutions\/vca-behaviour\/#breadcrumb","itemListElement":[{"@type":"ListItem","position":1,"name":"Home","item":"https:\/\/www.arteco-global.com\/it\/"},{"@type":"ListItem","position":2,"name":"Arteco Global | Video Management Software per la sicurezza senza pensieri","item":"https:\/\/www.arteco-global.com\/it\/video-security\/"},{"@type":"ListItem","position":3,"name":"Software Solutions","item":"https:\/\/www.arteco-global.com\/it\/video-security\/software-solutions\/"},{"@type":"ListItem","position":4,"name":"VCA Behaviour"}]},{"@type":"WebSite","@id":"https:\/\/www.arteco-global.com\/en\/#website","url":"https:\/\/www.arteco-global.com\/en\/","name":"Arteco","description":"","potentialAction":[{"@type":"SearchAction","target":{"@type":"EntryPoint","urlTemplate":"https:\/\/www.arteco-global.com\/en\/?s={search_term_string}"},"query-input":"required name=search_term_string"}],"inLanguage":"it-IT"}]}},"_links":{"self":[{"href":"https:\/\/www.arteco-global.com\/it\/wp-json\/wp\/v2\/pages\/36460"}],"collection":[{"href":"https:\/\/www.arteco-global.com\/it\/wp-json\/wp\/v2\/pages"}],"about":[{"href":"https:\/\/www.arteco-global.com\/it\/wp-json\/wp\/v2\/types\/page"}],"author":[{"embeddable":true,"href":"https:\/\/www.arteco-global.com\/it\/wp-json\/wp\/v2\/users\/4"}],"replies":[{"embeddable":true,"href":"https:\/\/www.arteco-global.com\/it\/wp-json\/wp\/v2\/comments?post=36460"}],"version-history":[{"count":5,"href":"https:\/\/www.arteco-global.com\/it\/wp-json\/wp\/v2\/pages\/36460\/revisions"}],"predecessor-version":[{"id":36474,"href":"https:\/\/www.arteco-global.com\/it\/wp-json\/wp\/v2\/pages\/36460\/revisions\/36474"}],"up":[{"embeddable":true,"href":"https:\/\/www.arteco-global.com\/it\/wp-json\/wp\/v2\/pages\/18082"}],"wp:featuredmedia":[{"embeddable":true,"href":"https:\/\/www.arteco-global.com\/it\/wp-json\/wp\/v2\/media\/36458"}],"wp:attachment":[{"href":"https:\/\/www.arteco-global.com\/it\/wp-json\/wp\/v2\/media?parent=36460"}],"curies":[{"name":"wp","href":"https:\/\/api.w.org\/{rel}","templated":true}]}}