{"id":34738,"date":"2023-01-12T11:03:25","date_gmt":"2023-01-12T10:03:25","guid":{"rendered":"https:\/\/www.arteco-global.com\/supporto\/integrations\/"},"modified":"2023-05-16T14:29:07","modified_gmt":"2023-05-16T12:29:07","slug":"integrazioni","status":"publish","type":"page","link":"https:\/\/www.arteco-global.com\/it\/supporto\/integrazioni\/","title":{"rendered":"Integrazioni"},"content":{"rendered":"<p><strong>Le API sono meccanismi che permettono di mettere in comunicazione software e applicazioni usando una serie di definizioni e protocolli.<\/strong> Sono frequentemente utilizzate per integrare con velocit\u00e0 e flessibilit\u00e0 nuove applicazioni o sviluppi con sistemi software esistenti poich\u00e9, stabilendo una procedura codificata e largamente riconosciuta, non richiedere di sviluppare da zero ogni funzionalit\u00e0.<\/p>\n<p>Le <strong>REST API<\/strong>, in particolare, sono la tipologia pi\u00f9 diffusa e impiegata dagli sviluppatori oggi. Arteco mette a tua disposizione in questa pagina la <strong>documentazione necessaria per lo sviluppo di integrazioni tramite REST API<\/strong>, dandoti accesso alle informazioni utili per far interfacciare il Video Management Software Omnia e la tua applicazione.<\/p>\n<p><strong>REST API Arteco:<\/strong> <a href=\"https:\/\/arteco-global.github.io\/Mobile-API-Docs\/\">https:\/\/arteco-global.github.io\/Mobile-API-Docs\/<\/a><\/p>\n<p><strong>Documentazione:<\/strong> <a href=\"https:\/\/arteco-global.github.io\/integrations\/documentation\/index.html\">https:\/\/arteco-global.github.io\/integrations\/documentation\/index.html<\/a><\/p>\n<p>Nei documenti linkati spieghiamo:<\/p>\n<ul>\n<li style=\"list-style-type: none;\">\n<ul>\n<li>Come accedere alla piattaforma dalla REST API e ottenere un token di accesso (pu\u00f2 essere disabilitato)<\/li>\n<li>Come inviare eventi alla piattaforma<\/li>\n<li>Come allegare immagini personalizzate all&#8217;evento e molte altre funzionalit\u00e0.<\/li>\n<\/ul>\n<\/li>\n<\/ul>\n","protected":false},"excerpt":{"rendered":"<p>Le API sono meccanismi che permettono di mettere in comunicazione [&hellip;]<\/p>\n","protected":false},"author":2094,"featured_media":0,"parent":18601,"menu_order":50,"comment_status":"closed","ping_status":"closed","template":"template-integration.php","meta":{"footnotes":""},"yoast_head":"<!-- This site is optimized with the Yoast SEO plugin v22.8 - https:\/\/yoast.com\/wordpress\/plugins\/seo\/ -->\n<title>Integrazioni - Arteco<\/title>\n<meta name=\"robots\" content=\"index, follow, max-snippet:-1, max-image-preview:large, max-video-preview:-1\" \/>\n<link rel=\"canonical\" href=\"https:\/\/www.arteco-global.com\/it\/supporto\/integrazioni\/\" \/>\n<meta property=\"og:locale\" content=\"it_IT\" \/>\n<meta property=\"og:type\" content=\"article\" \/>\n<meta property=\"og:title\" content=\"Integrazioni - Arteco\" \/>\n<meta property=\"og:description\" content=\"Le API sono meccanismi che permettono di mettere in comunicazione [&hellip;]\" \/>\n<meta property=\"og:url\" content=\"https:\/\/www.arteco-global.com\/it\/supporto\/integrazioni\/\" \/>\n<meta property=\"og:site_name\" content=\"Arteco\" \/>\n<meta property=\"article:modified_time\" content=\"2023-05-16T12:29:07+00:00\" \/>\n<meta name=\"twitter:card\" content=\"summary_large_image\" \/>\n<meta name=\"twitter:label1\" content=\"Tempo di lettura stimato\" \/>\n\t<meta name=\"twitter:data1\" content=\"1 minuto\" \/>\n<script type=\"application\/ld+json\" class=\"yoast-schema-graph\">{\"@context\":\"https:\/\/schema.org\",\"@graph\":[{\"@type\":\"WebPage\",\"@id\":\"https:\/\/www.arteco-global.com\/it\/supporto\/integrazioni\/\",\"url\":\"https:\/\/www.arteco-global.com\/it\/supporto\/integrazioni\/\",\"name\":\"Integrazioni - Arteco\",\"isPartOf\":{\"@id\":\"https:\/\/www.arteco-global.com\/en\/#website\"},\"datePublished\":\"2023-01-12T10:03:25+00:00\",\"dateModified\":\"2023-05-16T12:29:07+00:00\",\"breadcrumb\":{\"@id\":\"https:\/\/www.arteco-global.com\/it\/supporto\/integrazioni\/#breadcrumb\"},\"inLanguage\":\"it-IT\",\"potentialAction\":[{\"@type\":\"ReadAction\",\"target\":[\"https:\/\/www.arteco-global.com\/it\/supporto\/integrazioni\/\"]}]},{\"@type\":\"BreadcrumbList\",\"@id\":\"https:\/\/www.arteco-global.com\/it\/supporto\/integrazioni\/#breadcrumb\",\"itemListElement\":[{\"@type\":\"ListItem\",\"position\":1,\"name\":\"Home\",\"item\":\"https:\/\/www.arteco-global.com\/it\/\"},{\"@type\":\"ListItem\",\"position\":2,\"name\":\"Supporto\",\"item\":\"https:\/\/www.arteco-global.com\/it\/supporto\/\"},{\"@type\":\"ListItem\",\"position\":3,\"name\":\"Integrazioni\"}]},{\"@type\":\"WebSite\",\"@id\":\"https:\/\/www.arteco-global.com\/en\/#website\",\"url\":\"https:\/\/www.arteco-global.com\/en\/\",\"name\":\"Arteco\",\"description\":\"\",\"potentialAction\":[{\"@type\":\"SearchAction\",\"target\":{\"@type\":\"EntryPoint\",\"urlTemplate\":\"https:\/\/www.arteco-global.com\/en\/?s={search_term_string}\"},\"query-input\":\"required name=search_term_string\"}],\"inLanguage\":\"it-IT\"}]}<\/script>\n<!-- \/ Yoast SEO plugin. -->","yoast_head_json":{"title":"Integrazioni - Arteco","robots":{"index":"index","follow":"follow","max-snippet":"max-snippet:-1","max-image-preview":"max-image-preview:large","max-video-preview":"max-video-preview:-1"},"canonical":"https:\/\/www.arteco-global.com\/it\/supporto\/integrazioni\/","og_locale":"it_IT","og_type":"article","og_title":"Integrazioni - Arteco","og_description":"Le API sono meccanismi che permettono di mettere in comunicazione [&hellip;]","og_url":"https:\/\/www.arteco-global.com\/it\/supporto\/integrazioni\/","og_site_name":"Arteco","article_modified_time":"2023-05-16T12:29:07+00:00","twitter_card":"summary_large_image","twitter_misc":{"Tempo di lettura stimato":"1 minuto"},"schema":{"@context":"https:\/\/schema.org","@graph":[{"@type":"WebPage","@id":"https:\/\/www.arteco-global.com\/it\/supporto\/integrazioni\/","url":"https:\/\/www.arteco-global.com\/it\/supporto\/integrazioni\/","name":"Integrazioni - Arteco","isPartOf":{"@id":"https:\/\/www.arteco-global.com\/en\/#website"},"datePublished":"2023-01-12T10:03:25+00:00","dateModified":"2023-05-16T12:29:07+00:00","breadcrumb":{"@id":"https:\/\/www.arteco-global.com\/it\/supporto\/integrazioni\/#breadcrumb"},"inLanguage":"it-IT","potentialAction":[{"@type":"ReadAction","target":["https:\/\/www.arteco-global.com\/it\/supporto\/integrazioni\/"]}]},{"@type":"BreadcrumbList","@id":"https:\/\/www.arteco-global.com\/it\/supporto\/integrazioni\/#breadcrumb","itemListElement":[{"@type":"ListItem","position":1,"name":"Home","item":"https:\/\/www.arteco-global.com\/it\/"},{"@type":"ListItem","position":2,"name":"Supporto","item":"https:\/\/www.arteco-global.com\/it\/supporto\/"},{"@type":"ListItem","position":3,"name":"Integrazioni"}]},{"@type":"WebSite","@id":"https:\/\/www.arteco-global.com\/en\/#website","url":"https:\/\/www.arteco-global.com\/en\/","name":"Arteco","description":"","potentialAction":[{"@type":"SearchAction","target":{"@type":"EntryPoint","urlTemplate":"https:\/\/www.arteco-global.com\/en\/?s={search_term_string}"},"query-input":"required name=search_term_string"}],"inLanguage":"it-IT"}]}},"_links":{"self":[{"href":"https:\/\/www.arteco-global.com\/it\/wp-json\/wp\/v2\/pages\/34738"}],"collection":[{"href":"https:\/\/www.arteco-global.com\/it\/wp-json\/wp\/v2\/pages"}],"about":[{"href":"https:\/\/www.arteco-global.com\/it\/wp-json\/wp\/v2\/types\/page"}],"author":[{"embeddable":true,"href":"https:\/\/www.arteco-global.com\/it\/wp-json\/wp\/v2\/users\/2094"}],"replies":[{"embeddable":true,"href":"https:\/\/www.arteco-global.com\/it\/wp-json\/wp\/v2\/comments?post=34738"}],"version-history":[{"count":7,"href":"https:\/\/www.arteco-global.com\/it\/wp-json\/wp\/v2\/pages\/34738\/revisions"}],"predecessor-version":[{"id":34762,"href":"https:\/\/www.arteco-global.com\/it\/wp-json\/wp\/v2\/pages\/34738\/revisions\/34762"}],"up":[{"embeddable":true,"href":"https:\/\/www.arteco-global.com\/it\/wp-json\/wp\/v2\/pages\/18601"}],"wp:attachment":[{"href":"https:\/\/www.arteco-global.com\/it\/wp-json\/wp\/v2\/media?parent=34738"}],"curies":[{"name":"wp","href":"https:\/\/api.w.org\/{rel}","templated":true}]}}