{"id":21146,"date":"2016-01-29T16:39:44","date_gmt":"2016-01-29T15:39:44","guid":{"rendered":"https:\/\/www.arteco-global.com\/supporto\/artecojobber\/"},"modified":"2021-09-08T14:05:01","modified_gmt":"2021-09-08T12:05:01","slug":"artecojobber","status":"publish","type":"page","link":"https:\/\/www.arteco-global.com\/it\/supporto\/artecojobber\/","title":{"rendered":"ArtecoJOBBER"},"content":{"rendered":"<p>Che cos\u2019\u00e8 <span style=\"color: #cc0000;\"><strong>ArtecoJOBBER<\/strong><\/span>? Un servizio di fiducia che garantisce qualit\u00e0 del servizio, una soluzione su misura nata per dare risposte concrete a chi vuole affidabilit\u00e0, professionalit\u00e0 e supporto a 360 gradi.<\/p>\n<p>Molto pi\u00f9 di un semplice installatore, l\u2019ArtecoJOBBER \u00e8 un tecnico certificato, un consulente preparato e pronto a realizzare start-up di impianti e installazioni, dimostrazioni e corsi di formazione, un partner chiave presente in ogni regione d\u2019Italia, vicino a te.<\/p>\n<p>Gli Arteco JOBBERS sono persone di aziende accuratamente selezionate che supportano il system integrator o l\u2019installatore di fiducia presso il cliente finale, prima, dopo e durante la fase di installazione delle soluzioni di sicurezza Arteco. Sono referenti specializzati come e pi\u00f9 di un CAT (Centro Assistenza Tecnica), su cui poter contare quando l\u2019installazione risulta pi\u00f9 articolata del solito, oppure quando si vuole dare maggiore valore ad essa ad esempio tramite integrazioni tra sistemi di sicurezza e automazione, o semplicemente quando il cliente finale vuole una essere rassicurato e desidera approfondire maggiormente gli aspetti tecnici e le caratteristiche del proprio impianto.<\/p>\n<p style=\"text-align: center;\"><strong>Vuoi richiedere un <span style=\"color: #cc0000;\">ArtecoJOBBER<\/span> per la tua prossima installazione? <\/strong><\/p>\n<p style=\"text-align: center;\"><strong>Vuoi diventare un <span style=\"color: #cc0000;\">ArtecoJOBBER<\/span>? <\/strong><\/p>\n<p style=\"text-align: center;\"><strong>Chiama il 0546-645777. Ti apriremo le porte del mondo Arteco.<\/strong><\/p>\n<h2 style=\"text-align: left;\"><span style=\"color: #cc0000;\">ArtecoJOBBERS<\/span><\/h2>\n<table style=\"width: 847px;\" border=\"0\" cellspacing=\"4\" cellpadding=\"4\">\n<tbody>\n<tr>\n<td style=\"height: 25px; background-color: #ffffff;\" valign=\"middle\"><strong><span style=\"color: #cc0000;\">Cognome<\/span><\/strong><\/td>\n<td style=\"height: 25px; background-color: #ffffff;\" valign=\"middle\"><strong><span style=\"color: #cc0000;\">Nome<\/span><\/strong><\/td>\n<td style=\"height: 25px; background-color: #ffffff;\" valign=\"middle\"><strong><span style=\"color: #cc0000;\">Azienda<\/span><\/strong><\/td>\n<td style=\"height: 25px; background-color: #ffffff;\" valign=\"middle\"><strong><span style=\"color: #cc0000;\">Regione<\/span><\/strong><\/td>\n<td style=\"height: 25px; background-color: #ffffff;\" valign=\"middle\"><strong><span style=\"color: #cc0000;\">Citt\u00e0<\/span><\/strong><\/td>\n<td style=\"height: 25px; background-color: #ffffff;\" valign=\"middle\"><strong><span style=\"color: #cc0000;\">Provincia<\/span><\/strong><\/td>\n<\/tr>\n<tr>\n<td style=\"height: 25px; background-color: #ffffff;\" valign=\"middle\">Ferrario<\/td>\n<td style=\"height: 25px; background-color: #ffffff;\" valign=\"middle\">Gianni<\/td>\n<td style=\"height: 25px; background-color: #ffffff;\" valign=\"middle\">IC Srl<\/td>\n<td style=\"height: 25px; background-color: #ffffff;\" valign=\"middle\">Lombardia<\/td>\n<td style=\"height: 25px; background-color: #ffffff;\" valign=\"middle\">Rho<\/td>\n<td style=\"height: 25px; background-color: #ffffff;\" valign=\"middle\">MI<\/td>\n<\/tr>\n<tr>\n<td style=\"height: 25px; background-color: #ffffff;\" valign=\"middle\"><\/td>\n<td style=\"height: 25px; background-color: #ffffff;\" valign=\"middle\"><\/td>\n<td style=\"height: 25px; background-color: #ffffff;\" valign=\"middle\">Metis Solutions Srl<\/td>\n<td style=\"height: 25px; background-color: #ffffff;\" valign=\"middle\">Veneto<\/td>\n<td style=\"height: 25px; background-color: #ffffff;\" valign=\"middle\">Verona<\/td>\n<td style=\"height: 25px; background-color: #ffffff;\" valign=\"middle\">VR<\/td>\n<\/tr>\n<tr>\n<td style=\"height: 25px; background-color: #ffffff;\" valign=\"middle\">Mosca<\/td>\n<td style=\"height: 25px; background-color: #ffffff;\" valign=\"middle\">Giuseppe<\/td>\n<td style=\"height: 25px; background-color: #ffffff;\" valign=\"middle\">Smart Systems Srls<\/td>\n<td style=\"height: 25px; background-color: #ffffff;\" valign=\"middle\">Campania<\/td>\n<td style=\"height: 25px; background-color: #ffffff;\" valign=\"middle\">Casavatore<\/td>\n<td style=\"height: 25px; background-color: #ffffff;\" valign=\"middle\">NA<\/td>\n<\/tr>\n<tr>\n<td style=\"height: 25px; background-color: #ffffff;\" valign=\"middle\">Vernarecci<\/td>\n<td style=\"height: 25px; background-color: #ffffff;\" valign=\"middle\">Fabio<\/td>\n<td style=\"height: 25px; background-color: #ffffff;\" valign=\"middle\">e-team Snc<\/td>\n<td style=\"height: 25px; background-color: #ffffff;\" valign=\"middle\">Emilia Romagna<\/td>\n<td style=\"height: 25px; background-color: #ffffff;\" valign=\"middle\">Faenza<\/td>\n<td style=\"height: 25px; background-color: #ffffff;\" valign=\"middle\">RA<\/td>\n<\/tr>\n<tr>\n<td style=\"height: 25px; background-color: #ffffff;\" valign=\"middle\">Zappella<\/td>\n<td style=\"height: 25px; background-color: #ffffff;\" valign=\"middle\">Eugenio<\/td>\n<td style=\"height: 25px; background-color: #ffffff;\" valign=\"middle\">Sicura Srl<\/td>\n<td style=\"height: 25px; background-color: #ffffff;\" valign=\"middle\">Friuli-Venezia Giulia<\/td>\n<td style=\"height: 25px; background-color: #ffffff;\" valign=\"middle\">Gorizia<\/td>\n<td style=\"height: 25px; background-color: #ffffff;\" valign=\"middle\">GO<\/td>\n<\/tr>\n<\/tbody>\n<\/table>\n<p>&nbsp;<\/p>\n<p>&nbsp;<\/p>\n","protected":false},"excerpt":{"rendered":"<p>Che cos\u2019\u00e8 ArtecoJOBBER? Un servizio di fiducia che garantisce qualit\u00e0 [&hellip;]<\/p>\n","protected":false},"author":4,"featured_media":32420,"parent":18601,"menu_order":0,"comment_status":"closed","ping_status":"open","template":"template-support.php","meta":{"footnotes":""},"yoast_head":"<!-- This site is optimized with the Yoast SEO plugin v22.8 - https:\/\/yoast.com\/wordpress\/plugins\/seo\/ -->\n<title>ArtecoJOBBER - Arteco<\/title>\n<meta name=\"robots\" content=\"index, follow, max-snippet:-1, max-image-preview:large, max-video-preview:-1\" \/>\n<link rel=\"canonical\" href=\"https:\/\/www.arteco-global.com\/it\/supporto\/artecojobber\/\" \/>\n<meta property=\"og:locale\" content=\"it_IT\" \/>\n<meta property=\"og:type\" content=\"article\" \/>\n<meta property=\"og:title\" content=\"ArtecoJOBBER - Arteco\" \/>\n<meta property=\"og:description\" content=\"Che cos\u2019\u00e8 ArtecoJOBBER? Un servizio di fiducia che garantisce qualit\u00e0 [&hellip;]\" \/>\n<meta property=\"og:url\" content=\"https:\/\/www.arteco-global.com\/it\/supporto\/artecojobber\/\" \/>\n<meta property=\"og:site_name\" content=\"Arteco\" \/>\n<meta property=\"article:modified_time\" content=\"2021-09-08T12:05:01+00:00\" \/>\n<meta property=\"og:image\" content=\"https:\/\/www.arteco-global.com\/wp-content\/uploads\/2021\/02\/arteco-jobber.jpg\" \/>\n\t<meta property=\"og:image:width\" content=\"1920\" \/>\n\t<meta property=\"og:image:height\" content=\"600\" \/>\n\t<meta property=\"og:image:type\" content=\"image\/jpeg\" \/>\n<meta name=\"twitter:card\" content=\"summary_large_image\" \/>\n<meta name=\"twitter:label1\" content=\"Tempo di lettura stimato\" \/>\n\t<meta name=\"twitter:data1\" content=\"1 minuto\" \/>\n<script type=\"application\/ld+json\" class=\"yoast-schema-graph\">{\"@context\":\"https:\/\/schema.org\",\"@graph\":[{\"@type\":\"WebPage\",\"@id\":\"https:\/\/www.arteco-global.com\/it\/supporto\/artecojobber\/\",\"url\":\"https:\/\/www.arteco-global.com\/it\/supporto\/artecojobber\/\",\"name\":\"ArtecoJOBBER - Arteco\",\"isPartOf\":{\"@id\":\"https:\/\/www.arteco-global.com\/en\/#website\"},\"primaryImageOfPage\":{\"@id\":\"https:\/\/www.arteco-global.com\/it\/supporto\/artecojobber\/#primaryimage\"},\"image\":{\"@id\":\"https:\/\/www.arteco-global.com\/it\/supporto\/artecojobber\/#primaryimage\"},\"thumbnailUrl\":\"https:\/\/www.arteco-global.com\/wp-content\/uploads\/2021\/02\/arteco-jobber.jpg\",\"datePublished\":\"2016-01-29T15:39:44+00:00\",\"dateModified\":\"2021-09-08T12:05:01+00:00\",\"breadcrumb\":{\"@id\":\"https:\/\/www.arteco-global.com\/it\/supporto\/artecojobber\/#breadcrumb\"},\"inLanguage\":\"it-IT\",\"potentialAction\":[{\"@type\":\"ReadAction\",\"target\":[\"https:\/\/www.arteco-global.com\/it\/supporto\/artecojobber\/\"]}]},{\"@type\":\"ImageObject\",\"inLanguage\":\"it-IT\",\"@id\":\"https:\/\/www.arteco-global.com\/it\/supporto\/artecojobber\/#primaryimage\",\"url\":\"https:\/\/www.arteco-global.com\/wp-content\/uploads\/2021\/02\/arteco-jobber.jpg\",\"contentUrl\":\"https:\/\/www.arteco-global.com\/wp-content\/uploads\/2021\/02\/arteco-jobber.jpg\",\"width\":1920,\"height\":600},{\"@type\":\"BreadcrumbList\",\"@id\":\"https:\/\/www.arteco-global.com\/it\/supporto\/artecojobber\/#breadcrumb\",\"itemListElement\":[{\"@type\":\"ListItem\",\"position\":1,\"name\":\"Home\",\"item\":\"https:\/\/www.arteco-global.com\/it\/\"},{\"@type\":\"ListItem\",\"position\":2,\"name\":\"Supporto\",\"item\":\"https:\/\/www.arteco-global.com\/it\/supporto\/\"},{\"@type\":\"ListItem\",\"position\":3,\"name\":\"ArtecoJOBBER\"}]},{\"@type\":\"WebSite\",\"@id\":\"https:\/\/www.arteco-global.com\/en\/#website\",\"url\":\"https:\/\/www.arteco-global.com\/en\/\",\"name\":\"Arteco\",\"description\":\"\",\"potentialAction\":[{\"@type\":\"SearchAction\",\"target\":{\"@type\":\"EntryPoint\",\"urlTemplate\":\"https:\/\/www.arteco-global.com\/en\/?s={search_term_string}\"},\"query-input\":\"required name=search_term_string\"}],\"inLanguage\":\"it-IT\"}]}<\/script>\n<!-- \/ Yoast SEO plugin. -->","yoast_head_json":{"title":"ArtecoJOBBER - Arteco","robots":{"index":"index","follow":"follow","max-snippet":"max-snippet:-1","max-image-preview":"max-image-preview:large","max-video-preview":"max-video-preview:-1"},"canonical":"https:\/\/www.arteco-global.com\/it\/supporto\/artecojobber\/","og_locale":"it_IT","og_type":"article","og_title":"ArtecoJOBBER - Arteco","og_description":"Che cos\u2019\u00e8 ArtecoJOBBER? Un servizio di fiducia che garantisce qualit\u00e0 [&hellip;]","og_url":"https:\/\/www.arteco-global.com\/it\/supporto\/artecojobber\/","og_site_name":"Arteco","article_modified_time":"2021-09-08T12:05:01+00:00","og_image":[{"width":1920,"height":600,"url":"https:\/\/www.arteco-global.com\/wp-content\/uploads\/2021\/02\/arteco-jobber.jpg","type":"image\/jpeg"}],"twitter_card":"summary_large_image","twitter_misc":{"Tempo di lettura stimato":"1 minuto"},"schema":{"@context":"https:\/\/schema.org","@graph":[{"@type":"WebPage","@id":"https:\/\/www.arteco-global.com\/it\/supporto\/artecojobber\/","url":"https:\/\/www.arteco-global.com\/it\/supporto\/artecojobber\/","name":"ArtecoJOBBER - Arteco","isPartOf":{"@id":"https:\/\/www.arteco-global.com\/en\/#website"},"primaryImageOfPage":{"@id":"https:\/\/www.arteco-global.com\/it\/supporto\/artecojobber\/#primaryimage"},"image":{"@id":"https:\/\/www.arteco-global.com\/it\/supporto\/artecojobber\/#primaryimage"},"thumbnailUrl":"https:\/\/www.arteco-global.com\/wp-content\/uploads\/2021\/02\/arteco-jobber.jpg","datePublished":"2016-01-29T15:39:44+00:00","dateModified":"2021-09-08T12:05:01+00:00","breadcrumb":{"@id":"https:\/\/www.arteco-global.com\/it\/supporto\/artecojobber\/#breadcrumb"},"inLanguage":"it-IT","potentialAction":[{"@type":"ReadAction","target":["https:\/\/www.arteco-global.com\/it\/supporto\/artecojobber\/"]}]},{"@type":"ImageObject","inLanguage":"it-IT","@id":"https:\/\/www.arteco-global.com\/it\/supporto\/artecojobber\/#primaryimage","url":"https:\/\/www.arteco-global.com\/wp-content\/uploads\/2021\/02\/arteco-jobber.jpg","contentUrl":"https:\/\/www.arteco-global.com\/wp-content\/uploads\/2021\/02\/arteco-jobber.jpg","width":1920,"height":600},{"@type":"BreadcrumbList","@id":"https:\/\/www.arteco-global.com\/it\/supporto\/artecojobber\/#breadcrumb","itemListElement":[{"@type":"ListItem","position":1,"name":"Home","item":"https:\/\/www.arteco-global.com\/it\/"},{"@type":"ListItem","position":2,"name":"Supporto","item":"https:\/\/www.arteco-global.com\/it\/supporto\/"},{"@type":"ListItem","position":3,"name":"ArtecoJOBBER"}]},{"@type":"WebSite","@id":"https:\/\/www.arteco-global.com\/en\/#website","url":"https:\/\/www.arteco-global.com\/en\/","name":"Arteco","description":"","potentialAction":[{"@type":"SearchAction","target":{"@type":"EntryPoint","urlTemplate":"https:\/\/www.arteco-global.com\/en\/?s={search_term_string}"},"query-input":"required name=search_term_string"}],"inLanguage":"it-IT"}]}},"_links":{"self":[{"href":"https:\/\/www.arteco-global.com\/it\/wp-json\/wp\/v2\/pages\/21146"}],"collection":[{"href":"https:\/\/www.arteco-global.com\/it\/wp-json\/wp\/v2\/pages"}],"about":[{"href":"https:\/\/www.arteco-global.com\/it\/wp-json\/wp\/v2\/types\/page"}],"author":[{"embeddable":true,"href":"https:\/\/www.arteco-global.com\/it\/wp-json\/wp\/v2\/users\/4"}],"replies":[{"embeddable":true,"href":"https:\/\/www.arteco-global.com\/it\/wp-json\/wp\/v2\/comments?post=21146"}],"version-history":[{"count":2,"href":"https:\/\/www.arteco-global.com\/it\/wp-json\/wp\/v2\/pages\/21146\/revisions"}],"predecessor-version":[{"id":32424,"href":"https:\/\/www.arteco-global.com\/it\/wp-json\/wp\/v2\/pages\/21146\/revisions\/32424"}],"up":[{"embeddable":true,"href":"https:\/\/www.arteco-global.com\/it\/wp-json\/wp\/v2\/pages\/18601"}],"wp:featuredmedia":[{"embeddable":true,"href":"https:\/\/www.arteco-global.com\/it\/wp-json\/wp\/v2\/media\/32420"}],"wp:attachment":[{"href":"https:\/\/www.arteco-global.com\/it\/wp-json\/wp\/v2\/media?parent=21146"}],"curies":[{"name":"wp","href":"https:\/\/api.w.org\/{rel}","templated":true}]}}