{"id":19117,"date":"2018-10-02T16:33:18","date_gmt":"2018-10-02T14:33:18","guid":{"rendered":"https:\/\/www.arteco-global.com\/arteco-lpr-server\/"},"modified":"2024-02-28T13:50:56","modified_gmt":"2024-02-28T12:50:56","slug":"lpr-server","status":"publish","type":"page","link":"https:\/\/www.arteco-global.com\/it\/video-security\/software-solutions\/lpr-server\/","title":{"rendered":"LPR Server 2.0"},"content":{"rendered":"<p>LPR Server 2.0 \u00e8 la soluzione<strong> software di nuova generazione<\/strong> installabile su server Windows, progettata per consentire la lettura delle targhe su telecamere IP standard e per facilitare l\u2019analisi del traffico e l\u2019identificazione dei veicoli attraverso <strong>un\u2019interfaccia utente di nuova concezione e intuitiva<\/strong>.<\/p>\n<p><strong>SCALABILE<\/strong><\/p>\n<p>LPR Server 2.0 non necessita di telecamere LPR specifiche, richiede solo un flusso video di qualit\u00e0 e il suo <strong>motore OCR all\u2019avanguardia<\/strong> fa tutto il resto.<\/p>\n<p>LPR Server 2.0 \u00e8 stato sviluppato per supportare anche <strong>flussi video H.264 e H.265<\/strong>. Questo comporta un doppio vantaggio: <strong>un minor consumo di CPU e RAM<\/strong>, e la possibilit\u00e0 di eseguire Arteco LPR Server 2.0 come servizio in Windows, cos\u00ec da attivare automaticamente il rilevamento delle targhe all\u2019avvio del sistema operativo.<\/p>\n<p><strong>INTEGRATO<\/strong><\/p>\n<p>Completamente integrato in Arteco VEMS, si sincronizza perfettamente con i dispositivi di videosorveglianza, controllo degli accessi e numerosi sistemi aggiuntivi. Grazie ai suoi molteplici protocolli di notifica, <strong>pu\u00f2 essere integrato anche con soluzioni di terze parti<\/strong> per il monitoraggio del traffico e sistemi di gestione della sosta.<\/p>\n<p>LPR Server 2.0 pu\u00f2 anche essere configurato per gestire fino a <strong>4 elenchi di targhe per canale video<\/strong> e attivare rel\u00e8 da remoto, in modo da facilitare la gestione automatizzata di aree residenziali delimitate, parcheggi e altro, sfruttando una soluzione unica e conveniente<\/p>\n<p><strong>VERTICALE<\/strong><\/p>\n<p>Il server LPR pu\u00f2 essere utilizzato per numerose finalit\u00e0: prevenzione della criminalit\u00e0, controllo degli accessi, gestione delle presenze e possibilit\u00e0 di integrazione con sistemi di monitoraggio del traffico e di parcheggio.<\/p>\n","protected":false},"excerpt":{"rendered":"<p>LPR Server 2.0 \u00e8 la soluzione software di nuova generazione [&hellip;]<\/p>\n","protected":false},"author":4,"featured_media":31921,"parent":18082,"menu_order":170,"comment_status":"closed","ping_status":"closed","template":"template-page-con-download-link.php","meta":{"footnotes":""},"yoast_head":"<!-- This site is optimized with the Yoast SEO plugin v22.8 - https:\/\/yoast.com\/wordpress\/plugins\/seo\/ -->\n<title>LPR Server 2.0 - Arteco<\/title>\n<meta name=\"description\" content=\"Abilita la lettura targhe su telecamere IP standard e semplifica l\u2019analisi del traffico, l\u2019identificazione dei veicoli e la video sorveglianza.\" \/>\n<meta name=\"robots\" content=\"index, follow, max-snippet:-1, max-image-preview:large, max-video-preview:-1\" \/>\n<link rel=\"canonical\" href=\"https:\/\/www.arteco-global.com\/it\/video-security\/software-solutions\/lpr-server\/\" \/>\n<meta property=\"og:locale\" content=\"it_IT\" \/>\n<meta property=\"og:type\" content=\"article\" \/>\n<meta property=\"og:title\" content=\"LPR Server 2.0 - Arteco\" \/>\n<meta property=\"og:description\" content=\"Abilita la lettura targhe su telecamere IP standard e semplifica l\u2019analisi del traffico, l\u2019identificazione dei veicoli e la video sorveglianza.\" \/>\n<meta property=\"og:url\" content=\"https:\/\/www.arteco-global.com\/it\/video-security\/software-solutions\/lpr-server\/\" \/>\n<meta property=\"og:site_name\" content=\"Arteco\" \/>\n<meta property=\"article:modified_time\" content=\"2024-02-28T12:50:56+00:00\" \/>\n<meta property=\"og:image\" content=\"https:\/\/www.arteco-global.com\/wp-content\/uploads\/2021\/01\/arteco-software-lpr-server.jpg\" \/>\n\t<meta property=\"og:image:width\" content=\"1920\" \/>\n\t<meta property=\"og:image:height\" content=\"600\" \/>\n\t<meta property=\"og:image:type\" content=\"image\/jpeg\" \/>\n<meta name=\"twitter:card\" content=\"summary_large_image\" \/>\n<meta name=\"twitter:label1\" content=\"Tempo di lettura stimato\" \/>\n\t<meta name=\"twitter:data1\" content=\"2 minuti\" \/>\n<script type=\"application\/ld+json\" class=\"yoast-schema-graph\">{\"@context\":\"https:\/\/schema.org\",\"@graph\":[{\"@type\":\"WebPage\",\"@id\":\"https:\/\/www.arteco-global.com\/it\/video-security\/software-solutions\/lpr-server\/\",\"url\":\"https:\/\/www.arteco-global.com\/it\/video-security\/software-solutions\/lpr-server\/\",\"name\":\"LPR Server 2.0 - Arteco\",\"isPartOf\":{\"@id\":\"https:\/\/www.arteco-global.com\/en\/#website\"},\"primaryImageOfPage\":{\"@id\":\"https:\/\/www.arteco-global.com\/it\/video-security\/software-solutions\/lpr-server\/#primaryimage\"},\"image\":{\"@id\":\"https:\/\/www.arteco-global.com\/it\/video-security\/software-solutions\/lpr-server\/#primaryimage\"},\"thumbnailUrl\":\"https:\/\/www.arteco-global.com\/wp-content\/uploads\/2021\/01\/arteco-software-lpr-server.jpg\",\"datePublished\":\"2018-10-02T14:33:18+00:00\",\"dateModified\":\"2024-02-28T12:50:56+00:00\",\"description\":\"Abilita la lettura targhe su telecamere IP standard e semplifica l\u2019analisi del traffico, l\u2019identificazione dei veicoli e la video sorveglianza.\",\"breadcrumb\":{\"@id\":\"https:\/\/www.arteco-global.com\/it\/video-security\/software-solutions\/lpr-server\/#breadcrumb\"},\"inLanguage\":\"it-IT\",\"potentialAction\":[{\"@type\":\"ReadAction\",\"target\":[\"https:\/\/www.arteco-global.com\/it\/video-security\/software-solutions\/lpr-server\/\"]}]},{\"@type\":\"ImageObject\",\"inLanguage\":\"it-IT\",\"@id\":\"https:\/\/www.arteco-global.com\/it\/video-security\/software-solutions\/lpr-server\/#primaryimage\",\"url\":\"https:\/\/www.arteco-global.com\/wp-content\/uploads\/2021\/01\/arteco-software-lpr-server.jpg\",\"contentUrl\":\"https:\/\/www.arteco-global.com\/wp-content\/uploads\/2021\/01\/arteco-software-lpr-server.jpg\",\"width\":1920,\"height\":600},{\"@type\":\"BreadcrumbList\",\"@id\":\"https:\/\/www.arteco-global.com\/it\/video-security\/software-solutions\/lpr-server\/#breadcrumb\",\"itemListElement\":[{\"@type\":\"ListItem\",\"position\":1,\"name\":\"Home\",\"item\":\"https:\/\/www.arteco-global.com\/it\/\"},{\"@type\":\"ListItem\",\"position\":2,\"name\":\"Arteco Global | Video Management Software per la sicurezza senza pensieri\",\"item\":\"https:\/\/www.arteco-global.com\/it\/video-security\/\"},{\"@type\":\"ListItem\",\"position\":3,\"name\":\"Software Solutions\",\"item\":\"https:\/\/www.arteco-global.com\/it\/video-security\/software-solutions\/\"},{\"@type\":\"ListItem\",\"position\":4,\"name\":\"LPR Server 2.0\"}]},{\"@type\":\"WebSite\",\"@id\":\"https:\/\/www.arteco-global.com\/en\/#website\",\"url\":\"https:\/\/www.arteco-global.com\/en\/\",\"name\":\"Arteco\",\"description\":\"\",\"potentialAction\":[{\"@type\":\"SearchAction\",\"target\":{\"@type\":\"EntryPoint\",\"urlTemplate\":\"https:\/\/www.arteco-global.com\/en\/?s={search_term_string}\"},\"query-input\":\"required name=search_term_string\"}],\"inLanguage\":\"it-IT\"}]}<\/script>\n<!-- \/ Yoast SEO plugin. -->","yoast_head_json":{"title":"LPR Server 2.0 - Arteco","description":"Abilita la lettura targhe su telecamere IP standard e semplifica l\u2019analisi del traffico, l\u2019identificazione dei veicoli e la video sorveglianza.","robots":{"index":"index","follow":"follow","max-snippet":"max-snippet:-1","max-image-preview":"max-image-preview:large","max-video-preview":"max-video-preview:-1"},"canonical":"https:\/\/www.arteco-global.com\/it\/video-security\/software-solutions\/lpr-server\/","og_locale":"it_IT","og_type":"article","og_title":"LPR Server 2.0 - Arteco","og_description":"Abilita la lettura targhe su telecamere IP standard e semplifica l\u2019analisi del traffico, l\u2019identificazione dei veicoli e la video sorveglianza.","og_url":"https:\/\/www.arteco-global.com\/it\/video-security\/software-solutions\/lpr-server\/","og_site_name":"Arteco","article_modified_time":"2024-02-28T12:50:56+00:00","og_image":[{"width":1920,"height":600,"url":"https:\/\/www.arteco-global.com\/wp-content\/uploads\/2021\/01\/arteco-software-lpr-server.jpg","type":"image\/jpeg"}],"twitter_card":"summary_large_image","twitter_misc":{"Tempo di lettura stimato":"2 minuti"},"schema":{"@context":"https:\/\/schema.org","@graph":[{"@type":"WebPage","@id":"https:\/\/www.arteco-global.com\/it\/video-security\/software-solutions\/lpr-server\/","url":"https:\/\/www.arteco-global.com\/it\/video-security\/software-solutions\/lpr-server\/","name":"LPR Server 2.0 - Arteco","isPartOf":{"@id":"https:\/\/www.arteco-global.com\/en\/#website"},"primaryImageOfPage":{"@id":"https:\/\/www.arteco-global.com\/it\/video-security\/software-solutions\/lpr-server\/#primaryimage"},"image":{"@id":"https:\/\/www.arteco-global.com\/it\/video-security\/software-solutions\/lpr-server\/#primaryimage"},"thumbnailUrl":"https:\/\/www.arteco-global.com\/wp-content\/uploads\/2021\/01\/arteco-software-lpr-server.jpg","datePublished":"2018-10-02T14:33:18+00:00","dateModified":"2024-02-28T12:50:56+00:00","description":"Abilita la lettura targhe su telecamere IP standard e semplifica l\u2019analisi del traffico, l\u2019identificazione dei veicoli e la video sorveglianza.","breadcrumb":{"@id":"https:\/\/www.arteco-global.com\/it\/video-security\/software-solutions\/lpr-server\/#breadcrumb"},"inLanguage":"it-IT","potentialAction":[{"@type":"ReadAction","target":["https:\/\/www.arteco-global.com\/it\/video-security\/software-solutions\/lpr-server\/"]}]},{"@type":"ImageObject","inLanguage":"it-IT","@id":"https:\/\/www.arteco-global.com\/it\/video-security\/software-solutions\/lpr-server\/#primaryimage","url":"https:\/\/www.arteco-global.com\/wp-content\/uploads\/2021\/01\/arteco-software-lpr-server.jpg","contentUrl":"https:\/\/www.arteco-global.com\/wp-content\/uploads\/2021\/01\/arteco-software-lpr-server.jpg","width":1920,"height":600},{"@type":"BreadcrumbList","@id":"https:\/\/www.arteco-global.com\/it\/video-security\/software-solutions\/lpr-server\/#breadcrumb","itemListElement":[{"@type":"ListItem","position":1,"name":"Home","item":"https:\/\/www.arteco-global.com\/it\/"},{"@type":"ListItem","position":2,"name":"Arteco Global | Video Management Software per la sicurezza senza pensieri","item":"https:\/\/www.arteco-global.com\/it\/video-security\/"},{"@type":"ListItem","position":3,"name":"Software Solutions","item":"https:\/\/www.arteco-global.com\/it\/video-security\/software-solutions\/"},{"@type":"ListItem","position":4,"name":"LPR Server 2.0"}]},{"@type":"WebSite","@id":"https:\/\/www.arteco-global.com\/en\/#website","url":"https:\/\/www.arteco-global.com\/en\/","name":"Arteco","description":"","potentialAction":[{"@type":"SearchAction","target":{"@type":"EntryPoint","urlTemplate":"https:\/\/www.arteco-global.com\/en\/?s={search_term_string}"},"query-input":"required name=search_term_string"}],"inLanguage":"it-IT"}]}},"_links":{"self":[{"href":"https:\/\/www.arteco-global.com\/it\/wp-json\/wp\/v2\/pages\/19117"}],"collection":[{"href":"https:\/\/www.arteco-global.com\/it\/wp-json\/wp\/v2\/pages"}],"about":[{"href":"https:\/\/www.arteco-global.com\/it\/wp-json\/wp\/v2\/types\/page"}],"author":[{"embeddable":true,"href":"https:\/\/www.arteco-global.com\/it\/wp-json\/wp\/v2\/users\/4"}],"replies":[{"embeddable":true,"href":"https:\/\/www.arteco-global.com\/it\/wp-json\/wp\/v2\/comments?post=19117"}],"version-history":[{"count":7,"href":"https:\/\/www.arteco-global.com\/it\/wp-json\/wp\/v2\/pages\/19117\/revisions"}],"predecessor-version":[{"id":35813,"href":"https:\/\/www.arteco-global.com\/it\/wp-json\/wp\/v2\/pages\/19117\/revisions\/35813"}],"up":[{"embeddable":true,"href":"https:\/\/www.arteco-global.com\/it\/wp-json\/wp\/v2\/pages\/18082"}],"wp:featuredmedia":[{"embeddable":true,"href":"https:\/\/www.arteco-global.com\/it\/wp-json\/wp\/v2\/media\/31921"}],"wp:attachment":[{"href":"https:\/\/www.arteco-global.com\/it\/wp-json\/wp\/v2\/media?parent=19117"}],"curies":[{"name":"wp","href":"https:\/\/api.w.org\/{rel}","templated":true}]}}