{"id":18922,"date":"2014-04-29T15:50:22","date_gmt":"2014-04-29T13:50:22","guid":{"rendered":"https:\/\/www.arteco-global.com\/arteco-academy\/"},"modified":"2023-01-27T14:55:15","modified_gmt":"2023-01-27T13:55:15","slug":"arteco-e-training-partner-certificato","status":"publish","type":"page","link":"https:\/\/www.arteco-global.com\/it\/supporto\/arteco-e-training-partner-certificato\/","title":{"rendered":"ARTECO e-Training &#8211; Diventa Partner Certificato"},"content":{"rendered":"<p><img loading=\"lazy\" decoding=\"async\" class=\"aligncenter size-full wp-image-31510\" src=\"https:\/\/www.arteco-global.com\/wp-content\/uploads\/2020\/11\/arteco-e-training.jpg\" alt=\"\" width=\"847\" height=\"300\" \/><\/p>\n<p>Arteco e-Training ti offre la possibilit\u00e0 di diventare Arteco Certified Partner, con un semplice percorso:<\/p>\n<p><strong>Percorso di Certificazione <\/strong><\/p>\n<ol>\n<li><strong>e-Training START <\/strong>\u2013 Corso online gratuito che potrai effettuare in totale autonomia, dove vuoi e quando vuoi. Questo training consiste in un video in cui ti mostreremo come installare e configurare OMNIA. E-Training START richieder\u00e0 circa 2 ore per essere completato. Alla fine del corso, \u00e8 previsto un test composto da 20 domande a scelta multipla e sar\u00e0 sufficiente rispondere correttamente al 80% di esse per poter accedere al livello successivo, e-Training PRIME.<\/li>\n<li><strong>e-Training PRIME<\/strong>\u00a0\u2013 Corso intensivo online &#8211; <em>coming soon<\/em><\/li>\n<li><strong>e-Training Arteco VCA<\/strong> \u2013 Corso intensivo online &#8211; <em>coming soon<\/em><\/li>\n<\/ol>\n<p>Il completamento di e-Training START \u00e8 un prerequisito necessario per poter accedere a e-Training PRIME<\/p>\n<p>La certificazione e-Training PRIME d\u00e0 accesso al corso di certificazione e-Training VCA.<\/p>\n<h3><strong>ORA SELEZIONA IL TRAINING PER CUI TI VUOI REGISTRARE<\/strong><\/h3>\n","protected":false},"excerpt":{"rendered":"<p>Arteco e-Training ti offre la possibilit\u00e0 di diventare Arteco Certified [&hellip;]<\/p>\n","protected":false},"author":4,"featured_media":0,"parent":18601,"menu_order":0,"comment_status":"open","ping_status":"open","template":"template-academy.php","meta":{"footnotes":""},"yoast_head":"<!-- This site is optimized with the Yoast SEO plugin v22.8 - https:\/\/yoast.com\/wordpress\/plugins\/seo\/ -->\n<title>ARTECO e-Training - Diventa Partner Certificato - Arteco<\/title>\n<meta name=\"description\" content=\"Arteco e-Training ti offre l&#039;opportunit\u00e0 di diventare un Partner Certificato Arteco e padroneggiare le Soluzioni Arteco e OMNIA VMS\" \/>\n<meta name=\"robots\" content=\"index, follow, max-snippet:-1, max-image-preview:large, max-video-preview:-1\" \/>\n<link rel=\"canonical\" href=\"https:\/\/www.arteco-global.com\/it\/supporto\/arteco-e-training-partner-certificato\/\" \/>\n<meta property=\"og:locale\" content=\"it_IT\" \/>\n<meta property=\"og:type\" content=\"article\" \/>\n<meta property=\"og:title\" content=\"ARTECO e-Training - Diventa Partner Certificato - Arteco\" \/>\n<meta property=\"og:description\" content=\"Arteco e-Training ti offre l&#039;opportunit\u00e0 di diventare un Partner Certificato Arteco e padroneggiare le Soluzioni Arteco e OMNIA VMS\" \/>\n<meta property=\"og:url\" content=\"https:\/\/www.arteco-global.com\/it\/supporto\/arteco-e-training-partner-certificato\/\" \/>\n<meta property=\"og:site_name\" content=\"Arteco\" \/>\n<meta property=\"article:modified_time\" content=\"2023-01-27T13:55:15+00:00\" \/>\n<meta property=\"og:image\" content=\"https:\/\/www.arteco-global.com\/wp-content\/uploads\/2020\/11\/arteco-e-training.jpg\" \/>\n<meta name=\"twitter:card\" content=\"summary_large_image\" \/>\n<meta name=\"twitter:label1\" content=\"Tempo di lettura stimato\" \/>\n\t<meta name=\"twitter:data1\" content=\"1 minuto\" \/>\n<script type=\"application\/ld+json\" class=\"yoast-schema-graph\">{\"@context\":\"https:\/\/schema.org\",\"@graph\":[{\"@type\":\"WebPage\",\"@id\":\"https:\/\/www.arteco-global.com\/it\/supporto\/arteco-e-training-partner-certificato\/\",\"url\":\"https:\/\/www.arteco-global.com\/it\/supporto\/arteco-e-training-partner-certificato\/\",\"name\":\"ARTECO e-Training - Diventa Partner Certificato - Arteco\",\"isPartOf\":{\"@id\":\"https:\/\/www.arteco-global.com\/en\/#website\"},\"primaryImageOfPage\":{\"@id\":\"https:\/\/www.arteco-global.com\/it\/supporto\/arteco-e-training-partner-certificato\/#primaryimage\"},\"image\":{\"@id\":\"https:\/\/www.arteco-global.com\/it\/supporto\/arteco-e-training-partner-certificato\/#primaryimage\"},\"thumbnailUrl\":\"https:\/\/www.arteco-global.com\/wp-content\/uploads\/2020\/11\/arteco-e-training.jpg\",\"datePublished\":\"2014-04-29T13:50:22+00:00\",\"dateModified\":\"2023-01-27T13:55:15+00:00\",\"description\":\"Arteco e-Training ti offre l'opportunit\u00e0 di diventare un Partner Certificato Arteco e padroneggiare le Soluzioni Arteco e OMNIA VMS\",\"breadcrumb\":{\"@id\":\"https:\/\/www.arteco-global.com\/it\/supporto\/arteco-e-training-partner-certificato\/#breadcrumb\"},\"inLanguage\":\"it-IT\",\"potentialAction\":[{\"@type\":\"ReadAction\",\"target\":[\"https:\/\/www.arteco-global.com\/it\/supporto\/arteco-e-training-partner-certificato\/\"]}]},{\"@type\":\"ImageObject\",\"inLanguage\":\"it-IT\",\"@id\":\"https:\/\/www.arteco-global.com\/it\/supporto\/arteco-e-training-partner-certificato\/#primaryimage\",\"url\":\"https:\/\/www.arteco-global.com\/wp-content\/uploads\/2020\/11\/arteco-e-training.jpg\",\"contentUrl\":\"https:\/\/www.arteco-global.com\/wp-content\/uploads\/2020\/11\/arteco-e-training.jpg\"},{\"@type\":\"BreadcrumbList\",\"@id\":\"https:\/\/www.arteco-global.com\/it\/supporto\/arteco-e-training-partner-certificato\/#breadcrumb\",\"itemListElement\":[{\"@type\":\"ListItem\",\"position\":1,\"name\":\"Home\",\"item\":\"https:\/\/www.arteco-global.com\/it\/\"},{\"@type\":\"ListItem\",\"position\":2,\"name\":\"Supporto\",\"item\":\"https:\/\/www.arteco-global.com\/it\/supporto\/\"},{\"@type\":\"ListItem\",\"position\":3,\"name\":\"ARTECO e-Training &#8211; Diventa Partner Certificato\"}]},{\"@type\":\"WebSite\",\"@id\":\"https:\/\/www.arteco-global.com\/en\/#website\",\"url\":\"https:\/\/www.arteco-global.com\/en\/\",\"name\":\"Arteco\",\"description\":\"\",\"potentialAction\":[{\"@type\":\"SearchAction\",\"target\":{\"@type\":\"EntryPoint\",\"urlTemplate\":\"https:\/\/www.arteco-global.com\/en\/?s={search_term_string}\"},\"query-input\":\"required name=search_term_string\"}],\"inLanguage\":\"it-IT\"}]}<\/script>\n<!-- \/ Yoast SEO plugin. -->","yoast_head_json":{"title":"ARTECO e-Training - Diventa Partner Certificato - Arteco","description":"Arteco e-Training ti offre l'opportunit\u00e0 di diventare un Partner Certificato Arteco e padroneggiare le Soluzioni Arteco e OMNIA VMS","robots":{"index":"index","follow":"follow","max-snippet":"max-snippet:-1","max-image-preview":"max-image-preview:large","max-video-preview":"max-video-preview:-1"},"canonical":"https:\/\/www.arteco-global.com\/it\/supporto\/arteco-e-training-partner-certificato\/","og_locale":"it_IT","og_type":"article","og_title":"ARTECO e-Training - Diventa Partner Certificato - Arteco","og_description":"Arteco e-Training ti offre l'opportunit\u00e0 di diventare un Partner Certificato Arteco e padroneggiare le Soluzioni Arteco e OMNIA VMS","og_url":"https:\/\/www.arteco-global.com\/it\/supporto\/arteco-e-training-partner-certificato\/","og_site_name":"Arteco","article_modified_time":"2023-01-27T13:55:15+00:00","og_image":[{"url":"https:\/\/www.arteco-global.com\/wp-content\/uploads\/2020\/11\/arteco-e-training.jpg"}],"twitter_card":"summary_large_image","twitter_misc":{"Tempo di lettura stimato":"1 minuto"},"schema":{"@context":"https:\/\/schema.org","@graph":[{"@type":"WebPage","@id":"https:\/\/www.arteco-global.com\/it\/supporto\/arteco-e-training-partner-certificato\/","url":"https:\/\/www.arteco-global.com\/it\/supporto\/arteco-e-training-partner-certificato\/","name":"ARTECO e-Training - Diventa Partner Certificato - Arteco","isPartOf":{"@id":"https:\/\/www.arteco-global.com\/en\/#website"},"primaryImageOfPage":{"@id":"https:\/\/www.arteco-global.com\/it\/supporto\/arteco-e-training-partner-certificato\/#primaryimage"},"image":{"@id":"https:\/\/www.arteco-global.com\/it\/supporto\/arteco-e-training-partner-certificato\/#primaryimage"},"thumbnailUrl":"https:\/\/www.arteco-global.com\/wp-content\/uploads\/2020\/11\/arteco-e-training.jpg","datePublished":"2014-04-29T13:50:22+00:00","dateModified":"2023-01-27T13:55:15+00:00","description":"Arteco e-Training ti offre l'opportunit\u00e0 di diventare un Partner Certificato Arteco e padroneggiare le Soluzioni Arteco e OMNIA VMS","breadcrumb":{"@id":"https:\/\/www.arteco-global.com\/it\/supporto\/arteco-e-training-partner-certificato\/#breadcrumb"},"inLanguage":"it-IT","potentialAction":[{"@type":"ReadAction","target":["https:\/\/www.arteco-global.com\/it\/supporto\/arteco-e-training-partner-certificato\/"]}]},{"@type":"ImageObject","inLanguage":"it-IT","@id":"https:\/\/www.arteco-global.com\/it\/supporto\/arteco-e-training-partner-certificato\/#primaryimage","url":"https:\/\/www.arteco-global.com\/wp-content\/uploads\/2020\/11\/arteco-e-training.jpg","contentUrl":"https:\/\/www.arteco-global.com\/wp-content\/uploads\/2020\/11\/arteco-e-training.jpg"},{"@type":"BreadcrumbList","@id":"https:\/\/www.arteco-global.com\/it\/supporto\/arteco-e-training-partner-certificato\/#breadcrumb","itemListElement":[{"@type":"ListItem","position":1,"name":"Home","item":"https:\/\/www.arteco-global.com\/it\/"},{"@type":"ListItem","position":2,"name":"Supporto","item":"https:\/\/www.arteco-global.com\/it\/supporto\/"},{"@type":"ListItem","position":3,"name":"ARTECO e-Training &#8211; Diventa Partner Certificato"}]},{"@type":"WebSite","@id":"https:\/\/www.arteco-global.com\/en\/#website","url":"https:\/\/www.arteco-global.com\/en\/","name":"Arteco","description":"","potentialAction":[{"@type":"SearchAction","target":{"@type":"EntryPoint","urlTemplate":"https:\/\/www.arteco-global.com\/en\/?s={search_term_string}"},"query-input":"required name=search_term_string"}],"inLanguage":"it-IT"}]}},"_links":{"self":[{"href":"https:\/\/www.arteco-global.com\/it\/wp-json\/wp\/v2\/pages\/18922"}],"collection":[{"href":"https:\/\/www.arteco-global.com\/it\/wp-json\/wp\/v2\/pages"}],"about":[{"href":"https:\/\/www.arteco-global.com\/it\/wp-json\/wp\/v2\/types\/page"}],"author":[{"embeddable":true,"href":"https:\/\/www.arteco-global.com\/it\/wp-json\/wp\/v2\/users\/4"}],"replies":[{"embeddable":true,"href":"https:\/\/www.arteco-global.com\/it\/wp-json\/wp\/v2\/comments?post=18922"}],"version-history":[{"count":6,"href":"https:\/\/www.arteco-global.com\/it\/wp-json\/wp\/v2\/pages\/18922\/revisions"}],"predecessor-version":[{"id":34837,"href":"https:\/\/www.arteco-global.com\/it\/wp-json\/wp\/v2\/pages\/18922\/revisions\/34837"}],"up":[{"embeddable":true,"href":"https:\/\/www.arteco-global.com\/it\/wp-json\/wp\/v2\/pages\/18601"}],"wp:attachment":[{"href":"https:\/\/www.arteco-global.com\/it\/wp-json\/wp\/v2\/media?parent=18922"}],"curies":[{"name":"wp","href":"https:\/\/api.w.org\/{rel}","templated":true}]}}