{"id":18549,"date":"2012-11-14T07:48:43","date_gmt":"2012-11-14T07:48:43","guid":{"rendered":"https:\/\/www.arteco-global.com\/arteco-next\/"},"modified":"2024-04-03T13:59:25","modified_gmt":"2024-04-03T11:59:25","slug":"omnia-video-management-software-vms","status":"publish","type":"page","link":"https:\/\/www.arteco-global.com\/it\/video-security\/software-solutions\/omnia-video-management-software-vms\/","title":{"rendered":"OMNIA &#8211; Awareness. Understanding. Insight."},"content":{"rendered":"<p>La protezione di persone e infrastrutture richiede una conoscenza approfondita dell\u2019aria monitorata, consapevolezza dei rischi e analisi dei dati. <strong>OMNIA \u00e8 il Video Management Software<\/strong> creato da Arteco per unificare tutti dispositivi di sicurezza in un\u2019unica interfaccia utente e fornire gli strumenti necessari per raggiungere una sicurezza a tutto tondo.<\/p>\n<p>Scegliere OMNIA per la tua videosorveglianza <strong>significa poter contare sull\u2019esperienza e il supporto di Arteco<\/strong> per progettare un\u2019installazione in grado di gestire una vasta gamma di applicazioni e dispositivi, sia di Arteco che di numerosi altri produttori nel mondo della sicurezza e della building automation.<\/p>\n<div style=\"width: 1920px;\" class=\"wp-video\"><!--[if lt IE 9]><script>document.createElement('video');<\/script><![endif]-->\n<video class=\"wp-video-shortcode\" id=\"video-18549-1\" width=\"1920\" height=\"1080\" loop=\"1\" autoplay=\"1\" preload=\"metadata\" controls=\"controls\"><source type=\"video\/mp4\" src=\"https:\/\/www.arteco-global.com\/wp-content\/uploads\/2021\/08\/OMNIA-OFFICIAL-1.mp4?_=1\" \/><a href=\"https:\/\/www.arteco-global.com\/wp-content\/uploads\/2021\/08\/OMNIA-OFFICIAL-1.mp4\">https:\/\/www.arteco-global.com\/wp-content\/uploads\/2021\/08\/OMNIA-OFFICIAL-1.mp4<\/a><\/video><\/div>\n<p>&nbsp;<\/p>\n<hr \/>\n<h3><\/h3>\n<h3>POTENTE E FACILE<\/h3>\n<p>La piattaforma unica per la gestione di telecamere e dispositivi di sicurezza, \u00e8 stata <strong>progettata da Arteco per essere potente e facile da usare<\/strong>. La sua capacit\u00e0 di supportare l\u2019accelerazione GPU rende l\u2019esperienza dell\u2019utente pi\u00f9 fluida, con una connessione rapida ai dispositivi, uno streaming video stabile e un download veloce delle registrazioni. La grafica dell\u2019interfaccia \u00e8 accattivante e mira a focalizzare l\u2019attenzione degli utenti su ci\u00f2 che conta di pi\u00f9<\/p>\n<h3>FLESSIBILE<\/h3>\n<p><strong>L\u2019architettura aperta<\/strong> di OMNIA consente di interfacciare il software Arteco con<strong> applicazioni software di terze parti<\/strong> o integrare soluzioni come anti-incendio, antintrusione, controllo accessi, domotica, POS, Seed to Sale, RFID e molte altre soluzioni personalizzate.<\/p>\n<h3>SCALABILE<\/h3>\n<p>Arteco \u00e8 perfettamente consapevole che la sicurezza non ha uno standard, poich\u00e9 <strong>ogni realt\u00e0 ha le sue esigenze da soddisfare<\/strong>. Per questo OMNIA presenta quattro diverse licenze VMS per gestire infinite possibilit\u00e0 di integrazione e adattarsi a mercati e ambienti differenti: Pure, eMotion, Active ed Extreme.<\/p>\n","protected":false},"excerpt":{"rendered":"<p>La protezione di persone e infrastrutture richiede una conoscenza approfondita [&hellip;]<\/p>\n","protected":false},"author":4,"featured_media":32695,"parent":18082,"menu_order":0,"comment_status":"open","ping_status":"open","template":"template-page-con-download-link.php","meta":{"footnotes":""},"yoast_head":"<!-- This site is optimized with the Yoast SEO plugin v22.8 - https:\/\/yoast.com\/wordpress\/plugins\/seo\/ -->\n<title>OMNIA - Video Management Software<\/title>\n<meta name=\"robots\" content=\"index, follow, max-snippet:-1, max-image-preview:large, max-video-preview:-1\" \/>\n<link rel=\"canonical\" href=\"https:\/\/www.arteco-global.com\/it\/video-security\/software-solutions\/omnia-video-management-software-vms\/\" \/>\n<meta property=\"og:locale\" content=\"it_IT\" \/>\n<meta property=\"og:type\" content=\"article\" \/>\n<meta property=\"og:title\" content=\"OMNIA - Video Management Software\" \/>\n<meta property=\"og:description\" content=\"La protezione di persone e infrastrutture richiede una conoscenza approfondita [&hellip;]\" \/>\n<meta property=\"og:url\" content=\"https:\/\/www.arteco-global.com\/it\/video-security\/software-solutions\/omnia-video-management-software-vms\/\" \/>\n<meta property=\"og:site_name\" content=\"Arteco\" \/>\n<meta property=\"article:modified_time\" content=\"2024-04-03T11:59:25+00:00\" \/>\n<meta property=\"og:image\" content=\"https:\/\/www.arteco-global.com\/wp-content\/uploads\/2021\/08\/omnia.jpg\" \/>\n\t<meta property=\"og:image:width\" content=\"1920\" \/>\n\t<meta property=\"og:image:height\" content=\"600\" \/>\n\t<meta property=\"og:image:type\" content=\"image\/jpeg\" \/>\n<meta name=\"twitter:card\" content=\"summary_large_image\" \/>\n<meta name=\"twitter:label1\" content=\"Tempo di lettura stimato\" \/>\n\t<meta name=\"twitter:data1\" content=\"2 minuti\" \/>\n<script type=\"application\/ld+json\" class=\"yoast-schema-graph\">{\"@context\":\"https:\/\/schema.org\",\"@graph\":[{\"@type\":\"WebPage\",\"@id\":\"https:\/\/www.arteco-global.com\/it\/video-security\/software-solutions\/omnia-video-management-software-vms\/\",\"url\":\"https:\/\/www.arteco-global.com\/it\/video-security\/software-solutions\/omnia-video-management-software-vms\/\",\"name\":\"OMNIA - Video Management Software\",\"isPartOf\":{\"@id\":\"https:\/\/www.arteco-global.com\/en\/#website\"},\"primaryImageOfPage\":{\"@id\":\"https:\/\/www.arteco-global.com\/it\/video-security\/software-solutions\/omnia-video-management-software-vms\/#primaryimage\"},\"image\":{\"@id\":\"https:\/\/www.arteco-global.com\/it\/video-security\/software-solutions\/omnia-video-management-software-vms\/#primaryimage\"},\"thumbnailUrl\":\"https:\/\/www.arteco-global.com\/wp-content\/uploads\/2021\/08\/omnia.jpg\",\"datePublished\":\"2012-11-14T07:48:43+00:00\",\"dateModified\":\"2024-04-03T11:59:25+00:00\",\"breadcrumb\":{\"@id\":\"https:\/\/www.arteco-global.com\/it\/video-security\/software-solutions\/omnia-video-management-software-vms\/#breadcrumb\"},\"inLanguage\":\"it-IT\",\"potentialAction\":[{\"@type\":\"ReadAction\",\"target\":[\"https:\/\/www.arteco-global.com\/it\/video-security\/software-solutions\/omnia-video-management-software-vms\/\"]}]},{\"@type\":\"ImageObject\",\"inLanguage\":\"it-IT\",\"@id\":\"https:\/\/www.arteco-global.com\/it\/video-security\/software-solutions\/omnia-video-management-software-vms\/#primaryimage\",\"url\":\"https:\/\/www.arteco-global.com\/wp-content\/uploads\/2021\/08\/omnia.jpg\",\"contentUrl\":\"https:\/\/www.arteco-global.com\/wp-content\/uploads\/2021\/08\/omnia.jpg\",\"width\":1920,\"height\":600},{\"@type\":\"BreadcrumbList\",\"@id\":\"https:\/\/www.arteco-global.com\/it\/video-security\/software-solutions\/omnia-video-management-software-vms\/#breadcrumb\",\"itemListElement\":[{\"@type\":\"ListItem\",\"position\":1,\"name\":\"Home\",\"item\":\"https:\/\/www.arteco-global.com\/it\/\"},{\"@type\":\"ListItem\",\"position\":2,\"name\":\"Arteco Global | Video Management Software per la sicurezza senza pensieri\",\"item\":\"https:\/\/www.arteco-global.com\/it\/video-security\/\"},{\"@type\":\"ListItem\",\"position\":3,\"name\":\"Software Solutions\",\"item\":\"https:\/\/www.arteco-global.com\/it\/video-security\/software-solutions\/\"},{\"@type\":\"ListItem\",\"position\":4,\"name\":\"OMNIA &#8211; Awareness. Understanding. Insight.\"}]},{\"@type\":\"WebSite\",\"@id\":\"https:\/\/www.arteco-global.com\/en\/#website\",\"url\":\"https:\/\/www.arteco-global.com\/en\/\",\"name\":\"Arteco\",\"description\":\"\",\"potentialAction\":[{\"@type\":\"SearchAction\",\"target\":{\"@type\":\"EntryPoint\",\"urlTemplate\":\"https:\/\/www.arteco-global.com\/en\/?s={search_term_string}\"},\"query-input\":\"required name=search_term_string\"}],\"inLanguage\":\"it-IT\"}]}<\/script>\n<!-- \/ Yoast SEO plugin. -->","yoast_head_json":{"title":"OMNIA - Video Management Software","robots":{"index":"index","follow":"follow","max-snippet":"max-snippet:-1","max-image-preview":"max-image-preview:large","max-video-preview":"max-video-preview:-1"},"canonical":"https:\/\/www.arteco-global.com\/it\/video-security\/software-solutions\/omnia-video-management-software-vms\/","og_locale":"it_IT","og_type":"article","og_title":"OMNIA - Video Management Software","og_description":"La protezione di persone e infrastrutture richiede una conoscenza approfondita [&hellip;]","og_url":"https:\/\/www.arteco-global.com\/it\/video-security\/software-solutions\/omnia-video-management-software-vms\/","og_site_name":"Arteco","article_modified_time":"2024-04-03T11:59:25+00:00","og_image":[{"width":1920,"height":600,"url":"https:\/\/www.arteco-global.com\/wp-content\/uploads\/2021\/08\/omnia.jpg","type":"image\/jpeg"}],"twitter_card":"summary_large_image","twitter_misc":{"Tempo di lettura stimato":"2 minuti"},"schema":{"@context":"https:\/\/schema.org","@graph":[{"@type":"WebPage","@id":"https:\/\/www.arteco-global.com\/it\/video-security\/software-solutions\/omnia-video-management-software-vms\/","url":"https:\/\/www.arteco-global.com\/it\/video-security\/software-solutions\/omnia-video-management-software-vms\/","name":"OMNIA - Video Management Software","isPartOf":{"@id":"https:\/\/www.arteco-global.com\/en\/#website"},"primaryImageOfPage":{"@id":"https:\/\/www.arteco-global.com\/it\/video-security\/software-solutions\/omnia-video-management-software-vms\/#primaryimage"},"image":{"@id":"https:\/\/www.arteco-global.com\/it\/video-security\/software-solutions\/omnia-video-management-software-vms\/#primaryimage"},"thumbnailUrl":"https:\/\/www.arteco-global.com\/wp-content\/uploads\/2021\/08\/omnia.jpg","datePublished":"2012-11-14T07:48:43+00:00","dateModified":"2024-04-03T11:59:25+00:00","breadcrumb":{"@id":"https:\/\/www.arteco-global.com\/it\/video-security\/software-solutions\/omnia-video-management-software-vms\/#breadcrumb"},"inLanguage":"it-IT","potentialAction":[{"@type":"ReadAction","target":["https:\/\/www.arteco-global.com\/it\/video-security\/software-solutions\/omnia-video-management-software-vms\/"]}]},{"@type":"ImageObject","inLanguage":"it-IT","@id":"https:\/\/www.arteco-global.com\/it\/video-security\/software-solutions\/omnia-video-management-software-vms\/#primaryimage","url":"https:\/\/www.arteco-global.com\/wp-content\/uploads\/2021\/08\/omnia.jpg","contentUrl":"https:\/\/www.arteco-global.com\/wp-content\/uploads\/2021\/08\/omnia.jpg","width":1920,"height":600},{"@type":"BreadcrumbList","@id":"https:\/\/www.arteco-global.com\/it\/video-security\/software-solutions\/omnia-video-management-software-vms\/#breadcrumb","itemListElement":[{"@type":"ListItem","position":1,"name":"Home","item":"https:\/\/www.arteco-global.com\/it\/"},{"@type":"ListItem","position":2,"name":"Arteco Global | Video Management Software per la sicurezza senza pensieri","item":"https:\/\/www.arteco-global.com\/it\/video-security\/"},{"@type":"ListItem","position":3,"name":"Software Solutions","item":"https:\/\/www.arteco-global.com\/it\/video-security\/software-solutions\/"},{"@type":"ListItem","position":4,"name":"OMNIA &#8211; Awareness. Understanding. Insight."}]},{"@type":"WebSite","@id":"https:\/\/www.arteco-global.com\/en\/#website","url":"https:\/\/www.arteco-global.com\/en\/","name":"Arteco","description":"","potentialAction":[{"@type":"SearchAction","target":{"@type":"EntryPoint","urlTemplate":"https:\/\/www.arteco-global.com\/en\/?s={search_term_string}"},"query-input":"required name=search_term_string"}],"inLanguage":"it-IT"}]}},"_links":{"self":[{"href":"https:\/\/www.arteco-global.com\/it\/wp-json\/wp\/v2\/pages\/18549"}],"collection":[{"href":"https:\/\/www.arteco-global.com\/it\/wp-json\/wp\/v2\/pages"}],"about":[{"href":"https:\/\/www.arteco-global.com\/it\/wp-json\/wp\/v2\/types\/page"}],"author":[{"embeddable":true,"href":"https:\/\/www.arteco-global.com\/it\/wp-json\/wp\/v2\/users\/4"}],"replies":[{"embeddable":true,"href":"https:\/\/www.arteco-global.com\/it\/wp-json\/wp\/v2\/comments?post=18549"}],"version-history":[{"count":13,"href":"https:\/\/www.arteco-global.com\/it\/wp-json\/wp\/v2\/pages\/18549\/revisions"}],"predecessor-version":[{"id":35944,"href":"https:\/\/www.arteco-global.com\/it\/wp-json\/wp\/v2\/pages\/18549\/revisions\/35944"}],"up":[{"embeddable":true,"href":"https:\/\/www.arteco-global.com\/it\/wp-json\/wp\/v2\/pages\/18082"}],"wp:featuredmedia":[{"embeddable":true,"href":"https:\/\/www.arteco-global.com\/it\/wp-json\/wp\/v2\/media\/32695"}],"wp:attachment":[{"href":"https:\/\/www.arteco-global.com\/it\/wp-json\/wp\/v2\/media?parent=18549"}],"curies":[{"name":"wp","href":"https:\/\/api.w.org\/{rel}","templated":true}]}}