{"id":18537,"date":"2012-10-23T08:09:15","date_gmt":"2012-10-23T08:09:15","guid":{"rendered":"https:\/\/www.arteco-global.com\/arteco-lpr\/"},"modified":"2024-02-28T13:54:06","modified_gmt":"2024-02-28T12:54:06","slug":"lpr","status":"publish","type":"page","link":"https:\/\/www.arteco-global.com\/it\/video-security\/software-solutions\/lpr\/","title":{"rendered":"LPR"},"content":{"rendered":"<p><strong>LPR <\/strong>racchiude tutte le soluzioni Arteco per la lettura targhe che, abbinate alla videosorveglianza, aumentano il livello di sicurezza e controllo di ogni installazione mantenendo semplicit\u00e0 di utilizzo, costi contenuti e ottimizzazione delle risorse.<\/p>\n<p>Sono molti gli ambiti in cui LPR pu\u00f2 essere applicato: controllo accessi, prevenzione della criminalit\u00e0 e controllo del territorio, monitoraggio tempi\/presenze dipendenti, e molti altri. A seconda delle tue esigenze e del tipo di hardware che hai installato, abbiamo sviluppato una gamma di soluzioni LPR tra cui puoi scegliere.<\/p>\n<h2><a href=\"https:\/\/arteco-global.com\/it\/video-security\/software-solutions\/lpr-server\/\" target=\"_blank\" rel=\"noopener noreferrer\"><span style=\"color: #b50000;\">LPR Server 2.0<\/span><\/a><\/h2>\n<p>LPR Server 2.0 \u00e8 la soluzione<strong>\u00a0software di nuova generazione<\/strong>\u00a0installabile su server Windows, progettata per consentire la lettura delle targhe su telecamere IP standard e per facilitare l\u2019analisi del traffico e l\u2019identificazione dei veicoli attraverso\u00a0<strong>un\u2019interfaccia utente di nuova concezione e intuitiva<\/strong>.<\/p>\n<p>LPR Server 2.0 non necessita di telecamere LPR specifiche, richiede solo un flusso video di qualit\u00e0 e il suo <strong>motore OCR all\u2019avanguardia<\/strong>\u00a0fa tutto il resto.<\/p>\n<p>\u00c8 stato sviluppato per supportare anche <strong>flussi video H.264 e H.265<\/strong>. Questo comporta un doppio vantaggio:\u00a0<strong>un minor consumo di CPU e RAM<\/strong>, e la possibilit\u00e0 di eseguire Arteco LPR Server 2.0 come servizio in Windows, cos\u00ec da attivare automaticamente il rilevamento delle targhe all\u2019avvio del sistema operativo.<\/p>\n<p>LPR Server 2.0 pu\u00f2 anche essere configurato per gestire fino a <strong>4 elenchi di targhe per canale video<\/strong> e attivare rel\u00e8 da remoto, in modo da facilitare la gestione automatizzata di aree residenziali delimitate, parcheggi e altro, sfruttando una soluzione unica e conveniente.<\/p>\n<hr \/>\n<h2><span style=\"text-decoration: underline;\"><span style=\"color: #b50000; text-decoration: underline;\"><a style=\"color: #b50000; text-decoration: underline;\" href=\"https:\/\/arteco-global.com\/wp-content\/uploads\/2021\/09\/arteco-lpr-app-brochure-ita-A4.pdf\" target=\"_blank\" rel=\"noopener\">LPR app for WisenetX cameras<\/a><\/span><\/span><\/h2>\n<p>LPR App \u00e8 un\u2019applicazione che pu\u00f2 essere installata sulla serie di telecamere <strong>WISENET X di Hanwha Techwin<\/strong>, rendendole vere e proprie telecamere di lettura targhe.<\/p>\n<p>Attraverso la combinazione di queste tecnologie, le organizzazioni possono incrementare i livelli di sicurezza, automatizzando i processi di monitoraggio, ottimizzando le operazioni ed aumentando la consapevolezza.<\/p>\n<p><strong>LPR App \u00e8 flessibile e facile da usare<\/strong>. Di facile installazione, la configurazione avviene in pochi e semplici passi. \u00c8 completamente integrata con OMNIA e con Arteco Easy Traffic. L\u2019applicazione dispone anche di numerosi protocolli di\u00a0comunicazione, che consentono di sviluppare integrazioni intelligenti e performanti con VMS di terze parti, soluzioni di monitoraggio del traffico ed altro ancora.<\/p>\n<hr \/>\n<h2><span style=\"color: #b50000;\">Camera Integration<\/span><\/h2>\n<p>LPR, abbinato alle telecamere certificate Arteco, \u00e8 facile da configurare e gestire perch\u00e9 completamente integrato nella piattaforma software OMNIA. Il sistema ha la capacit\u00e0 di creare e gestire un database di targhe abbinando le targhe rilevate LPR a una targa nel database. <strong>OMNIA integra i marchi di telecamere pi\u00f9 diffusi sul mercato<\/strong> (Hikvision, Milesight, Selea, TargaSystem, Tattile, Urmet e altri) e garantisce un&#8217;esperienza fluida nella gestione del traffico e dei parcheggi, nonch\u00e9 nelle operazioni di controllo degli accessi.<\/p>\n","protected":false},"excerpt":{"rendered":"<p>LPR racchiude tutte le soluzioni Arteco per la lettura targhe [&hellip;]<\/p>\n","protected":false},"author":1,"featured_media":31917,"parent":18082,"menu_order":100,"comment_status":"open","ping_status":"open","template":"template-page-con-download-link.php","meta":{"footnotes":""},"yoast_head":"<!-- This site is optimized with the Yoast SEO plugin v22.8 - https:\/\/yoast.com\/wordpress\/plugins\/seo\/ -->\n<title>Arteco LPR - plug in lettura targhe<\/title>\n<meta name=\"description\" content=\"Arteco LPR coniuga la lettura targhe alla videosorveglianza, aumentando il livello di sicurezza e controllo di ogni installazione.\" \/>\n<meta name=\"robots\" content=\"index, follow, max-snippet:-1, max-image-preview:large, max-video-preview:-1\" \/>\n<link rel=\"canonical\" href=\"https:\/\/www.arteco-global.com\/it\/video-security\/software-solutions\/lpr\/\" \/>\n<meta property=\"og:locale\" content=\"it_IT\" \/>\n<meta property=\"og:type\" content=\"article\" \/>\n<meta property=\"og:title\" content=\"Arteco LPR - plug in lettura targhe\" \/>\n<meta property=\"og:description\" content=\"Arteco LPR coniuga la lettura targhe alla videosorveglianza, aumentando il livello di sicurezza e controllo di ogni installazione.\" \/>\n<meta property=\"og:url\" content=\"https:\/\/www.arteco-global.com\/it\/video-security\/software-solutions\/lpr\/\" \/>\n<meta property=\"og:site_name\" content=\"Arteco\" \/>\n<meta property=\"article:modified_time\" content=\"2024-02-28T12:54:06+00:00\" \/>\n<meta property=\"og:image\" content=\"https:\/\/www.arteco-global.com\/wp-content\/uploads\/2021\/01\/arteco-software-lpr.jpg\" \/>\n\t<meta property=\"og:image:width\" content=\"1920\" \/>\n\t<meta property=\"og:image:height\" content=\"600\" \/>\n\t<meta property=\"og:image:type\" content=\"image\/jpeg\" \/>\n<meta name=\"twitter:card\" content=\"summary_large_image\" \/>\n<meta name=\"twitter:label1\" content=\"Tempo di lettura stimato\" \/>\n\t<meta name=\"twitter:data1\" content=\"3 minuti\" \/>\n<script type=\"application\/ld+json\" class=\"yoast-schema-graph\">{\"@context\":\"https:\/\/schema.org\",\"@graph\":[{\"@type\":\"WebPage\",\"@id\":\"https:\/\/www.arteco-global.com\/it\/video-security\/software-solutions\/lpr\/\",\"url\":\"https:\/\/www.arteco-global.com\/it\/video-security\/software-solutions\/lpr\/\",\"name\":\"Arteco LPR - plug in lettura targhe\",\"isPartOf\":{\"@id\":\"https:\/\/www.arteco-global.com\/en\/#website\"},\"primaryImageOfPage\":{\"@id\":\"https:\/\/www.arteco-global.com\/it\/video-security\/software-solutions\/lpr\/#primaryimage\"},\"image\":{\"@id\":\"https:\/\/www.arteco-global.com\/it\/video-security\/software-solutions\/lpr\/#primaryimage\"},\"thumbnailUrl\":\"https:\/\/www.arteco-global.com\/wp-content\/uploads\/2021\/01\/arteco-software-lpr.jpg\",\"datePublished\":\"2012-10-23T08:09:15+00:00\",\"dateModified\":\"2024-02-28T12:54:06+00:00\",\"description\":\"Arteco LPR coniuga la lettura targhe alla videosorveglianza, aumentando il livello di sicurezza e controllo di ogni installazione.\",\"breadcrumb\":{\"@id\":\"https:\/\/www.arteco-global.com\/it\/video-security\/software-solutions\/lpr\/#breadcrumb\"},\"inLanguage\":\"it-IT\",\"potentialAction\":[{\"@type\":\"ReadAction\",\"target\":[\"https:\/\/www.arteco-global.com\/it\/video-security\/software-solutions\/lpr\/\"]}]},{\"@type\":\"ImageObject\",\"inLanguage\":\"it-IT\",\"@id\":\"https:\/\/www.arteco-global.com\/it\/video-security\/software-solutions\/lpr\/#primaryimage\",\"url\":\"https:\/\/www.arteco-global.com\/wp-content\/uploads\/2021\/01\/arteco-software-lpr.jpg\",\"contentUrl\":\"https:\/\/www.arteco-global.com\/wp-content\/uploads\/2021\/01\/arteco-software-lpr.jpg\",\"width\":1920,\"height\":600},{\"@type\":\"BreadcrumbList\",\"@id\":\"https:\/\/www.arteco-global.com\/it\/video-security\/software-solutions\/lpr\/#breadcrumb\",\"itemListElement\":[{\"@type\":\"ListItem\",\"position\":1,\"name\":\"Home\",\"item\":\"https:\/\/www.arteco-global.com\/it\/\"},{\"@type\":\"ListItem\",\"position\":2,\"name\":\"Arteco Global | Video Management Software per la sicurezza senza pensieri\",\"item\":\"https:\/\/www.arteco-global.com\/it\/video-security\/\"},{\"@type\":\"ListItem\",\"position\":3,\"name\":\"Software Solutions\",\"item\":\"https:\/\/www.arteco-global.com\/it\/video-security\/software-solutions\/\"},{\"@type\":\"ListItem\",\"position\":4,\"name\":\"LPR\"}]},{\"@type\":\"WebSite\",\"@id\":\"https:\/\/www.arteco-global.com\/en\/#website\",\"url\":\"https:\/\/www.arteco-global.com\/en\/\",\"name\":\"Arteco\",\"description\":\"\",\"potentialAction\":[{\"@type\":\"SearchAction\",\"target\":{\"@type\":\"EntryPoint\",\"urlTemplate\":\"https:\/\/www.arteco-global.com\/en\/?s={search_term_string}\"},\"query-input\":\"required name=search_term_string\"}],\"inLanguage\":\"it-IT\"}]}<\/script>\n<!-- \/ Yoast SEO plugin. -->","yoast_head_json":{"title":"Arteco LPR - plug in lettura targhe","description":"Arteco LPR coniuga la lettura targhe alla videosorveglianza, aumentando il livello di sicurezza e controllo di ogni installazione.","robots":{"index":"index","follow":"follow","max-snippet":"max-snippet:-1","max-image-preview":"max-image-preview:large","max-video-preview":"max-video-preview:-1"},"canonical":"https:\/\/www.arteco-global.com\/it\/video-security\/software-solutions\/lpr\/","og_locale":"it_IT","og_type":"article","og_title":"Arteco LPR - plug in lettura targhe","og_description":"Arteco LPR coniuga la lettura targhe alla videosorveglianza, aumentando il livello di sicurezza e controllo di ogni installazione.","og_url":"https:\/\/www.arteco-global.com\/it\/video-security\/software-solutions\/lpr\/","og_site_name":"Arteco","article_modified_time":"2024-02-28T12:54:06+00:00","og_image":[{"width":1920,"height":600,"url":"https:\/\/www.arteco-global.com\/wp-content\/uploads\/2021\/01\/arteco-software-lpr.jpg","type":"image\/jpeg"}],"twitter_card":"summary_large_image","twitter_misc":{"Tempo di lettura stimato":"3 minuti"},"schema":{"@context":"https:\/\/schema.org","@graph":[{"@type":"WebPage","@id":"https:\/\/www.arteco-global.com\/it\/video-security\/software-solutions\/lpr\/","url":"https:\/\/www.arteco-global.com\/it\/video-security\/software-solutions\/lpr\/","name":"Arteco LPR - plug in lettura targhe","isPartOf":{"@id":"https:\/\/www.arteco-global.com\/en\/#website"},"primaryImageOfPage":{"@id":"https:\/\/www.arteco-global.com\/it\/video-security\/software-solutions\/lpr\/#primaryimage"},"image":{"@id":"https:\/\/www.arteco-global.com\/it\/video-security\/software-solutions\/lpr\/#primaryimage"},"thumbnailUrl":"https:\/\/www.arteco-global.com\/wp-content\/uploads\/2021\/01\/arteco-software-lpr.jpg","datePublished":"2012-10-23T08:09:15+00:00","dateModified":"2024-02-28T12:54:06+00:00","description":"Arteco LPR coniuga la lettura targhe alla videosorveglianza, aumentando il livello di sicurezza e controllo di ogni installazione.","breadcrumb":{"@id":"https:\/\/www.arteco-global.com\/it\/video-security\/software-solutions\/lpr\/#breadcrumb"},"inLanguage":"it-IT","potentialAction":[{"@type":"ReadAction","target":["https:\/\/www.arteco-global.com\/it\/video-security\/software-solutions\/lpr\/"]}]},{"@type":"ImageObject","inLanguage":"it-IT","@id":"https:\/\/www.arteco-global.com\/it\/video-security\/software-solutions\/lpr\/#primaryimage","url":"https:\/\/www.arteco-global.com\/wp-content\/uploads\/2021\/01\/arteco-software-lpr.jpg","contentUrl":"https:\/\/www.arteco-global.com\/wp-content\/uploads\/2021\/01\/arteco-software-lpr.jpg","width":1920,"height":600},{"@type":"BreadcrumbList","@id":"https:\/\/www.arteco-global.com\/it\/video-security\/software-solutions\/lpr\/#breadcrumb","itemListElement":[{"@type":"ListItem","position":1,"name":"Home","item":"https:\/\/www.arteco-global.com\/it\/"},{"@type":"ListItem","position":2,"name":"Arteco Global | Video Management Software per la sicurezza senza pensieri","item":"https:\/\/www.arteco-global.com\/it\/video-security\/"},{"@type":"ListItem","position":3,"name":"Software Solutions","item":"https:\/\/www.arteco-global.com\/it\/video-security\/software-solutions\/"},{"@type":"ListItem","position":4,"name":"LPR"}]},{"@type":"WebSite","@id":"https:\/\/www.arteco-global.com\/en\/#website","url":"https:\/\/www.arteco-global.com\/en\/","name":"Arteco","description":"","potentialAction":[{"@type":"SearchAction","target":{"@type":"EntryPoint","urlTemplate":"https:\/\/www.arteco-global.com\/en\/?s={search_term_string}"},"query-input":"required name=search_term_string"}],"inLanguage":"it-IT"}]}},"_links":{"self":[{"href":"https:\/\/www.arteco-global.com\/it\/wp-json\/wp\/v2\/pages\/18537"}],"collection":[{"href":"https:\/\/www.arteco-global.com\/it\/wp-json\/wp\/v2\/pages"}],"about":[{"href":"https:\/\/www.arteco-global.com\/it\/wp-json\/wp\/v2\/types\/page"}],"author":[{"embeddable":true,"href":"https:\/\/www.arteco-global.com\/it\/wp-json\/wp\/v2\/users\/1"}],"replies":[{"embeddable":true,"href":"https:\/\/www.arteco-global.com\/it\/wp-json\/wp\/v2\/comments?post=18537"}],"version-history":[{"count":15,"href":"https:\/\/www.arteco-global.com\/it\/wp-json\/wp\/v2\/pages\/18537\/revisions"}],"predecessor-version":[{"id":35820,"href":"https:\/\/www.arteco-global.com\/it\/wp-json\/wp\/v2\/pages\/18537\/revisions\/35820"}],"up":[{"embeddable":true,"href":"https:\/\/www.arteco-global.com\/it\/wp-json\/wp\/v2\/pages\/18082"}],"wp:featuredmedia":[{"embeddable":true,"href":"https:\/\/www.arteco-global.com\/it\/wp-json\/wp\/v2\/media\/31917"}],"wp:attachment":[{"href":"https:\/\/www.arteco-global.com\/it\/wp-json\/wp\/v2\/media?parent=18537"}],"curies":[{"name":"wp","href":"https:\/\/api.w.org\/{rel}","templated":true}]}}