{"id":18519,"date":"2012-10-16T10:28:42","date_gmt":"2012-10-16T10:28:42","guid":{"rendered":"https:\/\/www.arteco-global.com\/arteco-7000\/"},"modified":"2024-02-28T11:46:55","modified_gmt":"2024-02-28T10:46:55","slug":"arteco-7000","status":"publish","type":"page","link":"https:\/\/www.arteco-global.com\/it\/video-security\/hardware-solutions\/arteco-7000\/","title":{"rendered":"ARTECO 7000"},"content":{"rendered":"<p>Solidit\u00e0 e potenza allo stato puro.<\/p>\n<p>Arteco 7000 \u00e8 il sistema in formato rackmount 4U ideale per chi ha necessit\u00e0 di gestire videosorveglianza IP su impianti di grandi dimensioni che necessitano alte prestazioni ed affidabilit\u00e0.<\/p>\n<p>Arteco 7000 pu\u00f2 gestire sorgenti video IP di tutti i principali produttori Internazionali ed \u00e8 compatibile con i dispositivi ONVIF\u2122 e RTSP.<\/p>\n<p>Il software lo decidi tu, non \u00e8 incluso. Scegli la versione a te pi\u00f9 adatta tra Pure, eMotion, Active o Extreme, e noi ti prepareremo la macchina NVR pronta all\u2019uso.<\/p>\n<p>Completa il sistema mediante i moduli opzionali, potrai interfacciare Arteco 7000 con altri sistemi di sicurezza, domotica ed automazione, incrementando l\u2019efficienza dell\u2019impianto sia in termini di protezione che di risparmio energetico.<\/p>\n<p>Occorre un sistema flessibile, robusto e con tanto spazio per le registrazioni? La risposta \u00e8 Arteco 7000, un NVR performante che offre la possibilit\u00e0 di installare fino a 4 HDD, subito o in un secondo momento, grazie alla tecnologia Hot-swap.<\/p>\n","protected":false},"excerpt":{"rendered":"<p>Solidit\u00e0 e potenza allo stato puro. Arteco 7000 \u00e8 il [&hellip;]<\/p>\n","protected":false},"author":1,"featured_media":35082,"parent":21232,"menu_order":30,"comment_status":"open","ping_status":"open","template":"template-page-con-download-link.php","meta":{"footnotes":""},"yoast_head":"<!-- This site is optimized with the Yoast SEO plugin v22.8 - https:\/\/yoast.com\/wordpress\/plugins\/seo\/ -->\n<title>ARTECO 7000 - Arteco<\/title>\n<meta name=\"robots\" content=\"index, follow, max-snippet:-1, max-image-preview:large, max-video-preview:-1\" \/>\n<link rel=\"canonical\" href=\"https:\/\/www.arteco-global.com\/it\/video-security\/hardware-solutions\/arteco-7000\/\" \/>\n<meta property=\"og:locale\" content=\"it_IT\" \/>\n<meta property=\"og:type\" content=\"article\" \/>\n<meta property=\"og:title\" content=\"ARTECO 7000 - Arteco\" \/>\n<meta property=\"og:description\" content=\"Solidit\u00e0 e potenza allo stato puro. Arteco 7000 \u00e8 il [&hellip;]\" \/>\n<meta property=\"og:url\" content=\"https:\/\/www.arteco-global.com\/it\/video-security\/hardware-solutions\/arteco-7000\/\" \/>\n<meta property=\"og:site_name\" content=\"Arteco\" \/>\n<meta property=\"article:modified_time\" content=\"2024-02-28T10:46:55+00:00\" \/>\n<meta property=\"og:image\" content=\"https:\/\/www.arteco-global.com\/wp-content\/uploads\/2023\/06\/arteco-7000.jpg\" \/>\n\t<meta property=\"og:image:width\" content=\"1920\" \/>\n\t<meta property=\"og:image:height\" content=\"600\" \/>\n\t<meta property=\"og:image:type\" content=\"image\/jpeg\" \/>\n<meta name=\"twitter:card\" content=\"summary_large_image\" \/>\n<meta name=\"twitter:label1\" content=\"Tempo di lettura stimato\" \/>\n\t<meta name=\"twitter:data1\" content=\"2 minuti\" \/>\n<script type=\"application\/ld+json\" class=\"yoast-schema-graph\">{\"@context\":\"https:\/\/schema.org\",\"@graph\":[{\"@type\":\"WebPage\",\"@id\":\"https:\/\/www.arteco-global.com\/it\/video-security\/hardware-solutions\/arteco-7000\/\",\"url\":\"https:\/\/www.arteco-global.com\/it\/video-security\/hardware-solutions\/arteco-7000\/\",\"name\":\"ARTECO 7000 - Arteco\",\"isPartOf\":{\"@id\":\"https:\/\/www.arteco-global.com\/en\/#website\"},\"primaryImageOfPage\":{\"@id\":\"https:\/\/www.arteco-global.com\/it\/video-security\/hardware-solutions\/arteco-7000\/#primaryimage\"},\"image\":{\"@id\":\"https:\/\/www.arteco-global.com\/it\/video-security\/hardware-solutions\/arteco-7000\/#primaryimage\"},\"thumbnailUrl\":\"https:\/\/www.arteco-global.com\/wp-content\/uploads\/2023\/06\/arteco-7000.jpg\",\"datePublished\":\"2012-10-16T10:28:42+00:00\",\"dateModified\":\"2024-02-28T10:46:55+00:00\",\"breadcrumb\":{\"@id\":\"https:\/\/www.arteco-global.com\/it\/video-security\/hardware-solutions\/arteco-7000\/#breadcrumb\"},\"inLanguage\":\"it-IT\",\"potentialAction\":[{\"@type\":\"ReadAction\",\"target\":[\"https:\/\/www.arteco-global.com\/it\/video-security\/hardware-solutions\/arteco-7000\/\"]}]},{\"@type\":\"ImageObject\",\"inLanguage\":\"it-IT\",\"@id\":\"https:\/\/www.arteco-global.com\/it\/video-security\/hardware-solutions\/arteco-7000\/#primaryimage\",\"url\":\"https:\/\/www.arteco-global.com\/wp-content\/uploads\/2023\/06\/arteco-7000.jpg\",\"contentUrl\":\"https:\/\/www.arteco-global.com\/wp-content\/uploads\/2023\/06\/arteco-7000.jpg\",\"width\":1920,\"height\":600},{\"@type\":\"BreadcrumbList\",\"@id\":\"https:\/\/www.arteco-global.com\/it\/video-security\/hardware-solutions\/arteco-7000\/#breadcrumb\",\"itemListElement\":[{\"@type\":\"ListItem\",\"position\":1,\"name\":\"Home\",\"item\":\"https:\/\/www.arteco-global.com\/it\/\"},{\"@type\":\"ListItem\",\"position\":2,\"name\":\"Arteco Global | Video Management Software per la sicurezza senza pensieri\",\"item\":\"https:\/\/www.arteco-global.com\/it\/video-security\/\"},{\"@type\":\"ListItem\",\"position\":3,\"name\":\"Hardware Solutions\",\"item\":\"https:\/\/www.arteco-global.com\/it\/video-security\/hardware-solutions\/\"},{\"@type\":\"ListItem\",\"position\":4,\"name\":\"ARTECO 7000\"}]},{\"@type\":\"WebSite\",\"@id\":\"https:\/\/www.arteco-global.com\/en\/#website\",\"url\":\"https:\/\/www.arteco-global.com\/en\/\",\"name\":\"Arteco\",\"description\":\"\",\"potentialAction\":[{\"@type\":\"SearchAction\",\"target\":{\"@type\":\"EntryPoint\",\"urlTemplate\":\"https:\/\/www.arteco-global.com\/en\/?s={search_term_string}\"},\"query-input\":\"required name=search_term_string\"}],\"inLanguage\":\"it-IT\"}]}<\/script>\n<!-- \/ Yoast SEO plugin. -->","yoast_head_json":{"title":"ARTECO 7000 - Arteco","robots":{"index":"index","follow":"follow","max-snippet":"max-snippet:-1","max-image-preview":"max-image-preview:large","max-video-preview":"max-video-preview:-1"},"canonical":"https:\/\/www.arteco-global.com\/it\/video-security\/hardware-solutions\/arteco-7000\/","og_locale":"it_IT","og_type":"article","og_title":"ARTECO 7000 - Arteco","og_description":"Solidit\u00e0 e potenza allo stato puro. Arteco 7000 \u00e8 il [&hellip;]","og_url":"https:\/\/www.arteco-global.com\/it\/video-security\/hardware-solutions\/arteco-7000\/","og_site_name":"Arteco","article_modified_time":"2024-02-28T10:46:55+00:00","og_image":[{"width":1920,"height":600,"url":"https:\/\/www.arteco-global.com\/wp-content\/uploads\/2023\/06\/arteco-7000.jpg","type":"image\/jpeg"}],"twitter_card":"summary_large_image","twitter_misc":{"Tempo di lettura stimato":"2 minuti"},"schema":{"@context":"https:\/\/schema.org","@graph":[{"@type":"WebPage","@id":"https:\/\/www.arteco-global.com\/it\/video-security\/hardware-solutions\/arteco-7000\/","url":"https:\/\/www.arteco-global.com\/it\/video-security\/hardware-solutions\/arteco-7000\/","name":"ARTECO 7000 - Arteco","isPartOf":{"@id":"https:\/\/www.arteco-global.com\/en\/#website"},"primaryImageOfPage":{"@id":"https:\/\/www.arteco-global.com\/it\/video-security\/hardware-solutions\/arteco-7000\/#primaryimage"},"image":{"@id":"https:\/\/www.arteco-global.com\/it\/video-security\/hardware-solutions\/arteco-7000\/#primaryimage"},"thumbnailUrl":"https:\/\/www.arteco-global.com\/wp-content\/uploads\/2023\/06\/arteco-7000.jpg","datePublished":"2012-10-16T10:28:42+00:00","dateModified":"2024-02-28T10:46:55+00:00","breadcrumb":{"@id":"https:\/\/www.arteco-global.com\/it\/video-security\/hardware-solutions\/arteco-7000\/#breadcrumb"},"inLanguage":"it-IT","potentialAction":[{"@type":"ReadAction","target":["https:\/\/www.arteco-global.com\/it\/video-security\/hardware-solutions\/arteco-7000\/"]}]},{"@type":"ImageObject","inLanguage":"it-IT","@id":"https:\/\/www.arteco-global.com\/it\/video-security\/hardware-solutions\/arteco-7000\/#primaryimage","url":"https:\/\/www.arteco-global.com\/wp-content\/uploads\/2023\/06\/arteco-7000.jpg","contentUrl":"https:\/\/www.arteco-global.com\/wp-content\/uploads\/2023\/06\/arteco-7000.jpg","width":1920,"height":600},{"@type":"BreadcrumbList","@id":"https:\/\/www.arteco-global.com\/it\/video-security\/hardware-solutions\/arteco-7000\/#breadcrumb","itemListElement":[{"@type":"ListItem","position":1,"name":"Home","item":"https:\/\/www.arteco-global.com\/it\/"},{"@type":"ListItem","position":2,"name":"Arteco Global | Video Management Software per la sicurezza senza pensieri","item":"https:\/\/www.arteco-global.com\/it\/video-security\/"},{"@type":"ListItem","position":3,"name":"Hardware Solutions","item":"https:\/\/www.arteco-global.com\/it\/video-security\/hardware-solutions\/"},{"@type":"ListItem","position":4,"name":"ARTECO 7000"}]},{"@type":"WebSite","@id":"https:\/\/www.arteco-global.com\/en\/#website","url":"https:\/\/www.arteco-global.com\/en\/","name":"Arteco","description":"","potentialAction":[{"@type":"SearchAction","target":{"@type":"EntryPoint","urlTemplate":"https:\/\/www.arteco-global.com\/en\/?s={search_term_string}"},"query-input":"required name=search_term_string"}],"inLanguage":"it-IT"}]}},"_links":{"self":[{"href":"https:\/\/www.arteco-global.com\/it\/wp-json\/wp\/v2\/pages\/18519"}],"collection":[{"href":"https:\/\/www.arteco-global.com\/it\/wp-json\/wp\/v2\/pages"}],"about":[{"href":"https:\/\/www.arteco-global.com\/it\/wp-json\/wp\/v2\/types\/page"}],"author":[{"embeddable":true,"href":"https:\/\/www.arteco-global.com\/it\/wp-json\/wp\/v2\/users\/1"}],"replies":[{"embeddable":true,"href":"https:\/\/www.arteco-global.com\/it\/wp-json\/wp\/v2\/comments?post=18519"}],"version-history":[{"count":5,"href":"https:\/\/www.arteco-global.com\/it\/wp-json\/wp\/v2\/pages\/18519\/revisions"}],"predecessor-version":[{"id":35780,"href":"https:\/\/www.arteco-global.com\/it\/wp-json\/wp\/v2\/pages\/18519\/revisions\/35780"}],"up":[{"embeddable":true,"href":"https:\/\/www.arteco-global.com\/it\/wp-json\/wp\/v2\/pages\/21232"}],"wp:featuredmedia":[{"embeddable":true,"href":"https:\/\/www.arteco-global.com\/it\/wp-json\/wp\/v2\/media\/35082"}],"wp:attachment":[{"href":"https:\/\/www.arteco-global.com\/it\/wp-json\/wp\/v2\/media?parent=18519"}],"curies":[{"name":"wp","href":"https:\/\/api.w.org\/{rel}","templated":true}]}}