{"id":18497,"date":"2012-10-16T09:05:31","date_gmt":"2012-10-16T09:05:31","guid":{"rendered":"https:\/\/www.arteco-global.com\/arteco-extreme\/"},"modified":"2024-04-03T16:57:42","modified_gmt":"2024-04-03T14:57:42","slug":"extreme","status":"publish","type":"page","link":"https:\/\/www.arteco-global.com\/it\/video-security\/software-solutions\/extreme\/","title":{"rendered":"Extreme"},"content":{"rendered":"<p>Completo e altamente performante, <strong>Extreme<\/strong> \u00e8 il non plus ultra tra i VMS Omnia. Concepito per la supervisione di strutture critiche di grandi dimensioni e multi-sito, Extreme offre le pi\u00f9 avanzate tecnologie di gestione eventi, analisi video evoluta e funzionalit\u00e0 di disaster- recovery, come Auxiliary Storage, Storage Failover e Server Failover, per garantire alta affidabilit\u00e0, continuit\u00e0 di esercizio e scambio di informazioni senza interruzioni.<\/p>\n<p>Inoltre, di serie su Extreme \u00e8 incluso Videowall, per gestire in condivisione tra utenti e centri operativi un numero illimitato di telecamere, server e sistemi di terze parti, per un\u2019esperienza di controllo totale e massima consapevolezza situazionale.<\/p>\n<p><span style=\"color: #b50000;\"><strong>Caratteristiche principali<\/strong><\/span><\/p>\n<p><strong>Analisi Video<br \/>\n<\/strong>Extreme \u00e8 dotato di Analisi Video avanzata con filtri temporali, dimensionali, taratura della sensibilit\u00e0 e persistenza, regolazione del Background, ed include Smart Search. Inoltre, grazie all\u2019algoritmo di Privacy Masking proprietario, l\u2019offuscamento pu\u00f2 essere rimosso anche dal video registrato.<\/p>\n<p><strong>Auxiliary Recordings<br \/>\n<\/strong>Consente al VMS di registrare simultaneamente due flussi video, anche di qualit\u00e0 diversa, su due diversi supporti storage, siano essi installati sul Server o percorsi di rete. Una funzione utile per avere sempre accesso immediato ai video registrati.<\/p>\n<p><strong>Storage Failover<\/strong><br \/>\nIn caso di rilevato malfunzionamento di un percorso di registrazione, il sistema provvede a riallocare automaticamente le registrazioni su una porzione pre-configurata di un altro percorso funzionante.<\/p>\n<p><strong>Server Failover<\/strong><br \/>\nRidondanza server, che prevede la commutazione automatica verso uno o pi\u00f9 sistemi in standby, affinch\u00e8 il nuovo dispositivo rimpiazzi quello non pi\u00f9 funzionante. (optional).<\/p>\n<p><strong>VCA<\/strong><br \/>\nDisponibile come plug-in ed applicabile su tutte le telecamere IP, VCA \u00e8 pensato per le applicazioni pi\u00f9 complesse, indoor e outdoor, grazie agli algoritmi avanzati di Deep Learning (optional).<\/p>\n<p><strong>Optional<\/strong><br \/>\nArteco Everywhere \u2013 Easy Traffic &#8211; Contact ID &#8211; LPR &#8211; Security Connector \u2013 Access Control Connector \u2013VCA<\/p>\n<p><img loading=\"lazy\" decoding=\"async\" class=\"alignleft size-full wp-image-35966\" src=\"https:\/\/www.arteco-global.com\/wp-content\/uploads\/2024\/04\/Onvif-GMST-symbol-RGB-e1712155466768.png\" alt=\"\" width=\"268\" height=\"40\" \/><\/p>\n","protected":false},"excerpt":{"rendered":"<p>Completo e altamente performante, Extreme \u00e8 il non plus ultra [&hellip;]<\/p>\n","protected":false},"author":1,"featured_media":31909,"parent":18082,"menu_order":60,"comment_status":"open","ping_status":"open","template":"template-page-con-download-link.php","meta":{"footnotes":""},"yoast_head":"<!-- This site is optimized with the Yoast SEO plugin v22.8 - https:\/\/yoast.com\/wordpress\/plugins\/seo\/ -->\n<title>Extreme - VMS, analisi e ripristino di emergenza<\/title>\n<meta name=\"description\" content=\"Soluzione VMS che fornisce prestazioni superiori e controllo completo per la protezione di infrastrutture critiche di grandi dimensioni.\" \/>\n<meta name=\"robots\" content=\"index, follow, max-snippet:-1, max-image-preview:large, max-video-preview:-1\" \/>\n<link rel=\"canonical\" href=\"https:\/\/www.arteco-global.com\/it\/video-security\/software-solutions\/extreme\/\" \/>\n<meta property=\"og:locale\" content=\"it_IT\" \/>\n<meta property=\"og:type\" content=\"article\" \/>\n<meta property=\"og:title\" content=\"Extreme - VMS, analisi e ripristino di emergenza\" \/>\n<meta property=\"og:description\" content=\"Soluzione VMS che fornisce prestazioni superiori e controllo completo per la protezione di infrastrutture critiche di grandi dimensioni.\" \/>\n<meta property=\"og:url\" content=\"https:\/\/www.arteco-global.com\/it\/video-security\/software-solutions\/extreme\/\" \/>\n<meta property=\"og:site_name\" content=\"Arteco\" \/>\n<meta property=\"article:modified_time\" content=\"2024-04-03T14:57:42+00:00\" \/>\n<meta property=\"og:image\" content=\"https:\/\/www.arteco-global.com\/wp-content\/uploads\/2021\/01\/arteco-software-extreme.jpg\" \/>\n\t<meta property=\"og:image:width\" content=\"1920\" \/>\n\t<meta property=\"og:image:height\" content=\"600\" \/>\n\t<meta property=\"og:image:type\" content=\"image\/jpeg\" \/>\n<meta name=\"twitter:card\" content=\"summary_large_image\" \/>\n<meta name=\"twitter:label1\" content=\"Tempo di lettura stimato\" \/>\n\t<meta name=\"twitter:data1\" content=\"2 minuti\" \/>\n<script type=\"application\/ld+json\" class=\"yoast-schema-graph\">{\"@context\":\"https:\/\/schema.org\",\"@graph\":[{\"@type\":\"WebPage\",\"@id\":\"https:\/\/www.arteco-global.com\/it\/video-security\/software-solutions\/extreme\/\",\"url\":\"https:\/\/www.arteco-global.com\/it\/video-security\/software-solutions\/extreme\/\",\"name\":\"Extreme - VMS, analisi e ripristino di emergenza\",\"isPartOf\":{\"@id\":\"https:\/\/www.arteco-global.com\/en\/#website\"},\"primaryImageOfPage\":{\"@id\":\"https:\/\/www.arteco-global.com\/it\/video-security\/software-solutions\/extreme\/#primaryimage\"},\"image\":{\"@id\":\"https:\/\/www.arteco-global.com\/it\/video-security\/software-solutions\/extreme\/#primaryimage\"},\"thumbnailUrl\":\"https:\/\/www.arteco-global.com\/wp-content\/uploads\/2021\/01\/arteco-software-extreme.jpg\",\"datePublished\":\"2012-10-16T09:05:31+00:00\",\"dateModified\":\"2024-04-03T14:57:42+00:00\",\"description\":\"Soluzione VMS che fornisce prestazioni superiori e controllo completo per la protezione di infrastrutture critiche di grandi dimensioni.\",\"breadcrumb\":{\"@id\":\"https:\/\/www.arteco-global.com\/it\/video-security\/software-solutions\/extreme\/#breadcrumb\"},\"inLanguage\":\"it-IT\",\"potentialAction\":[{\"@type\":\"ReadAction\",\"target\":[\"https:\/\/www.arteco-global.com\/it\/video-security\/software-solutions\/extreme\/\"]}]},{\"@type\":\"ImageObject\",\"inLanguage\":\"it-IT\",\"@id\":\"https:\/\/www.arteco-global.com\/it\/video-security\/software-solutions\/extreme\/#primaryimage\",\"url\":\"https:\/\/www.arteco-global.com\/wp-content\/uploads\/2021\/01\/arteco-software-extreme.jpg\",\"contentUrl\":\"https:\/\/www.arteco-global.com\/wp-content\/uploads\/2021\/01\/arteco-software-extreme.jpg\",\"width\":1920,\"height\":600},{\"@type\":\"BreadcrumbList\",\"@id\":\"https:\/\/www.arteco-global.com\/it\/video-security\/software-solutions\/extreme\/#breadcrumb\",\"itemListElement\":[{\"@type\":\"ListItem\",\"position\":1,\"name\":\"Home\",\"item\":\"https:\/\/www.arteco-global.com\/it\/\"},{\"@type\":\"ListItem\",\"position\":2,\"name\":\"Arteco Global | Video Management Software per la sicurezza senza pensieri\",\"item\":\"https:\/\/www.arteco-global.com\/it\/video-security\/\"},{\"@type\":\"ListItem\",\"position\":3,\"name\":\"Software Solutions\",\"item\":\"https:\/\/www.arteco-global.com\/it\/video-security\/software-solutions\/\"},{\"@type\":\"ListItem\",\"position\":4,\"name\":\"Extreme\"}]},{\"@type\":\"WebSite\",\"@id\":\"https:\/\/www.arteco-global.com\/en\/#website\",\"url\":\"https:\/\/www.arteco-global.com\/en\/\",\"name\":\"Arteco\",\"description\":\"\",\"potentialAction\":[{\"@type\":\"SearchAction\",\"target\":{\"@type\":\"EntryPoint\",\"urlTemplate\":\"https:\/\/www.arteco-global.com\/en\/?s={search_term_string}\"},\"query-input\":\"required name=search_term_string\"}],\"inLanguage\":\"it-IT\"}]}<\/script>\n<!-- \/ Yoast SEO plugin. -->","yoast_head_json":{"title":"Extreme - VMS, analisi e ripristino di emergenza","description":"Soluzione VMS che fornisce prestazioni superiori e controllo completo per la protezione di infrastrutture critiche di grandi dimensioni.","robots":{"index":"index","follow":"follow","max-snippet":"max-snippet:-1","max-image-preview":"max-image-preview:large","max-video-preview":"max-video-preview:-1"},"canonical":"https:\/\/www.arteco-global.com\/it\/video-security\/software-solutions\/extreme\/","og_locale":"it_IT","og_type":"article","og_title":"Extreme - VMS, analisi e ripristino di emergenza","og_description":"Soluzione VMS che fornisce prestazioni superiori e controllo completo per la protezione di infrastrutture critiche di grandi dimensioni.","og_url":"https:\/\/www.arteco-global.com\/it\/video-security\/software-solutions\/extreme\/","og_site_name":"Arteco","article_modified_time":"2024-04-03T14:57:42+00:00","og_image":[{"width":1920,"height":600,"url":"https:\/\/www.arteco-global.com\/wp-content\/uploads\/2021\/01\/arteco-software-extreme.jpg","type":"image\/jpeg"}],"twitter_card":"summary_large_image","twitter_misc":{"Tempo di lettura stimato":"2 minuti"},"schema":{"@context":"https:\/\/schema.org","@graph":[{"@type":"WebPage","@id":"https:\/\/www.arteco-global.com\/it\/video-security\/software-solutions\/extreme\/","url":"https:\/\/www.arteco-global.com\/it\/video-security\/software-solutions\/extreme\/","name":"Extreme - VMS, analisi e ripristino di emergenza","isPartOf":{"@id":"https:\/\/www.arteco-global.com\/en\/#website"},"primaryImageOfPage":{"@id":"https:\/\/www.arteco-global.com\/it\/video-security\/software-solutions\/extreme\/#primaryimage"},"image":{"@id":"https:\/\/www.arteco-global.com\/it\/video-security\/software-solutions\/extreme\/#primaryimage"},"thumbnailUrl":"https:\/\/www.arteco-global.com\/wp-content\/uploads\/2021\/01\/arteco-software-extreme.jpg","datePublished":"2012-10-16T09:05:31+00:00","dateModified":"2024-04-03T14:57:42+00:00","description":"Soluzione VMS che fornisce prestazioni superiori e controllo completo per la protezione di infrastrutture critiche di grandi dimensioni.","breadcrumb":{"@id":"https:\/\/www.arteco-global.com\/it\/video-security\/software-solutions\/extreme\/#breadcrumb"},"inLanguage":"it-IT","potentialAction":[{"@type":"ReadAction","target":["https:\/\/www.arteco-global.com\/it\/video-security\/software-solutions\/extreme\/"]}]},{"@type":"ImageObject","inLanguage":"it-IT","@id":"https:\/\/www.arteco-global.com\/it\/video-security\/software-solutions\/extreme\/#primaryimage","url":"https:\/\/www.arteco-global.com\/wp-content\/uploads\/2021\/01\/arteco-software-extreme.jpg","contentUrl":"https:\/\/www.arteco-global.com\/wp-content\/uploads\/2021\/01\/arteco-software-extreme.jpg","width":1920,"height":600},{"@type":"BreadcrumbList","@id":"https:\/\/www.arteco-global.com\/it\/video-security\/software-solutions\/extreme\/#breadcrumb","itemListElement":[{"@type":"ListItem","position":1,"name":"Home","item":"https:\/\/www.arteco-global.com\/it\/"},{"@type":"ListItem","position":2,"name":"Arteco Global | Video Management Software per la sicurezza senza pensieri","item":"https:\/\/www.arteco-global.com\/it\/video-security\/"},{"@type":"ListItem","position":3,"name":"Software Solutions","item":"https:\/\/www.arteco-global.com\/it\/video-security\/software-solutions\/"},{"@type":"ListItem","position":4,"name":"Extreme"}]},{"@type":"WebSite","@id":"https:\/\/www.arteco-global.com\/en\/#website","url":"https:\/\/www.arteco-global.com\/en\/","name":"Arteco","description":"","potentialAction":[{"@type":"SearchAction","target":{"@type":"EntryPoint","urlTemplate":"https:\/\/www.arteco-global.com\/en\/?s={search_term_string}"},"query-input":"required name=search_term_string"}],"inLanguage":"it-IT"}]}},"_links":{"self":[{"href":"https:\/\/www.arteco-global.com\/it\/wp-json\/wp\/v2\/pages\/18497"}],"collection":[{"href":"https:\/\/www.arteco-global.com\/it\/wp-json\/wp\/v2\/pages"}],"about":[{"href":"https:\/\/www.arteco-global.com\/it\/wp-json\/wp\/v2\/types\/page"}],"author":[{"embeddable":true,"href":"https:\/\/www.arteco-global.com\/it\/wp-json\/wp\/v2\/users\/1"}],"replies":[{"embeddable":true,"href":"https:\/\/www.arteco-global.com\/it\/wp-json\/wp\/v2\/comments?post=18497"}],"version-history":[{"count":5,"href":"https:\/\/www.arteco-global.com\/it\/wp-json\/wp\/v2\/pages\/18497\/revisions"}],"predecessor-version":[{"id":35971,"href":"https:\/\/www.arteco-global.com\/it\/wp-json\/wp\/v2\/pages\/18497\/revisions\/35971"}],"up":[{"embeddable":true,"href":"https:\/\/www.arteco-global.com\/it\/wp-json\/wp\/v2\/pages\/18082"}],"wp:featuredmedia":[{"embeddable":true,"href":"https:\/\/www.arteco-global.com\/it\/wp-json\/wp\/v2\/media\/31909"}],"wp:attachment":[{"href":"https:\/\/www.arteco-global.com\/it\/wp-json\/wp\/v2\/media?parent=18497"}],"curies":[{"name":"wp","href":"https:\/\/api.w.org\/{rel}","templated":true}]}}