{"id":18486,"date":"2012-10-16T09:04:46","date_gmt":"2012-10-16T09:04:46","guid":{"rendered":"https:\/\/www.arteco-global.com\/arteco-active\/"},"modified":"2024-04-03T16:44:38","modified_gmt":"2024-04-03T14:44:38","slug":"active","status":"publish","type":"page","link":"https:\/\/www.arteco-global.com\/it\/video-security\/software-solutions\/active\/","title":{"rendered":"Active"},"content":{"rendered":"<p>Progettato per le installazioni di sicurezza di medio-grandi dimensioni, con <strong>Active<\/strong> puoi attivare sul VMS OMNIA la gestione di un numero illimitato di server, telecamere e dispositivi installati su diversi siti: questo lo rende perfetto per la sorveglianza di grandi sistemi dislocati in diverse infrastrutture. Grazie alle mappe multi-livello ed all\u2019analisi video avanzata, la ricerca e la risoluzione degli eventi risulta ancora pi\u00f9 semplice ed immediata.<\/p>\n<p>Active \u00e8 particolarmente adatto a installazioni presso musei, ospedali, edifici pubblici ed impianti di produzione. La soluzione ideale per control room e centrali operative, che possono ampliare i sistemi Active con Arteco Videowall, per la gestione di eventi live e una condivisione immediata di dati e video.<\/p>\n<p><span style=\"color: #b50000;\"><strong>Caratteristiche principali<\/strong><\/span><\/p>\n<p><strong>Centralizzazione<br \/>\n<\/strong>La centralizzazione consente di gestire con la massima efficienza un numero elevato di siti e dispositivi, da una sola sede operativa.<\/p>\n<p><strong>Profili Utente<\/strong><br \/>\n\u00c8 possibile attivare tre profili utente sulla base delle competenze (Administrator, Power User, User).<\/p>\n<p><strong>Analisi Video e<\/strong><strong>\u00a0Privacy<br \/>\n<\/strong>Active \u00e8 dotato di Analisi Video avanzata con filtri temporali, dimensionali, taratura della sensibilit\u00e0 e persistenza. Inoltre, pu\u00f2 essere integrato con VCA Light. Grazie all\u2019algoritmo di Privacy Masking proprietario, l\u2019offuscamento pu\u00f2 essere rimosso sia dal video Live che registrato.<\/p>\n<p><strong>Mappe<br \/>\n<\/strong>Arteco Maps offre una panoramica completa dell\u2019installazione con flussi video live, interazione con i dispositivi di sicurezza integrati, visualizzazione istantanea degli allarmi e presa in carico immediata degli eventi, grazie alla geolocalizzazione dei dispositivi.<\/p>\n<p><strong>Audio Bidirezionale<\/strong><br \/>\nGrazie a Mappe dinamiche e multi-livello, offre una panoramica completa dell\u2019installazione con flussi video live, interazione con i dispositivi di sicurezza integrati, visualizzazione istantanea degli allarmi e presa in carico immediata degli eventi.<\/p>\n<p><strong>Optional<\/strong><br \/>\nArteco Everywhere \u2013 Server Failover &#8211; Easy Traffic &#8211; Contact ID &#8211; LPR \u2013 Security Connector \u2013 Videowall<\/p>\n<p><img loading=\"lazy\" decoding=\"async\" class=\"alignleft size-full wp-image-35966\" src=\"https:\/\/www.arteco-global.com\/wp-content\/uploads\/2024\/04\/Onvif-GMST-symbol-RGB-e1712155466768.png\" alt=\"\" width=\"268\" height=\"40\" \/><\/p>\n","protected":false},"excerpt":{"rendered":"<p>Progettato per le installazioni di sicurezza di medio-grandi dimensioni, con [&hellip;]<\/p>\n","protected":false},"author":1,"featured_media":31905,"parent":18082,"menu_order":10,"comment_status":"open","ping_status":"open","template":"template-page-con-download-link.php","meta":{"footnotes":""},"yoast_head":"<!-- This site is optimized with the Yoast SEO plugin v22.8 - https:\/\/yoast.com\/wordpress\/plugins\/seo\/ -->\n<title>Active - Soluzione VMS per sistemi estesi<\/title>\n<meta name=\"description\" content=\"VMS creato per monitorare strutture di dimensioni medio-grandi, gestisce un numero illimitato di server, telecamere e dispositivi installati.\" \/>\n<meta name=\"robots\" content=\"index, follow, max-snippet:-1, max-image-preview:large, max-video-preview:-1\" \/>\n<link rel=\"canonical\" href=\"https:\/\/www.arteco-global.com\/it\/video-security\/software-solutions\/active\/\" \/>\n<meta property=\"og:locale\" content=\"it_IT\" \/>\n<meta property=\"og:type\" content=\"article\" \/>\n<meta property=\"og:title\" content=\"Active - Soluzione VMS per sistemi estesi\" \/>\n<meta property=\"og:description\" content=\"VMS creato per monitorare strutture di dimensioni medio-grandi, gestisce un numero illimitato di server, telecamere e dispositivi installati.\" \/>\n<meta property=\"og:url\" content=\"https:\/\/www.arteco-global.com\/it\/video-security\/software-solutions\/active\/\" \/>\n<meta property=\"og:site_name\" content=\"Arteco\" \/>\n<meta property=\"article:modified_time\" content=\"2024-04-03T14:44:38+00:00\" \/>\n<meta property=\"og:image\" content=\"https:\/\/www.arteco-global.com\/wp-content\/uploads\/2021\/01\/arteco-software-active.jpg\" \/>\n\t<meta property=\"og:image:width\" content=\"1920\" \/>\n\t<meta property=\"og:image:height\" content=\"600\" \/>\n\t<meta property=\"og:image:type\" content=\"image\/jpeg\" \/>\n<meta name=\"twitter:card\" content=\"summary_large_image\" \/>\n<meta name=\"twitter:label1\" content=\"Tempo di lettura stimato\" \/>\n\t<meta name=\"twitter:data1\" content=\"2 minuti\" \/>\n<script type=\"application\/ld+json\" class=\"yoast-schema-graph\">{\"@context\":\"https:\/\/schema.org\",\"@graph\":[{\"@type\":\"WebPage\",\"@id\":\"https:\/\/www.arteco-global.com\/it\/video-security\/software-solutions\/active\/\",\"url\":\"https:\/\/www.arteco-global.com\/it\/video-security\/software-solutions\/active\/\",\"name\":\"Active - Soluzione VMS per sistemi estesi\",\"isPartOf\":{\"@id\":\"https:\/\/www.arteco-global.com\/en\/#website\"},\"primaryImageOfPage\":{\"@id\":\"https:\/\/www.arteco-global.com\/it\/video-security\/software-solutions\/active\/#primaryimage\"},\"image\":{\"@id\":\"https:\/\/www.arteco-global.com\/it\/video-security\/software-solutions\/active\/#primaryimage\"},\"thumbnailUrl\":\"https:\/\/www.arteco-global.com\/wp-content\/uploads\/2021\/01\/arteco-software-active.jpg\",\"datePublished\":\"2012-10-16T09:04:46+00:00\",\"dateModified\":\"2024-04-03T14:44:38+00:00\",\"description\":\"VMS creato per monitorare strutture di dimensioni medio-grandi, gestisce un numero illimitato di server, telecamere e dispositivi installati.\",\"breadcrumb\":{\"@id\":\"https:\/\/www.arteco-global.com\/it\/video-security\/software-solutions\/active\/#breadcrumb\"},\"inLanguage\":\"it-IT\",\"potentialAction\":[{\"@type\":\"ReadAction\",\"target\":[\"https:\/\/www.arteco-global.com\/it\/video-security\/software-solutions\/active\/\"]}]},{\"@type\":\"ImageObject\",\"inLanguage\":\"it-IT\",\"@id\":\"https:\/\/www.arteco-global.com\/it\/video-security\/software-solutions\/active\/#primaryimage\",\"url\":\"https:\/\/www.arteco-global.com\/wp-content\/uploads\/2021\/01\/arteco-software-active.jpg\",\"contentUrl\":\"https:\/\/www.arteco-global.com\/wp-content\/uploads\/2021\/01\/arteco-software-active.jpg\",\"width\":1920,\"height\":600},{\"@type\":\"BreadcrumbList\",\"@id\":\"https:\/\/www.arteco-global.com\/it\/video-security\/software-solutions\/active\/#breadcrumb\",\"itemListElement\":[{\"@type\":\"ListItem\",\"position\":1,\"name\":\"Home\",\"item\":\"https:\/\/www.arteco-global.com\/it\/\"},{\"@type\":\"ListItem\",\"position\":2,\"name\":\"Arteco Global | Video Management Software per la sicurezza senza pensieri\",\"item\":\"https:\/\/www.arteco-global.com\/it\/video-security\/\"},{\"@type\":\"ListItem\",\"position\":3,\"name\":\"Software Solutions\",\"item\":\"https:\/\/www.arteco-global.com\/it\/video-security\/software-solutions\/\"},{\"@type\":\"ListItem\",\"position\":4,\"name\":\"Active\"}]},{\"@type\":\"WebSite\",\"@id\":\"https:\/\/www.arteco-global.com\/en\/#website\",\"url\":\"https:\/\/www.arteco-global.com\/en\/\",\"name\":\"Arteco\",\"description\":\"\",\"potentialAction\":[{\"@type\":\"SearchAction\",\"target\":{\"@type\":\"EntryPoint\",\"urlTemplate\":\"https:\/\/www.arteco-global.com\/en\/?s={search_term_string}\"},\"query-input\":\"required name=search_term_string\"}],\"inLanguage\":\"it-IT\"}]}<\/script>\n<!-- \/ Yoast SEO plugin. -->","yoast_head_json":{"title":"Active - Soluzione VMS per sistemi estesi","description":"VMS creato per monitorare strutture di dimensioni medio-grandi, gestisce un numero illimitato di server, telecamere e dispositivi installati.","robots":{"index":"index","follow":"follow","max-snippet":"max-snippet:-1","max-image-preview":"max-image-preview:large","max-video-preview":"max-video-preview:-1"},"canonical":"https:\/\/www.arteco-global.com\/it\/video-security\/software-solutions\/active\/","og_locale":"it_IT","og_type":"article","og_title":"Active - Soluzione VMS per sistemi estesi","og_description":"VMS creato per monitorare strutture di dimensioni medio-grandi, gestisce un numero illimitato di server, telecamere e dispositivi installati.","og_url":"https:\/\/www.arteco-global.com\/it\/video-security\/software-solutions\/active\/","og_site_name":"Arteco","article_modified_time":"2024-04-03T14:44:38+00:00","og_image":[{"width":1920,"height":600,"url":"https:\/\/www.arteco-global.com\/wp-content\/uploads\/2021\/01\/arteco-software-active.jpg","type":"image\/jpeg"}],"twitter_card":"summary_large_image","twitter_misc":{"Tempo di lettura stimato":"2 minuti"},"schema":{"@context":"https:\/\/schema.org","@graph":[{"@type":"WebPage","@id":"https:\/\/www.arteco-global.com\/it\/video-security\/software-solutions\/active\/","url":"https:\/\/www.arteco-global.com\/it\/video-security\/software-solutions\/active\/","name":"Active - Soluzione VMS per sistemi estesi","isPartOf":{"@id":"https:\/\/www.arteco-global.com\/en\/#website"},"primaryImageOfPage":{"@id":"https:\/\/www.arteco-global.com\/it\/video-security\/software-solutions\/active\/#primaryimage"},"image":{"@id":"https:\/\/www.arteco-global.com\/it\/video-security\/software-solutions\/active\/#primaryimage"},"thumbnailUrl":"https:\/\/www.arteco-global.com\/wp-content\/uploads\/2021\/01\/arteco-software-active.jpg","datePublished":"2012-10-16T09:04:46+00:00","dateModified":"2024-04-03T14:44:38+00:00","description":"VMS creato per monitorare strutture di dimensioni medio-grandi, gestisce un numero illimitato di server, telecamere e dispositivi installati.","breadcrumb":{"@id":"https:\/\/www.arteco-global.com\/it\/video-security\/software-solutions\/active\/#breadcrumb"},"inLanguage":"it-IT","potentialAction":[{"@type":"ReadAction","target":["https:\/\/www.arteco-global.com\/it\/video-security\/software-solutions\/active\/"]}]},{"@type":"ImageObject","inLanguage":"it-IT","@id":"https:\/\/www.arteco-global.com\/it\/video-security\/software-solutions\/active\/#primaryimage","url":"https:\/\/www.arteco-global.com\/wp-content\/uploads\/2021\/01\/arteco-software-active.jpg","contentUrl":"https:\/\/www.arteco-global.com\/wp-content\/uploads\/2021\/01\/arteco-software-active.jpg","width":1920,"height":600},{"@type":"BreadcrumbList","@id":"https:\/\/www.arteco-global.com\/it\/video-security\/software-solutions\/active\/#breadcrumb","itemListElement":[{"@type":"ListItem","position":1,"name":"Home","item":"https:\/\/www.arteco-global.com\/it\/"},{"@type":"ListItem","position":2,"name":"Arteco Global | Video Management Software per la sicurezza senza pensieri","item":"https:\/\/www.arteco-global.com\/it\/video-security\/"},{"@type":"ListItem","position":3,"name":"Software Solutions","item":"https:\/\/www.arteco-global.com\/it\/video-security\/software-solutions\/"},{"@type":"ListItem","position":4,"name":"Active"}]},{"@type":"WebSite","@id":"https:\/\/www.arteco-global.com\/en\/#website","url":"https:\/\/www.arteco-global.com\/en\/","name":"Arteco","description":"","potentialAction":[{"@type":"SearchAction","target":{"@type":"EntryPoint","urlTemplate":"https:\/\/www.arteco-global.com\/en\/?s={search_term_string}"},"query-input":"required name=search_term_string"}],"inLanguage":"it-IT"}]}},"_links":{"self":[{"href":"https:\/\/www.arteco-global.com\/it\/wp-json\/wp\/v2\/pages\/18486"}],"collection":[{"href":"https:\/\/www.arteco-global.com\/it\/wp-json\/wp\/v2\/pages"}],"about":[{"href":"https:\/\/www.arteco-global.com\/it\/wp-json\/wp\/v2\/types\/page"}],"author":[{"embeddable":true,"href":"https:\/\/www.arteco-global.com\/it\/wp-json\/wp\/v2\/users\/1"}],"replies":[{"embeddable":true,"href":"https:\/\/www.arteco-global.com\/it\/wp-json\/wp\/v2\/comments?post=18486"}],"version-history":[{"count":6,"href":"https:\/\/www.arteco-global.com\/it\/wp-json\/wp\/v2\/pages\/18486\/revisions"}],"predecessor-version":[{"id":35969,"href":"https:\/\/www.arteco-global.com\/it\/wp-json\/wp\/v2\/pages\/18486\/revisions\/35969"}],"up":[{"embeddable":true,"href":"https:\/\/www.arteco-global.com\/it\/wp-json\/wp\/v2\/pages\/18082"}],"wp:featuredmedia":[{"embeddable":true,"href":"https:\/\/www.arteco-global.com\/it\/wp-json\/wp\/v2\/media\/31905"}],"wp:attachment":[{"href":"https:\/\/www.arteco-global.com\/it\/wp-json\/wp\/v2\/media?parent=18486"}],"curies":[{"name":"wp","href":"https:\/\/api.w.org\/{rel}","templated":true}]}}