{"id":18160,"date":"2007-09-27T11:40:17","date_gmt":"2007-09-27T10:40:17","guid":{"rendered":"https:\/\/www.arteco-global.com\/privacy\/"},"modified":"2026-04-03T11:54:37","modified_gmt":"2026-04-03T09:54:37","slug":"privacy","status":"publish","type":"page","link":"https:\/\/www.arteco-global.com\/it\/privacy\/","title":{"rendered":"Privacy"},"content":{"rendered":"<h1 data-path-to-node=\"10\">Privacy &amp; Data Protection<\/h1>\n<p>Arteco Srl (di seguito &#8220;Arteco&#8221;) considera la tutela dei dati personali un elemento fondamentale della propria attivit\u00e0. In questa sezione \u00e8 possibile consultare tutte le informazioni relative al trattamento dei dati personali in conformit\u00e0 al Regolamento UE 2016\/679 (GDPR).<\/p>\n<p>Nella presente informativa sulla privacy sono descritti i dati personali che <strong>Arteco<\/strong>\u00a0raccoglie e tratta per perseguire i propri scopi. Arteco si impegna a essere un partner commerciale responsabile e tiene in grande considerazione la privacy dei dati, operando nel rispetto delle normative vigenti (GDPR).<\/p>\n<ol>\n<li><strong> Quali sono i dati personali trattati da Arteco<\/strong><\/li>\n<\/ol>\n<p>I dati personali sono informazioni relative a una persona fisica identificabile. Arteco interagisce principalmente con altre persone giuridiche (imprese ed enti), pertanto il fulcro delle nostre attivit\u00e0 di trattamento riguarda le informazioni di contatto aziendali:<\/p>\n<ul>\n<li>Nome e cognome<\/li>\n<li>Titolo\/Ruolo professionale<\/li>\n<li>Indirizzo e-mail aziendale<\/li>\n<li>Indirizzo fisico della sede<\/li>\n<li>Numero di telefono<\/li>\n<\/ul>\n<ol start=\"2\">\n<li><strong> Categorie di persone<\/strong><\/li>\n<\/ol>\n<p>Arteco tratta i dati personali dei propri partner nei canali di vendita (distributori, rivenditori), dei partner tecnologici, degli utenti finali, dei fornitori, dei visitatori del proprio sito web e dei destinatari di comunicazioni di marketing.<\/p>\n<ol start=\"3\">\n<li><strong> Fonti di raccolta dei dati personali<\/strong><\/li>\n<\/ol>\n<p>I dati personali provengono direttamente dall&#8217;interessato o da terzi, quali partner commerciali, distributori, datori di lavoro (nel caso di dipendenti di aziende partner) e autorit\u00e0 pubbliche.<\/p>\n<ol start=\"4\">\n<li><strong> Finalit\u00e0 e base giuridica del trattamento<\/strong><\/li>\n<\/ol>\n<p>Trattiamo i dati personali per le seguenti finalit\u00e0:<\/p>\n<ul>\n<li><strong>Gestione delle attivit\u00e0 commerciali:<\/strong> Per vendere i nostri prodotti, rispondere a richieste di informazioni, fornire assistenza tecnica e gestire i contratti.\n<ul>\n<li><em>Base giuridica:<\/em> Esecuzione di un contratto (Art. 6.1.b GDPR) o legittimo interesse nel rispondere a potenziali clienti (Art. 6.1.f GDPR).<\/li>\n<\/ul>\n<\/li>\n<li><strong>Visita del sito web e Cookie:<\/strong> Per analizzare le statistiche d&#8217;uso e ottimizzare il sito.\n<ul>\n<li><em>Base giuridica:<\/em> Consenso dell&#8217;utente (Art. 6.1.a GDPR).<\/li>\n<\/ul>\n<\/li>\n<li><strong>Marketing e Newsletter:<\/strong> Per l&#8217;invio di aggiornamenti sui prodotti e promozioni.\n<ul>\n<li><em>Base giuridica:<\/em> Consenso dell&#8217;utente (Art. 6.1.a GDPR), revocabile in qualsiasi momento.<\/li>\n<\/ul>\n<\/li>\n<li><strong>Sicurezza e Compliance:<\/strong> Per prevenire illeciti, gestire programmi di segnalazione (whistleblowing) o adempiere a obblighi di legge.\n<ul>\n<li><em>Base giuridica:<\/em> Obbligo legale (Art. 6.1.c GDPR) o legittimo interesse (Art. 6.1.f GDPR).<\/li>\n<\/ul>\n<\/li>\n<\/ul>\n<ol start=\"5\">\n<li><strong> Destinatari dei dati personali<\/strong><\/li>\n<\/ol>\n<p>I dati possono essere condivisi con:<\/p>\n<ul>\n<li>Societ\u00e0 collegate o uffici locali del gruppo.<\/li>\n<li>Partner della rete di vendita (distributori\/rivenditori) per l&#8217;evasione delle richieste.<\/li>\n<li>Fornitori terzi che agiscono come Responsabili del Trattamento (es. hosting, servizi IT, partner logistici).<\/li>\n<li>Autorit\u00e0 pubbliche, qualora richiesto dalla legge.<\/li>\n<\/ul>\n<ol start=\"6\">\n<li><strong> Trasferimenti verso paesi terzi<\/strong><\/li>\n<\/ol>\n<p>In alcuni casi, i dati possono essere trasferiti a destinatari al di fuori dell&#8217;UE\/SEE. In assenza di una decisione di adeguatezza della Commissione Europea, tali trasferimenti avvengono previa stipula di <strong>Clausole Contrattuali Standard (SCC)<\/strong> per garantire un livello di protezione equivalente a quello europeo.<\/p>\n<ol start=\"7\">\n<li><strong> Durata della conservazione<\/strong><\/li>\n<\/ol>\n<p>Arteco conserva i dati personali per il periodo strettamente necessario agli scopi per i quali sono stati raccolti. Di norma, i dati legati a collaborazioni commerciali vengono conservati per tutta la durata del rapporto e per i periodi richiesti dalle normative fiscali e civili locali (solitamente fino a 10 anni in Italia).<\/p>\n<ol start=\"8\">\n<li><strong> I vostri diritti<\/strong><\/li>\n<\/ol>\n<p>In conformit\u00e0 al GDPR, l&#8217;utente ha il diritto di:<\/p>\n<ul>\n<li><strong>Accesso:<\/strong> Ricevere conferma del trattamento dei propri dati.<\/li>\n<li><strong>Rettifica:<\/strong> Chiedere la correzione di dati inesatti.<\/li>\n<li><strong>Cancellazione:<\/strong> Chiedere la rimozione dei dati (ove applicabile).<\/li>\n<li><strong>Limitazione e Opposizione:<\/strong> Limitare il trattamento o opporsi ad esso per motivi legittimi.<\/li>\n<li><strong>Portabilit\u00e0:<\/strong> Ricevere i dati in un formato strutturato.<\/li>\n<\/ul>\n<p>Per esercitare i propri diritti, \u00e8 possibile contattare: <strong><a href=\"mailto:???@arteco-global.com\">info@arteco-global.com<\/a><\/strong>.<\/p>\n<ol start=\"9\">\n<li><strong> Contatti del Titolare del Trattamento<\/strong><\/li>\n<\/ol>\n<p>La persona giuridica responsabile \u00e8:<\/p>\n<p><strong>Arteco Srl<\/strong><\/p>\n<p>Sede Legale: Via Pana 180, 48018 Faenza (RA) Italy<\/p>\n<p>P.IVA: 02814270399<\/p>\n<p>Email: <strong><a href=\"mailto:???@arteco-global.com\">info@arteco-global.com<\/a><\/strong><\/p>\n<ol start=\"10\">\n<li><strong> Diritto di reclamo<\/strong><\/li>\n<\/ol>\n<p>L&#8217;utente ha il diritto di presentare un reclamo all&#8217;autorit\u00e0 di vigilanza competente. In Italia, l&#8217;autorit\u00e0 di riferimento \u00e8 il <strong>Garante per la Protezione dei Dati Personali<\/strong> (www.garanteprivacy.it).<\/p>\n<p><strong><a href=\"https:\/\/www.arteco-global.com\/it\/eula-dpa\/\">EULA \/ DPA &raquo;<\/a><\/strong><\/p>\n<p><em>Ultimo aggiornamento: 17\/03\/2026<\/em><\/p>\n","protected":false},"excerpt":{"rendered":"<p>Privacy &amp; Data Protection Arteco Srl (di seguito &#8220;Arteco&#8221;) considera [&hellip;]<\/p>\n","protected":false},"author":1,"featured_media":0,"parent":0,"menu_order":50,"comment_status":"open","ping_status":"open","template":"","meta":{"footnotes":""},"yoast_head":"<!-- This site is optimized with the Yoast SEO plugin v22.8 - https:\/\/yoast.com\/wordpress\/plugins\/seo\/ -->\n<title>Privacy - Arteco<\/title>\n<meta name=\"robots\" content=\"index, follow, max-snippet:-1, max-image-preview:large, max-video-preview:-1\" \/>\n<link rel=\"canonical\" href=\"https:\/\/www.arteco-global.com\/it\/privacy\/\" \/>\n<meta property=\"og:locale\" content=\"it_IT\" \/>\n<meta property=\"og:type\" content=\"article\" \/>\n<meta property=\"og:title\" content=\"Privacy - Arteco\" \/>\n<meta property=\"og:description\" content=\"Privacy &amp; Data Protection Arteco Srl (di seguito &#8220;Arteco&#8221;) considera [&hellip;]\" \/>\n<meta property=\"og:url\" content=\"https:\/\/www.arteco-global.com\/it\/privacy\/\" \/>\n<meta property=\"og:site_name\" content=\"Arteco\" \/>\n<meta property=\"article:modified_time\" content=\"2026-04-03T09:54:37+00:00\" \/>\n<meta name=\"twitter:card\" content=\"summary_large_image\" \/>\n<meta name=\"twitter:label1\" content=\"Tempo di lettura stimato\" \/>\n\t<meta name=\"twitter:data1\" content=\"4 minuti\" \/>\n<script type=\"application\/ld+json\" class=\"yoast-schema-graph\">{\"@context\":\"https:\/\/schema.org\",\"@graph\":[{\"@type\":\"WebPage\",\"@id\":\"https:\/\/www.arteco-global.com\/it\/privacy\/\",\"url\":\"https:\/\/www.arteco-global.com\/it\/privacy\/\",\"name\":\"Privacy - Arteco\",\"isPartOf\":{\"@id\":\"https:\/\/www.arteco-global.com\/en\/#website\"},\"datePublished\":\"2007-09-27T10:40:17+00:00\",\"dateModified\":\"2026-04-03T09:54:37+00:00\",\"breadcrumb\":{\"@id\":\"https:\/\/www.arteco-global.com\/it\/privacy\/#breadcrumb\"},\"inLanguage\":\"it-IT\",\"potentialAction\":[{\"@type\":\"ReadAction\",\"target\":[\"https:\/\/www.arteco-global.com\/it\/privacy\/\"]}]},{\"@type\":\"BreadcrumbList\",\"@id\":\"https:\/\/www.arteco-global.com\/it\/privacy\/#breadcrumb\",\"itemListElement\":[{\"@type\":\"ListItem\",\"position\":1,\"name\":\"Home\",\"item\":\"https:\/\/www.arteco-global.com\/it\/\"},{\"@type\":\"ListItem\",\"position\":2,\"name\":\"Privacy\"}]},{\"@type\":\"WebSite\",\"@id\":\"https:\/\/www.arteco-global.com\/en\/#website\",\"url\":\"https:\/\/www.arteco-global.com\/en\/\",\"name\":\"Arteco\",\"description\":\"\",\"potentialAction\":[{\"@type\":\"SearchAction\",\"target\":{\"@type\":\"EntryPoint\",\"urlTemplate\":\"https:\/\/www.arteco-global.com\/en\/?s={search_term_string}\"},\"query-input\":\"required name=search_term_string\"}],\"inLanguage\":\"it-IT\"}]}<\/script>\n<!-- \/ Yoast SEO plugin. -->","yoast_head_json":{"title":"Privacy - Arteco","robots":{"index":"index","follow":"follow","max-snippet":"max-snippet:-1","max-image-preview":"max-image-preview:large","max-video-preview":"max-video-preview:-1"},"canonical":"https:\/\/www.arteco-global.com\/it\/privacy\/","og_locale":"it_IT","og_type":"article","og_title":"Privacy - Arteco","og_description":"Privacy &amp; Data Protection Arteco Srl (di seguito &#8220;Arteco&#8221;) considera [&hellip;]","og_url":"https:\/\/www.arteco-global.com\/it\/privacy\/","og_site_name":"Arteco","article_modified_time":"2026-04-03T09:54:37+00:00","twitter_card":"summary_large_image","twitter_misc":{"Tempo di lettura stimato":"4 minuti"},"schema":{"@context":"https:\/\/schema.org","@graph":[{"@type":"WebPage","@id":"https:\/\/www.arteco-global.com\/it\/privacy\/","url":"https:\/\/www.arteco-global.com\/it\/privacy\/","name":"Privacy - Arteco","isPartOf":{"@id":"https:\/\/www.arteco-global.com\/en\/#website"},"datePublished":"2007-09-27T10:40:17+00:00","dateModified":"2026-04-03T09:54:37+00:00","breadcrumb":{"@id":"https:\/\/www.arteco-global.com\/it\/privacy\/#breadcrumb"},"inLanguage":"it-IT","potentialAction":[{"@type":"ReadAction","target":["https:\/\/www.arteco-global.com\/it\/privacy\/"]}]},{"@type":"BreadcrumbList","@id":"https:\/\/www.arteco-global.com\/it\/privacy\/#breadcrumb","itemListElement":[{"@type":"ListItem","position":1,"name":"Home","item":"https:\/\/www.arteco-global.com\/it\/"},{"@type":"ListItem","position":2,"name":"Privacy"}]},{"@type":"WebSite","@id":"https:\/\/www.arteco-global.com\/en\/#website","url":"https:\/\/www.arteco-global.com\/en\/","name":"Arteco","description":"","potentialAction":[{"@type":"SearchAction","target":{"@type":"EntryPoint","urlTemplate":"https:\/\/www.arteco-global.com\/en\/?s={search_term_string}"},"query-input":"required name=search_term_string"}],"inLanguage":"it-IT"}]}},"_links":{"self":[{"href":"https:\/\/www.arteco-global.com\/it\/wp-json\/wp\/v2\/pages\/18160"}],"collection":[{"href":"https:\/\/www.arteco-global.com\/it\/wp-json\/wp\/v2\/pages"}],"about":[{"href":"https:\/\/www.arteco-global.com\/it\/wp-json\/wp\/v2\/types\/page"}],"author":[{"embeddable":true,"href":"https:\/\/www.arteco-global.com\/it\/wp-json\/wp\/v2\/users\/1"}],"replies":[{"embeddable":true,"href":"https:\/\/www.arteco-global.com\/it\/wp-json\/wp\/v2\/comments?post=18160"}],"version-history":[{"count":8,"href":"https:\/\/www.arteco-global.com\/it\/wp-json\/wp\/v2\/pages\/18160\/revisions"}],"predecessor-version":[{"id":37968,"href":"https:\/\/www.arteco-global.com\/it\/wp-json\/wp\/v2\/pages\/18160\/revisions\/37968"}],"wp:attachment":[{"href":"https:\/\/www.arteco-global.com\/it\/wp-json\/wp\/v2\/media?parent=18160"}],"curies":[{"name":"wp","href":"https:\/\/api.w.org\/{rel}","templated":true}]}}