{"id":37553,"date":"2026-01-29T16:20:38","date_gmt":"2026-01-29T15:20:38","guid":{"rendered":"https:\/\/www.arteco-global.com\/video-security\/software-solutions\/usee\/usee-service-suite\/"},"modified":"2026-02-17T10:57:51","modified_gmt":"2026-02-17T09:57:51","slug":"usee-service-suite","status":"publish","type":"page","link":"https:\/\/www.arteco-global.com\/es\/video-security\/software-solutions\/usee\/usee-service-suite\/","title":{"rendered":"uSee Service Suite"},"content":{"rendered":"<p>uSee Service Suite (uSS) es <strong>el motor central del ecosistema uSee<\/strong>.<\/p>\n<div class=\"abc-colonne abc-colonne-2\" style=\"gap:30px;\"><div class=\"abc-colonna\" style=\"\"><p><iframe loading=\"lazy\" src=\"https:\/\/www.youtube.com\/embed\/7WOx44YnUm8\" width=\"560\" height=\"315\" frameborder=\"0\" allowfullscreen=\"allowfullscreen\"><span data-mce-type=\"bookmark\" style=\"display: inline-block; width: 0px; overflow: hidden; line-height: 0;\" class=\"mce_SELRES_start\">\ufeff<\/span><span data-mce-type=\"bookmark\" style=\"display: inline-block; width: 0px; overflow: hidden; line-height: 0;\" class=\"mce_SELRES_start\">\ufeff<\/span><br \/>\n<\/iframe><\/p>\n<\/div>\n<div class=\"abc-colonna\" style=\"\"><p data-path-to-node=\"2\">Es una <strong>plataforma de software modular basada en servicios<\/strong>, dise\u00f1ada para desplegar, gestionar y escalar sistemas de videovigilancia de manera eficiente en entornos complejos y distribuidos.<\/p>\n<p data-path-to-node=\"3\">uSee Service Suite <strong>representa el backend y la capa de servicios del sistema<\/strong>, mientras que uSee es el VMS y la aplicaci\u00f3n cliente utilizada para el acceso, la visualizaci\u00f3n y la interacci\u00f3n con el sistema de videovigilancia.<br \/>\n<a href=\"#contact\" class=\"abc-pulsante abc-pulsante-rosso\" target=\"_self\">Prueba la demo<\/a><\/p>\n<\/div><\/div>\n<p>&nbsp;<\/p>\n<h2>\u00bfPor qu\u00e9 elegir uSee\u00a0Service Suite?<\/h2>\n<h3><strong>Libertad de dise\u00f1o<\/strong><\/h3>\n<p><b>uSS<\/b> elimina las limitaciones t\u00e9cnicas:<\/p>\n<ul>\n<li>Funciona en <b data-path-to-node=\"4,0,0\" data-index-in-node=\"12\">Linux, Windows y macOS<\/b><\/li>\n<\/ul>\n<ul>\n<li>Implementable en entornos <b data-path-to-node=\"4,1,0\" data-index-in-node=\"26\">cloud, edge u on-premise<\/b><\/li>\n<\/ul>\n<ul>\n<li>Adecuado tanto para nuevas instalaciones como para infraestructuras existentes<\/li>\n<\/ul>\n<p><span data-ccp-props=\"{}\">Puedes <strong>evolucionar tus proyectos con el tiempo<\/strong>, sin tener que redise\u00f1arlo todo desde cero. <\/span><\/p>\n<p>&nbsp;<\/p>\n<h3><strong>\u00bfPor qu\u00e9 Linux?<\/strong><\/h3>\n<div class=\"abc-colonne abc-colonne-3\" style=\"gap:30px;\"><div class=\"abc-colonna\" style=\"\"><div class=\"blocco-arteco-rosso\">\n<h2><img loading=\"lazy\" decoding=\"async\" class=\"alignnone wp-image-37773\" src=\"https:\/\/www.arteco-global.com\/wp-content\/uploads\/2026\/02\/1-3-371x371.png\" alt=\"\" width=\"100\" height=\"100\" srcset=\"https:\/\/www.arteco-global.com\/wp-content\/uploads\/2026\/02\/1-3-371x371.png 371w, https:\/\/www.arteco-global.com\/wp-content\/uploads\/2026\/02\/1-3-1024x1024.png 1024w, https:\/\/www.arteco-global.com\/wp-content\/uploads\/2026\/02\/1-3-768x768.png 768w, https:\/\/www.arteco-global.com\/wp-content\/uploads\/2026\/02\/1-3-1536x1536.png 1536w, https:\/\/www.arteco-global.com\/wp-content\/uploads\/2026\/02\/1-3-60x60.png 60w, https:\/\/www.arteco-global.com\/wp-content\/uploads\/2026\/02\/1-3-150x150.png 150w, https:\/\/www.arteco-global.com\/wp-content\/uploads\/2026\/02\/1-3-32x32.png 32w, https:\/\/www.arteco-global.com\/wp-content\/uploads\/2026\/02\/1-3.png 2000w\" sizes=\"(max-width: 100px) 100vw, 100px\" \/> Ligero y optimizado para el hardware<\/h2>\n<\/div>\n<\/div>\n<div class=\"abc-colonna\" style=\"\"><div class=\"blocco-arteco-rosso\">\n<h2><img loading=\"lazy\" decoding=\"async\" class=\"alignnone wp-image-37777\" src=\"https:\/\/www.arteco-global.com\/wp-content\/uploads\/2026\/02\/2-2-371x371.png\" alt=\"\" width=\"100\" height=\"100\" srcset=\"https:\/\/www.arteco-global.com\/wp-content\/uploads\/2026\/02\/2-2-371x371.png 371w, https:\/\/www.arteco-global.com\/wp-content\/uploads\/2026\/02\/2-2-1024x1024.png 1024w, https:\/\/www.arteco-global.com\/wp-content\/uploads\/2026\/02\/2-2-768x768.png 768w, https:\/\/www.arteco-global.com\/wp-content\/uploads\/2026\/02\/2-2-1536x1536.png 1536w, https:\/\/www.arteco-global.com\/wp-content\/uploads\/2026\/02\/2-2-60x60.png 60w, https:\/\/www.arteco-global.com\/wp-content\/uploads\/2026\/02\/2-2-150x150.png 150w, https:\/\/www.arteco-global.com\/wp-content\/uploads\/2026\/02\/2-2-32x32.png 32w, https:\/\/www.arteco-global.com\/wp-content\/uploads\/2026\/02\/2-2.png 2000w\" sizes=\"(max-width: 100px) 100vw, 100px\" \/> Estable para sistemas y servicios 24\/7<\/h2>\n<\/div>\n<\/div>\n<div class=\"abc-colonna\" style=\"\"><div class=\"blocco-arteco-rosso\">\n<h2><img loading=\"lazy\" decoding=\"async\" class=\"alignnone wp-image-37780\" src=\"https:\/\/www.arteco-global.com\/wp-content\/uploads\/2026\/02\/3-2-371x371.png\" alt=\"\" width=\"100\" height=\"100\" srcset=\"https:\/\/www.arteco-global.com\/wp-content\/uploads\/2026\/02\/3-2-371x371.png 371w, https:\/\/www.arteco-global.com\/wp-content\/uploads\/2026\/02\/3-2-1024x1024.png 1024w, https:\/\/www.arteco-global.com\/wp-content\/uploads\/2026\/02\/3-2-768x768.png 768w, https:\/\/www.arteco-global.com\/wp-content\/uploads\/2026\/02\/3-2-1536x1536.png 1536w, https:\/\/www.arteco-global.com\/wp-content\/uploads\/2026\/02\/3-2-60x60.png 60w, https:\/\/www.arteco-global.com\/wp-content\/uploads\/2026\/02\/3-2-150x150.png 150w, https:\/\/www.arteco-global.com\/wp-content\/uploads\/2026\/02\/3-2-32x32.png 32w, https:\/\/www.arteco-global.com\/wp-content\/uploads\/2026\/02\/3-2.png 2000w\" sizes=\"(max-width: 100px) 100vw, 100px\" \/> M\u00e1s fiable en t\u00e9rminos de ciberseguridad<\/h2>\n<\/div>\n<\/div><\/div>\n<div id=\"launcher\"><\/div>\n<p>&nbsp;<\/p>\n<h3><strong>Eficiencia que marca la diferencia<\/strong><\/h3>\n<p><span data-contrast=\"auto\">Al admitir implementaciones basadas en Linux y servicios modulares, uSS te ayuda a:<\/span><span data-ccp-props=\"{}\">\u00a0<\/span><\/p>\n<ul>\n<li>\n<p data-path-to-node=\"8,0,0\">Reducir los costes de licencias e infraestructura<\/p>\n<\/li>\n<li>\n<p data-path-to-node=\"8,1,0\">Optimizar los recursos de hardware<\/p>\n<\/li>\n<li>\n<p data-path-to-node=\"8,2,0\">Simplificar la instalaci\u00f3n y el mantenimiento<span data-ccp-props=\"{}\">\u00a0<\/span><\/p>\n<\/li>\n<\/ul>\n<p><strong>Despliegues m\u00e1s r\u00e1pidos, menos sistemas que gestionar y mayor competitividad.<\/strong><\/p>\n<p>&nbsp;<\/p>\n<h2>Una plataforma. Control total.<\/h2>\n<p>uSS est\u00e1 basado en una <b>arquitectura de microservicios<\/b>, donde cada servicio es responsable de una funci\u00f3n espec\u00edfica, como la transmisi\u00f3n en vivo (live streaming), la grabaci\u00f3n, el almacenamiento, los eventos, la autenticaci\u00f3n y la gesti\u00f3n de metadatos.<\/p>\n<p data-path-to-node=\"3\">El resultado es una plataforma que se adapta a tus proyectos en lugar de imponer arquitecturas r\u00edgidas.<\/p>\n<div class=\"abc-colonne abc-colonne-3\" style=\"gap:30px;\"><div class=\"abc-colonna\" style=\"\"><div class=\"blocco-arteco-rosso\">\n<h2><img loading=\"lazy\" decoding=\"async\" class=\"alignnone wp-image-37664\" src=\"https:\/\/www.arteco-global.com\/wp-content\/uploads\/2026\/02\/1-2-371x371.png\" alt=\"\" width=\"100\" height=\"100\" srcset=\"https:\/\/www.arteco-global.com\/wp-content\/uploads\/2026\/02\/1-2-371x371.png 371w, https:\/\/www.arteco-global.com\/wp-content\/uploads\/2026\/02\/1-2-1024x1024.png 1024w, https:\/\/www.arteco-global.com\/wp-content\/uploads\/2026\/02\/1-2-768x768.png 768w, https:\/\/www.arteco-global.com\/wp-content\/uploads\/2026\/02\/1-2-1536x1536.png 1536w, https:\/\/www.arteco-global.com\/wp-content\/uploads\/2026\/02\/1-2-60x60.png 60w, https:\/\/www.arteco-global.com\/wp-content\/uploads\/2026\/02\/1-2-150x150.png 150w, https:\/\/www.arteco-global.com\/wp-content\/uploads\/2026\/02\/1-2-32x32.png 32w, https:\/\/www.arteco-global.com\/wp-content\/uploads\/2026\/02\/1-2.png 2000w\" sizes=\"(max-width: 100px) 100vw, 100px\" \/> <strong>Instala solo lo que necesites,<br \/>\ndonde lo necesites<\/strong><\/h2>\n<p>Optimiza los recursos seleccionando \u00fanicamente los servicios esenciales.<\/p>\n<\/div>\n<\/div>\n<div class=\"abc-colonna\" style=\"\"><div class=\"blocco-arteco-rosso\">\n<h2><img loading=\"lazy\" decoding=\"async\" class=\"alignnone wp-image-37667\" src=\"https:\/\/www.arteco-global.com\/wp-content\/uploads\/2026\/02\/2-1-371x371.png\" alt=\"\" width=\"100\" height=\"100\" srcset=\"https:\/\/www.arteco-global.com\/wp-content\/uploads\/2026\/02\/2-1-371x371.png 371w, https:\/\/www.arteco-global.com\/wp-content\/uploads\/2026\/02\/2-1-1024x1024.png 1024w, https:\/\/www.arteco-global.com\/wp-content\/uploads\/2026\/02\/2-1-768x768.png 768w, https:\/\/www.arteco-global.com\/wp-content\/uploads\/2026\/02\/2-1-1536x1536.png 1536w, https:\/\/www.arteco-global.com\/wp-content\/uploads\/2026\/02\/2-1-60x60.png 60w, https:\/\/www.arteco-global.com\/wp-content\/uploads\/2026\/02\/2-1-150x150.png 150w, https:\/\/www.arteco-global.com\/wp-content\/uploads\/2026\/02\/2-1-32x32.png 32w, https:\/\/www.arteco-global.com\/wp-content\/uploads\/2026\/02\/2-1.png 2000w\" sizes=\"(max-width: 100px) 100vw, 100px\" \/> <strong>Escalabilidad independiente<\/strong><\/h2>\n<p>Escala servicios individuales sin afectar al resto del sistema.<\/p>\n<\/div>\n<\/div><\/div>\n<p>&nbsp;<\/p>\n<h2>Seguridad a medida<\/h2>\n<p>Las actualizaciones continuas de ciberseguridad y las mejoras de software se entregan sin interrumpir el funcionamiento del sistema.<\/p>\n<p>Tus sistemas se mantienen actualizados, protegidos y operativos, <b data-path-to-node=\"12\" data-index-in-node=\"65\">sin sorpresas.<\/b><\/p>\n<div class=\"abc-colonne abc-colonne-3\" style=\"gap:30px;\"><div class=\"abc-colonna\" style=\"\"><div class=\"blocco-arteco-rosso\">\n<h2><img loading=\"lazy\" decoding=\"async\" class=\"alignnone wp-image-37642\" src=\"https:\/\/www.arteco-global.com\/wp-content\/uploads\/2026\/02\/4-371x371.png\" alt=\"\" width=\"100\" height=\"100\" srcset=\"https:\/\/www.arteco-global.com\/wp-content\/uploads\/2026\/02\/4-371x371.png 371w, https:\/\/www.arteco-global.com\/wp-content\/uploads\/2026\/02\/4-1024x1024.png 1024w, https:\/\/www.arteco-global.com\/wp-content\/uploads\/2026\/02\/4-768x768.png 768w, https:\/\/www.arteco-global.com\/wp-content\/uploads\/2026\/02\/4-1536x1536.png 1536w, https:\/\/www.arteco-global.com\/wp-content\/uploads\/2026\/02\/4-60x60.png 60w, https:\/\/www.arteco-global.com\/wp-content\/uploads\/2026\/02\/4-150x150.png 150w, https:\/\/www.arteco-global.com\/wp-content\/uploads\/2026\/02\/4-32x32.png 32w, https:\/\/www.arteco-global.com\/wp-content\/uploads\/2026\/02\/4.png 2000w\" sizes=\"(max-width: 100px) 100vw, 100px\" \/> Comunicaciones<br \/>\nencriptadas<\/h2>\n<\/div>\n<p style=\"text-align: center;\">Protecci\u00f3n de datos durante la transferencia<\/p>\n<\/div>\n<div class=\"abc-colonna\" style=\"\"><div class=\"blocco-arteco-rosso\">\n<h2><img loading=\"lazy\" decoding=\"async\" class=\"alignnone wp-image-37645\" src=\"https:\/\/www.arteco-global.com\/wp-content\/uploads\/2026\/02\/5-371x371.png\" alt=\"\" width=\"100\" height=\"100\" srcset=\"https:\/\/www.arteco-global.com\/wp-content\/uploads\/2026\/02\/5-371x371.png 371w, https:\/\/www.arteco-global.com\/wp-content\/uploads\/2026\/02\/5-1024x1024.png 1024w, https:\/\/www.arteco-global.com\/wp-content\/uploads\/2026\/02\/5-768x768.png 768w, https:\/\/www.arteco-global.com\/wp-content\/uploads\/2026\/02\/5-1536x1536.png 1536w, https:\/\/www.arteco-global.com\/wp-content\/uploads\/2026\/02\/5-60x60.png 60w, https:\/\/www.arteco-global.com\/wp-content\/uploads\/2026\/02\/5-150x150.png 150w, https:\/\/www.arteco-global.com\/wp-content\/uploads\/2026\/02\/5-32x32.png 32w, https:\/\/www.arteco-global.com\/wp-content\/uploads\/2026\/02\/5.png 2000w\" sizes=\"(max-width: 100px) 100vw, 100px\" \/> Sin cambios<br \/>\nen la red<\/h2>\n<\/div>\n<p style=\"text-align: center;\">M\u00ednimos riesgos inform\u00e1ticos y configuraci\u00f3n de red m\u00e1s sencilla<\/p>\n<\/div>\n<div class=\"abc-colonna\" style=\"\"><div class=\"blocco-arteco-rosso\">\n<h2><img loading=\"lazy\" decoding=\"async\" class=\"alignnone wp-image-37648\" src=\"https:\/\/www.arteco-global.com\/wp-content\/uploads\/2026\/02\/6-371x371.png\" alt=\"\" width=\"100\" height=\"100\" srcset=\"https:\/\/www.arteco-global.com\/wp-content\/uploads\/2026\/02\/6-371x371.png 371w, https:\/\/www.arteco-global.com\/wp-content\/uploads\/2026\/02\/6-1024x1024.png 1024w, https:\/\/www.arteco-global.com\/wp-content\/uploads\/2026\/02\/6-768x768.png 768w, https:\/\/www.arteco-global.com\/wp-content\/uploads\/2026\/02\/6-1536x1536.png 1536w, https:\/\/www.arteco-global.com\/wp-content\/uploads\/2026\/02\/6-60x60.png 60w, https:\/\/www.arteco-global.com\/wp-content\/uploads\/2026\/02\/6-150x150.png 150w, https:\/\/www.arteco-global.com\/wp-content\/uploads\/2026\/02\/6-32x32.png 32w, https:\/\/www.arteco-global.com\/wp-content\/uploads\/2026\/02\/6.png 2000w\" sizes=\"(max-width: 100px) 100vw, 100px\" \/> Actualizaciones<br \/>\ncontinuas<\/h2>\n<\/div>\n<p style=\"text-align: center;\">Sistemas siempre actualizados y protegidos contra las ciberamenazas<\/p>\n<\/div><\/div>\n<div id=\"launcher\"><\/div>\n<h2><\/h2>\n<p>&nbsp;<\/p>\n<h2>Destaca con uSS. <strong>\u00a1<\/strong>Cont\u00e1ctenos para obtener una demostraci\u00f3n de uSee Service Suite!<\/h2>\n","protected":false},"excerpt":{"rendered":"<p>uSee Service Suite (uSS) es el motor central del ecosistema [&hellip;]<\/p>\n","protected":false},"author":4,"featured_media":37517,"parent":33706,"menu_order":0,"comment_status":"closed","ping_status":"closed","template":"template-page-con-download-link.php","meta":{"footnotes":""},"yoast_head":"<!-- This site is optimized with the Yoast SEO plugin v22.8 - https:\/\/yoast.com\/wordpress\/plugins\/seo\/ -->\n<title>uSee Service Suite - Arteco<\/title>\n<meta name=\"robots\" content=\"index, follow, max-snippet:-1, max-image-preview:large, max-video-preview:-1\" \/>\n<link rel=\"canonical\" href=\"https:\/\/www.arteco-global.com\/es\/video-security\/software-solutions\/usee\/usee-service-suite\/\" \/>\n<meta property=\"og:locale\" content=\"es_ES\" \/>\n<meta property=\"og:type\" content=\"article\" \/>\n<meta property=\"og:title\" content=\"uSee Service Suite - Arteco\" \/>\n<meta property=\"og:description\" content=\"uSee Service Suite (uSS) es el motor central del ecosistema [&hellip;]\" \/>\n<meta property=\"og:url\" content=\"https:\/\/www.arteco-global.com\/es\/video-security\/software-solutions\/usee\/usee-service-suite\/\" \/>\n<meta property=\"og:site_name\" content=\"Arteco\" \/>\n<meta property=\"article:modified_time\" content=\"2026-02-17T09:57:51+00:00\" \/>\n<meta property=\"og:image\" content=\"https:\/\/www.arteco-global.com\/wp-content\/uploads\/2026\/01\/arteco-uss-scaled.jpg\" \/>\n\t<meta property=\"og:image:width\" content=\"2560\" \/>\n\t<meta property=\"og:image:height\" content=\"800\" \/>\n\t<meta property=\"og:image:type\" content=\"image\/jpeg\" \/>\n<meta name=\"twitter:card\" content=\"summary_large_image\" \/>\n<meta name=\"twitter:label1\" content=\"Tiempo de lectura\" \/>\n\t<meta name=\"twitter:data1\" content=\"4 minutos\" \/>\n<script type=\"application\/ld+json\" class=\"yoast-schema-graph\">{\"@context\":\"https:\/\/schema.org\",\"@graph\":[{\"@type\":\"WebPage\",\"@id\":\"https:\/\/www.arteco-global.com\/es\/video-security\/software-solutions\/usee\/usee-service-suite\/\",\"url\":\"https:\/\/www.arteco-global.com\/es\/video-security\/software-solutions\/usee\/usee-service-suite\/\",\"name\":\"uSee Service Suite - Arteco\",\"isPartOf\":{\"@id\":\"https:\/\/www.arteco-global.com\/en\/#website\"},\"primaryImageOfPage\":{\"@id\":\"https:\/\/www.arteco-global.com\/es\/video-security\/software-solutions\/usee\/usee-service-suite\/#primaryimage\"},\"image\":{\"@id\":\"https:\/\/www.arteco-global.com\/es\/video-security\/software-solutions\/usee\/usee-service-suite\/#primaryimage\"},\"thumbnailUrl\":\"https:\/\/www.arteco-global.com\/wp-content\/uploads\/2026\/01\/arteco-uss-scaled.jpg\",\"datePublished\":\"2026-01-29T15:20:38+00:00\",\"dateModified\":\"2026-02-17T09:57:51+00:00\",\"breadcrumb\":{\"@id\":\"https:\/\/www.arteco-global.com\/es\/video-security\/software-solutions\/usee\/usee-service-suite\/#breadcrumb\"},\"inLanguage\":\"es\",\"potentialAction\":[{\"@type\":\"ReadAction\",\"target\":[\"https:\/\/www.arteco-global.com\/es\/video-security\/software-solutions\/usee\/usee-service-suite\/\"]}]},{\"@type\":\"ImageObject\",\"inLanguage\":\"es\",\"@id\":\"https:\/\/www.arteco-global.com\/es\/video-security\/software-solutions\/usee\/usee-service-suite\/#primaryimage\",\"url\":\"https:\/\/www.arteco-global.com\/wp-content\/uploads\/2026\/01\/arteco-uss-scaled.jpg\",\"contentUrl\":\"https:\/\/www.arteco-global.com\/wp-content\/uploads\/2026\/01\/arteco-uss-scaled.jpg\",\"width\":2560,\"height\":800},{\"@type\":\"BreadcrumbList\",\"@id\":\"https:\/\/www.arteco-global.com\/es\/video-security\/software-solutions\/usee\/usee-service-suite\/#breadcrumb\",\"itemListElement\":[{\"@type\":\"ListItem\",\"position\":1,\"name\":\"Home\",\"item\":\"https:\/\/www.arteco-global.com\/es\/\"},{\"@type\":\"ListItem\",\"position\":2,\"name\":\"Video Security\",\"item\":\"https:\/\/www.arteco-global.com\/es\/video-security\/\"},{\"@type\":\"ListItem\",\"position\":3,\"name\":\"Software Solutions\",\"item\":\"https:\/\/www.arteco-global.com\/es\/video-security\/software-solutions\/\"},{\"@type\":\"ListItem\",\"position\":4,\"name\":\"uSee\",\"item\":\"https:\/\/www.arteco-global.com\/es\/video-security\/software-solutions\/usee\/\"},{\"@type\":\"ListItem\",\"position\":5,\"name\":\"uSee Service Suite\"}]},{\"@type\":\"WebSite\",\"@id\":\"https:\/\/www.arteco-global.com\/en\/#website\",\"url\":\"https:\/\/www.arteco-global.com\/en\/\",\"name\":\"Arteco\",\"description\":\"\",\"potentialAction\":[{\"@type\":\"SearchAction\",\"target\":{\"@type\":\"EntryPoint\",\"urlTemplate\":\"https:\/\/www.arteco-global.com\/en\/?s={search_term_string}\"},\"query-input\":\"required name=search_term_string\"}],\"inLanguage\":\"es\"}]}<\/script>\n<!-- \/ Yoast SEO plugin. -->","yoast_head_json":{"title":"uSee Service Suite - Arteco","robots":{"index":"index","follow":"follow","max-snippet":"max-snippet:-1","max-image-preview":"max-image-preview:large","max-video-preview":"max-video-preview:-1"},"canonical":"https:\/\/www.arteco-global.com\/es\/video-security\/software-solutions\/usee\/usee-service-suite\/","og_locale":"es_ES","og_type":"article","og_title":"uSee Service Suite - Arteco","og_description":"uSee Service Suite (uSS) es el motor central del ecosistema [&hellip;]","og_url":"https:\/\/www.arteco-global.com\/es\/video-security\/software-solutions\/usee\/usee-service-suite\/","og_site_name":"Arteco","article_modified_time":"2026-02-17T09:57:51+00:00","og_image":[{"width":2560,"height":800,"url":"https:\/\/www.arteco-global.com\/wp-content\/uploads\/2026\/01\/arteco-uss-scaled.jpg","type":"image\/jpeg"}],"twitter_card":"summary_large_image","twitter_misc":{"Tiempo de lectura":"4 minutos"},"schema":{"@context":"https:\/\/schema.org","@graph":[{"@type":"WebPage","@id":"https:\/\/www.arteco-global.com\/es\/video-security\/software-solutions\/usee\/usee-service-suite\/","url":"https:\/\/www.arteco-global.com\/es\/video-security\/software-solutions\/usee\/usee-service-suite\/","name":"uSee Service Suite - Arteco","isPartOf":{"@id":"https:\/\/www.arteco-global.com\/en\/#website"},"primaryImageOfPage":{"@id":"https:\/\/www.arteco-global.com\/es\/video-security\/software-solutions\/usee\/usee-service-suite\/#primaryimage"},"image":{"@id":"https:\/\/www.arteco-global.com\/es\/video-security\/software-solutions\/usee\/usee-service-suite\/#primaryimage"},"thumbnailUrl":"https:\/\/www.arteco-global.com\/wp-content\/uploads\/2026\/01\/arteco-uss-scaled.jpg","datePublished":"2026-01-29T15:20:38+00:00","dateModified":"2026-02-17T09:57:51+00:00","breadcrumb":{"@id":"https:\/\/www.arteco-global.com\/es\/video-security\/software-solutions\/usee\/usee-service-suite\/#breadcrumb"},"inLanguage":"es","potentialAction":[{"@type":"ReadAction","target":["https:\/\/www.arteco-global.com\/es\/video-security\/software-solutions\/usee\/usee-service-suite\/"]}]},{"@type":"ImageObject","inLanguage":"es","@id":"https:\/\/www.arteco-global.com\/es\/video-security\/software-solutions\/usee\/usee-service-suite\/#primaryimage","url":"https:\/\/www.arteco-global.com\/wp-content\/uploads\/2026\/01\/arteco-uss-scaled.jpg","contentUrl":"https:\/\/www.arteco-global.com\/wp-content\/uploads\/2026\/01\/arteco-uss-scaled.jpg","width":2560,"height":800},{"@type":"BreadcrumbList","@id":"https:\/\/www.arteco-global.com\/es\/video-security\/software-solutions\/usee\/usee-service-suite\/#breadcrumb","itemListElement":[{"@type":"ListItem","position":1,"name":"Home","item":"https:\/\/www.arteco-global.com\/es\/"},{"@type":"ListItem","position":2,"name":"Video Security","item":"https:\/\/www.arteco-global.com\/es\/video-security\/"},{"@type":"ListItem","position":3,"name":"Software Solutions","item":"https:\/\/www.arteco-global.com\/es\/video-security\/software-solutions\/"},{"@type":"ListItem","position":4,"name":"uSee","item":"https:\/\/www.arteco-global.com\/es\/video-security\/software-solutions\/usee\/"},{"@type":"ListItem","position":5,"name":"uSee Service Suite"}]},{"@type":"WebSite","@id":"https:\/\/www.arteco-global.com\/en\/#website","url":"https:\/\/www.arteco-global.com\/en\/","name":"Arteco","description":"","potentialAction":[{"@type":"SearchAction","target":{"@type":"EntryPoint","urlTemplate":"https:\/\/www.arteco-global.com\/en\/?s={search_term_string}"},"query-input":"required name=search_term_string"}],"inLanguage":"es"}]}},"_links":{"self":[{"href":"https:\/\/www.arteco-global.com\/es\/wp-json\/wp\/v2\/pages\/37553"}],"collection":[{"href":"https:\/\/www.arteco-global.com\/es\/wp-json\/wp\/v2\/pages"}],"about":[{"href":"https:\/\/www.arteco-global.com\/es\/wp-json\/wp\/v2\/types\/page"}],"author":[{"embeddable":true,"href":"https:\/\/www.arteco-global.com\/es\/wp-json\/wp\/v2\/users\/4"}],"replies":[{"embeddable":true,"href":"https:\/\/www.arteco-global.com\/es\/wp-json\/wp\/v2\/comments?post=37553"}],"version-history":[{"count":22,"href":"https:\/\/www.arteco-global.com\/es\/wp-json\/wp\/v2\/pages\/37553\/revisions"}],"predecessor-version":[{"id":37824,"href":"https:\/\/www.arteco-global.com\/es\/wp-json\/wp\/v2\/pages\/37553\/revisions\/37824"}],"up":[{"embeddable":true,"href":"https:\/\/www.arteco-global.com\/es\/wp-json\/wp\/v2\/pages\/33706"}],"wp:featuredmedia":[{"embeddable":true,"href":"https:\/\/www.arteco-global.com\/es\/wp-json\/wp\/v2\/media\/37517"}],"wp:attachment":[{"href":"https:\/\/www.arteco-global.com\/es\/wp-json\/wp\/v2\/media?parent=37553"}],"curies":[{"name":"wp","href":"https:\/\/api.w.org\/{rel}","templated":true}]}}