{"id":37043,"date":"2025-07-24T16:42:35","date_gmt":"2025-07-24T14:42:35","guid":{"rendered":"https:\/\/www.arteco-global.com\/?page_id=37043"},"modified":"2025-07-24T16:42:35","modified_gmt":"2025-07-24T14:42:35","slug":"forensic-search","status":"publish","type":"page","link":"https:\/\/www.arteco-global.com\/es\/video-security\/software-solutions\/usee\/forensic-search\/","title":{"rendered":"Forensic Search"},"content":{"rendered":"<p><strong>Cuando cada segundo cuenta, uSee te da el poder de buscar m\u00e1s r\u00e1pido, de forma m\u00e1s inteligente y sin l\u00edmites. Presentamos Forensic Search, solo en uSee.<\/strong><\/p>\n<h3><span style=\"color: #900000;\">\u00bfQu\u00e9 lo hace diferente?<\/span><\/h3>\n<p><strong>B\u00fasqueda instant\u00e1nea<\/strong> Busca personas o veh\u00edculos usando filtros visuales como color, pertenencias o tipo de veh\u00edculo.<\/p>\n<p><strong>Sin configuraci\u00f3n necesaria <\/strong>Olv\u00eddate de las reglas predefinidas. Inicia cualquier investigaci\u00f3n con solo unos clics, incluso despu\u00e9s de que haya ocurrido el evento.<\/p>\n<p><strong>Eficiencia impulsada por IA<\/strong> Deja que los metadatos hagan el trabajo pesado con reconocimiento autom\u00e1tico de objetos y filtrado inteligente.<\/p>\n<p><strong>Regi\u00f3n de Inter\u00e9s <\/strong>Enfoca tu b\u00fasqueda en \u00e1reas espec\u00edficas del fotograma para reducir a\u00fan m\u00e1s los resultados.<\/p>\n<p><strong>Todo en uno e integrado <\/strong>Sin herramientas externas. Sin costos ocultos. Solo abre tu panel de control de uSee y comienza a investigar.<\/p>\n<p>&nbsp;<\/p>\n<p><img loading=\"lazy\" decoding=\"async\" class=\"alignnone size-large wp-image-37050\" src=\"https:\/\/www.arteco-global.com\/wp-content\/uploads\/2025\/07\/301284c5-3ed3-4f13-b218-3a52305cad10-1024x576.jpg\" alt=\"\" width=\"1024\" height=\"576\" srcset=\"https:\/\/www.arteco-global.com\/wp-content\/uploads\/2025\/07\/301284c5-3ed3-4f13-b218-3a52305cad10-1024x576.jpg 1024w, https:\/\/www.arteco-global.com\/wp-content\/uploads\/2025\/07\/301284c5-3ed3-4f13-b218-3a52305cad10-660x371.jpg 660w, https:\/\/www.arteco-global.com\/wp-content\/uploads\/2025\/07\/301284c5-3ed3-4f13-b218-3a52305cad10-320x180.jpg 320w, https:\/\/www.arteco-global.com\/wp-content\/uploads\/2025\/07\/301284c5-3ed3-4f13-b218-3a52305cad10-768x432.jpg 768w, https:\/\/www.arteco-global.com\/wp-content\/uploads\/2025\/07\/301284c5-3ed3-4f13-b218-3a52305cad10-1536x864.jpg 1536w, https:\/\/www.arteco-global.com\/wp-content\/uploads\/2025\/07\/301284c5-3ed3-4f13-b218-3a52305cad10-2048x1152.jpg 2048w, https:\/\/www.arteco-global.com\/wp-content\/uploads\/2025\/07\/301284c5-3ed3-4f13-b218-3a52305cad10-107x60.jpg 107w\" sizes=\"(max-width: 1024px) 100vw, 1024px\" \/><\/p>\n<h3><span style=\"color: #900000;\">EXPLORA DE MANERA M\u00c1S INTELIGENTE<\/span><\/h3>\n<p><strong>Filtros inteligentes <\/strong>Busca objetos por tipo (persona, coche, motocicleta&#8230;) o por atributos (color de ropa, accesorios, color del veh\u00edculo).<\/p>\n<p><strong>Par\u00e1metros de b\u00fasqueda personalizados <\/strong>Aplica filtros detallados para mostrar al instante resultados relevantes y eliminar el ruido visual.<\/p>\n<p><strong>Alta precisi\u00f3n<\/strong> Reduce la revisi\u00f3n manual de grabaciones y conc\u00e9ntrate solo en lo que realmente importa.<\/p>\n<h3><span style=\"color: #900000;\">INFORMACI\u00d3N IMPULSADA POR METADATOS<\/span><\/h3>\n<p><strong>An\u00e1lisis de contenido visual<\/strong> Usa capturas o vistas previas de fotogramas para iniciar nuevas b\u00fasquedas de resultados visualmente similares.<\/p>\n<p><strong>Exploraci\u00f3n por similitud<\/strong> Identifica r\u00e1pidamente elementos o comportamientos recurrentes en distintos segmentos de video.<\/p>\n<p><strong>Almacenamiento centralizado<\/strong> Todos tus datos se guardan de forma segura y se hacen accesibles al instante con la arquitectura flexible de uSee.<\/p>\n<hr \/>\n<h3><span style=\"color: #900000;\">DISE\u00d1ADO PARA CUALQUIER ESCALA<\/span><\/h3>\n<p><strong>Ya sea que gestiones una tienda minorista, infraestructura cr\u00edtica o supervises toda una red urbana, uSee Forensic Search ofrece velocidad, claridad y flexibilidad investigativa inigualable. <\/strong><\/p>\n<hr \/>\n<h2>\u00bfEst\u00e1s listo para repensar tus investigaciones de video? <a href=\"https:\/\/usee.cloud\/es\/forensic-search\/\" target=\"_blank\" rel=\"noopener\"><span style=\"text-decoration: underline;\"><strong>Descubra m\u00e1s<\/strong><\/span><\/a><\/h2>\n","protected":false},"excerpt":{"rendered":"<p>Reduce el tiempo de investigaci\u00f3n de minutos a segundos. Solo en uSee.<\/p>\n","protected":false},"author":4,"featured_media":37056,"parent":33706,"menu_order":0,"comment_status":"closed","ping_status":"closed","template":"template-page-con-download-link.php","meta":{"footnotes":""},"yoast_head":"<!-- This site is optimized with the Yoast SEO plugin v22.8 - https:\/\/yoast.com\/wordpress\/plugins\/seo\/ -->\n<title>Forensic Search - Arteco<\/title>\n<meta name=\"robots\" content=\"index, follow, max-snippet:-1, max-image-preview:large, max-video-preview:-1\" \/>\n<link rel=\"canonical\" href=\"https:\/\/www.arteco-global.com\/es\/video-security\/software-solutions\/usee\/forensic-search\/\" \/>\n<meta property=\"og:locale\" content=\"es_ES\" \/>\n<meta property=\"og:type\" content=\"article\" \/>\n<meta property=\"og:title\" content=\"Forensic Search - Arteco\" \/>\n<meta property=\"og:description\" content=\"Reduce el tiempo de investigaci\u00f3n de minutos a segundos. Solo en uSee.\" \/>\n<meta property=\"og:url\" content=\"https:\/\/www.arteco-global.com\/es\/video-security\/software-solutions\/usee\/forensic-search\/\" \/>\n<meta property=\"og:site_name\" content=\"Arteco\" \/>\n<meta property=\"og:image\" content=\"https:\/\/www.arteco-global.com\/wp-content\/uploads\/2025\/07\/arteco-forensic-search-scaled.jpg\" \/>\n\t<meta property=\"og:image:width\" content=\"2560\" \/>\n\t<meta property=\"og:image:height\" content=\"800\" \/>\n\t<meta property=\"og:image:type\" content=\"image\/jpeg\" \/>\n<meta name=\"twitter:card\" content=\"summary_large_image\" \/>\n<meta name=\"twitter:label1\" content=\"Tiempo de lectura\" \/>\n\t<meta name=\"twitter:data1\" content=\"2 minutos\" \/>\n<script type=\"application\/ld+json\" class=\"yoast-schema-graph\">{\"@context\":\"https:\/\/schema.org\",\"@graph\":[{\"@type\":\"WebPage\",\"@id\":\"https:\/\/www.arteco-global.com\/es\/video-security\/software-solutions\/usee\/forensic-search\/\",\"url\":\"https:\/\/www.arteco-global.com\/es\/video-security\/software-solutions\/usee\/forensic-search\/\",\"name\":\"Forensic Search - Arteco\",\"isPartOf\":{\"@id\":\"https:\/\/www.arteco-global.com\/en\/#website\"},\"primaryImageOfPage\":{\"@id\":\"https:\/\/www.arteco-global.com\/es\/video-security\/software-solutions\/usee\/forensic-search\/#primaryimage\"},\"image\":{\"@id\":\"https:\/\/www.arteco-global.com\/es\/video-security\/software-solutions\/usee\/forensic-search\/#primaryimage\"},\"thumbnailUrl\":\"https:\/\/www.arteco-global.com\/wp-content\/uploads\/2025\/07\/arteco-forensic-search-scaled.jpg\",\"datePublished\":\"2025-07-24T14:42:35+00:00\",\"dateModified\":\"2025-07-24T14:42:35+00:00\",\"breadcrumb\":{\"@id\":\"https:\/\/www.arteco-global.com\/es\/video-security\/software-solutions\/usee\/forensic-search\/#breadcrumb\"},\"inLanguage\":\"es\",\"potentialAction\":[{\"@type\":\"ReadAction\",\"target\":[\"https:\/\/www.arteco-global.com\/es\/video-security\/software-solutions\/usee\/forensic-search\/\"]}]},{\"@type\":\"ImageObject\",\"inLanguage\":\"es\",\"@id\":\"https:\/\/www.arteco-global.com\/es\/video-security\/software-solutions\/usee\/forensic-search\/#primaryimage\",\"url\":\"https:\/\/www.arteco-global.com\/wp-content\/uploads\/2025\/07\/arteco-forensic-search-scaled.jpg\",\"contentUrl\":\"https:\/\/www.arteco-global.com\/wp-content\/uploads\/2025\/07\/arteco-forensic-search-scaled.jpg\",\"width\":2560,\"height\":800},{\"@type\":\"BreadcrumbList\",\"@id\":\"https:\/\/www.arteco-global.com\/es\/video-security\/software-solutions\/usee\/forensic-search\/#breadcrumb\",\"itemListElement\":[{\"@type\":\"ListItem\",\"position\":1,\"name\":\"Home\",\"item\":\"https:\/\/www.arteco-global.com\/es\/\"},{\"@type\":\"ListItem\",\"position\":2,\"name\":\"Video Security\",\"item\":\"https:\/\/www.arteco-global.com\/es\/video-security\/\"},{\"@type\":\"ListItem\",\"position\":3,\"name\":\"Software Solutions\",\"item\":\"https:\/\/www.arteco-global.com\/es\/video-security\/software-solutions\/\"},{\"@type\":\"ListItem\",\"position\":4,\"name\":\"uSee\",\"item\":\"https:\/\/www.arteco-global.com\/es\/video-security\/software-solutions\/usee\/\"},{\"@type\":\"ListItem\",\"position\":5,\"name\":\"Forensic Search\"}]},{\"@type\":\"WebSite\",\"@id\":\"https:\/\/www.arteco-global.com\/en\/#website\",\"url\":\"https:\/\/www.arteco-global.com\/en\/\",\"name\":\"Arteco\",\"description\":\"\",\"potentialAction\":[{\"@type\":\"SearchAction\",\"target\":{\"@type\":\"EntryPoint\",\"urlTemplate\":\"https:\/\/www.arteco-global.com\/en\/?s={search_term_string}\"},\"query-input\":\"required name=search_term_string\"}],\"inLanguage\":\"es\"}]}<\/script>\n<!-- \/ Yoast SEO plugin. -->","yoast_head_json":{"title":"Forensic Search - Arteco","robots":{"index":"index","follow":"follow","max-snippet":"max-snippet:-1","max-image-preview":"max-image-preview:large","max-video-preview":"max-video-preview:-1"},"canonical":"https:\/\/www.arteco-global.com\/es\/video-security\/software-solutions\/usee\/forensic-search\/","og_locale":"es_ES","og_type":"article","og_title":"Forensic Search - Arteco","og_description":"Reduce el tiempo de investigaci\u00f3n de minutos a segundos. Solo en uSee.","og_url":"https:\/\/www.arteco-global.com\/es\/video-security\/software-solutions\/usee\/forensic-search\/","og_site_name":"Arteco","og_image":[{"width":2560,"height":800,"url":"https:\/\/www.arteco-global.com\/wp-content\/uploads\/2025\/07\/arteco-forensic-search-scaled.jpg","type":"image\/jpeg"}],"twitter_card":"summary_large_image","twitter_misc":{"Tiempo de lectura":"2 minutos"},"schema":{"@context":"https:\/\/schema.org","@graph":[{"@type":"WebPage","@id":"https:\/\/www.arteco-global.com\/es\/video-security\/software-solutions\/usee\/forensic-search\/","url":"https:\/\/www.arteco-global.com\/es\/video-security\/software-solutions\/usee\/forensic-search\/","name":"Forensic Search - Arteco","isPartOf":{"@id":"https:\/\/www.arteco-global.com\/en\/#website"},"primaryImageOfPage":{"@id":"https:\/\/www.arteco-global.com\/es\/video-security\/software-solutions\/usee\/forensic-search\/#primaryimage"},"image":{"@id":"https:\/\/www.arteco-global.com\/es\/video-security\/software-solutions\/usee\/forensic-search\/#primaryimage"},"thumbnailUrl":"https:\/\/www.arteco-global.com\/wp-content\/uploads\/2025\/07\/arteco-forensic-search-scaled.jpg","datePublished":"2025-07-24T14:42:35+00:00","dateModified":"2025-07-24T14:42:35+00:00","breadcrumb":{"@id":"https:\/\/www.arteco-global.com\/es\/video-security\/software-solutions\/usee\/forensic-search\/#breadcrumb"},"inLanguage":"es","potentialAction":[{"@type":"ReadAction","target":["https:\/\/www.arteco-global.com\/es\/video-security\/software-solutions\/usee\/forensic-search\/"]}]},{"@type":"ImageObject","inLanguage":"es","@id":"https:\/\/www.arteco-global.com\/es\/video-security\/software-solutions\/usee\/forensic-search\/#primaryimage","url":"https:\/\/www.arteco-global.com\/wp-content\/uploads\/2025\/07\/arteco-forensic-search-scaled.jpg","contentUrl":"https:\/\/www.arteco-global.com\/wp-content\/uploads\/2025\/07\/arteco-forensic-search-scaled.jpg","width":2560,"height":800},{"@type":"BreadcrumbList","@id":"https:\/\/www.arteco-global.com\/es\/video-security\/software-solutions\/usee\/forensic-search\/#breadcrumb","itemListElement":[{"@type":"ListItem","position":1,"name":"Home","item":"https:\/\/www.arteco-global.com\/es\/"},{"@type":"ListItem","position":2,"name":"Video Security","item":"https:\/\/www.arteco-global.com\/es\/video-security\/"},{"@type":"ListItem","position":3,"name":"Software Solutions","item":"https:\/\/www.arteco-global.com\/es\/video-security\/software-solutions\/"},{"@type":"ListItem","position":4,"name":"uSee","item":"https:\/\/www.arteco-global.com\/es\/video-security\/software-solutions\/usee\/"},{"@type":"ListItem","position":5,"name":"Forensic Search"}]},{"@type":"WebSite","@id":"https:\/\/www.arteco-global.com\/en\/#website","url":"https:\/\/www.arteco-global.com\/en\/","name":"Arteco","description":"","potentialAction":[{"@type":"SearchAction","target":{"@type":"EntryPoint","urlTemplate":"https:\/\/www.arteco-global.com\/en\/?s={search_term_string}"},"query-input":"required name=search_term_string"}],"inLanguage":"es"}]}},"_links":{"self":[{"href":"https:\/\/www.arteco-global.com\/es\/wp-json\/wp\/v2\/pages\/37043"}],"collection":[{"href":"https:\/\/www.arteco-global.com\/es\/wp-json\/wp\/v2\/pages"}],"about":[{"href":"https:\/\/www.arteco-global.com\/es\/wp-json\/wp\/v2\/types\/page"}],"author":[{"embeddable":true,"href":"https:\/\/www.arteco-global.com\/es\/wp-json\/wp\/v2\/users\/4"}],"replies":[{"embeddable":true,"href":"https:\/\/www.arteco-global.com\/es\/wp-json\/wp\/v2\/comments?post=37043"}],"version-history":[{"count":3,"href":"https:\/\/www.arteco-global.com\/es\/wp-json\/wp\/v2\/pages\/37043\/revisions"}],"predecessor-version":[{"id":37060,"href":"https:\/\/www.arteco-global.com\/es\/wp-json\/wp\/v2\/pages\/37043\/revisions\/37060"}],"up":[{"embeddable":true,"href":"https:\/\/www.arteco-global.com\/es\/wp-json\/wp\/v2\/pages\/33706"}],"wp:featuredmedia":[{"embeddable":true,"href":"https:\/\/www.arteco-global.com\/es\/wp-json\/wp\/v2\/media\/37056"}],"wp:attachment":[{"href":"https:\/\/www.arteco-global.com\/es\/wp-json\/wp\/v2\/media?parent=37043"}],"curies":[{"name":"wp","href":"https:\/\/api.w.org\/{rel}","templated":true}]}}