{"id":36780,"date":"2025-05-06T15:50:41","date_gmt":"2025-05-06T13:50:41","guid":{"rendered":"https:\/\/www.arteco-global.com\/?page_id=36780"},"modified":"2025-08-27T14:45:59","modified_gmt":"2025-08-27T12:45:59","slug":"ciberseguridad","status":"publish","type":"page","link":"https:\/\/www.arteco-global.com\/es\/asistencia\/ciberseguridad\/","title":{"rendered":"Ciberseguridad"},"content":{"rendered":"<p>En Arteco, la seguridad de la informaci\u00f3n es una prioridad fundamental.<\/p>\n<p>Trabajamos constantemente para proteger nuestros sistemas, los datos de nuestros clientes y la integridad de nuestras soluciones VMS y VSaaS.<\/p>\n<p>Sin embargo, ning\u00fan sistema es completamente inmune a las vulnerabilidades.<\/p>\n<p>Por eso, invitamos a investigadores de seguridad, socios y usuarios a informarnos de inmediato sobre cualquier posible amenaza o fallo relacionado con nuestros productos o servicios.<\/p>\n<p><img loading=\"lazy\" decoding=\"async\" class=\"alignnone size-medium wp-image-36787\" src=\"https:\/\/www.arteco-global.com\/wp-content\/uploads\/2025\/05\/Cyber-Security_Cyberangriff_shutterstock_2160486223-660x371.jpeg\" alt=\"\" width=\"660\" height=\"371\" srcset=\"https:\/\/www.arteco-global.com\/wp-content\/uploads\/2025\/05\/Cyber-Security_Cyberangriff_shutterstock_2160486223-660x371.jpeg 660w, https:\/\/www.arteco-global.com\/wp-content\/uploads\/2025\/05\/Cyber-Security_Cyberangriff_shutterstock_2160486223-1024x576.jpeg 1024w, https:\/\/www.arteco-global.com\/wp-content\/uploads\/2025\/05\/Cyber-Security_Cyberangriff_shutterstock_2160486223-320x180.jpeg 320w, https:\/\/www.arteco-global.com\/wp-content\/uploads\/2025\/05\/Cyber-Security_Cyberangriff_shutterstock_2160486223-768x432.jpeg 768w, https:\/\/www.arteco-global.com\/wp-content\/uploads\/2025\/05\/Cyber-Security_Cyberangriff_shutterstock_2160486223-1536x864.jpeg 1536w, https:\/\/www.arteco-global.com\/wp-content\/uploads\/2025\/05\/Cyber-Security_Cyberangriff_shutterstock_2160486223-107x60.jpeg 107w, https:\/\/www.arteco-global.com\/wp-content\/uploads\/2025\/05\/Cyber-Security_Cyberangriff_shutterstock_2160486223.jpeg 1920w\" sizes=\"(max-width: 660px) 100vw, 660px\" \/><\/p>\n<p>Si has identificado una vulnerabilidad que involucra a Arteco, por favor cont\u00e1ctanos directamente a:<\/p>\n<p>\ud83d\udce7 <a href=\"mailto:security@arteco-global.com\"><strong>security@arteco-global.com<\/strong><\/a><\/p>\n<p>Agradecemos tu colaboraci\u00f3n para ayudarnos a construir un entorno digital m\u00e1s seguro.<\/p>\n<p>Todas las notificaciones ser\u00e1n revisadas con atenci\u00f3n y tratadas conforme a las mejores pr\u00e1cticas de ciberseguridad.<\/p>\n<hr \/>\n<p>Leggi la Pol\u00edtica de gesti\u00f3n de vulnerabilidades de Arteco (disponible en lengua inglesa)<\/p>\n<p><strong><img loading=\"lazy\" decoding=\"async\" class=\"alignnone size-full wp-image-35634\" src=\"https:\/\/www.arteco-global.com\/wp-content\/uploads\/2024\/02\/pdf-icon.png\" alt=\"\" width=\"29\" height=\"36\" \/> <a href=\"https:\/\/www.arteco-global.com\/wp-content\/uploads\/2025\/08\/Arteco_VulnerabilityManagementPolicy.pdf\" target=\"_blank\" rel=\"noopener\"><span style=\"text-decoration: underline;\">Arteco Vulnerability Management Policy<\/span><\/a><\/strong><\/p>\n","protected":false},"excerpt":{"rendered":"<p>En Arteco, la seguridad de la informaci\u00f3n es una prioridad [&hellip;]<\/p>\n","protected":false},"author":4,"featured_media":36776,"parent":18580,"menu_order":0,"comment_status":"closed","ping_status":"closed","template":"template-academy.php","meta":{"footnotes":""},"yoast_head":"<!-- This site is optimized with the Yoast SEO plugin v22.8 - https:\/\/yoast.com\/wordpress\/plugins\/seo\/ -->\n<title>Ciberseguridad - Arteco<\/title>\n<meta name=\"robots\" content=\"index, follow, max-snippet:-1, max-image-preview:large, max-video-preview:-1\" \/>\n<link rel=\"canonical\" href=\"https:\/\/www.arteco-global.com\/es\/asistencia\/ciberseguridad\/\" \/>\n<meta property=\"og:locale\" content=\"es_ES\" \/>\n<meta property=\"og:type\" content=\"article\" \/>\n<meta property=\"og:title\" content=\"Ciberseguridad - Arteco\" \/>\n<meta property=\"og:description\" content=\"En Arteco, la seguridad de la informaci\u00f3n es una prioridad [&hellip;]\" \/>\n<meta property=\"og:url\" content=\"https:\/\/www.arteco-global.com\/es\/asistencia\/ciberseguridad\/\" \/>\n<meta property=\"og:site_name\" content=\"Arteco\" \/>\n<meta property=\"article:modified_time\" content=\"2025-08-27T12:45:59+00:00\" \/>\n<meta property=\"og:image\" content=\"https:\/\/www.arteco-global.com\/wp-content\/uploads\/2025\/05\/cybersecurity-scaled.jpg\" \/>\n\t<meta property=\"og:image:width\" content=\"2560\" \/>\n\t<meta property=\"og:image:height\" content=\"800\" \/>\n\t<meta property=\"og:image:type\" content=\"image\/jpeg\" \/>\n<meta name=\"twitter:card\" content=\"summary_large_image\" \/>\n<meta name=\"twitter:label1\" content=\"Tiempo de lectura\" \/>\n\t<meta name=\"twitter:data1\" content=\"2 minutos\" \/>\n<script type=\"application\/ld+json\" class=\"yoast-schema-graph\">{\"@context\":\"https:\/\/schema.org\",\"@graph\":[{\"@type\":\"WebPage\",\"@id\":\"https:\/\/www.arteco-global.com\/es\/asistencia\/ciberseguridad\/\",\"url\":\"https:\/\/www.arteco-global.com\/es\/asistencia\/ciberseguridad\/\",\"name\":\"Ciberseguridad - Arteco\",\"isPartOf\":{\"@id\":\"https:\/\/www.arteco-global.com\/en\/#website\"},\"primaryImageOfPage\":{\"@id\":\"https:\/\/www.arteco-global.com\/es\/asistencia\/ciberseguridad\/#primaryimage\"},\"image\":{\"@id\":\"https:\/\/www.arteco-global.com\/es\/asistencia\/ciberseguridad\/#primaryimage\"},\"thumbnailUrl\":\"https:\/\/www.arteco-global.com\/wp-content\/uploads\/2025\/05\/cybersecurity-scaled.jpg\",\"datePublished\":\"2025-05-06T13:50:41+00:00\",\"dateModified\":\"2025-08-27T12:45:59+00:00\",\"breadcrumb\":{\"@id\":\"https:\/\/www.arteco-global.com\/es\/asistencia\/ciberseguridad\/#breadcrumb\"},\"inLanguage\":\"es\",\"potentialAction\":[{\"@type\":\"ReadAction\",\"target\":[\"https:\/\/www.arteco-global.com\/es\/asistencia\/ciberseguridad\/\"]}]},{\"@type\":\"ImageObject\",\"inLanguage\":\"es\",\"@id\":\"https:\/\/www.arteco-global.com\/es\/asistencia\/ciberseguridad\/#primaryimage\",\"url\":\"https:\/\/www.arteco-global.com\/wp-content\/uploads\/2025\/05\/cybersecurity-scaled.jpg\",\"contentUrl\":\"https:\/\/www.arteco-global.com\/wp-content\/uploads\/2025\/05\/cybersecurity-scaled.jpg\",\"width\":2560,\"height\":800},{\"@type\":\"BreadcrumbList\",\"@id\":\"https:\/\/www.arteco-global.com\/es\/asistencia\/ciberseguridad\/#breadcrumb\",\"itemListElement\":[{\"@type\":\"ListItem\",\"position\":1,\"name\":\"Home\",\"item\":\"https:\/\/www.arteco-global.com\/es\/\"},{\"@type\":\"ListItem\",\"position\":2,\"name\":\"Asistencia\",\"item\":\"https:\/\/www.arteco-global.com\/es\/asistencia\/\"},{\"@type\":\"ListItem\",\"position\":3,\"name\":\"Ciberseguridad\"}]},{\"@type\":\"WebSite\",\"@id\":\"https:\/\/www.arteco-global.com\/en\/#website\",\"url\":\"https:\/\/www.arteco-global.com\/en\/\",\"name\":\"Arteco\",\"description\":\"\",\"potentialAction\":[{\"@type\":\"SearchAction\",\"target\":{\"@type\":\"EntryPoint\",\"urlTemplate\":\"https:\/\/www.arteco-global.com\/en\/?s={search_term_string}\"},\"query-input\":\"required name=search_term_string\"}],\"inLanguage\":\"es\"}]}<\/script>\n<!-- \/ Yoast SEO plugin. -->","yoast_head_json":{"title":"Ciberseguridad - Arteco","robots":{"index":"index","follow":"follow","max-snippet":"max-snippet:-1","max-image-preview":"max-image-preview:large","max-video-preview":"max-video-preview:-1"},"canonical":"https:\/\/www.arteco-global.com\/es\/asistencia\/ciberseguridad\/","og_locale":"es_ES","og_type":"article","og_title":"Ciberseguridad - Arteco","og_description":"En Arteco, la seguridad de la informaci\u00f3n es una prioridad [&hellip;]","og_url":"https:\/\/www.arteco-global.com\/es\/asistencia\/ciberseguridad\/","og_site_name":"Arteco","article_modified_time":"2025-08-27T12:45:59+00:00","og_image":[{"width":2560,"height":800,"url":"https:\/\/www.arteco-global.com\/wp-content\/uploads\/2025\/05\/cybersecurity-scaled.jpg","type":"image\/jpeg"}],"twitter_card":"summary_large_image","twitter_misc":{"Tiempo de lectura":"2 minutos"},"schema":{"@context":"https:\/\/schema.org","@graph":[{"@type":"WebPage","@id":"https:\/\/www.arteco-global.com\/es\/asistencia\/ciberseguridad\/","url":"https:\/\/www.arteco-global.com\/es\/asistencia\/ciberseguridad\/","name":"Ciberseguridad - Arteco","isPartOf":{"@id":"https:\/\/www.arteco-global.com\/en\/#website"},"primaryImageOfPage":{"@id":"https:\/\/www.arteco-global.com\/es\/asistencia\/ciberseguridad\/#primaryimage"},"image":{"@id":"https:\/\/www.arteco-global.com\/es\/asistencia\/ciberseguridad\/#primaryimage"},"thumbnailUrl":"https:\/\/www.arteco-global.com\/wp-content\/uploads\/2025\/05\/cybersecurity-scaled.jpg","datePublished":"2025-05-06T13:50:41+00:00","dateModified":"2025-08-27T12:45:59+00:00","breadcrumb":{"@id":"https:\/\/www.arteco-global.com\/es\/asistencia\/ciberseguridad\/#breadcrumb"},"inLanguage":"es","potentialAction":[{"@type":"ReadAction","target":["https:\/\/www.arteco-global.com\/es\/asistencia\/ciberseguridad\/"]}]},{"@type":"ImageObject","inLanguage":"es","@id":"https:\/\/www.arteco-global.com\/es\/asistencia\/ciberseguridad\/#primaryimage","url":"https:\/\/www.arteco-global.com\/wp-content\/uploads\/2025\/05\/cybersecurity-scaled.jpg","contentUrl":"https:\/\/www.arteco-global.com\/wp-content\/uploads\/2025\/05\/cybersecurity-scaled.jpg","width":2560,"height":800},{"@type":"BreadcrumbList","@id":"https:\/\/www.arteco-global.com\/es\/asistencia\/ciberseguridad\/#breadcrumb","itemListElement":[{"@type":"ListItem","position":1,"name":"Home","item":"https:\/\/www.arteco-global.com\/es\/"},{"@type":"ListItem","position":2,"name":"Asistencia","item":"https:\/\/www.arteco-global.com\/es\/asistencia\/"},{"@type":"ListItem","position":3,"name":"Ciberseguridad"}]},{"@type":"WebSite","@id":"https:\/\/www.arteco-global.com\/en\/#website","url":"https:\/\/www.arteco-global.com\/en\/","name":"Arteco","description":"","potentialAction":[{"@type":"SearchAction","target":{"@type":"EntryPoint","urlTemplate":"https:\/\/www.arteco-global.com\/en\/?s={search_term_string}"},"query-input":"required name=search_term_string"}],"inLanguage":"es"}]}},"_links":{"self":[{"href":"https:\/\/www.arteco-global.com\/es\/wp-json\/wp\/v2\/pages\/36780"}],"collection":[{"href":"https:\/\/www.arteco-global.com\/es\/wp-json\/wp\/v2\/pages"}],"about":[{"href":"https:\/\/www.arteco-global.com\/es\/wp-json\/wp\/v2\/types\/page"}],"author":[{"embeddable":true,"href":"https:\/\/www.arteco-global.com\/es\/wp-json\/wp\/v2\/users\/4"}],"replies":[{"embeddable":true,"href":"https:\/\/www.arteco-global.com\/es\/wp-json\/wp\/v2\/comments?post=36780"}],"version-history":[{"count":3,"href":"https:\/\/www.arteco-global.com\/es\/wp-json\/wp\/v2\/pages\/36780\/revisions"}],"predecessor-version":[{"id":37127,"href":"https:\/\/www.arteco-global.com\/es\/wp-json\/wp\/v2\/pages\/36780\/revisions\/37127"}],"up":[{"embeddable":true,"href":"https:\/\/www.arteco-global.com\/es\/wp-json\/wp\/v2\/pages\/18580"}],"wp:featuredmedia":[{"embeddable":true,"href":"https:\/\/www.arteco-global.com\/es\/wp-json\/wp\/v2\/media\/36776"}],"wp:attachment":[{"href":"https:\/\/www.arteco-global.com\/es\/wp-json\/wp\/v2\/media?parent=36780"}],"curies":[{"name":"wp","href":"https:\/\/api.w.org\/{rel}","templated":true}]}}