{"id":36462,"date":"2024-10-30T14:44:20","date_gmt":"2024-10-30T13:44:20","guid":{"rendered":"https:\/\/www.arteco-global.com\/video-security\/software-solutions\/vca-behaviour\/"},"modified":"2024-10-30T15:00:38","modified_gmt":"2024-10-30T14:00:38","slug":"vca-behaviour","status":"publish","type":"page","link":"https:\/\/www.arteco-global.com\/es\/video-security\/software-solutions\/vca-behaviour\/","title":{"rendered":"VCA Behaviour"},"content":{"rendered":"<p>Nuestra soluci\u00f3n de an\u00e1lisis de v\u00eddeo avanzada <strong>VCA Behaviour<\/strong> integra <strong>motores de Deep Learning e Inteligencia Artificial<\/strong> para ofrecer un rendimiento superior en monitorizaci\u00f3n y seguridad.<\/p>\n<p>Dise\u00f1ado para funcionar con nuestras plataformas Omnia VMS y uSee VsaaS, VCA Behaviour permite mejorar el control y la eficiencia operativa en una amplia gama de aplicaciones. Desde la detecci\u00f3n de comportamientos sospechosos hasta la seguridad en el lugar de trabajo y el cumplimiento de las normas de seguridad, nuestra soluci\u00f3n representa el futuro de la anal\u00edtica de v\u00eddeo.<\/p>\n<p>Gracias al <strong>motor Deep Learning Skeleton Tracker<\/strong>, VCA Behaviour detecta y rastrea las posiciones del cuerpo humano para reconocer movimientos y comportamientos, o interacciones con objetos. Esto es particularmente \u00fatil en m\u00faltiples escenarios, donde es esencial <strong>monitorear con precisi\u00f3n<\/strong> el comportamiento de las personas, <strong>recibir notificaciones de eventos en tiempo real y automatizar los procedimientos de seguridad<\/strong>.<\/p>\n<h3>Detecci\u00f3n de comportamiento con IA avanzada<\/h3>\n<p>Con VCA Behavior, puedes identificar una amplia gama de comportamientos anormales, incluyendo <strong>peleas, ca\u00eddas, manos levantadas y la presencia de objetos en la mano<\/strong>. Estos algoritmos ofrecen protecci\u00f3n avanzada para entornos como escuelas, centros deportivos, negocios y \u00e1reas p\u00fablicas, aumentando significativamente la seguridad.<\/p>\n<h3>Detecci\u00f3n de accesorios de protecci\u00f3n (EPI)<\/h3>\n<p>Ideal para obras de construcci\u00f3n y \u00e1reas industriales, el sistema detecta el uso de <strong>cascos de seguridad<\/strong> y <strong>chalecos de alta visibilidad<\/strong>. Esto garantiza que el personal cumpla con las normas de seguridad y, al mismo tiempo, ofrece un control de acceso automatizado.<\/p>\n<hr \/>\n<h3 style=\"text-align: center;\"><span style=\"color: #900000;\">Sectores de aplicaci\u00f3n<\/span><\/h3>\n<table style=\"width: 100%;\">\n<tbody>\n<tr>\n<td style=\"width: 33.3333%; text-align: center; vertical-align: top;\"><img loading=\"lazy\" decoding=\"async\" class=\"alignnone size-full wp-image-36444\" src=\"https:\/\/www.arteco-global.com\/wp-content\/uploads\/2024\/10\/retail.jpg\" alt=\"\" width=\"300\" height=\"169\" srcset=\"https:\/\/www.arteco-global.com\/wp-content\/uploads\/2024\/10\/retail.jpg 300w, https:\/\/www.arteco-global.com\/wp-content\/uploads\/2024\/10\/retail-107x60.jpg 107w\" sizes=\"(max-width: 300px) 100vw, 300px\" \/><\/p>\n<p><strong>Retail y Centros Comerciales<\/strong><\/p>\n<p>Mejore la seguridad evitando<br \/>\npeleas y robos con detecci\u00f3n<br \/>\navanzada y an\u00e1lisis<br \/>\nde comportamiento.<\/td>\n<td style=\"width: 33.3333%; text-align: center; vertical-align: top;\"><img loading=\"lazy\" decoding=\"async\" class=\"alignnone size-full wp-image-36447\" src=\"https:\/\/www.arteco-global.com\/wp-content\/uploads\/2024\/10\/construction.jpg\" alt=\"\" width=\"300\" height=\"169\" srcset=\"https:\/\/www.arteco-global.com\/wp-content\/uploads\/2024\/10\/construction.jpg 300w, https:\/\/www.arteco-global.com\/wp-content\/uploads\/2024\/10\/construction-107x60.jpg 107w\" sizes=\"(max-width: 300px) 100vw, 300px\" \/><\/p>\n<p><strong>Obras y log\u00edstica<\/strong><\/p>\n<p>Mantenga altos est\u00e1ndares de seguridad<br \/>\nverificando autom\u00e1ticamente el uso<br \/>\nde equipos de protecci\u00f3n (EPI),<br \/>\ngestionando de forma inteligente<br \/>\nel acceso a las obras de construcci\u00f3n<br \/>\no zonas de riesgo en tiempo real.<\/td>\n<td style=\"width: 33.3333%; text-align: center; vertical-align: top;\"><img loading=\"lazy\" decoding=\"async\" class=\"alignnone size-full wp-image-36450\" src=\"https:\/\/www.arteco-global.com\/wp-content\/uploads\/2024\/10\/smartcity.jpg\" alt=\"\" width=\"300\" height=\"169\" srcset=\"https:\/\/www.arteco-global.com\/wp-content\/uploads\/2024\/10\/smartcity.jpg 300w, https:\/\/www.arteco-global.com\/wp-content\/uploads\/2024\/10\/smartcity-107x60.jpg 107w\" sizes=\"(max-width: 300px) 100vw, 300px\" \/><\/p>\n<p><strong>Ciudades inteligentes <\/strong><strong>y seguridad p\u00fablica <\/strong><\/p>\n<p>Nuestras soluciones de monitoreo<br \/>\ncontinuo ayudan a proteger las ciudades<br \/>\ninteligentes, previniendo incidentes<br \/>\ny mejorando la eficiencia de las<br \/>\noperaciones de seguridad.<\/td>\n<\/tr>\n<\/tbody>\n<\/table>\n<hr \/>\n<h3>Beneficios de la soluci\u00f3n<\/h3>\n<ul>\n<li><strong>Seguridad mejorada<br \/>\n<\/strong>Nuestros algoritmos de detecci\u00f3n avanzados ofrecen protecci\u00f3n en tiempo real contra comportamientos sospechosos, lo que ayuda a las empresas a responder r\u00e1pidamente a cualquier amenaza.<\/li>\n<li><strong>Integraci\u00f3n sin fisuras<br \/>\n<\/strong>Dise\u00f1ada para funcionar con Omnia Extreme VMS y uSee VsaaS, nuestra tecnolog\u00eda se integra f\u00e1cilmente en los sistemas existentes, ofreciendo una gesti\u00f3n de seguridad centralizada.<\/li>\n<li><strong>Tecnolog\u00eda avanzada de aprendizaje profundo<\/strong><br \/>\nLos algoritmos de aprendizaje profundo garantizan un an\u00e1lisis de v\u00eddeo preciso y detallado, lo que permite adaptar la soluci\u00f3n a las diferentes necesidades operativas.<\/li>\n<li><strong>Soluci\u00f3n escalable y flexible<\/strong><br \/>\nApta para todo tipo de negocios, desde peque\u00f1as empresas hasta grandes infraestructuras, nuestra tecnolog\u00eda se adapta a las c\u00e1maras que ya tienes instaladas y est\u00e1 dise\u00f1ada para crecer con tus necesidades.<\/li>\n<\/ul>\n<p>&nbsp;<\/p>\n","protected":false},"excerpt":{"rendered":"<p>Nuestra soluci\u00f3n de an\u00e1lisis de v\u00eddeo avanzada VCA Behaviour integra [&hellip;]<\/p>\n","protected":false},"author":4,"featured_media":36459,"parent":18041,"menu_order":0,"comment_status":"closed","ping_status":"closed","template":"template-page-con-download-link.php","meta":{"footnotes":""},"yoast_head":"<!-- This site is optimized with the Yoast SEO plugin v22.8 - https:\/\/yoast.com\/wordpress\/plugins\/seo\/ -->\n<title>VCA Behaviour - Arteco<\/title>\n<meta name=\"robots\" content=\"index, follow, max-snippet:-1, max-image-preview:large, max-video-preview:-1\" \/>\n<link rel=\"canonical\" href=\"https:\/\/www.arteco-global.com\/es\/video-security\/software-solutions\/vca-behaviour\/\" \/>\n<meta property=\"og:locale\" content=\"es_ES\" \/>\n<meta property=\"og:type\" content=\"article\" \/>\n<meta property=\"og:title\" content=\"VCA Behaviour - Arteco\" \/>\n<meta property=\"og:description\" content=\"Nuestra soluci\u00f3n de an\u00e1lisis de v\u00eddeo avanzada VCA Behaviour integra [&hellip;]\" \/>\n<meta property=\"og:url\" content=\"https:\/\/www.arteco-global.com\/es\/video-security\/software-solutions\/vca-behaviour\/\" \/>\n<meta property=\"og:site_name\" content=\"Arteco\" \/>\n<meta property=\"article:modified_time\" content=\"2024-10-30T14:00:38+00:00\" \/>\n<meta property=\"og:image\" content=\"https:\/\/www.arteco-global.com\/wp-content\/uploads\/2024\/10\/vca-behaviour-banner-scaled.jpg\" \/>\n\t<meta property=\"og:image:width\" content=\"2560\" \/>\n\t<meta property=\"og:image:height\" content=\"800\" \/>\n\t<meta property=\"og:image:type\" content=\"image\/jpeg\" \/>\n<meta name=\"twitter:card\" content=\"summary_large_image\" \/>\n<meta name=\"twitter:label1\" content=\"Tiempo de lectura\" \/>\n\t<meta name=\"twitter:data1\" content=\"3 minutos\" \/>\n<script type=\"application\/ld+json\" class=\"yoast-schema-graph\">{\"@context\":\"https:\/\/schema.org\",\"@graph\":[{\"@type\":\"WebPage\",\"@id\":\"https:\/\/www.arteco-global.com\/es\/video-security\/software-solutions\/vca-behaviour\/\",\"url\":\"https:\/\/www.arteco-global.com\/es\/video-security\/software-solutions\/vca-behaviour\/\",\"name\":\"VCA Behaviour - Arteco\",\"isPartOf\":{\"@id\":\"https:\/\/www.arteco-global.com\/en\/#website\"},\"primaryImageOfPage\":{\"@id\":\"https:\/\/www.arteco-global.com\/es\/video-security\/software-solutions\/vca-behaviour\/#primaryimage\"},\"image\":{\"@id\":\"https:\/\/www.arteco-global.com\/es\/video-security\/software-solutions\/vca-behaviour\/#primaryimage\"},\"thumbnailUrl\":\"https:\/\/www.arteco-global.com\/wp-content\/uploads\/2024\/10\/vca-behaviour-banner-scaled.jpg\",\"datePublished\":\"2024-10-30T13:44:20+00:00\",\"dateModified\":\"2024-10-30T14:00:38+00:00\",\"breadcrumb\":{\"@id\":\"https:\/\/www.arteco-global.com\/es\/video-security\/software-solutions\/vca-behaviour\/#breadcrumb\"},\"inLanguage\":\"es\",\"potentialAction\":[{\"@type\":\"ReadAction\",\"target\":[\"https:\/\/www.arteco-global.com\/es\/video-security\/software-solutions\/vca-behaviour\/\"]}]},{\"@type\":\"ImageObject\",\"inLanguage\":\"es\",\"@id\":\"https:\/\/www.arteco-global.com\/es\/video-security\/software-solutions\/vca-behaviour\/#primaryimage\",\"url\":\"https:\/\/www.arteco-global.com\/wp-content\/uploads\/2024\/10\/vca-behaviour-banner-scaled.jpg\",\"contentUrl\":\"https:\/\/www.arteco-global.com\/wp-content\/uploads\/2024\/10\/vca-behaviour-banner-scaled.jpg\",\"width\":2560,\"height\":800},{\"@type\":\"BreadcrumbList\",\"@id\":\"https:\/\/www.arteco-global.com\/es\/video-security\/software-solutions\/vca-behaviour\/#breadcrumb\",\"itemListElement\":[{\"@type\":\"ListItem\",\"position\":1,\"name\":\"Home\",\"item\":\"https:\/\/www.arteco-global.com\/es\/\"},{\"@type\":\"ListItem\",\"position\":2,\"name\":\"Video Security\",\"item\":\"https:\/\/www.arteco-global.com\/es\/video-security\/\"},{\"@type\":\"ListItem\",\"position\":3,\"name\":\"Software Solutions\",\"item\":\"https:\/\/www.arteco-global.com\/es\/video-security\/software-solutions\/\"},{\"@type\":\"ListItem\",\"position\":4,\"name\":\"VCA Behaviour\"}]},{\"@type\":\"WebSite\",\"@id\":\"https:\/\/www.arteco-global.com\/en\/#website\",\"url\":\"https:\/\/www.arteco-global.com\/en\/\",\"name\":\"Arteco\",\"description\":\"\",\"potentialAction\":[{\"@type\":\"SearchAction\",\"target\":{\"@type\":\"EntryPoint\",\"urlTemplate\":\"https:\/\/www.arteco-global.com\/en\/?s={search_term_string}\"},\"query-input\":\"required name=search_term_string\"}],\"inLanguage\":\"es\"}]}<\/script>\n<!-- \/ Yoast SEO plugin. -->","yoast_head_json":{"title":"VCA Behaviour - Arteco","robots":{"index":"index","follow":"follow","max-snippet":"max-snippet:-1","max-image-preview":"max-image-preview:large","max-video-preview":"max-video-preview:-1"},"canonical":"https:\/\/www.arteco-global.com\/es\/video-security\/software-solutions\/vca-behaviour\/","og_locale":"es_ES","og_type":"article","og_title":"VCA Behaviour - Arteco","og_description":"Nuestra soluci\u00f3n de an\u00e1lisis de v\u00eddeo avanzada VCA Behaviour integra [&hellip;]","og_url":"https:\/\/www.arteco-global.com\/es\/video-security\/software-solutions\/vca-behaviour\/","og_site_name":"Arteco","article_modified_time":"2024-10-30T14:00:38+00:00","og_image":[{"width":2560,"height":800,"url":"https:\/\/www.arteco-global.com\/wp-content\/uploads\/2024\/10\/vca-behaviour-banner-scaled.jpg","type":"image\/jpeg"}],"twitter_card":"summary_large_image","twitter_misc":{"Tiempo de lectura":"3 minutos"},"schema":{"@context":"https:\/\/schema.org","@graph":[{"@type":"WebPage","@id":"https:\/\/www.arteco-global.com\/es\/video-security\/software-solutions\/vca-behaviour\/","url":"https:\/\/www.arteco-global.com\/es\/video-security\/software-solutions\/vca-behaviour\/","name":"VCA Behaviour - Arteco","isPartOf":{"@id":"https:\/\/www.arteco-global.com\/en\/#website"},"primaryImageOfPage":{"@id":"https:\/\/www.arteco-global.com\/es\/video-security\/software-solutions\/vca-behaviour\/#primaryimage"},"image":{"@id":"https:\/\/www.arteco-global.com\/es\/video-security\/software-solutions\/vca-behaviour\/#primaryimage"},"thumbnailUrl":"https:\/\/www.arteco-global.com\/wp-content\/uploads\/2024\/10\/vca-behaviour-banner-scaled.jpg","datePublished":"2024-10-30T13:44:20+00:00","dateModified":"2024-10-30T14:00:38+00:00","breadcrumb":{"@id":"https:\/\/www.arteco-global.com\/es\/video-security\/software-solutions\/vca-behaviour\/#breadcrumb"},"inLanguage":"es","potentialAction":[{"@type":"ReadAction","target":["https:\/\/www.arteco-global.com\/es\/video-security\/software-solutions\/vca-behaviour\/"]}]},{"@type":"ImageObject","inLanguage":"es","@id":"https:\/\/www.arteco-global.com\/es\/video-security\/software-solutions\/vca-behaviour\/#primaryimage","url":"https:\/\/www.arteco-global.com\/wp-content\/uploads\/2024\/10\/vca-behaviour-banner-scaled.jpg","contentUrl":"https:\/\/www.arteco-global.com\/wp-content\/uploads\/2024\/10\/vca-behaviour-banner-scaled.jpg","width":2560,"height":800},{"@type":"BreadcrumbList","@id":"https:\/\/www.arteco-global.com\/es\/video-security\/software-solutions\/vca-behaviour\/#breadcrumb","itemListElement":[{"@type":"ListItem","position":1,"name":"Home","item":"https:\/\/www.arteco-global.com\/es\/"},{"@type":"ListItem","position":2,"name":"Video Security","item":"https:\/\/www.arteco-global.com\/es\/video-security\/"},{"@type":"ListItem","position":3,"name":"Software Solutions","item":"https:\/\/www.arteco-global.com\/es\/video-security\/software-solutions\/"},{"@type":"ListItem","position":4,"name":"VCA Behaviour"}]},{"@type":"WebSite","@id":"https:\/\/www.arteco-global.com\/en\/#website","url":"https:\/\/www.arteco-global.com\/en\/","name":"Arteco","description":"","potentialAction":[{"@type":"SearchAction","target":{"@type":"EntryPoint","urlTemplate":"https:\/\/www.arteco-global.com\/en\/?s={search_term_string}"},"query-input":"required name=search_term_string"}],"inLanguage":"es"}]}},"_links":{"self":[{"href":"https:\/\/www.arteco-global.com\/es\/wp-json\/wp\/v2\/pages\/36462"}],"collection":[{"href":"https:\/\/www.arteco-global.com\/es\/wp-json\/wp\/v2\/pages"}],"about":[{"href":"https:\/\/www.arteco-global.com\/es\/wp-json\/wp\/v2\/types\/page"}],"author":[{"embeddable":true,"href":"https:\/\/www.arteco-global.com\/es\/wp-json\/wp\/v2\/users\/4"}],"replies":[{"embeddable":true,"href":"https:\/\/www.arteco-global.com\/es\/wp-json\/wp\/v2\/comments?post=36462"}],"version-history":[{"count":3,"href":"https:\/\/www.arteco-global.com\/es\/wp-json\/wp\/v2\/pages\/36462\/revisions"}],"predecessor-version":[{"id":36469,"href":"https:\/\/www.arteco-global.com\/es\/wp-json\/wp\/v2\/pages\/36462\/revisions\/36469"}],"up":[{"embeddable":true,"href":"https:\/\/www.arteco-global.com\/es\/wp-json\/wp\/v2\/pages\/18041"}],"wp:featuredmedia":[{"embeddable":true,"href":"https:\/\/www.arteco-global.com\/es\/wp-json\/wp\/v2\/media\/36459"}],"wp:attachment":[{"href":"https:\/\/www.arteco-global.com\/es\/wp-json\/wp\/v2\/media?parent=36462"}],"curies":[{"name":"wp","href":"https:\/\/api.w.org\/{rel}","templated":true}]}}