{"id":34740,"date":"2023-01-12T11:03:25","date_gmt":"2023-01-12T10:03:25","guid":{"rendered":"https:\/\/www.arteco-global.com\/asistencia\/integrations\/"},"modified":"2023-01-13T12:25:55","modified_gmt":"2023-01-13T11:25:55","slug":"integraciones","status":"publish","type":"page","link":"https:\/\/www.arteco-global.com\/es\/asistencia\/integraciones\/","title":{"rendered":"Integraciones"},"content":{"rendered":"<p>Las API son <strong>mecanismos que permiten que el software y las aplicaciones se comuniquen utilizando un conjunto de definiciones y protocolos.<\/strong> Se utilizan con frecuencia para integrar de forma r\u00e1pida y flexible nuevas aplicaciones o desarrollos con los sistemas de software existentes ya que, al establecer un procedimiento codificado y ampliamente reconocido, no requieren desarrollar cada funci\u00f3n desde cero.<\/p>\n<p>Las <strong>API REST<\/strong>, en particular, son el tipo m\u00e1s utilizado por los desarrolladores en la actualidad. Arteco pone a su disposici\u00f3n en esta p\u00e1gina <strong>la documentaci\u00f3n necesaria para el desarrollo de integraciones v\u00eda API REST<\/strong>, brind\u00e1ndole acceso a informaci\u00f3n \u00fatil para interconectar el Software de Gesti\u00f3n de Video Omnia y su aplicaci\u00f3n.<\/p>\n<p><strong>API REST de Arteco:<\/strong> <a href=\"https:\/\/arteco-global.github.io\/Mobile-API-Docs\/\">https:\/\/arteco-global.github.io\/Mobile-API-Docs\/\u00a0<\/a><\/p>\n<p><strong>Documentaci\u00f3n:<\/strong> <a href=\"https:\/\/arteco-global.github.io\/integrations\/documentation\/index.html\">https:\/\/arteco-global.github.io\/integrations\/documentation\/index.html<\/a><\/p>\n<p>En los documentos enlazados te explicamos:<\/p>\n<ul>\n<li>C\u00f3mo acceder a la plataforma desde la API REST y obtener un token de acceso (se puede desactivar)<\/li>\n<li>C\u00f3mo enviar eventos a la plataforma<\/li>\n<li>C\u00f3mo adjuntar im\u00e1genes personalizadas al evento y muchas otras caracter\u00edsticas.<\/li>\n<\/ul>\n","protected":false},"excerpt":{"rendered":"<p>Las API son mecanismos que permiten que el software y [&hellip;]<\/p>\n","protected":false},"author":2094,"featured_media":0,"parent":18580,"menu_order":50,"comment_status":"closed","ping_status":"closed","template":"template-integration.php","meta":{"footnotes":""},"yoast_head":"<!-- This site is optimized with the Yoast SEO plugin v22.8 - https:\/\/yoast.com\/wordpress\/plugins\/seo\/ -->\n<title>Integraciones - Arteco<\/title>\n<meta name=\"robots\" content=\"index, follow, max-snippet:-1, max-image-preview:large, max-video-preview:-1\" \/>\n<link rel=\"canonical\" href=\"https:\/\/www.arteco-global.com\/es\/asistencia\/integraciones\/\" \/>\n<meta property=\"og:locale\" content=\"es_ES\" \/>\n<meta property=\"og:type\" content=\"article\" \/>\n<meta property=\"og:title\" content=\"Integraciones - Arteco\" \/>\n<meta property=\"og:description\" content=\"Las API son mecanismos que permiten que el software y [&hellip;]\" \/>\n<meta property=\"og:url\" content=\"https:\/\/www.arteco-global.com\/es\/asistencia\/integraciones\/\" \/>\n<meta property=\"og:site_name\" content=\"Arteco\" \/>\n<meta property=\"article:modified_time\" content=\"2023-01-13T11:25:55+00:00\" \/>\n<meta name=\"twitter:card\" content=\"summary_large_image\" \/>\n<meta name=\"twitter:label1\" content=\"Tiempo de lectura\" \/>\n\t<meta name=\"twitter:data1\" content=\"1 minuto\" \/>\n<script type=\"application\/ld+json\" class=\"yoast-schema-graph\">{\"@context\":\"https:\/\/schema.org\",\"@graph\":[{\"@type\":\"WebPage\",\"@id\":\"https:\/\/www.arteco-global.com\/es\/asistencia\/integraciones\/\",\"url\":\"https:\/\/www.arteco-global.com\/es\/asistencia\/integraciones\/\",\"name\":\"Integraciones - Arteco\",\"isPartOf\":{\"@id\":\"https:\/\/www.arteco-global.com\/en\/#website\"},\"datePublished\":\"2023-01-12T10:03:25+00:00\",\"dateModified\":\"2023-01-13T11:25:55+00:00\",\"breadcrumb\":{\"@id\":\"https:\/\/www.arteco-global.com\/es\/asistencia\/integraciones\/#breadcrumb\"},\"inLanguage\":\"es\",\"potentialAction\":[{\"@type\":\"ReadAction\",\"target\":[\"https:\/\/www.arteco-global.com\/es\/asistencia\/integraciones\/\"]}]},{\"@type\":\"BreadcrumbList\",\"@id\":\"https:\/\/www.arteco-global.com\/es\/asistencia\/integraciones\/#breadcrumb\",\"itemListElement\":[{\"@type\":\"ListItem\",\"position\":1,\"name\":\"Home\",\"item\":\"https:\/\/www.arteco-global.com\/es\/\"},{\"@type\":\"ListItem\",\"position\":2,\"name\":\"Asistencia\",\"item\":\"https:\/\/www.arteco-global.com\/es\/asistencia\/\"},{\"@type\":\"ListItem\",\"position\":3,\"name\":\"Integraciones\"}]},{\"@type\":\"WebSite\",\"@id\":\"https:\/\/www.arteco-global.com\/en\/#website\",\"url\":\"https:\/\/www.arteco-global.com\/en\/\",\"name\":\"Arteco\",\"description\":\"\",\"potentialAction\":[{\"@type\":\"SearchAction\",\"target\":{\"@type\":\"EntryPoint\",\"urlTemplate\":\"https:\/\/www.arteco-global.com\/en\/?s={search_term_string}\"},\"query-input\":\"required name=search_term_string\"}],\"inLanguage\":\"es\"}]}<\/script>\n<!-- \/ Yoast SEO plugin. -->","yoast_head_json":{"title":"Integraciones - Arteco","robots":{"index":"index","follow":"follow","max-snippet":"max-snippet:-1","max-image-preview":"max-image-preview:large","max-video-preview":"max-video-preview:-1"},"canonical":"https:\/\/www.arteco-global.com\/es\/asistencia\/integraciones\/","og_locale":"es_ES","og_type":"article","og_title":"Integraciones - Arteco","og_description":"Las API son mecanismos que permiten que el software y [&hellip;]","og_url":"https:\/\/www.arteco-global.com\/es\/asistencia\/integraciones\/","og_site_name":"Arteco","article_modified_time":"2023-01-13T11:25:55+00:00","twitter_card":"summary_large_image","twitter_misc":{"Tiempo de lectura":"1 minuto"},"schema":{"@context":"https:\/\/schema.org","@graph":[{"@type":"WebPage","@id":"https:\/\/www.arteco-global.com\/es\/asistencia\/integraciones\/","url":"https:\/\/www.arteco-global.com\/es\/asistencia\/integraciones\/","name":"Integraciones - Arteco","isPartOf":{"@id":"https:\/\/www.arteco-global.com\/en\/#website"},"datePublished":"2023-01-12T10:03:25+00:00","dateModified":"2023-01-13T11:25:55+00:00","breadcrumb":{"@id":"https:\/\/www.arteco-global.com\/es\/asistencia\/integraciones\/#breadcrumb"},"inLanguage":"es","potentialAction":[{"@type":"ReadAction","target":["https:\/\/www.arteco-global.com\/es\/asistencia\/integraciones\/"]}]},{"@type":"BreadcrumbList","@id":"https:\/\/www.arteco-global.com\/es\/asistencia\/integraciones\/#breadcrumb","itemListElement":[{"@type":"ListItem","position":1,"name":"Home","item":"https:\/\/www.arteco-global.com\/es\/"},{"@type":"ListItem","position":2,"name":"Asistencia","item":"https:\/\/www.arteco-global.com\/es\/asistencia\/"},{"@type":"ListItem","position":3,"name":"Integraciones"}]},{"@type":"WebSite","@id":"https:\/\/www.arteco-global.com\/en\/#website","url":"https:\/\/www.arteco-global.com\/en\/","name":"Arteco","description":"","potentialAction":[{"@type":"SearchAction","target":{"@type":"EntryPoint","urlTemplate":"https:\/\/www.arteco-global.com\/en\/?s={search_term_string}"},"query-input":"required name=search_term_string"}],"inLanguage":"es"}]}},"_links":{"self":[{"href":"https:\/\/www.arteco-global.com\/es\/wp-json\/wp\/v2\/pages\/34740"}],"collection":[{"href":"https:\/\/www.arteco-global.com\/es\/wp-json\/wp\/v2\/pages"}],"about":[{"href":"https:\/\/www.arteco-global.com\/es\/wp-json\/wp\/v2\/types\/page"}],"author":[{"embeddable":true,"href":"https:\/\/www.arteco-global.com\/es\/wp-json\/wp\/v2\/users\/2094"}],"replies":[{"embeddable":true,"href":"https:\/\/www.arteco-global.com\/es\/wp-json\/wp\/v2\/comments?post=34740"}],"version-history":[{"count":5,"href":"https:\/\/www.arteco-global.com\/es\/wp-json\/wp\/v2\/pages\/34740\/revisions"}],"predecessor-version":[{"id":34760,"href":"https:\/\/www.arteco-global.com\/es\/wp-json\/wp\/v2\/pages\/34740\/revisions\/34760"}],"up":[{"embeddable":true,"href":"https:\/\/www.arteco-global.com\/es\/wp-json\/wp\/v2\/pages\/18580"}],"wp:attachment":[{"href":"https:\/\/www.arteco-global.com\/es\/wp-json\/wp\/v2\/media?parent=34740"}],"curies":[{"name":"wp","href":"https:\/\/api.w.org\/{rel}","templated":true}]}}