{"id":33706,"date":"2021-11-10T12:21:52","date_gmt":"2021-11-10T11:21:52","guid":{"rendered":"https:\/\/www.arteco-global.com\/?page_id=33706"},"modified":"2026-01-12T12:12:22","modified_gmt":"2026-01-12T11:12:22","slug":"usee","status":"publish","type":"page","link":"https:\/\/www.arteco-global.com\/es\/video-security\/software-solutions\/usee\/","title":{"rendered":"uSee"},"content":{"rendered":"<p data-start=\"845\" data-end=\"1019\">uSee es una plataforma web cloud-managed para el control unificado de los sistemas de seguridad, disponible con <strong data-start=\"957\" data-end=\"992\">licencias VSaaS por suscripci\u00f3n<\/strong> y <strong data-start=\"995\" data-end=\"1018\">licencias perpetuas<\/strong>.<\/p>\n<p data-start=\"1021\" data-end=\"1303\">Dise\u00f1ada para ofrecer la m\u00e1xima facilidad de uso y una gesti\u00f3n eficiente de eventos, uSee es compatible con pr\u00e1cticamente todas las c\u00e1maras y sensores de detecci\u00f3n.<\/p>\n<p data-start=\"1021\" data-end=\"1303\">Accede a tu sistema en cualquier momento, desde cualquier lugar y desde cualquier dispositivo conectado a Internet.<\/p>\n<p data-start=\"1305\" data-end=\"1454\">Desde instalaciones <strong data-start=\"1325\" data-end=\"1339\">on-premise<\/strong> hasta arquitecturas <strong data-start=\"1360\" data-end=\"1376\">hybrid cloud<\/strong>, uSee se adapta a tu infraestructura y a tu modelo de negocio, y no al rev\u00e9s.<\/p>\n<h2 style=\"text-align: center;\"><a href=\"https:\/\/usee.cloud\/es\/\" target=\"_blank\" rel=\"noopener\"><span style=\"text-decoration: underline; color: #b11116;\"><strong>Ir al sitio web de uSee<\/strong><\/span><\/a><\/h2>\n<hr \/>\n<p><iframe loading=\"lazy\" title=\"YouTube video player\" src=\"https:\/\/www.youtube.com\/embed\/2z_xhzKHjS0?si=3vzcMempDeKRjlR8\" width=\"560\" height=\"315\" frameborder=\"0\" allowfullscreen=\"allowfullscreen\"><\/iframe><\/p>\n<hr \/>\n<h2>Las ventajas \u00daNICAS de uSee<\/h2>\n<ol>\n<li>Disponible desde <strong>cualquier dispositivo<\/strong><\/li>\n<li><strong>Creaci\u00f3n instant\u00e1nea<\/strong> de eventos y automatizaciones<\/li>\n<li>Funciones exclusivas como<strong> an\u00e1lisis de v\u00eddeo con IA<\/strong>, b\u00fasqueda forense, seguimiento de objetivos y etiquetado<\/li>\n<li>Una plataforma abierta con certificaci\u00f3n ONVIF\u00ae <strong>interoperable con todos los dispositivos de seguridad y an\u00e1lisis de v\u00eddeo<\/strong><\/li>\n<li>Chat y videollamadas con otros usuarios para <strong>compartir informaci\u00f3n e intervenciones<\/strong><\/li>\n<li>Soporte, <strong>actualizaciones y revisiones peri\u00f3dicas<\/strong> siempre incluidas<\/li>\n<li>Un sistema <strong>ciberseguro y siempre actualizado<\/strong><\/li>\n<\/ol>\n<p>&nbsp;<\/p>\n<h2 style=\"text-align: center;\">Si su objetivo es la m\u00e1xima operatividad de su VMS, <strong>uSee<\/strong> es la mejor opci\u00f3n para usted.<\/h2>\n<p><img loading=\"lazy\" decoding=\"async\" class=\"aligncenter size-large wp-image-35836\" src=\"https:\/\/www.arteco-global.com\/wp-content\/uploads\/2024\/02\/monitor-sito-1024x565.png\" alt=\"\" width=\"1024\" height=\"565\" srcset=\"https:\/\/www.arteco-global.com\/wp-content\/uploads\/2024\/02\/monitor-sito-1024x565.png 1024w, https:\/\/www.arteco-global.com\/wp-content\/uploads\/2024\/02\/monitor-sito-660x364.png 660w, https:\/\/www.arteco-global.com\/wp-content\/uploads\/2024\/02\/monitor-sito-768x424.png 768w, https:\/\/www.arteco-global.com\/wp-content\/uploads\/2024\/02\/monitor-sito-1536x847.png 1536w, https:\/\/www.arteco-global.com\/wp-content\/uploads\/2024\/02\/monitor-sito-2048x1129.png 2048w, https:\/\/www.arteco-global.com\/wp-content\/uploads\/2024\/02\/monitor-sito-110x60.png 110w\" sizes=\"(max-width: 1024px) 100vw, 1024px\" \/><\/p>\n","protected":false},"excerpt":{"rendered":"<p>uSee es una plataforma web cloud-managed para el control unificado [&hellip;]<\/p>\n","protected":false},"author":8,"featured_media":35709,"parent":18041,"menu_order":0,"comment_status":"open","ping_status":"open","template":"template-page-con-download-link.php","meta":{"footnotes":""},"yoast_head":"<!-- This site is optimized with the Yoast SEO plugin v22.8 - https:\/\/yoast.com\/wordpress\/plugins\/seo\/ -->\n<title>uSee - Arteco<\/title>\n<meta name=\"robots\" content=\"index, follow, max-snippet:-1, max-image-preview:large, max-video-preview:-1\" \/>\n<link rel=\"canonical\" href=\"https:\/\/www.arteco-global.com\/es\/video-security\/software-solutions\/usee\/\" \/>\n<meta property=\"og:locale\" content=\"es_ES\" \/>\n<meta property=\"og:type\" content=\"article\" \/>\n<meta property=\"og:title\" content=\"uSee - Arteco\" \/>\n<meta property=\"og:description\" content=\"uSee es una plataforma web cloud-managed para el control unificado [&hellip;]\" \/>\n<meta property=\"og:url\" content=\"https:\/\/www.arteco-global.com\/es\/video-security\/software-solutions\/usee\/\" \/>\n<meta property=\"og:site_name\" content=\"Arteco\" \/>\n<meta property=\"article:modified_time\" content=\"2026-01-12T11:12:22+00:00\" \/>\n<meta property=\"og:image\" content=\"https:\/\/www.arteco-global.com\/wp-content\/uploads\/2024\/02\/usee-header-2-scaled-1.jpg\" \/>\n\t<meta property=\"og:image:width\" content=\"2560\" \/>\n\t<meta property=\"og:image:height\" content=\"800\" \/>\n\t<meta property=\"og:image:type\" content=\"image\/jpeg\" \/>\n<meta name=\"twitter:card\" content=\"summary_large_image\" \/>\n<meta name=\"twitter:label1\" content=\"Tiempo de lectura\" \/>\n\t<meta name=\"twitter:data1\" content=\"2 minutos\" \/>\n<script type=\"application\/ld+json\" class=\"yoast-schema-graph\">{\"@context\":\"https:\/\/schema.org\",\"@graph\":[{\"@type\":\"WebPage\",\"@id\":\"https:\/\/www.arteco-global.com\/es\/video-security\/software-solutions\/usee\/\",\"url\":\"https:\/\/www.arteco-global.com\/es\/video-security\/software-solutions\/usee\/\",\"name\":\"uSee - Arteco\",\"isPartOf\":{\"@id\":\"https:\/\/www.arteco-global.com\/en\/#website\"},\"primaryImageOfPage\":{\"@id\":\"https:\/\/www.arteco-global.com\/es\/video-security\/software-solutions\/usee\/#primaryimage\"},\"image\":{\"@id\":\"https:\/\/www.arteco-global.com\/es\/video-security\/software-solutions\/usee\/#primaryimage\"},\"thumbnailUrl\":\"https:\/\/www.arteco-global.com\/wp-content\/uploads\/2024\/02\/usee-header-2-scaled-1.jpg\",\"datePublished\":\"2021-11-10T11:21:52+00:00\",\"dateModified\":\"2026-01-12T11:12:22+00:00\",\"breadcrumb\":{\"@id\":\"https:\/\/www.arteco-global.com\/es\/video-security\/software-solutions\/usee\/#breadcrumb\"},\"inLanguage\":\"es\",\"potentialAction\":[{\"@type\":\"ReadAction\",\"target\":[\"https:\/\/www.arteco-global.com\/es\/video-security\/software-solutions\/usee\/\"]}]},{\"@type\":\"ImageObject\",\"inLanguage\":\"es\",\"@id\":\"https:\/\/www.arteco-global.com\/es\/video-security\/software-solutions\/usee\/#primaryimage\",\"url\":\"https:\/\/www.arteco-global.com\/wp-content\/uploads\/2024\/02\/usee-header-2-scaled-1.jpg\",\"contentUrl\":\"https:\/\/www.arteco-global.com\/wp-content\/uploads\/2024\/02\/usee-header-2-scaled-1.jpg\",\"width\":2560,\"height\":800},{\"@type\":\"BreadcrumbList\",\"@id\":\"https:\/\/www.arteco-global.com\/es\/video-security\/software-solutions\/usee\/#breadcrumb\",\"itemListElement\":[{\"@type\":\"ListItem\",\"position\":1,\"name\":\"Home\",\"item\":\"https:\/\/www.arteco-global.com\/es\/\"},{\"@type\":\"ListItem\",\"position\":2,\"name\":\"Video Security\",\"item\":\"https:\/\/www.arteco-global.com\/es\/video-security\/\"},{\"@type\":\"ListItem\",\"position\":3,\"name\":\"Software Solutions\",\"item\":\"https:\/\/www.arteco-global.com\/es\/video-security\/software-solutions\/\"},{\"@type\":\"ListItem\",\"position\":4,\"name\":\"uSee\"}]},{\"@type\":\"WebSite\",\"@id\":\"https:\/\/www.arteco-global.com\/en\/#website\",\"url\":\"https:\/\/www.arteco-global.com\/en\/\",\"name\":\"Arteco\",\"description\":\"\",\"potentialAction\":[{\"@type\":\"SearchAction\",\"target\":{\"@type\":\"EntryPoint\",\"urlTemplate\":\"https:\/\/www.arteco-global.com\/en\/?s={search_term_string}\"},\"query-input\":\"required name=search_term_string\"}],\"inLanguage\":\"es\"}]}<\/script>\n<!-- \/ Yoast SEO plugin. -->","yoast_head_json":{"title":"uSee - Arteco","robots":{"index":"index","follow":"follow","max-snippet":"max-snippet:-1","max-image-preview":"max-image-preview:large","max-video-preview":"max-video-preview:-1"},"canonical":"https:\/\/www.arteco-global.com\/es\/video-security\/software-solutions\/usee\/","og_locale":"es_ES","og_type":"article","og_title":"uSee - Arteco","og_description":"uSee es una plataforma web cloud-managed para el control unificado [&hellip;]","og_url":"https:\/\/www.arteco-global.com\/es\/video-security\/software-solutions\/usee\/","og_site_name":"Arteco","article_modified_time":"2026-01-12T11:12:22+00:00","og_image":[{"width":2560,"height":800,"url":"https:\/\/www.arteco-global.com\/wp-content\/uploads\/2024\/02\/usee-header-2-scaled-1.jpg","type":"image\/jpeg"}],"twitter_card":"summary_large_image","twitter_misc":{"Tiempo de lectura":"2 minutos"},"schema":{"@context":"https:\/\/schema.org","@graph":[{"@type":"WebPage","@id":"https:\/\/www.arteco-global.com\/es\/video-security\/software-solutions\/usee\/","url":"https:\/\/www.arteco-global.com\/es\/video-security\/software-solutions\/usee\/","name":"uSee - Arteco","isPartOf":{"@id":"https:\/\/www.arteco-global.com\/en\/#website"},"primaryImageOfPage":{"@id":"https:\/\/www.arteco-global.com\/es\/video-security\/software-solutions\/usee\/#primaryimage"},"image":{"@id":"https:\/\/www.arteco-global.com\/es\/video-security\/software-solutions\/usee\/#primaryimage"},"thumbnailUrl":"https:\/\/www.arteco-global.com\/wp-content\/uploads\/2024\/02\/usee-header-2-scaled-1.jpg","datePublished":"2021-11-10T11:21:52+00:00","dateModified":"2026-01-12T11:12:22+00:00","breadcrumb":{"@id":"https:\/\/www.arteco-global.com\/es\/video-security\/software-solutions\/usee\/#breadcrumb"},"inLanguage":"es","potentialAction":[{"@type":"ReadAction","target":["https:\/\/www.arteco-global.com\/es\/video-security\/software-solutions\/usee\/"]}]},{"@type":"ImageObject","inLanguage":"es","@id":"https:\/\/www.arteco-global.com\/es\/video-security\/software-solutions\/usee\/#primaryimage","url":"https:\/\/www.arteco-global.com\/wp-content\/uploads\/2024\/02\/usee-header-2-scaled-1.jpg","contentUrl":"https:\/\/www.arteco-global.com\/wp-content\/uploads\/2024\/02\/usee-header-2-scaled-1.jpg","width":2560,"height":800},{"@type":"BreadcrumbList","@id":"https:\/\/www.arteco-global.com\/es\/video-security\/software-solutions\/usee\/#breadcrumb","itemListElement":[{"@type":"ListItem","position":1,"name":"Home","item":"https:\/\/www.arteco-global.com\/es\/"},{"@type":"ListItem","position":2,"name":"Video Security","item":"https:\/\/www.arteco-global.com\/es\/video-security\/"},{"@type":"ListItem","position":3,"name":"Software Solutions","item":"https:\/\/www.arteco-global.com\/es\/video-security\/software-solutions\/"},{"@type":"ListItem","position":4,"name":"uSee"}]},{"@type":"WebSite","@id":"https:\/\/www.arteco-global.com\/en\/#website","url":"https:\/\/www.arteco-global.com\/en\/","name":"Arteco","description":"","potentialAction":[{"@type":"SearchAction","target":{"@type":"EntryPoint","urlTemplate":"https:\/\/www.arteco-global.com\/en\/?s={search_term_string}"},"query-input":"required name=search_term_string"}],"inLanguage":"es"}]}},"_links":{"self":[{"href":"https:\/\/www.arteco-global.com\/es\/wp-json\/wp\/v2\/pages\/33706"}],"collection":[{"href":"https:\/\/www.arteco-global.com\/es\/wp-json\/wp\/v2\/pages"}],"about":[{"href":"https:\/\/www.arteco-global.com\/es\/wp-json\/wp\/v2\/types\/page"}],"author":[{"embeddable":true,"href":"https:\/\/www.arteco-global.com\/es\/wp-json\/wp\/v2\/users\/8"}],"replies":[{"embeddable":true,"href":"https:\/\/www.arteco-global.com\/es\/wp-json\/wp\/v2\/comments?post=33706"}],"version-history":[{"count":11,"href":"https:\/\/www.arteco-global.com\/es\/wp-json\/wp\/v2\/pages\/33706\/revisions"}],"predecessor-version":[{"id":37475,"href":"https:\/\/www.arteco-global.com\/es\/wp-json\/wp\/v2\/pages\/33706\/revisions\/37475"}],"up":[{"embeddable":true,"href":"https:\/\/www.arteco-global.com\/es\/wp-json\/wp\/v2\/pages\/18041"}],"wp:featuredmedia":[{"embeddable":true,"href":"https:\/\/www.arteco-global.com\/es\/wp-json\/wp\/v2\/media\/35709"}],"wp:attachment":[{"href":"https:\/\/www.arteco-global.com\/es\/wp-json\/wp\/v2\/media?parent=33706"}],"curies":[{"name":"wp","href":"https:\/\/api.w.org\/{rel}","templated":true}]}}