{"id":32623,"date":"2021-08-25T14:20:29","date_gmt":"2021-08-25T12:20:29","guid":{"rendered":"https:\/\/arteco-global.com\/video-security\/software-solutions\/omnia-insight\/"},"modified":"2024-04-18T16:32:11","modified_gmt":"2024-04-18T14:32:11","slug":"insight","status":"publish","type":"page","link":"https:\/\/www.arteco-global.com\/es\/video-security\/software-solutions\/insight\/","title":{"rendered":"INSIGHT"},"content":{"rendered":"<p>Dondequiera que se instale su sistema de seguridad, su correcto funcionamiento es una parte integral de la seguridad en s\u00ed misma. <strong>Insight<\/strong> fue concebida por Arteco como una <strong>plataforma de Business Intelligence<\/strong>, una herramienta eficaz para que los responsables de seguridad y el personal de mantenimiento comprendan mejor el estado de todos los sistemas, los dispositivos integrados y analicen el funcionamiento de los operadores.<\/p>\n<p>Al estar alojado en Amazon AWS, Insight es una <strong>soluci\u00f3n multiusuario y altamente escalable basada en la nube<\/strong>. Accesible a trav\u00e9s de cualquier dispositivo, Insight le permite <strong>administrar y monitorear f\u00e1cilmente<\/strong> cientos de sistemas en una sola plataforma.<\/p>\n<p>Insight se conecta a los VMS de Omnia y uSee y <strong>recopila, clasifica y procesa eventos<\/strong> para producir diagramas intuitivos y f\u00e1ciles de interpretar, a la vez que env\u00eda notificaciones por correo electr\u00f3nico de forma proactiva.<\/p>\n<p>Insight no recibe, ni almacena, ning\u00fan v\u00eddeo, imagen o datos sensibles. No te preocupes. La ciberseguridad y la privacidad son una misi\u00f3n para nosotros.<\/p>\n<p>&nbsp;<\/p>\n<div style=\"width: 1920px;\" class=\"wp-video\"><!--[if lt IE 9]><script>document.createElement('video');<\/script><![endif]-->\n<video class=\"wp-video-shortcode\" id=\"video-32623-1\" width=\"1920\" height=\"1080\" preload=\"metadata\" controls=\"controls\"><source type=\"video\/mp4\" src=\"https:\/\/www.arteco-global.com\/wp-content\/uploads\/2024\/02\/Insight-1.mp4?_=1\" \/><a href=\"https:\/\/www.arteco-global.com\/wp-content\/uploads\/2024\/02\/Insight-1.mp4\">https:\/\/www.arteco-global.com\/wp-content\/uploads\/2024\/02\/Insight-1.mp4<\/a><\/video><\/div>\n<p>Insight es capaz de monitorear, organizar y analizar eventos en tres categor\u00edas:<\/p>\n<p><strong>DIAGN\u00d3STICO DEL SISTEMA<\/strong><\/p>\n<p>En esta categor\u00eda, Insight clasifica y procesa eventos como servidores fuera de l\u00ednea, desconexiones de c\u00e1maras, fallos de almacenamiento en el disco duro y mucho m\u00e1s.<br \/>\nPara tales eventos, Insight tiene una doble funci\u00f3n: no solo recibir y contar eventos, sino tambi\u00e9n analizar la duraci\u00f3n de los eventos. Puede ser muy importante saber durante cu\u00e1nto tiempo ha estado desconectada una c\u00e1mara o si un servidor todav\u00eda est\u00e1 fuera de l\u00ednea.<\/p>\n<p><strong>INFORME DEL DISPOSITIVO<\/strong><\/p>\n<p>Incluye todo un conjunto de herramientas de b\u00fasqueda para analizar todos los eventos generados por los dispositivos integrados, como eventos VCA, reconocimiento de matr\u00edculas, intrusiones, \u00e1reas violadas y muchos otros.<br \/>\nInsight proporciona una visi\u00f3n general de estos eventos, lo que le brinda una comprensi\u00f3n m\u00e1s completa de las fluctuaciones, picos o tendencias de eventos en un \u00e1rea determinada, comprendiendo c\u00f3mo var\u00edan con el tiempo.<br \/>\nA partir de estos informes, por ejemplo, puede identificar r\u00e1pidamente si el an\u00e1lisis de v\u00eddeo est\u00e1 generando demasiadas falsas alarmas, y luego intentar encontrar r\u00e1pidamente el motivo en Omnia o uSee e identificar una calibraci\u00f3n incorrecta o la presencia de vegetaci\u00f3n.<\/p>\n<p><strong>CLASIFICACI\u00d3N DE OPERACIONES<\/strong><\/p>\n<p>Esta herramienta de an\u00e1lisis permite entender c\u00f3mo se gestionan los eventos recibidos por el VMS, qui\u00e9n se hace cargo de ellos y cu\u00e1les se resuelven. Es una forma eficaz de analizar la carga de trabajo de los responsables de seguridad y de hacer m\u00e1s eficiente la gesti\u00f3n de alarmas.<\/p>\n<p>&nbsp;<\/p>\n<div style=\"width: 1920px;\" class=\"wp-video\"><video class=\"wp-video-shortcode\" id=\"video-32623-2\" width=\"1920\" height=\"1080\" preload=\"metadata\" controls=\"controls\"><source type=\"video\/mp4\" src=\"https:\/\/www.arteco-global.com\/wp-content\/uploads\/2024\/02\/Insight-2.mp4?_=2\" \/><a href=\"https:\/\/www.arteco-global.com\/wp-content\/uploads\/2024\/02\/Insight-2.mp4\">https:\/\/www.arteco-global.com\/wp-content\/uploads\/2024\/02\/Insight-2.mp4<\/a><\/video><\/div>\n<p>&nbsp;<\/p>\n<p>La informaci\u00f3n no es solo cuadros de mando. Funciona como una <strong>plataforma proactiva<\/strong> que env\u00eda correos electr\u00f3nicos solo cuando ocurren eventos relevantes, bajo ciertas circunstancias, dependiendo de sus necesidades:<\/p>\n<ol>\n<li>Notificar eventos en directo: Insight env\u00eda una notificaci\u00f3n tan pronto como se produce el evento elegido, sin ning\u00fan an\u00e1lisis.<\/li>\n<li>Eventos agregados en un intervalo de tiempo: una vez definido el evento, Insight env\u00eda una notificaci\u00f3n solo cuando ocurre tantas veces en un intervalo de tiempo especificado. Ejemplo: Insight env\u00eda un correo electr\u00f3nico cuando una c\u00e1mara se desconecta cada minuto (5 veces en 5 minutos).<\/li>\n<li>Notificar eventos persistentes en un intervalo de tiempo: significa que Insight env\u00eda un correo electr\u00f3nico que un evento seleccionado no devuelve dentro de un per\u00edodo de tiempo especificado. Por ejemplo: un servidor que se desconecta y permanece fuera de l\u00ednea durante m\u00e1s de 5 minutos. Nota: Este tipo de notificaci\u00f3n y an\u00e1lisis de eventos solo se aplica a los eventos de diagn\u00f3stico.<\/li>\n<li>Notificar eventos seleccionados por palabras clave: Insight env\u00eda un correo electr\u00f3nico cuando, entre los servidores\/dispositivos seleccionados, la descripci\u00f3n del evento contiene las palabras clave especificadas. Por ejemplo, la palabra clave puede ser una matr\u00edcula, el nombre de una persona o una clase de objeto espec\u00edfica.<\/li>\n<\/ol>\n<h3><strong>No importa d\u00f3nde se encuentre, con Insight tiene el control total de sus sistemas de seguridad.<\/strong><\/h3>\n","protected":false},"excerpt":{"rendered":"<p>Dondequiera que se instale su sistema de seguridad, su correcto [&hellip;]<\/p>\n","protected":false},"author":2094,"featured_media":37382,"parent":18041,"menu_order":185,"comment_status":"closed","ping_status":"closed","template":"template-page-con-download-link.php","meta":{"footnotes":""},"yoast_head":"<!-- This site is optimized with the Yoast SEO plugin v22.8 - https:\/\/yoast.com\/wordpress\/plugins\/seo\/ -->\n<title>INSIGHT - Arteco<\/title>\n<meta name=\"robots\" content=\"index, follow, max-snippet:-1, max-image-preview:large, max-video-preview:-1\" \/>\n<link rel=\"canonical\" href=\"https:\/\/www.arteco-global.com\/es\/video-security\/software-solutions\/insight\/\" \/>\n<meta property=\"og:locale\" content=\"es_ES\" \/>\n<meta property=\"og:type\" content=\"article\" \/>\n<meta property=\"og:title\" content=\"INSIGHT - Arteco\" \/>\n<meta property=\"og:description\" content=\"Dondequiera que se instale su sistema de seguridad, su correcto [&hellip;]\" \/>\n<meta property=\"og:url\" content=\"https:\/\/www.arteco-global.com\/es\/video-security\/software-solutions\/insight\/\" \/>\n<meta property=\"og:site_name\" content=\"Arteco\" \/>\n<meta property=\"article:modified_time\" content=\"2024-04-18T14:32:11+00:00\" \/>\n<meta property=\"og:image\" content=\"https:\/\/www.arteco-global.com\/wp-content\/uploads\/2021\/08\/omnia-insight.jpg\" \/>\n\t<meta property=\"og:image:width\" content=\"1920\" \/>\n\t<meta property=\"og:image:height\" content=\"600\" \/>\n\t<meta property=\"og:image:type\" content=\"image\/jpeg\" \/>\n<meta name=\"twitter:card\" content=\"summary_large_image\" \/>\n<meta name=\"twitter:label1\" content=\"Tiempo de lectura\" \/>\n\t<meta name=\"twitter:data1\" content=\"4 minutos\" \/>\n<script type=\"application\/ld+json\" class=\"yoast-schema-graph\">{\"@context\":\"https:\/\/schema.org\",\"@graph\":[{\"@type\":\"WebPage\",\"@id\":\"https:\/\/www.arteco-global.com\/es\/video-security\/software-solutions\/insight\/\",\"url\":\"https:\/\/www.arteco-global.com\/es\/video-security\/software-solutions\/insight\/\",\"name\":\"INSIGHT - Arteco\",\"isPartOf\":{\"@id\":\"https:\/\/www.arteco-global.com\/en\/#website\"},\"primaryImageOfPage\":{\"@id\":\"https:\/\/www.arteco-global.com\/es\/video-security\/software-solutions\/insight\/#primaryimage\"},\"image\":{\"@id\":\"https:\/\/www.arteco-global.com\/es\/video-security\/software-solutions\/insight\/#primaryimage\"},\"thumbnailUrl\":\"https:\/\/www.arteco-global.com\/wp-content\/uploads\/2025\/11\/insight-banner-scaled.jpg\",\"datePublished\":\"2021-08-25T12:20:29+00:00\",\"dateModified\":\"2024-04-18T14:32:11+00:00\",\"breadcrumb\":{\"@id\":\"https:\/\/www.arteco-global.com\/es\/video-security\/software-solutions\/insight\/#breadcrumb\"},\"inLanguage\":\"es\",\"potentialAction\":[{\"@type\":\"ReadAction\",\"target\":[\"https:\/\/www.arteco-global.com\/es\/video-security\/software-solutions\/insight\/\"]}]},{\"@type\":\"ImageObject\",\"inLanguage\":\"es\",\"@id\":\"https:\/\/www.arteco-global.com\/es\/video-security\/software-solutions\/insight\/#primaryimage\",\"url\":\"https:\/\/www.arteco-global.com\/wp-content\/uploads\/2025\/11\/insight-banner-scaled.jpg\",\"contentUrl\":\"https:\/\/www.arteco-global.com\/wp-content\/uploads\/2025\/11\/insight-banner-scaled.jpg\",\"width\":2560,\"height\":800},{\"@type\":\"BreadcrumbList\",\"@id\":\"https:\/\/www.arteco-global.com\/es\/video-security\/software-solutions\/insight\/#breadcrumb\",\"itemListElement\":[{\"@type\":\"ListItem\",\"position\":1,\"name\":\"Home\",\"item\":\"https:\/\/www.arteco-global.com\/es\/\"},{\"@type\":\"ListItem\",\"position\":2,\"name\":\"Video Security\",\"item\":\"https:\/\/www.arteco-global.com\/es\/video-security\/\"},{\"@type\":\"ListItem\",\"position\":3,\"name\":\"Software Solutions\",\"item\":\"https:\/\/www.arteco-global.com\/es\/video-security\/software-solutions\/\"},{\"@type\":\"ListItem\",\"position\":4,\"name\":\"INSIGHT\"}]},{\"@type\":\"WebSite\",\"@id\":\"https:\/\/www.arteco-global.com\/en\/#website\",\"url\":\"https:\/\/www.arteco-global.com\/en\/\",\"name\":\"Arteco\",\"description\":\"\",\"potentialAction\":[{\"@type\":\"SearchAction\",\"target\":{\"@type\":\"EntryPoint\",\"urlTemplate\":\"https:\/\/www.arteco-global.com\/en\/?s={search_term_string}\"},\"query-input\":\"required name=search_term_string\"}],\"inLanguage\":\"es\"}]}<\/script>\n<!-- \/ Yoast SEO plugin. -->","yoast_head_json":{"title":"INSIGHT - Arteco","robots":{"index":"index","follow":"follow","max-snippet":"max-snippet:-1","max-image-preview":"max-image-preview:large","max-video-preview":"max-video-preview:-1"},"canonical":"https:\/\/www.arteco-global.com\/es\/video-security\/software-solutions\/insight\/","og_locale":"es_ES","og_type":"article","og_title":"INSIGHT - Arteco","og_description":"Dondequiera que se instale su sistema de seguridad, su correcto [&hellip;]","og_url":"https:\/\/www.arteco-global.com\/es\/video-security\/software-solutions\/insight\/","og_site_name":"Arteco","article_modified_time":"2024-04-18T14:32:11+00:00","og_image":[{"width":1920,"height":600,"url":"https:\/\/www.arteco-global.com\/wp-content\/uploads\/2021\/08\/omnia-insight.jpg","type":"image\/jpeg"}],"twitter_card":"summary_large_image","twitter_misc":{"Tiempo de lectura":"4 minutos"},"schema":{"@context":"https:\/\/schema.org","@graph":[{"@type":"WebPage","@id":"https:\/\/www.arteco-global.com\/es\/video-security\/software-solutions\/insight\/","url":"https:\/\/www.arteco-global.com\/es\/video-security\/software-solutions\/insight\/","name":"INSIGHT - Arteco","isPartOf":{"@id":"https:\/\/www.arteco-global.com\/en\/#website"},"primaryImageOfPage":{"@id":"https:\/\/www.arteco-global.com\/es\/video-security\/software-solutions\/insight\/#primaryimage"},"image":{"@id":"https:\/\/www.arteco-global.com\/es\/video-security\/software-solutions\/insight\/#primaryimage"},"thumbnailUrl":"https:\/\/www.arteco-global.com\/wp-content\/uploads\/2025\/11\/insight-banner-scaled.jpg","datePublished":"2021-08-25T12:20:29+00:00","dateModified":"2024-04-18T14:32:11+00:00","breadcrumb":{"@id":"https:\/\/www.arteco-global.com\/es\/video-security\/software-solutions\/insight\/#breadcrumb"},"inLanguage":"es","potentialAction":[{"@type":"ReadAction","target":["https:\/\/www.arteco-global.com\/es\/video-security\/software-solutions\/insight\/"]}]},{"@type":"ImageObject","inLanguage":"es","@id":"https:\/\/www.arteco-global.com\/es\/video-security\/software-solutions\/insight\/#primaryimage","url":"https:\/\/www.arteco-global.com\/wp-content\/uploads\/2025\/11\/insight-banner-scaled.jpg","contentUrl":"https:\/\/www.arteco-global.com\/wp-content\/uploads\/2025\/11\/insight-banner-scaled.jpg","width":2560,"height":800},{"@type":"BreadcrumbList","@id":"https:\/\/www.arteco-global.com\/es\/video-security\/software-solutions\/insight\/#breadcrumb","itemListElement":[{"@type":"ListItem","position":1,"name":"Home","item":"https:\/\/www.arteco-global.com\/es\/"},{"@type":"ListItem","position":2,"name":"Video Security","item":"https:\/\/www.arteco-global.com\/es\/video-security\/"},{"@type":"ListItem","position":3,"name":"Software Solutions","item":"https:\/\/www.arteco-global.com\/es\/video-security\/software-solutions\/"},{"@type":"ListItem","position":4,"name":"INSIGHT"}]},{"@type":"WebSite","@id":"https:\/\/www.arteco-global.com\/en\/#website","url":"https:\/\/www.arteco-global.com\/en\/","name":"Arteco","description":"","potentialAction":[{"@type":"SearchAction","target":{"@type":"EntryPoint","urlTemplate":"https:\/\/www.arteco-global.com\/en\/?s={search_term_string}"},"query-input":"required name=search_term_string"}],"inLanguage":"es"}]}},"_links":{"self":[{"href":"https:\/\/www.arteco-global.com\/es\/wp-json\/wp\/v2\/pages\/32623"}],"collection":[{"href":"https:\/\/www.arteco-global.com\/es\/wp-json\/wp\/v2\/pages"}],"about":[{"href":"https:\/\/www.arteco-global.com\/es\/wp-json\/wp\/v2\/types\/page"}],"author":[{"embeddable":true,"href":"https:\/\/www.arteco-global.com\/es\/wp-json\/wp\/v2\/users\/2094"}],"replies":[{"embeddable":true,"href":"https:\/\/www.arteco-global.com\/es\/wp-json\/wp\/v2\/comments?post=32623"}],"version-history":[{"count":7,"href":"https:\/\/www.arteco-global.com\/es\/wp-json\/wp\/v2\/pages\/32623\/revisions"}],"predecessor-version":[{"id":36052,"href":"https:\/\/www.arteco-global.com\/es\/wp-json\/wp\/v2\/pages\/32623\/revisions\/36052"}],"up":[{"embeddable":true,"href":"https:\/\/www.arteco-global.com\/es\/wp-json\/wp\/v2\/pages\/18041"}],"wp:featuredmedia":[{"embeddable":true,"href":"https:\/\/www.arteco-global.com\/es\/wp-json\/wp\/v2\/media\/37382"}],"wp:attachment":[{"href":"https:\/\/www.arteco-global.com\/es\/wp-json\/wp\/v2\/media?parent=32623"}],"curies":[{"name":"wp","href":"https:\/\/api.w.org\/{rel}","templated":true}]}}