{"id":21178,"date":"2014-04-29T15:50:22","date_gmt":"2014-04-29T13:50:22","guid":{"rendered":"https:\/\/www.arteco-global.com\/asistencia\/arteco-academy\/"},"modified":"2023-01-27T14:55:10","modified_gmt":"2023-01-27T13:55:10","slug":"arteco-e-training-socio-certificado","status":"publish","type":"page","link":"https:\/\/www.arteco-global.com\/es\/asistencia\/arteco-e-training-socio-certificado\/","title":{"rendered":"Arteco e-Training &#8211; Convi\u00e9rtase en un socio certificado"},"content":{"rendered":"<p><img loading=\"lazy\" decoding=\"async\" class=\"aligncenter size-full wp-image-31511\" src=\"https:\/\/www.arteco-global.com\/wp-content\/uploads\/2020\/11\/arteco-e-training.jpg\" alt=\"\" width=\"847\" height=\"300\" \/><\/p>\n<p>Arteco e-Training le ofrece la oportunidad de convertirse en un socio certificado de Arteco, con un camino simple:<\/p>\n<p><strong>Ruta de certificaci\u00f3n<\/strong><\/p>\n<ol>\n<li><strong>e-Training START <\/strong>\u2013 curso en l\u00ednea gratuito que puede tomar con total autonom\u00eda, donde y cuando quiera. Esta formaci\u00f3n consta de un v\u00eddeo en el que te mostraremos c\u00f3mo instalar y configurar OMNIA. E-Training START tardar\u00e1 aproximadamente 2 horas en completarse. Al finalizar el curso, hay una prueba que consta de 20 preguntas de opci\u00f3n m\u00faltiple y ser\u00e1 suficiente con responder correctamente al 80% de ellas para acceder al siguiente nivel, e-Training PRIME.<\/li>\n<li><strong>e-Training PRIME<\/strong> \u2013 Curso intensivo en l\u00ednea &#8211; <em>coming soon<\/em><\/li>\n<li><strong>e-Training Arteco VCA<\/strong> \u2013 Curso intensivo en l\u00ednea &#8211; <em>coming soon<\/em><\/li>\n<\/ol>\n<p>La finalizaci\u00f3n de e-Training START es un requisito previo necesario para poder acceder a e-Training PRIME<\/p>\n<p>La certificaci\u00f3n e-Training PRIME da acceso al curso de certificaci\u00f3n e-Training VCA.<\/p>\n<h3>AHORA SELECCIONE EL CURSO EN EL QUE QUIERE REGISTRARSE<\/h3>\n","protected":false},"excerpt":{"rendered":"<p>Arteco e-Training le ofrece la oportunidad de convertirse en un [&hellip;]<\/p>\n","protected":false},"author":4,"featured_media":0,"parent":18580,"menu_order":0,"comment_status":"open","ping_status":"open","template":"template-academy.php","meta":{"footnotes":""},"yoast_head":"<!-- This site is optimized with the Yoast SEO plugin v22.8 - https:\/\/yoast.com\/wordpress\/plugins\/seo\/ -->\n<title>Arteco e-Training - Convi\u00e9rtase en un socio certificado - Arteco<\/title>\n<meta name=\"description\" content=\"Arteco e-Training le ofrece la oportunidad de convertirse en un socio certificado de Arteco y dominar las soluciones Arteco y OMNIA VMS\" \/>\n<meta name=\"robots\" content=\"index, follow, max-snippet:-1, max-image-preview:large, max-video-preview:-1\" \/>\n<link rel=\"canonical\" href=\"https:\/\/www.arteco-global.com\/es\/asistencia\/arteco-e-training-socio-certificado\/\" \/>\n<meta property=\"og:locale\" content=\"es_ES\" \/>\n<meta property=\"og:type\" content=\"article\" \/>\n<meta property=\"og:title\" content=\"Arteco e-Training - Convi\u00e9rtase en un socio certificado - Arteco\" \/>\n<meta property=\"og:description\" content=\"Arteco e-Training le ofrece la oportunidad de convertirse en un socio certificado de Arteco y dominar las soluciones Arteco y OMNIA VMS\" \/>\n<meta property=\"og:url\" content=\"https:\/\/www.arteco-global.com\/es\/asistencia\/arteco-e-training-socio-certificado\/\" \/>\n<meta property=\"og:site_name\" content=\"Arteco\" \/>\n<meta property=\"article:modified_time\" content=\"2023-01-27T13:55:10+00:00\" \/>\n<meta property=\"og:image\" content=\"https:\/\/www.arteco-global.com\/wp-content\/uploads\/2020\/11\/arteco-e-training.jpg\" \/>\n<meta name=\"twitter:card\" content=\"summary_large_image\" \/>\n<meta name=\"twitter:label1\" content=\"Tiempo de lectura\" \/>\n\t<meta name=\"twitter:data1\" content=\"1 minuto\" \/>\n<script type=\"application\/ld+json\" class=\"yoast-schema-graph\">{\"@context\":\"https:\/\/schema.org\",\"@graph\":[{\"@type\":\"WebPage\",\"@id\":\"https:\/\/www.arteco-global.com\/es\/asistencia\/arteco-e-training-socio-certificado\/\",\"url\":\"https:\/\/www.arteco-global.com\/es\/asistencia\/arteco-e-training-socio-certificado\/\",\"name\":\"Arteco e-Training - Convi\u00e9rtase en un socio certificado - Arteco\",\"isPartOf\":{\"@id\":\"https:\/\/www.arteco-global.com\/en\/#website\"},\"primaryImageOfPage\":{\"@id\":\"https:\/\/www.arteco-global.com\/es\/asistencia\/arteco-e-training-socio-certificado\/#primaryimage\"},\"image\":{\"@id\":\"https:\/\/www.arteco-global.com\/es\/asistencia\/arteco-e-training-socio-certificado\/#primaryimage\"},\"thumbnailUrl\":\"https:\/\/www.arteco-global.com\/wp-content\/uploads\/2020\/11\/arteco-e-training.jpg\",\"datePublished\":\"2014-04-29T13:50:22+00:00\",\"dateModified\":\"2023-01-27T13:55:10+00:00\",\"description\":\"Arteco e-Training le ofrece la oportunidad de convertirse en un socio certificado de Arteco y dominar las soluciones Arteco y OMNIA VMS\",\"breadcrumb\":{\"@id\":\"https:\/\/www.arteco-global.com\/es\/asistencia\/arteco-e-training-socio-certificado\/#breadcrumb\"},\"inLanguage\":\"es\",\"potentialAction\":[{\"@type\":\"ReadAction\",\"target\":[\"https:\/\/www.arteco-global.com\/es\/asistencia\/arteco-e-training-socio-certificado\/\"]}]},{\"@type\":\"ImageObject\",\"inLanguage\":\"es\",\"@id\":\"https:\/\/www.arteco-global.com\/es\/asistencia\/arteco-e-training-socio-certificado\/#primaryimage\",\"url\":\"https:\/\/www.arteco-global.com\/wp-content\/uploads\/2020\/11\/arteco-e-training.jpg\",\"contentUrl\":\"https:\/\/www.arteco-global.com\/wp-content\/uploads\/2020\/11\/arteco-e-training.jpg\"},{\"@type\":\"BreadcrumbList\",\"@id\":\"https:\/\/www.arteco-global.com\/es\/asistencia\/arteco-e-training-socio-certificado\/#breadcrumb\",\"itemListElement\":[{\"@type\":\"ListItem\",\"position\":1,\"name\":\"Home\",\"item\":\"https:\/\/www.arteco-global.com\/es\/\"},{\"@type\":\"ListItem\",\"position\":2,\"name\":\"Asistencia\",\"item\":\"https:\/\/www.arteco-global.com\/es\/asistencia\/\"},{\"@type\":\"ListItem\",\"position\":3,\"name\":\"Arteco e-Training &#8211; Convi\u00e9rtase en un socio certificado\"}]},{\"@type\":\"WebSite\",\"@id\":\"https:\/\/www.arteco-global.com\/en\/#website\",\"url\":\"https:\/\/www.arteco-global.com\/en\/\",\"name\":\"Arteco\",\"description\":\"\",\"potentialAction\":[{\"@type\":\"SearchAction\",\"target\":{\"@type\":\"EntryPoint\",\"urlTemplate\":\"https:\/\/www.arteco-global.com\/en\/?s={search_term_string}\"},\"query-input\":\"required name=search_term_string\"}],\"inLanguage\":\"es\"}]}<\/script>\n<!-- \/ Yoast SEO plugin. -->","yoast_head_json":{"title":"Arteco e-Training - Convi\u00e9rtase en un socio certificado - Arteco","description":"Arteco e-Training le ofrece la oportunidad de convertirse en un socio certificado de Arteco y dominar las soluciones Arteco y OMNIA VMS","robots":{"index":"index","follow":"follow","max-snippet":"max-snippet:-1","max-image-preview":"max-image-preview:large","max-video-preview":"max-video-preview:-1"},"canonical":"https:\/\/www.arteco-global.com\/es\/asistencia\/arteco-e-training-socio-certificado\/","og_locale":"es_ES","og_type":"article","og_title":"Arteco e-Training - Convi\u00e9rtase en un socio certificado - Arteco","og_description":"Arteco e-Training le ofrece la oportunidad de convertirse en un socio certificado de Arteco y dominar las soluciones Arteco y OMNIA VMS","og_url":"https:\/\/www.arteco-global.com\/es\/asistencia\/arteco-e-training-socio-certificado\/","og_site_name":"Arteco","article_modified_time":"2023-01-27T13:55:10+00:00","og_image":[{"url":"https:\/\/www.arteco-global.com\/wp-content\/uploads\/2020\/11\/arteco-e-training.jpg"}],"twitter_card":"summary_large_image","twitter_misc":{"Tiempo de lectura":"1 minuto"},"schema":{"@context":"https:\/\/schema.org","@graph":[{"@type":"WebPage","@id":"https:\/\/www.arteco-global.com\/es\/asistencia\/arteco-e-training-socio-certificado\/","url":"https:\/\/www.arteco-global.com\/es\/asistencia\/arteco-e-training-socio-certificado\/","name":"Arteco e-Training - Convi\u00e9rtase en un socio certificado - Arteco","isPartOf":{"@id":"https:\/\/www.arteco-global.com\/en\/#website"},"primaryImageOfPage":{"@id":"https:\/\/www.arteco-global.com\/es\/asistencia\/arteco-e-training-socio-certificado\/#primaryimage"},"image":{"@id":"https:\/\/www.arteco-global.com\/es\/asistencia\/arteco-e-training-socio-certificado\/#primaryimage"},"thumbnailUrl":"https:\/\/www.arteco-global.com\/wp-content\/uploads\/2020\/11\/arteco-e-training.jpg","datePublished":"2014-04-29T13:50:22+00:00","dateModified":"2023-01-27T13:55:10+00:00","description":"Arteco e-Training le ofrece la oportunidad de convertirse en un socio certificado de Arteco y dominar las soluciones Arteco y OMNIA VMS","breadcrumb":{"@id":"https:\/\/www.arteco-global.com\/es\/asistencia\/arteco-e-training-socio-certificado\/#breadcrumb"},"inLanguage":"es","potentialAction":[{"@type":"ReadAction","target":["https:\/\/www.arteco-global.com\/es\/asistencia\/arteco-e-training-socio-certificado\/"]}]},{"@type":"ImageObject","inLanguage":"es","@id":"https:\/\/www.arteco-global.com\/es\/asistencia\/arteco-e-training-socio-certificado\/#primaryimage","url":"https:\/\/www.arteco-global.com\/wp-content\/uploads\/2020\/11\/arteco-e-training.jpg","contentUrl":"https:\/\/www.arteco-global.com\/wp-content\/uploads\/2020\/11\/arteco-e-training.jpg"},{"@type":"BreadcrumbList","@id":"https:\/\/www.arteco-global.com\/es\/asistencia\/arteco-e-training-socio-certificado\/#breadcrumb","itemListElement":[{"@type":"ListItem","position":1,"name":"Home","item":"https:\/\/www.arteco-global.com\/es\/"},{"@type":"ListItem","position":2,"name":"Asistencia","item":"https:\/\/www.arteco-global.com\/es\/asistencia\/"},{"@type":"ListItem","position":3,"name":"Arteco e-Training &#8211; Convi\u00e9rtase en un socio certificado"}]},{"@type":"WebSite","@id":"https:\/\/www.arteco-global.com\/en\/#website","url":"https:\/\/www.arteco-global.com\/en\/","name":"Arteco","description":"","potentialAction":[{"@type":"SearchAction","target":{"@type":"EntryPoint","urlTemplate":"https:\/\/www.arteco-global.com\/en\/?s={search_term_string}"},"query-input":"required name=search_term_string"}],"inLanguage":"es"}]}},"_links":{"self":[{"href":"https:\/\/www.arteco-global.com\/es\/wp-json\/wp\/v2\/pages\/21178"}],"collection":[{"href":"https:\/\/www.arteco-global.com\/es\/wp-json\/wp\/v2\/pages"}],"about":[{"href":"https:\/\/www.arteco-global.com\/es\/wp-json\/wp\/v2\/types\/page"}],"author":[{"embeddable":true,"href":"https:\/\/www.arteco-global.com\/es\/wp-json\/wp\/v2\/users\/4"}],"replies":[{"embeddable":true,"href":"https:\/\/www.arteco-global.com\/es\/wp-json\/wp\/v2\/comments?post=21178"}],"version-history":[{"count":8,"href":"https:\/\/www.arteco-global.com\/es\/wp-json\/wp\/v2\/pages\/21178\/revisions"}],"predecessor-version":[{"id":34836,"href":"https:\/\/www.arteco-global.com\/es\/wp-json\/wp\/v2\/pages\/21178\/revisions\/34836"}],"up":[{"embeddable":true,"href":"https:\/\/www.arteco-global.com\/es\/wp-json\/wp\/v2\/pages\/18580"}],"wp:attachment":[{"href":"https:\/\/www.arteco-global.com\/es\/wp-json\/wp\/v2\/media?parent=21178"}],"curies":[{"name":"wp","href":"https:\/\/api.w.org\/{rel}","templated":true}]}}