{"id":21091,"date":"2016-11-17T17:28:33","date_gmt":"2016-11-17T16:28:33","guid":{"rendered":"https:\/\/www.arteco-global.com\/asistencia\/release-notes\/"},"modified":"2026-02-03T14:18:56","modified_gmt":"2026-02-03T13:18:56","slug":"release-note-omnia-vms","status":"publish","type":"page","link":"https:\/\/www.arteco-global.com\/es\/asistencia\/release-note-omnia-vms\/","title":{"rendered":"Release Note"},"content":{"rendered":"<h2>Omnia<\/h2>\n<p>Las notas de la versi\u00f3n de Arteco son espec\u00edficas para cada versi\u00f3n de la aplicaci\u00f3n. Seleccione su versi\u00f3n de la lista a continuaci\u00f3n para ver\u00a0 las release notes de OMNIA.<\/p>\n<p>&nbsp;<\/p>\n<p><a href=\"https:\/\/www.arteco-global.com\/wp-content\/uploads\/2025\/09\/RELEASE-NOTES-25.3.0.5715_ENG.pdf\" target=\"_blank\" rel=\"noopener\"><span style=\"text-decoration: underline;\"><strong>Release Notes 25.3.0.5715 &#8211; 9 Septiembre 2025<\/strong><\/span><\/a> (disponible en ingl\u00e9s)<\/p>\n<hr \/>\n<p><a href=\"https:\/\/www.arteco-global.com\/wp-content\/uploads\/2025\/06\/RELEASE-NOTES-25.2.0.5685_ENG-1.pdf\" target=\"_blank\" rel=\"noopener\"><span style=\"text-decoration: underline;\"><strong>Release Notes 25.2.0.5685 &#8211; 9 Junio 2025<\/strong><\/span><\/a> (disponible en ingl\u00e9s)<\/p>\n<hr \/>\n<p><a href=\"https:\/\/www.arteco-global.com\/wp-content\/uploads\/2025\/05\/RELEASE-NOTES-25.2.0.5679_ENG.pdf\" target=\"_blank\" rel=\"noopener\"><span style=\"text-decoration: underline;\"><strong>Release Notes 25.2.0.5679 &#8211; 26 Mayo 2025<\/strong><\/span><\/a> (disponible en ingl\u00e9s)<\/p>\n<hr \/>\n<p><a href=\"https:\/\/www.arteco-global.com\/wp-content\/uploads\/2025\/03\/RELEASE-NOTES-25.2.0.5660_ENG.pdf\" target=\"_blank\" rel=\"noopener\"><span style=\"text-decoration: underline;\"><strong>Release Notes 25.2.0.5660 &#8211; 13 Marzo 2025<\/strong><\/span><\/a> (disponible en ingl\u00e9s)<\/p>\n<hr \/>\n<p><a href=\"https:\/\/www.arteco-global.com\/wp-content\/uploads\/2025\/03\/RELEASE-NOTES-25.1.0.5630_ENG.pdf\" target=\"_blank\" rel=\"noopener\"><span style=\"text-decoration: underline;\"><strong>Release Notes 25.1.0.5630 &#8211; 3 Febrero 2025<\/strong><\/span><\/a> (disponible en ingl\u00e9s)<\/p>\n<hr \/>\n<p><a href=\"https:\/\/www.arteco-global.com\/wp-content\/uploads\/2024\/11\/RELEASE-NOTES-24.5.0.5607_ENG.pdf\" target=\"_blank\" rel=\"noopener\"><span style=\"text-decoration: underline;\"><strong>Release Notes 24.5.0.5607 &#8211; 25 Noviembre 2024<\/strong><\/span><\/a> (disponible en ingl\u00e9s)<\/p>\n<hr \/>\n<p><a href=\"https:\/\/www.arteco-global.com\/wp-content\/uploads\/2024\/09\/release-notes-24-3-0-5541-en.pdf\" target=\"_blank\" rel=\"noopener\"><span style=\"text-decoration: underline;\"><strong>Release Notes 24.3.0.5541 &#8211; 10 Septiembre 2024<\/strong><\/span><\/a> (disponible en ingl\u00e9s)<\/p>\n<hr \/>\n<p><a href=\"https:\/\/www.arteco-global.com\/wp-content\/uploads\/2024\/04\/RELEASE-NOTES-24.1.0.5445_ENG.pdf\" target=\"_blank\" rel=\"noopener\"><span style=\"text-decoration: underline;\"><strong>Release Notes 24.1.0.5445 &#8211; 15 April 2024<\/strong><\/span><\/a> (disponible en ingl\u00e9s)<\/p>\n<hr \/>\n<p><a href=\"https:\/\/www.arteco-global.com\/wp-content\/uploads\/2024\/03\/RELEASE-NOTES-24.0.5421_ENG.pdf\" target=\"_blank\" rel=\"noopener\"><span style=\"text-decoration: underline;\"><strong>Release Notes 24.0.0.5421 &#8211; 18 Marzo 2024<\/strong><\/span><\/a><\/p>\n<hr \/>\n<p><a href=\"https:\/\/www.arteco-global.com\/wp-content\/uploads\/2024\/02\/RELEASE-NOTES-24.0.5346_ENG.pdf\" target=\"_blank\" rel=\"noopener\"><span style=\"text-decoration: underline;\"><strong>Release Notes 24.0.0.5346 &#8211; 12 Febrero 2024<\/strong><\/span><\/a><\/p>\n<hr \/>\n<p><a href=\"https:\/\/www.arteco-global.com\/wp-content\/uploads\/2024\/01\/RELEASE-NOTES-23.9.5339_ENG.pdf\" target=\"_blank\" rel=\"noopener\"><strong>Release Notes 23.9.5339 &#8211; 18 Enero 2024<\/strong><\/a><\/p>\n<hr \/>\n<p><strong><a href=\"https:\/\/www.arteco-global.com\/wp-content\/uploads\/2023\/07\/RELEASE-NOTES-23.5.5171_ENG.pdf\" target=\"_blank\" rel=\"noopener\">Release Notes 23.5.5171 &#8211; 17 Julio 2023<\/a><\/strong><\/p>\n<hr \/>\n<p><strong><a href=\"https:\/\/www.arteco-global.com\/wp-content\/uploads\/2023\/05\/RELEASE-NOTES-23.3.5106_ENG.pdf\" target=\"_blank\" rel=\"noopener\">Release Notes 23.3.5106 &#8211; 15 Mayo 2023<\/a><\/strong><\/p>\n<hr \/>\n<p><strong><a href=\"https:\/\/www.arteco-global.com\/wp-content\/uploads\/2023\/01\/RELEASE-NOTES-22.10.4336_ENG.pdf\">Release Notes 22.10.4336 &#8211; 19 Enero 2023<\/a><\/strong><\/p>\n<hr \/>\n<p><strong><a href=\"https:\/\/www.arteco-global.com\/wp-content\/uploads\/2022\/11\/RELEASE-NOTES-22.10.4309_ENG.pdf\" target=\"_blank\" rel=\"noopener\">Release Note 22.10.4309 &#8211; 29 Noviembre 2022<\/a><\/strong><\/p>\n<hr \/>\n<p><strong><a href=\"https:\/\/www.arteco-global.com\/wp-content\/uploads\/2022\/11\/RELEASE-NOTES-22.10.4305_ENG.pdf\" target=\"_blank\" rel=\"noopener\">Release Notes 22.10.4305 &#8211; 02 Noviembre 2022<\/a><\/strong><\/p>\n<hr \/>\n<p><strong><a href=\"https:\/\/www.arteco-global.com\/wp-content\/uploads\/2022\/08\/RELEASE-NOTES-22.8.4226_ENG.pdf\" target=\"_blank\" rel=\"noopener\">Release Notes 22.8.4226 &#8211; 01 Agosto 2022<\/a><\/strong><\/p>\n<hr \/>\n<p><a href=\"https:\/\/www.arteco-global.com\/wp-content\/uploads\/2022\/06\/RELEASE-NOTES-22.7.4192_ENG.pdf\" target=\"_blank\" rel=\"noopener\"><span style=\"text-decoration: underline;\"><strong>Release Notes 22.7.4192 &#8211; June 16, 2022<\/strong><\/span><\/a><\/p>\n<hr \/>\n<p><a href=\"https:\/\/www.arteco-global.com\/wp-content\/uploads\/2022\/05\/RELEASE-NOTES-22.7.4180_ENG.pdf\" target=\"_blank\" rel=\"noopener\"><span style=\"text-decoration: underline;\"><strong>Release Notes 22.7.41.80 &#8211; May 26, 2022<\/strong><\/span><\/a><\/p>\n","protected":false},"excerpt":{"rendered":"<p>Omnia Las notas de la versi\u00f3n de Arteco son espec\u00edficas [&hellip;]<\/p>\n","protected":false},"author":4,"featured_media":32734,"parent":18580,"menu_order":0,"comment_status":"closed","ping_status":"closed","template":"template-support-release-note.php","meta":{"footnotes":""},"yoast_head":"<!-- This site is optimized with the Yoast SEO plugin v22.8 - https:\/\/yoast.com\/wordpress\/plugins\/seo\/ -->\n<title>Release Note - Arteco<\/title>\n<meta name=\"description\" content=\"Los documentos contienen las notas de lanzamiento de OMNIA y de todas las soluciones de software de gesti\u00f3n de video de Arteco.\" \/>\n<meta name=\"robots\" content=\"index, follow, max-snippet:-1, max-image-preview:large, max-video-preview:-1\" \/>\n<link rel=\"canonical\" href=\"https:\/\/www.arteco-global.com\/es\/asistencia\/release-note-omnia-vms\/\" \/>\n<meta property=\"og:locale\" content=\"es_ES\" \/>\n<meta property=\"og:type\" content=\"article\" \/>\n<meta property=\"og:title\" content=\"Release Note - Arteco\" \/>\n<meta property=\"og:description\" content=\"Los documentos contienen las notas de lanzamiento de OMNIA y de todas las soluciones de software de gesti\u00f3n de video de Arteco.\" \/>\n<meta property=\"og:url\" content=\"https:\/\/www.arteco-global.com\/es\/asistencia\/release-note-omnia-vms\/\" \/>\n<meta property=\"og:site_name\" content=\"Arteco\" \/>\n<meta property=\"article:modified_time\" content=\"2026-02-03T13:18:56+00:00\" \/>\n<meta property=\"og:image\" content=\"https:\/\/www.arteco-global.com\/wp-content\/uploads\/2021\/08\/release-notes.jpg\" \/>\n\t<meta property=\"og:image:width\" content=\"1920\" \/>\n\t<meta property=\"og:image:height\" content=\"600\" \/>\n\t<meta property=\"og:image:type\" content=\"image\/jpeg\" \/>\n<meta name=\"twitter:card\" content=\"summary_large_image\" \/>\n<meta name=\"twitter:label1\" content=\"Tiempo de lectura\" \/>\n\t<meta name=\"twitter:data1\" content=\"2 minutos\" \/>\n<script type=\"application\/ld+json\" class=\"yoast-schema-graph\">{\"@context\":\"https:\/\/schema.org\",\"@graph\":[{\"@type\":\"WebPage\",\"@id\":\"https:\/\/www.arteco-global.com\/es\/asistencia\/release-note-omnia-vms\/\",\"url\":\"https:\/\/www.arteco-global.com\/es\/asistencia\/release-note-omnia-vms\/\",\"name\":\"Release Note - Arteco\",\"isPartOf\":{\"@id\":\"https:\/\/www.arteco-global.com\/en\/#website\"},\"primaryImageOfPage\":{\"@id\":\"https:\/\/www.arteco-global.com\/es\/asistencia\/release-note-omnia-vms\/#primaryimage\"},\"image\":{\"@id\":\"https:\/\/www.arteco-global.com\/es\/asistencia\/release-note-omnia-vms\/#primaryimage\"},\"thumbnailUrl\":\"https:\/\/www.arteco-global.com\/wp-content\/uploads\/2021\/08\/release-notes.jpg\",\"datePublished\":\"2016-11-17T16:28:33+00:00\",\"dateModified\":\"2026-02-03T13:18:56+00:00\",\"description\":\"Los documentos contienen las notas de lanzamiento de OMNIA y de todas las soluciones de software de gesti\u00f3n de video de Arteco.\",\"breadcrumb\":{\"@id\":\"https:\/\/www.arteco-global.com\/es\/asistencia\/release-note-omnia-vms\/#breadcrumb\"},\"inLanguage\":\"es\",\"potentialAction\":[{\"@type\":\"ReadAction\",\"target\":[\"https:\/\/www.arteco-global.com\/es\/asistencia\/release-note-omnia-vms\/\"]}]},{\"@type\":\"ImageObject\",\"inLanguage\":\"es\",\"@id\":\"https:\/\/www.arteco-global.com\/es\/asistencia\/release-note-omnia-vms\/#primaryimage\",\"url\":\"https:\/\/www.arteco-global.com\/wp-content\/uploads\/2021\/08\/release-notes.jpg\",\"contentUrl\":\"https:\/\/www.arteco-global.com\/wp-content\/uploads\/2021\/08\/release-notes.jpg\",\"width\":1920,\"height\":600},{\"@type\":\"BreadcrumbList\",\"@id\":\"https:\/\/www.arteco-global.com\/es\/asistencia\/release-note-omnia-vms\/#breadcrumb\",\"itemListElement\":[{\"@type\":\"ListItem\",\"position\":1,\"name\":\"Home\",\"item\":\"https:\/\/www.arteco-global.com\/es\/\"},{\"@type\":\"ListItem\",\"position\":2,\"name\":\"Asistencia\",\"item\":\"https:\/\/www.arteco-global.com\/es\/asistencia\/\"},{\"@type\":\"ListItem\",\"position\":3,\"name\":\"Release Note\"}]},{\"@type\":\"WebSite\",\"@id\":\"https:\/\/www.arteco-global.com\/en\/#website\",\"url\":\"https:\/\/www.arteco-global.com\/en\/\",\"name\":\"Arteco\",\"description\":\"\",\"potentialAction\":[{\"@type\":\"SearchAction\",\"target\":{\"@type\":\"EntryPoint\",\"urlTemplate\":\"https:\/\/www.arteco-global.com\/en\/?s={search_term_string}\"},\"query-input\":\"required name=search_term_string\"}],\"inLanguage\":\"es\"}]}<\/script>\n<!-- \/ Yoast SEO plugin. -->","yoast_head_json":{"title":"Release Note - Arteco","description":"Los documentos contienen las notas de lanzamiento de OMNIA y de todas las soluciones de software de gesti\u00f3n de video de Arteco.","robots":{"index":"index","follow":"follow","max-snippet":"max-snippet:-1","max-image-preview":"max-image-preview:large","max-video-preview":"max-video-preview:-1"},"canonical":"https:\/\/www.arteco-global.com\/es\/asistencia\/release-note-omnia-vms\/","og_locale":"es_ES","og_type":"article","og_title":"Release Note - Arteco","og_description":"Los documentos contienen las notas de lanzamiento de OMNIA y de todas las soluciones de software de gesti\u00f3n de video de Arteco.","og_url":"https:\/\/www.arteco-global.com\/es\/asistencia\/release-note-omnia-vms\/","og_site_name":"Arteco","article_modified_time":"2026-02-03T13:18:56+00:00","og_image":[{"width":1920,"height":600,"url":"https:\/\/www.arteco-global.com\/wp-content\/uploads\/2021\/08\/release-notes.jpg","type":"image\/jpeg"}],"twitter_card":"summary_large_image","twitter_misc":{"Tiempo de lectura":"2 minutos"},"schema":{"@context":"https:\/\/schema.org","@graph":[{"@type":"WebPage","@id":"https:\/\/www.arteco-global.com\/es\/asistencia\/release-note-omnia-vms\/","url":"https:\/\/www.arteco-global.com\/es\/asistencia\/release-note-omnia-vms\/","name":"Release Note - Arteco","isPartOf":{"@id":"https:\/\/www.arteco-global.com\/en\/#website"},"primaryImageOfPage":{"@id":"https:\/\/www.arteco-global.com\/es\/asistencia\/release-note-omnia-vms\/#primaryimage"},"image":{"@id":"https:\/\/www.arteco-global.com\/es\/asistencia\/release-note-omnia-vms\/#primaryimage"},"thumbnailUrl":"https:\/\/www.arteco-global.com\/wp-content\/uploads\/2021\/08\/release-notes.jpg","datePublished":"2016-11-17T16:28:33+00:00","dateModified":"2026-02-03T13:18:56+00:00","description":"Los documentos contienen las notas de lanzamiento de OMNIA y de todas las soluciones de software de gesti\u00f3n de video de Arteco.","breadcrumb":{"@id":"https:\/\/www.arteco-global.com\/es\/asistencia\/release-note-omnia-vms\/#breadcrumb"},"inLanguage":"es","potentialAction":[{"@type":"ReadAction","target":["https:\/\/www.arteco-global.com\/es\/asistencia\/release-note-omnia-vms\/"]}]},{"@type":"ImageObject","inLanguage":"es","@id":"https:\/\/www.arteco-global.com\/es\/asistencia\/release-note-omnia-vms\/#primaryimage","url":"https:\/\/www.arteco-global.com\/wp-content\/uploads\/2021\/08\/release-notes.jpg","contentUrl":"https:\/\/www.arteco-global.com\/wp-content\/uploads\/2021\/08\/release-notes.jpg","width":1920,"height":600},{"@type":"BreadcrumbList","@id":"https:\/\/www.arteco-global.com\/es\/asistencia\/release-note-omnia-vms\/#breadcrumb","itemListElement":[{"@type":"ListItem","position":1,"name":"Home","item":"https:\/\/www.arteco-global.com\/es\/"},{"@type":"ListItem","position":2,"name":"Asistencia","item":"https:\/\/www.arteco-global.com\/es\/asistencia\/"},{"@type":"ListItem","position":3,"name":"Release Note"}]},{"@type":"WebSite","@id":"https:\/\/www.arteco-global.com\/en\/#website","url":"https:\/\/www.arteco-global.com\/en\/","name":"Arteco","description":"","potentialAction":[{"@type":"SearchAction","target":{"@type":"EntryPoint","urlTemplate":"https:\/\/www.arteco-global.com\/en\/?s={search_term_string}"},"query-input":"required name=search_term_string"}],"inLanguage":"es"}]}},"_links":{"self":[{"href":"https:\/\/www.arteco-global.com\/es\/wp-json\/wp\/v2\/pages\/21091"}],"collection":[{"href":"https:\/\/www.arteco-global.com\/es\/wp-json\/wp\/v2\/pages"}],"about":[{"href":"https:\/\/www.arteco-global.com\/es\/wp-json\/wp\/v2\/types\/page"}],"author":[{"embeddable":true,"href":"https:\/\/www.arteco-global.com\/es\/wp-json\/wp\/v2\/users\/4"}],"replies":[{"embeddable":true,"href":"https:\/\/www.arteco-global.com\/es\/wp-json\/wp\/v2\/comments?post=21091"}],"version-history":[{"count":38,"href":"https:\/\/www.arteco-global.com\/es\/wp-json\/wp\/v2\/pages\/21091\/revisions"}],"predecessor-version":[{"id":37189,"href":"https:\/\/www.arteco-global.com\/es\/wp-json\/wp\/v2\/pages\/21091\/revisions\/37189"}],"up":[{"embeddable":true,"href":"https:\/\/www.arteco-global.com\/es\/wp-json\/wp\/v2\/pages\/18580"}],"wp:featuredmedia":[{"embeddable":true,"href":"https:\/\/www.arteco-global.com\/es\/wp-json\/wp\/v2\/media\/32734"}],"wp:attachment":[{"href":"https:\/\/www.arteco-global.com\/es\/wp-json\/wp\/v2\/media?parent=21091"}],"curies":[{"name":"wp","href":"https:\/\/api.w.org\/{rel}","templated":true}]}}