{"id":21068,"date":"2017-06-12T15:02:55","date_gmt":"2017-06-12T13:02:55","guid":{"rendered":"https:\/\/www.arteco-global.com\/logistics-supply-chain\/"},"modified":"2024-02-28T11:51:01","modified_gmt":"2024-02-28T10:51:01","slug":"logistics-supply-chain","status":"publish","type":"page","link":"https:\/\/www.arteco-global.com\/es\/vertical-market\/logistics-supply-chain\/","title":{"rendered":"Logistics &#038; Supply chain"},"content":{"rendered":"<p>Impulsadas por la innovaci\u00f3n, la sostenibilidad y la satisfacci\u00f3n del cliente, las organizaciones que se ocupan de la log\u00edstica siempre buscan nuevas formas de reducir los riesgos, aumentar la productividad y garantizar la seguridad. La evoluci\u00f3n de los riesgos ambientales conduce al desarrollo de estrategias rigurosas para asegurar una alta protecci\u00f3n, respuestas eficientes y altos est\u00e1ndares de cumplimiento.<br \/>\nLa videovigilancia es ahora una soluci\u00f3n est\u00e1ndar dentro de la cadena de suministro, pero hoy los usuarios necesitan plataformas que puedan ayudar a recopilar datos confidenciales que no solo mejoren los niveles de seguridad, sino que tambi\u00e9n brinden soluciones para aumentar la rentabilidad. Aqu\u00ed es donde entra en juego el software de gesti\u00f3n de eventos de v\u00eddeo de Arteco.<\/p>\n<h3>ARTECO ES DIFERENTE<\/h3>\n<p>Arteco VMS ha sido dise\u00f1ado para ayudar a los operadores a obtener la informaci\u00f3n m\u00e1s relevante relacionada con los eventos de video y seguridad. El objetivo es identificar eventos sensibles y \u00e1reas de inter\u00e9s, en lugar de pasar horas consultando pel\u00edculas sin elementos cr\u00edticos. De este modo, los agentes de seguridad pueden ayudar a garantizar la m\u00e1xima protecci\u00f3n para los estudiantes, el personal y la infraestructura.<\/p>\n<h3>GESTI\u00d3N DE EVENTOS<\/h3>\n<p>Las soluciones de Arteco permiten que las organizaciones de seguridad tengan informaci\u00f3n y videos \u00fatiles disponibles, ya \u201cfiltrados\u201d, lo que hace que el concepto de monitoreo 24\/7 sea menos oneroso. OMNIA permite a los usuarios evitar tener que administrar datos insignificantes, proporcionando \u00fanica y exclusivamente la informaci\u00f3n necesaria para aumentar la conciencia situacional y mejorar la seguridad general de los sistemas.<\/p>\n<h3>ENFOQUE INTUITIVO<\/h3>\n<p>La interfaz VEMS unifica alarmas y notificaciones de m\u00faltiples dispositivos y sistemas en una interfaz inmediata y flexible. La plataforma tambi\u00e9n se puede personalizar para satisfacer las necesidades de cada cliente.<\/p>\n<h3>ABIERTO, FLEXIBLE Y ESCALABLE<\/h3>\n<p>Una plataforma abierta simplifica la integraci\u00f3n de soluciones de terceros. Arteco cumple con una amplia gama de est\u00e1ndares de seguridad global gracias a Open Connector, que ofrece la oportunidad de beneficiarse de integraciones en profundidad, resultando en soluciones de seguridad de primera clase, independientemente del fabricante de la soluci\u00f3n integrada.<\/p>\n<h3>VENTAJOSO<\/h3>\n<p>Las soluciones de Arteco requieren poca inversi\u00f3n en t\u00e9rminos de instalaci\u00f3n y capacitaci\u00f3n, lo que permite a las organizaciones, a menudo obligadas a cumplir con estrictas leyes presupuestarias, amortizar costos. Por lo tanto, las organizaciones pueden beneficiarse de una reducci\u00f3n en la incidencia de costos y un aumento en el ROI, adoptando una tecnolog\u00eda proactiva, flexible y f\u00e1cil de administrar.<\/p>\n<hr \/>\n<h2>Soluciones dedicadas se Arteco<\/h2>\n<div class=\"table-responsive\"><\/div>\n<table class=\"table\" style=\"width: 100%;\">\n<tbody>\n<tr>\n<td>\n<p style=\"text-align: center;\"><img loading=\"lazy\" decoding=\"async\" class=\"alignnone size-full wp-image-12896\" src=\"https:\/\/www.arteco-global.com\/wp-content\/uploads\/2017\/06\/arteco-contact-id-mercati-verticali.png\" alt=\"\" width=\"200\" height=\"110\" srcset=\"https:\/\/www.arteco-global.com\/wp-content\/uploads\/2017\/06\/arteco-contact-id-mercati-verticali.png 200w, https:\/\/www.arteco-global.com\/wp-content\/uploads\/2017\/06\/arteco-contact-id-mercati-verticali-110x60.png 110w\" sizes=\"(max-width: 200px) 100vw, 200px\" \/><\/p>\n<p style=\"text-align: center;\"><a href=\"https:\/\/arteco-global.com\/es\/video-security\/software-solutions\/arteco-contact-id\/\" target=\"_blank\" rel=\"noopener noreferrer\"><strong>Arteco Contact ID<\/strong><\/a><\/p>\n<\/td>\n<td>\n<p style=\"text-align: center;\"><img loading=\"lazy\" decoding=\"async\" class=\"alignnone size-full wp-image-12897\" src=\"https:\/\/www.arteco-global.com\/wp-content\/uploads\/2017\/06\/arteco-events-analytics-mercati-verticali.png\" alt=\"\" width=\"200\" height=\"110\" srcset=\"https:\/\/www.arteco-global.com\/wp-content\/uploads\/2017\/06\/arteco-events-analytics-mercati-verticali.png 200w, https:\/\/www.arteco-global.com\/wp-content\/uploads\/2017\/06\/arteco-events-analytics-mercati-verticali-110x60.png 110w\" sizes=\"(max-width: 200px) 100vw, 200px\" \/><\/p>\n<p style=\"text-align: center;\"><a href=\"https:\/\/arteco-global.com\/es\/video-security\/software-solutions\/omnia-insight\/\"><strong>OMNIA Insight<\/strong><\/a><\/p>\n<\/td>\n<td><img loading=\"lazy\" decoding=\"async\" class=\"wp-image-12777 size-full aligncenter\" src=\"https:\/\/www.arteco-global.com\/wp-content\/uploads\/2017\/06\/arteco-everywhere-320x180-e1498146195274.png\" alt=\"\" width=\"200\" height=\"113\" \/><\/p>\n<p style=\"text-align: center;\"><a href=\"https:\/\/www.arteco-global.com\/it\/building-automation\/arteco-everywhere-2-0\/\"><strong>Arteco Everywhere<\/strong><\/a><\/p>\n<\/td>\n<\/tr>\n<tr>\n<td>\n<p style=\"text-align: center;\"><img loading=\"lazy\" decoding=\"async\" class=\"alignnone size-full wp-image-13274\" src=\"https:\/\/www.arteco-global.com\/wp-content\/uploads\/2017\/06\/arteco-videowall.png\" alt=\"\" width=\"200\" height=\"110\" srcset=\"https:\/\/www.arteco-global.com\/wp-content\/uploads\/2017\/06\/arteco-videowall.png 200w, https:\/\/www.arteco-global.com\/wp-content\/uploads\/2017\/06\/arteco-videowall-110x60.png 110w\" sizes=\"(max-width: 200px) 100vw, 200px\" \/><\/p>\n<p style=\"text-align: center;\"><a href=\"https:\/\/arteco-global.com\/es\/video-security\/software-solutions\/arteco-videowall\/\" target=\"_blank\" rel=\"noopener noreferrer\"><b>Arteco Videowall<\/b><\/a><\/p>\n<\/td>\n<td><img loading=\"lazy\" decoding=\"async\" class=\"wp-image-12770 size-full aligncenter\" src=\"https:\/\/www.arteco-global.com\/wp-content\/uploads\/2017\/06\/night_high_speed_car_driving-hd-e1498145519316.jpg\" alt=\"\" width=\"200\" height=\"113\" \/><\/p>\n<p style=\"text-align: center;\"><a href=\"https:\/\/arteco-global.com\/es\/video-security\/software-solutions\/arteco-lpr\/\" target=\"_blank\" rel=\"noopener noreferrer\"><strong>Arteco LPR<\/strong><\/a><\/p>\n<\/td>\n<td>\n<p style=\"text-align: center;\">\n<\/td>\n<\/tr>\n<\/tbody>\n<\/table>\n<hr \/>\n<h1>GESTI\u00d3N DE VIDEO ARTECO<\/h1>\n<ul>\n<li>F\u00e1cilmente ampliable y escalable<\/li>\n<li>Integraci\u00f3n simple de dispositivos y sistemas de terceros como an\u00e1lisis de video, control de acceso, automatizaci\u00f3n de edificios, incendio e intrusi\u00f3n.<\/li>\n<li>An\u00e1lisis de video en serie<\/li>\n<li>Soporte de audio bidireccional<\/li>\n<li>Gesti\u00f3n de almacenamiento avanzada<\/li>\n<li>Tarifa de licencia fija sin tarifas adicionales<\/li>\n<li>Dos a\u00f1os de actualizaciones y soporte incluidos<\/li>\n<li>Posibilidad de formaci\u00f3n in situ<\/li>\n<li>Interfaz personalizable para satisfacer necesidades espec\u00edficas<\/li>\n<\/ul>\n","protected":false},"excerpt":{"rendered":"<p>Impulsadas por la innovaci\u00f3n, la sostenibilidad y la satisfacci\u00f3n del [&hellip;]<\/p>\n","protected":false},"author":4,"featured_media":31997,"parent":21088,"menu_order":30,"comment_status":"closed","ping_status":"closed","template":"template-page-con-download-link.php","meta":{"footnotes":""},"yoast_head":"<!-- This site is optimized with the Yoast SEO plugin v22.8 - https:\/\/yoast.com\/wordpress\/plugins\/seo\/ -->\n<title>Logistics &amp; Supply chain<\/title>\n<meta name=\"robots\" content=\"index, follow, max-snippet:-1, max-image-preview:large, max-video-preview:-1\" \/>\n<link rel=\"canonical\" href=\"https:\/\/www.arteco-global.com\/es\/vertical-market\/logistics-supply-chain\/\" \/>\n<meta property=\"og:locale\" content=\"es_ES\" \/>\n<meta property=\"og:type\" content=\"article\" \/>\n<meta property=\"og:title\" content=\"Logistics &amp; Supply chain\" \/>\n<meta property=\"og:description\" content=\"Impulsadas por la innovaci\u00f3n, la sostenibilidad y la satisfacci\u00f3n del [&hellip;]\" \/>\n<meta property=\"og:url\" content=\"https:\/\/www.arteco-global.com\/es\/vertical-market\/logistics-supply-chain\/\" \/>\n<meta property=\"og:site_name\" content=\"Arteco\" \/>\n<meta property=\"article:modified_time\" content=\"2024-02-28T10:51:01+00:00\" \/>\n<meta property=\"og:image\" content=\"https:\/\/www.arteco-global.com\/wp-content\/uploads\/2021\/01\/arteco-vertical-market-logistics.jpg\" \/>\n\t<meta property=\"og:image:width\" content=\"1920\" \/>\n\t<meta property=\"og:image:height\" content=\"600\" \/>\n\t<meta property=\"og:image:type\" content=\"image\/jpeg\" \/>\n<meta name=\"twitter:card\" content=\"summary_large_image\" \/>\n<meta name=\"twitter:label1\" content=\"Tiempo de lectura\" \/>\n\t<meta name=\"twitter:data1\" content=\"4 minutos\" \/>\n<script type=\"application\/ld+json\" class=\"yoast-schema-graph\">{\"@context\":\"https:\/\/schema.org\",\"@graph\":[{\"@type\":\"WebPage\",\"@id\":\"https:\/\/www.arteco-global.com\/es\/vertical-market\/logistics-supply-chain\/\",\"url\":\"https:\/\/www.arteco-global.com\/es\/vertical-market\/logistics-supply-chain\/\",\"name\":\"Logistics & Supply chain\",\"isPartOf\":{\"@id\":\"https:\/\/www.arteco-global.com\/en\/#website\"},\"primaryImageOfPage\":{\"@id\":\"https:\/\/www.arteco-global.com\/es\/vertical-market\/logistics-supply-chain\/#primaryimage\"},\"image\":{\"@id\":\"https:\/\/www.arteco-global.com\/es\/vertical-market\/logistics-supply-chain\/#primaryimage\"},\"thumbnailUrl\":\"https:\/\/www.arteco-global.com\/wp-content\/uploads\/2021\/01\/arteco-vertical-market-logistics.jpg\",\"datePublished\":\"2017-06-12T13:02:55+00:00\",\"dateModified\":\"2024-02-28T10:51:01+00:00\",\"breadcrumb\":{\"@id\":\"https:\/\/www.arteco-global.com\/es\/vertical-market\/logistics-supply-chain\/#breadcrumb\"},\"inLanguage\":\"es\",\"potentialAction\":[{\"@type\":\"ReadAction\",\"target\":[\"https:\/\/www.arteco-global.com\/es\/vertical-market\/logistics-supply-chain\/\"]}]},{\"@type\":\"ImageObject\",\"inLanguage\":\"es\",\"@id\":\"https:\/\/www.arteco-global.com\/es\/vertical-market\/logistics-supply-chain\/#primaryimage\",\"url\":\"https:\/\/www.arteco-global.com\/wp-content\/uploads\/2021\/01\/arteco-vertical-market-logistics.jpg\",\"contentUrl\":\"https:\/\/www.arteco-global.com\/wp-content\/uploads\/2021\/01\/arteco-vertical-market-logistics.jpg\",\"width\":1920,\"height\":600},{\"@type\":\"BreadcrumbList\",\"@id\":\"https:\/\/www.arteco-global.com\/es\/vertical-market\/logistics-supply-chain\/#breadcrumb\",\"itemListElement\":[{\"@type\":\"ListItem\",\"position\":1,\"name\":\"Home\",\"item\":\"https:\/\/www.arteco-global.com\/es\/\"},{\"@type\":\"ListItem\",\"position\":2,\"name\":\"Vertical Markets\",\"item\":\"https:\/\/www.arteco-global.com\/es\/vertical-market\/\"},{\"@type\":\"ListItem\",\"position\":3,\"name\":\"Logistics &#038; Supply chain\"}]},{\"@type\":\"WebSite\",\"@id\":\"https:\/\/www.arteco-global.com\/en\/#website\",\"url\":\"https:\/\/www.arteco-global.com\/en\/\",\"name\":\"Arteco\",\"description\":\"\",\"potentialAction\":[{\"@type\":\"SearchAction\",\"target\":{\"@type\":\"EntryPoint\",\"urlTemplate\":\"https:\/\/www.arteco-global.com\/en\/?s={search_term_string}\"},\"query-input\":\"required name=search_term_string\"}],\"inLanguage\":\"es\"}]}<\/script>\n<!-- \/ Yoast SEO plugin. -->","yoast_head_json":{"title":"Logistics & Supply chain","robots":{"index":"index","follow":"follow","max-snippet":"max-snippet:-1","max-image-preview":"max-image-preview:large","max-video-preview":"max-video-preview:-1"},"canonical":"https:\/\/www.arteco-global.com\/es\/vertical-market\/logistics-supply-chain\/","og_locale":"es_ES","og_type":"article","og_title":"Logistics & Supply chain","og_description":"Impulsadas por la innovaci\u00f3n, la sostenibilidad y la satisfacci\u00f3n del [&hellip;]","og_url":"https:\/\/www.arteco-global.com\/es\/vertical-market\/logistics-supply-chain\/","og_site_name":"Arteco","article_modified_time":"2024-02-28T10:51:01+00:00","og_image":[{"width":1920,"height":600,"url":"https:\/\/www.arteco-global.com\/wp-content\/uploads\/2021\/01\/arteco-vertical-market-logistics.jpg","type":"image\/jpeg"}],"twitter_card":"summary_large_image","twitter_misc":{"Tiempo de lectura":"4 minutos"},"schema":{"@context":"https:\/\/schema.org","@graph":[{"@type":"WebPage","@id":"https:\/\/www.arteco-global.com\/es\/vertical-market\/logistics-supply-chain\/","url":"https:\/\/www.arteco-global.com\/es\/vertical-market\/logistics-supply-chain\/","name":"Logistics & Supply chain","isPartOf":{"@id":"https:\/\/www.arteco-global.com\/en\/#website"},"primaryImageOfPage":{"@id":"https:\/\/www.arteco-global.com\/es\/vertical-market\/logistics-supply-chain\/#primaryimage"},"image":{"@id":"https:\/\/www.arteco-global.com\/es\/vertical-market\/logistics-supply-chain\/#primaryimage"},"thumbnailUrl":"https:\/\/www.arteco-global.com\/wp-content\/uploads\/2021\/01\/arteco-vertical-market-logistics.jpg","datePublished":"2017-06-12T13:02:55+00:00","dateModified":"2024-02-28T10:51:01+00:00","breadcrumb":{"@id":"https:\/\/www.arteco-global.com\/es\/vertical-market\/logistics-supply-chain\/#breadcrumb"},"inLanguage":"es","potentialAction":[{"@type":"ReadAction","target":["https:\/\/www.arteco-global.com\/es\/vertical-market\/logistics-supply-chain\/"]}]},{"@type":"ImageObject","inLanguage":"es","@id":"https:\/\/www.arteco-global.com\/es\/vertical-market\/logistics-supply-chain\/#primaryimage","url":"https:\/\/www.arteco-global.com\/wp-content\/uploads\/2021\/01\/arteco-vertical-market-logistics.jpg","contentUrl":"https:\/\/www.arteco-global.com\/wp-content\/uploads\/2021\/01\/arteco-vertical-market-logistics.jpg","width":1920,"height":600},{"@type":"BreadcrumbList","@id":"https:\/\/www.arteco-global.com\/es\/vertical-market\/logistics-supply-chain\/#breadcrumb","itemListElement":[{"@type":"ListItem","position":1,"name":"Home","item":"https:\/\/www.arteco-global.com\/es\/"},{"@type":"ListItem","position":2,"name":"Vertical Markets","item":"https:\/\/www.arteco-global.com\/es\/vertical-market\/"},{"@type":"ListItem","position":3,"name":"Logistics &#038; Supply chain"}]},{"@type":"WebSite","@id":"https:\/\/www.arteco-global.com\/en\/#website","url":"https:\/\/www.arteco-global.com\/en\/","name":"Arteco","description":"","potentialAction":[{"@type":"SearchAction","target":{"@type":"EntryPoint","urlTemplate":"https:\/\/www.arteco-global.com\/en\/?s={search_term_string}"},"query-input":"required name=search_term_string"}],"inLanguage":"es"}]}},"_links":{"self":[{"href":"https:\/\/www.arteco-global.com\/es\/wp-json\/wp\/v2\/pages\/21068"}],"collection":[{"href":"https:\/\/www.arteco-global.com\/es\/wp-json\/wp\/v2\/pages"}],"about":[{"href":"https:\/\/www.arteco-global.com\/es\/wp-json\/wp\/v2\/types\/page"}],"author":[{"embeddable":true,"href":"https:\/\/www.arteco-global.com\/es\/wp-json\/wp\/v2\/users\/4"}],"replies":[{"embeddable":true,"href":"https:\/\/www.arteco-global.com\/es\/wp-json\/wp\/v2\/comments?post=21068"}],"version-history":[{"count":8,"href":"https:\/\/www.arteco-global.com\/es\/wp-json\/wp\/v2\/pages\/21068\/revisions"}],"predecessor-version":[{"id":35808,"href":"https:\/\/www.arteco-global.com\/es\/wp-json\/wp\/v2\/pages\/21068\/revisions\/35808"}],"up":[{"embeddable":true,"href":"https:\/\/www.arteco-global.com\/es\/wp-json\/wp\/v2\/pages\/21088"}],"wp:featuredmedia":[{"embeddable":true,"href":"https:\/\/www.arteco-global.com\/es\/wp-json\/wp\/v2\/media\/31997"}],"wp:attachment":[{"href":"https:\/\/www.arteco-global.com\/es\/wp-json\/wp\/v2\/media?parent=21068"}],"curies":[{"name":"wp","href":"https:\/\/api.w.org\/{rel}","templated":true}]}}