{"id":21064,"date":"2017-06-12T15:08:22","date_gmt":"2017-06-12T13:08:22","guid":{"rendered":"https:\/\/www.arteco-global.com\/retail-loss-prevention\/"},"modified":"2024-02-28T11:44:55","modified_gmt":"2024-02-28T10:44:55","slug":"retail-loss-prevention","status":"publish","type":"page","link":"https:\/\/www.arteco-global.com\/es\/vertical-market\/retail-loss-prevention\/","title":{"rendered":"Retail &#038; Loss prevention"},"content":{"rendered":"<p>Hoy en d\u00eda, las empresas enfrentan una gran cantidad de desaf\u00edos y demandas cada vez m\u00e1s altas para garantizar la satisfacci\u00f3n del cliente maximizando las ganancias y protegiendo los activos, empleados y clientes. La videovigilancia es una soluci\u00f3n viable para cualquier entorno minorista porque permite a las organizaciones aumentar la inteligencia empresarial, reducir el riesgo, simplificar la formaci\u00f3n inicial y proporcionar a las partes interesadas datos demogr\u00e1ficos del cliente, dispositivos avanzados de seguimiento de activos y datos de marketing. Los an\u00e1lisis de video, como el conteo de personas, los mapas de calor y el an\u00e1lisis de tr\u00e1fico, aumentan la productividad y el ROI.<\/p>\n<h3>ARTECO ES DIFERENTE<\/h3>\n<p>Arteco VMS ha sido dise\u00f1ado para ayudar a los operadores a obtener la informaci\u00f3n m\u00e1s relevante relacionada con los eventos de video y seguridad. El objetivo es identificar eventos sensibles y \u00e1reas de inter\u00e9s, en lugar de pasar horas consultando pel\u00edculas sin elementos cr\u00edticos. De este modo, los agentes de seguridad pueden ayudar a garantizar la m\u00e1xima protecci\u00f3n para los estudiantes, el personal y la infraestructura.<\/p>\n<h3>GESTI\u00d3N DE EVENTOS<\/h3>\n<p>Las soluciones de Arteco permiten que las organizaciones de seguridad tengan informaci\u00f3n y videos \u00fatiles disponibles, ya \u201cfiltrados\u201d, lo que hace que el concepto de monitoreo 24\/7 sea menos oneroso. OMNIA permite a los usuarios evitar tener que administrar datos insignificantes, proporcionando \u00fanica y exclusivamente la informaci\u00f3n necesaria para aumentar la conciencia situacional y mejorar la seguridad general de los sistemas.<\/p>\n<h3>ENFOQUE INTUITIVO<\/h3>\n<p>La interfaz VEMS unifica alarmas y notificaciones de m\u00faltiples dispositivos y sistemas en una interfaz inmediata y flexible. La plataforma tambi\u00e9n se puede personalizar para satisfacer las necesidades de cada cliente.<\/p>\n<h3>ABIERTO, FLEXIBLE Y ESCALABLE<\/h3>\n<p>Una plataforma abierta simplifica la integraci\u00f3n de soluciones de terceros. Arteco cumple con una amplia gama de est\u00e1ndares de seguridad global gracias a Open Connector, que ofrece la oportunidad de beneficiarse de integraciones en profundidad, resultando en soluciones de seguridad de primera clase, independientemente del fabricante de la soluci\u00f3n integrada.<\/p>\n<h3>VENTAJOSO<\/h3>\n<p>Las soluciones de Arteco requieren poca inversi\u00f3n en t\u00e9rminos de instalaci\u00f3n y capacitaci\u00f3n, lo que permite a las organizaciones, a menudo obligadas a cumplir con estrictas leyes presupuestarias, amortizar costos. Por lo tanto, las organizaciones pueden beneficiarse de una reducci\u00f3n en la incidencia de costos y un aumento en el ROI, adoptando una tecnolog\u00eda proactiva, flexible y f\u00e1cil de administrar.<\/p>\n<hr \/>\n<h1>GESTI\u00d3N DE VIDEO ARTECO<\/h1>\n<ul>\n<li>F\u00e1cilmente ampliable y escalable<\/li>\n<li>Integraci\u00f3n simple de dispositivos y sistemas de terceros como an\u00e1lisis de video, control de acceso, automatizaci\u00f3n de edificios, incendio e intrusi\u00f3n.<\/li>\n<li>An\u00e1lisis de video en serie<\/li>\n<li>Soporte de audio bidireccional<\/li>\n<li>Gesti\u00f3n de almacenamiento avanzada<\/li>\n<li>Tarifa de licencia fija sin tarifas adicionales<\/li>\n<li>Dos a\u00f1os de actualizaciones y soporte incluidos<\/li>\n<li>Posibilidad de formaci\u00f3n in situ<\/li>\n<li>Interfaz personalizable para satisfacer necesidades espec\u00edficas<\/li>\n<\/ul>\n","protected":false},"excerpt":{"rendered":"<p>Hoy en d\u00eda, las empresas enfrentan una gran cantidad de [&hellip;]<\/p>\n","protected":false},"author":4,"featured_media":32003,"parent":21088,"menu_order":40,"comment_status":"closed","ping_status":"closed","template":"template-page-con-download-link.php","meta":{"footnotes":""},"yoast_head":"<!-- This site is optimized with the Yoast SEO plugin v22.8 - https:\/\/yoast.com\/wordpress\/plugins\/seo\/ -->\n<title>Retail &amp; Loss prevention<\/title>\n<meta name=\"robots\" content=\"index, follow, max-snippet:-1, max-image-preview:large, max-video-preview:-1\" \/>\n<link rel=\"canonical\" href=\"https:\/\/www.arteco-global.com\/es\/vertical-market\/retail-loss-prevention\/\" \/>\n<meta property=\"og:locale\" content=\"es_ES\" \/>\n<meta property=\"og:type\" content=\"article\" \/>\n<meta property=\"og:title\" content=\"Retail &amp; Loss prevention\" \/>\n<meta property=\"og:description\" content=\"Hoy en d\u00eda, las empresas enfrentan una gran cantidad de [&hellip;]\" \/>\n<meta property=\"og:url\" content=\"https:\/\/www.arteco-global.com\/es\/vertical-market\/retail-loss-prevention\/\" \/>\n<meta property=\"og:site_name\" content=\"Arteco\" \/>\n<meta property=\"article:modified_time\" content=\"2024-02-28T10:44:55+00:00\" \/>\n<meta property=\"og:image\" content=\"https:\/\/www.arteco-global.com\/wp-content\/uploads\/2021\/01\/arteco-vertical-market-retailloss.jpg\" \/>\n\t<meta property=\"og:image:width\" content=\"1920\" \/>\n\t<meta property=\"og:image:height\" content=\"600\" \/>\n\t<meta property=\"og:image:type\" content=\"image\/jpeg\" \/>\n<meta name=\"twitter:card\" content=\"summary_large_image\" \/>\n<meta name=\"twitter:label1\" content=\"Tiempo de lectura\" \/>\n\t<meta name=\"twitter:data1\" content=\"3 minutos\" \/>\n<script type=\"application\/ld+json\" class=\"yoast-schema-graph\">{\"@context\":\"https:\/\/schema.org\",\"@graph\":[{\"@type\":\"WebPage\",\"@id\":\"https:\/\/www.arteco-global.com\/es\/vertical-market\/retail-loss-prevention\/\",\"url\":\"https:\/\/www.arteco-global.com\/es\/vertical-market\/retail-loss-prevention\/\",\"name\":\"Retail & Loss prevention\",\"isPartOf\":{\"@id\":\"https:\/\/www.arteco-global.com\/en\/#website\"},\"primaryImageOfPage\":{\"@id\":\"https:\/\/www.arteco-global.com\/es\/vertical-market\/retail-loss-prevention\/#primaryimage\"},\"image\":{\"@id\":\"https:\/\/www.arteco-global.com\/es\/vertical-market\/retail-loss-prevention\/#primaryimage\"},\"thumbnailUrl\":\"https:\/\/www.arteco-global.com\/wp-content\/uploads\/2021\/01\/arteco-vertical-market-retailloss.jpg\",\"datePublished\":\"2017-06-12T13:08:22+00:00\",\"dateModified\":\"2024-02-28T10:44:55+00:00\",\"breadcrumb\":{\"@id\":\"https:\/\/www.arteco-global.com\/es\/vertical-market\/retail-loss-prevention\/#breadcrumb\"},\"inLanguage\":\"es\",\"potentialAction\":[{\"@type\":\"ReadAction\",\"target\":[\"https:\/\/www.arteco-global.com\/es\/vertical-market\/retail-loss-prevention\/\"]}]},{\"@type\":\"ImageObject\",\"inLanguage\":\"es\",\"@id\":\"https:\/\/www.arteco-global.com\/es\/vertical-market\/retail-loss-prevention\/#primaryimage\",\"url\":\"https:\/\/www.arteco-global.com\/wp-content\/uploads\/2021\/01\/arteco-vertical-market-retailloss.jpg\",\"contentUrl\":\"https:\/\/www.arteco-global.com\/wp-content\/uploads\/2021\/01\/arteco-vertical-market-retailloss.jpg\",\"width\":1920,\"height\":600},{\"@type\":\"BreadcrumbList\",\"@id\":\"https:\/\/www.arteco-global.com\/es\/vertical-market\/retail-loss-prevention\/#breadcrumb\",\"itemListElement\":[{\"@type\":\"ListItem\",\"position\":1,\"name\":\"Home\",\"item\":\"https:\/\/www.arteco-global.com\/es\/\"},{\"@type\":\"ListItem\",\"position\":2,\"name\":\"Vertical Markets\",\"item\":\"https:\/\/www.arteco-global.com\/es\/vertical-market\/\"},{\"@type\":\"ListItem\",\"position\":3,\"name\":\"Retail &#038; Loss prevention\"}]},{\"@type\":\"WebSite\",\"@id\":\"https:\/\/www.arteco-global.com\/en\/#website\",\"url\":\"https:\/\/www.arteco-global.com\/en\/\",\"name\":\"Arteco\",\"description\":\"\",\"potentialAction\":[{\"@type\":\"SearchAction\",\"target\":{\"@type\":\"EntryPoint\",\"urlTemplate\":\"https:\/\/www.arteco-global.com\/en\/?s={search_term_string}\"},\"query-input\":\"required name=search_term_string\"}],\"inLanguage\":\"es\"}]}<\/script>\n<!-- \/ Yoast SEO plugin. -->","yoast_head_json":{"title":"Retail & Loss prevention","robots":{"index":"index","follow":"follow","max-snippet":"max-snippet:-1","max-image-preview":"max-image-preview:large","max-video-preview":"max-video-preview:-1"},"canonical":"https:\/\/www.arteco-global.com\/es\/vertical-market\/retail-loss-prevention\/","og_locale":"es_ES","og_type":"article","og_title":"Retail & Loss prevention","og_description":"Hoy en d\u00eda, las empresas enfrentan una gran cantidad de [&hellip;]","og_url":"https:\/\/www.arteco-global.com\/es\/vertical-market\/retail-loss-prevention\/","og_site_name":"Arteco","article_modified_time":"2024-02-28T10:44:55+00:00","og_image":[{"width":1920,"height":600,"url":"https:\/\/www.arteco-global.com\/wp-content\/uploads\/2021\/01\/arteco-vertical-market-retailloss.jpg","type":"image\/jpeg"}],"twitter_card":"summary_large_image","twitter_misc":{"Tiempo de lectura":"3 minutos"},"schema":{"@context":"https:\/\/schema.org","@graph":[{"@type":"WebPage","@id":"https:\/\/www.arteco-global.com\/es\/vertical-market\/retail-loss-prevention\/","url":"https:\/\/www.arteco-global.com\/es\/vertical-market\/retail-loss-prevention\/","name":"Retail & Loss prevention","isPartOf":{"@id":"https:\/\/www.arteco-global.com\/en\/#website"},"primaryImageOfPage":{"@id":"https:\/\/www.arteco-global.com\/es\/vertical-market\/retail-loss-prevention\/#primaryimage"},"image":{"@id":"https:\/\/www.arteco-global.com\/es\/vertical-market\/retail-loss-prevention\/#primaryimage"},"thumbnailUrl":"https:\/\/www.arteco-global.com\/wp-content\/uploads\/2021\/01\/arteco-vertical-market-retailloss.jpg","datePublished":"2017-06-12T13:08:22+00:00","dateModified":"2024-02-28T10:44:55+00:00","breadcrumb":{"@id":"https:\/\/www.arteco-global.com\/es\/vertical-market\/retail-loss-prevention\/#breadcrumb"},"inLanguage":"es","potentialAction":[{"@type":"ReadAction","target":["https:\/\/www.arteco-global.com\/es\/vertical-market\/retail-loss-prevention\/"]}]},{"@type":"ImageObject","inLanguage":"es","@id":"https:\/\/www.arteco-global.com\/es\/vertical-market\/retail-loss-prevention\/#primaryimage","url":"https:\/\/www.arteco-global.com\/wp-content\/uploads\/2021\/01\/arteco-vertical-market-retailloss.jpg","contentUrl":"https:\/\/www.arteco-global.com\/wp-content\/uploads\/2021\/01\/arteco-vertical-market-retailloss.jpg","width":1920,"height":600},{"@type":"BreadcrumbList","@id":"https:\/\/www.arteco-global.com\/es\/vertical-market\/retail-loss-prevention\/#breadcrumb","itemListElement":[{"@type":"ListItem","position":1,"name":"Home","item":"https:\/\/www.arteco-global.com\/es\/"},{"@type":"ListItem","position":2,"name":"Vertical Markets","item":"https:\/\/www.arteco-global.com\/es\/vertical-market\/"},{"@type":"ListItem","position":3,"name":"Retail &#038; Loss prevention"}]},{"@type":"WebSite","@id":"https:\/\/www.arteco-global.com\/en\/#website","url":"https:\/\/www.arteco-global.com\/en\/","name":"Arteco","description":"","potentialAction":[{"@type":"SearchAction","target":{"@type":"EntryPoint","urlTemplate":"https:\/\/www.arteco-global.com\/en\/?s={search_term_string}"},"query-input":"required name=search_term_string"}],"inLanguage":"es"}]}},"_links":{"self":[{"href":"https:\/\/www.arteco-global.com\/es\/wp-json\/wp\/v2\/pages\/21064"}],"collection":[{"href":"https:\/\/www.arteco-global.com\/es\/wp-json\/wp\/v2\/pages"}],"about":[{"href":"https:\/\/www.arteco-global.com\/es\/wp-json\/wp\/v2\/types\/page"}],"author":[{"embeddable":true,"href":"https:\/\/www.arteco-global.com\/es\/wp-json\/wp\/v2\/users\/4"}],"replies":[{"embeddable":true,"href":"https:\/\/www.arteco-global.com\/es\/wp-json\/wp\/v2\/comments?post=21064"}],"version-history":[{"count":6,"href":"https:\/\/www.arteco-global.com\/es\/wp-json\/wp\/v2\/pages\/21064\/revisions"}],"predecessor-version":[{"id":35764,"href":"https:\/\/www.arteco-global.com\/es\/wp-json\/wp\/v2\/pages\/21064\/revisions\/35764"}],"up":[{"embeddable":true,"href":"https:\/\/www.arteco-global.com\/es\/wp-json\/wp\/v2\/pages\/21088"}],"wp:featuredmedia":[{"embeddable":true,"href":"https:\/\/www.arteco-global.com\/es\/wp-json\/wp\/v2\/media\/32003"}],"wp:attachment":[{"href":"https:\/\/www.arteco-global.com\/es\/wp-json\/wp\/v2\/media?parent=21064"}],"curies":[{"name":"wp","href":"https:\/\/api.w.org\/{rel}","templated":true}]}}