{"id":21020,"date":"2018-05-31T14:45:02","date_gmt":"2018-05-31T12:45:02","guid":{"rendered":"https:\/\/www.arteco-global.com\/video-security\/software-solutions\/arteco-security-connector\/"},"modified":"2024-02-28T11:46:38","modified_gmt":"2024-02-28T10:46:38","slug":"arteco-security-connector","status":"publish","type":"page","link":"https:\/\/www.arteco-global.com\/es\/video-security\/software-solutions\/arteco-security-connector\/","title":{"rendered":"Arteco Security Connector"},"content":{"rendered":"<p>Arteco Security Connector es un complemento disponible para OMNIA que le permite <strong>integrar y administrar una amplia variedad de sistemas de seguridad IP<\/strong>, como paneles de control de alarma de intrusi\u00f3n, sistemas de detecci\u00f3n de incendios y dispositivos que ejecutan el protocolo Modbus. <strong>Todo a trav\u00e9s de una \u00fanica interfaz de software centralizada.<\/strong><\/p>\n<p>Arteco Security Connector es una herramienta muy intuitiva, capaz de convertir eventos de seguridad en protocolos est\u00e1ndar compatibles con Arteco Open Connector y OMNIA, permitiendo a los usuarios recibir eventos y administrar de forma remota grupos de sensores y paneles de alarma con facilidad.<\/p>\n<p>Arteco Security Connector tambi\u00e9n ofrece la posibilidad de conectar dispositivos con cualquier otro sistema configurado en OMNIA, incluyendo c\u00e1maras de video y sistemas de control de acceso.<\/p>\n<p>Arteco Security Connector es una soluci\u00f3n flexible desarrollada para sistemas de cualquier tama\u00f1o.<\/p>\n<p><strong>Arteco Security Connector ofrece numerosas ventajas:<\/strong><\/p>\n<ul>\n<li>Integra los sistemas de seguridad IP m\u00e1s populares en una \u00fanica interfaz<\/li>\n<li>Una forma conveniente de combinar dispositivos de video y seguridad con facilidad gracias a los controladores preinstalados y un proceso de configuraci\u00f3n intuitivo<\/li>\n<li>Mejora del proceso de toma de decisiones por parte de los operadores, quienes pueden verificar visualmente la identidad de las personas y tener una visi\u00f3n general de la escena<\/li>\n<li>Una soluci\u00f3n escalable, disponible para Arteco eMotion, Active y Extreme<\/li>\n<li>Gracias a Arteco Maps, la experiencia del usuario es visual e interactiva, dada la capacidad de armar \/ desarmar \u00e1reas y monitorear sensores con facilidad, para un conocimiento de la situaci\u00f3n sin precedentes.<\/li>\n<li>Gestione grandes instalaciones con miles de puntos con facilidad<\/li>\n<\/ul>\n<hr \/>\n<h2>Vea el v\u00eddeo<\/h2>\n<p><iframe loading=\"lazy\" src=\"https:\/\/www.youtube.com\/embed\/1kIx_7t5ABo?rel=0\" width=\"560\" height=\"315\" frameborder=\"0\" allowfullscreen=\"allowfullscreen\" data-mce-fragment=\"1\"><\/iframe><\/p>\n","protected":false},"excerpt":{"rendered":"<p>Arteco Security Connector es un complemento disponible para OMNIA que [&hellip;]<\/p>\n","protected":false},"author":4,"featured_media":31942,"parent":18041,"menu_order":160,"comment_status":"closed","ping_status":"closed","template":"template-page-con-download-link.php","meta":{"footnotes":""},"yoast_head":"<!-- This site is optimized with the Yoast SEO plugin v22.8 - https:\/\/yoast.com\/wordpress\/plugins\/seo\/ -->\n<title>Arteco Security Connector - Arteco<\/title>\n<meta name=\"description\" content=\"Integre y administre una amplia variedad de sistemas de seguridad IP, alarmas de intrusi\u00f3n, sistemas de detecci\u00f3n de incendios en una sola interfaz.\" \/>\n<meta name=\"robots\" content=\"index, follow, max-snippet:-1, max-image-preview:large, max-video-preview:-1\" \/>\n<link rel=\"canonical\" href=\"https:\/\/www.arteco-global.com\/es\/video-security\/software-solutions\/arteco-security-connector\/\" \/>\n<meta property=\"og:locale\" content=\"es_ES\" \/>\n<meta property=\"og:type\" content=\"article\" \/>\n<meta property=\"og:title\" content=\"Arteco Security Connector - Arteco\" \/>\n<meta property=\"og:description\" content=\"Integre y administre una amplia variedad de sistemas de seguridad IP, alarmas de intrusi\u00f3n, sistemas de detecci\u00f3n de incendios en una sola interfaz.\" \/>\n<meta property=\"og:url\" content=\"https:\/\/www.arteco-global.com\/es\/video-security\/software-solutions\/arteco-security-connector\/\" \/>\n<meta property=\"og:site_name\" content=\"Arteco\" \/>\n<meta property=\"article:modified_time\" content=\"2024-02-28T10:46:38+00:00\" \/>\n<meta property=\"og:image\" content=\"https:\/\/www.arteco-global.com\/wp-content\/uploads\/2021\/01\/arteco-software-security-connector.jpg\" \/>\n\t<meta property=\"og:image:width\" content=\"1920\" \/>\n\t<meta property=\"og:image:height\" content=\"600\" \/>\n\t<meta property=\"og:image:type\" content=\"image\/jpeg\" \/>\n<meta name=\"twitter:card\" content=\"summary_large_image\" \/>\n<meta name=\"twitter:label1\" content=\"Tiempo de lectura\" \/>\n\t<meta name=\"twitter:data1\" content=\"2 minutos\" \/>\n<script type=\"application\/ld+json\" class=\"yoast-schema-graph\">{\"@context\":\"https:\/\/schema.org\",\"@graph\":[{\"@type\":\"WebPage\",\"@id\":\"https:\/\/www.arteco-global.com\/es\/video-security\/software-solutions\/arteco-security-connector\/\",\"url\":\"https:\/\/www.arteco-global.com\/es\/video-security\/software-solutions\/arteco-security-connector\/\",\"name\":\"Arteco Security Connector - Arteco\",\"isPartOf\":{\"@id\":\"https:\/\/www.arteco-global.com\/en\/#website\"},\"primaryImageOfPage\":{\"@id\":\"https:\/\/www.arteco-global.com\/es\/video-security\/software-solutions\/arteco-security-connector\/#primaryimage\"},\"image\":{\"@id\":\"https:\/\/www.arteco-global.com\/es\/video-security\/software-solutions\/arteco-security-connector\/#primaryimage\"},\"thumbnailUrl\":\"https:\/\/www.arteco-global.com\/wp-content\/uploads\/2021\/01\/arteco-software-security-connector.jpg\",\"datePublished\":\"2018-05-31T12:45:02+00:00\",\"dateModified\":\"2024-02-28T10:46:38+00:00\",\"description\":\"Integre y administre una amplia variedad de sistemas de seguridad IP, alarmas de intrusi\u00f3n, sistemas de detecci\u00f3n de incendios en una sola interfaz.\",\"breadcrumb\":{\"@id\":\"https:\/\/www.arteco-global.com\/es\/video-security\/software-solutions\/arteco-security-connector\/#breadcrumb\"},\"inLanguage\":\"es\",\"potentialAction\":[{\"@type\":\"ReadAction\",\"target\":[\"https:\/\/www.arteco-global.com\/es\/video-security\/software-solutions\/arteco-security-connector\/\"]}]},{\"@type\":\"ImageObject\",\"inLanguage\":\"es\",\"@id\":\"https:\/\/www.arteco-global.com\/es\/video-security\/software-solutions\/arteco-security-connector\/#primaryimage\",\"url\":\"https:\/\/www.arteco-global.com\/wp-content\/uploads\/2021\/01\/arteco-software-security-connector.jpg\",\"contentUrl\":\"https:\/\/www.arteco-global.com\/wp-content\/uploads\/2021\/01\/arteco-software-security-connector.jpg\",\"width\":1920,\"height\":600},{\"@type\":\"BreadcrumbList\",\"@id\":\"https:\/\/www.arteco-global.com\/es\/video-security\/software-solutions\/arteco-security-connector\/#breadcrumb\",\"itemListElement\":[{\"@type\":\"ListItem\",\"position\":1,\"name\":\"Home\",\"item\":\"https:\/\/www.arteco-global.com\/es\/\"},{\"@type\":\"ListItem\",\"position\":2,\"name\":\"Video Security\",\"item\":\"https:\/\/www.arteco-global.com\/es\/video-security\/\"},{\"@type\":\"ListItem\",\"position\":3,\"name\":\"Software Solutions\",\"item\":\"https:\/\/www.arteco-global.com\/es\/video-security\/software-solutions\/\"},{\"@type\":\"ListItem\",\"position\":4,\"name\":\"Arteco Security Connector\"}]},{\"@type\":\"WebSite\",\"@id\":\"https:\/\/www.arteco-global.com\/en\/#website\",\"url\":\"https:\/\/www.arteco-global.com\/en\/\",\"name\":\"Arteco\",\"description\":\"\",\"potentialAction\":[{\"@type\":\"SearchAction\",\"target\":{\"@type\":\"EntryPoint\",\"urlTemplate\":\"https:\/\/www.arteco-global.com\/en\/?s={search_term_string}\"},\"query-input\":\"required name=search_term_string\"}],\"inLanguage\":\"es\"}]}<\/script>\n<!-- \/ Yoast SEO plugin. -->","yoast_head_json":{"title":"Arteco Security Connector - Arteco","description":"Integre y administre una amplia variedad de sistemas de seguridad IP, alarmas de intrusi\u00f3n, sistemas de detecci\u00f3n de incendios en una sola interfaz.","robots":{"index":"index","follow":"follow","max-snippet":"max-snippet:-1","max-image-preview":"max-image-preview:large","max-video-preview":"max-video-preview:-1"},"canonical":"https:\/\/www.arteco-global.com\/es\/video-security\/software-solutions\/arteco-security-connector\/","og_locale":"es_ES","og_type":"article","og_title":"Arteco Security Connector - Arteco","og_description":"Integre y administre una amplia variedad de sistemas de seguridad IP, alarmas de intrusi\u00f3n, sistemas de detecci\u00f3n de incendios en una sola interfaz.","og_url":"https:\/\/www.arteco-global.com\/es\/video-security\/software-solutions\/arteco-security-connector\/","og_site_name":"Arteco","article_modified_time":"2024-02-28T10:46:38+00:00","og_image":[{"width":1920,"height":600,"url":"https:\/\/www.arteco-global.com\/wp-content\/uploads\/2021\/01\/arteco-software-security-connector.jpg","type":"image\/jpeg"}],"twitter_card":"summary_large_image","twitter_misc":{"Tiempo de lectura":"2 minutos"},"schema":{"@context":"https:\/\/schema.org","@graph":[{"@type":"WebPage","@id":"https:\/\/www.arteco-global.com\/es\/video-security\/software-solutions\/arteco-security-connector\/","url":"https:\/\/www.arteco-global.com\/es\/video-security\/software-solutions\/arteco-security-connector\/","name":"Arteco Security Connector - Arteco","isPartOf":{"@id":"https:\/\/www.arteco-global.com\/en\/#website"},"primaryImageOfPage":{"@id":"https:\/\/www.arteco-global.com\/es\/video-security\/software-solutions\/arteco-security-connector\/#primaryimage"},"image":{"@id":"https:\/\/www.arteco-global.com\/es\/video-security\/software-solutions\/arteco-security-connector\/#primaryimage"},"thumbnailUrl":"https:\/\/www.arteco-global.com\/wp-content\/uploads\/2021\/01\/arteco-software-security-connector.jpg","datePublished":"2018-05-31T12:45:02+00:00","dateModified":"2024-02-28T10:46:38+00:00","description":"Integre y administre una amplia variedad de sistemas de seguridad IP, alarmas de intrusi\u00f3n, sistemas de detecci\u00f3n de incendios en una sola interfaz.","breadcrumb":{"@id":"https:\/\/www.arteco-global.com\/es\/video-security\/software-solutions\/arteco-security-connector\/#breadcrumb"},"inLanguage":"es","potentialAction":[{"@type":"ReadAction","target":["https:\/\/www.arteco-global.com\/es\/video-security\/software-solutions\/arteco-security-connector\/"]}]},{"@type":"ImageObject","inLanguage":"es","@id":"https:\/\/www.arteco-global.com\/es\/video-security\/software-solutions\/arteco-security-connector\/#primaryimage","url":"https:\/\/www.arteco-global.com\/wp-content\/uploads\/2021\/01\/arteco-software-security-connector.jpg","contentUrl":"https:\/\/www.arteco-global.com\/wp-content\/uploads\/2021\/01\/arteco-software-security-connector.jpg","width":1920,"height":600},{"@type":"BreadcrumbList","@id":"https:\/\/www.arteco-global.com\/es\/video-security\/software-solutions\/arteco-security-connector\/#breadcrumb","itemListElement":[{"@type":"ListItem","position":1,"name":"Home","item":"https:\/\/www.arteco-global.com\/es\/"},{"@type":"ListItem","position":2,"name":"Video Security","item":"https:\/\/www.arteco-global.com\/es\/video-security\/"},{"@type":"ListItem","position":3,"name":"Software Solutions","item":"https:\/\/www.arteco-global.com\/es\/video-security\/software-solutions\/"},{"@type":"ListItem","position":4,"name":"Arteco Security Connector"}]},{"@type":"WebSite","@id":"https:\/\/www.arteco-global.com\/en\/#website","url":"https:\/\/www.arteco-global.com\/en\/","name":"Arteco","description":"","potentialAction":[{"@type":"SearchAction","target":{"@type":"EntryPoint","urlTemplate":"https:\/\/www.arteco-global.com\/en\/?s={search_term_string}"},"query-input":"required name=search_term_string"}],"inLanguage":"es"}]}},"_links":{"self":[{"href":"https:\/\/www.arteco-global.com\/es\/wp-json\/wp\/v2\/pages\/21020"}],"collection":[{"href":"https:\/\/www.arteco-global.com\/es\/wp-json\/wp\/v2\/pages"}],"about":[{"href":"https:\/\/www.arteco-global.com\/es\/wp-json\/wp\/v2\/types\/page"}],"author":[{"embeddable":true,"href":"https:\/\/www.arteco-global.com\/es\/wp-json\/wp\/v2\/users\/4"}],"replies":[{"embeddable":true,"href":"https:\/\/www.arteco-global.com\/es\/wp-json\/wp\/v2\/comments?post=21020"}],"version-history":[{"count":5,"href":"https:\/\/www.arteco-global.com\/es\/wp-json\/wp\/v2\/pages\/21020\/revisions"}],"predecessor-version":[{"id":35778,"href":"https:\/\/www.arteco-global.com\/es\/wp-json\/wp\/v2\/pages\/21020\/revisions\/35778"}],"up":[{"embeddable":true,"href":"https:\/\/www.arteco-global.com\/es\/wp-json\/wp\/v2\/pages\/18041"}],"wp:featuredmedia":[{"embeddable":true,"href":"https:\/\/www.arteco-global.com\/es\/wp-json\/wp\/v2\/media\/31942"}],"wp:attachment":[{"href":"https:\/\/www.arteco-global.com\/es\/wp-json\/wp\/v2\/media?parent=21020"}],"curies":[{"name":"wp","href":"https:\/\/api.w.org\/{rel}","templated":true}]}}