{"id":21017,"date":"2018-10-02T16:33:18","date_gmt":"2018-10-02T14:33:18","guid":{"rendered":"https:\/\/www.arteco-global.com\/video-security\/software-solutions\/arteco-lpr-server\/"},"modified":"2024-02-28T16:46:35","modified_gmt":"2024-02-28T15:46:35","slug":"lpr-server","status":"publish","type":"page","link":"https:\/\/www.arteco-global.com\/es\/video-security\/software-solutions\/lpr-server\/","title":{"rendered":"LPR Server 2.0"},"content":{"rendered":"<p>LPR Server 2.0 es la soluci\u00f3n de<strong> software de nueva generaci\u00f3n<\/strong> que se puede instalar en servidores Windows, dise\u00f1ada para permitir la lectura de matr\u00edculas en c\u00e1maras IP est\u00e1ndar y para facilitar el an\u00e1lisis del tr\u00e1fico y la identificaci\u00f3n de veh\u00edculos a trav\u00e9s de una interfaz de usuario de <strong>nuevo dise\u00f1o e intuitiva<\/strong>.<\/p>\n<p><strong>ESCALABLE<\/strong><\/p>\n<p>LPR Server 2.0 no necesita c\u00e1maras LPR espec\u00edficas, solo requiere un flujo de video de calidad y su <strong>motor OCR de \u00faltima generaci\u00f3n<\/strong> hace el resto.<\/p>\n<p>LPR Server 2.0 ha sido desarrollado para soportar tambi\u00e9n transmisiones de <strong>video H.264, H.265<\/strong>, con la incre\u00edble ventaja de un <strong>menor consumo de CPU y RAM<\/strong>, y para que se ejecuta como un servicio de Windows para iniciar autom\u00e1ticamente la detecci\u00f3n de placas al iniciar el sistema operativo<\/p>\n<p><strong>INTEGRADO <\/strong><\/p>\n<p>Totalmente integrado en Arteco VEMS, se sincroniza perfectamente con dispositivos de videovigilancia, control de acceso y numerosos sistemas adicionales. Gracias a sus m\u00faltiples protocolos de notificaci\u00f3n, tambi\u00e9n<strong> se puede integrar con soluciones de terceros<\/strong> para sistemas de control de tr\u00e1fico y gesti\u00f3n de estacionamiento.<\/p>\n<p>LPR Server 2.0 tambi\u00e9n se puede configurar<strong> para gestionar hasta 4 listas de placas por canal de v\u00eddeo<\/strong> y activar rel\u00e9s de forma remota, con el fin de facilitar la gesti\u00f3n automatizada de zonas residenciales delimitadas, aparcamientos y m\u00e1s, utilizando una \u00fanica y c\u00f3moda soluci\u00f3n.<\/p>\n<p><strong>VERTICAL<\/strong><\/p>\n<p>El servidor de LPR se puede utilizar para numerosos prop\u00f3sitos: prevenci\u00f3n de delitos, control de accesos, control de presencias y la posibilidad de integraci\u00f3n con sistemas de vigilancia de tr\u00e1fico y aparcamiento.<\/p>\n","protected":false},"excerpt":{"rendered":"<p>LPR Server 2.0 es la soluci\u00f3n de software de nueva [&hellip;]<\/p>\n","protected":false},"author":4,"featured_media":31923,"parent":18041,"menu_order":170,"comment_status":"closed","ping_status":"closed","template":"template-page-con-download-link.php","meta":{"footnotes":""},"yoast_head":"<!-- This site is optimized with the Yoast SEO plugin v22.8 - https:\/\/yoast.com\/wordpress\/plugins\/seo\/ -->\n<title>LPR Server 2.0 - Arteco<\/title>\n<meta name=\"description\" content=\"Lectura de matr\u00edculas en c\u00e1maras IP est\u00e1ndar y seplificaci\u00f3n del an\u00e1lisis del tr\u00e1fico, la identificaci\u00f3n de veh\u00edculos y la vigilancia.\" \/>\n<meta name=\"robots\" content=\"index, follow, max-snippet:-1, max-image-preview:large, max-video-preview:-1\" \/>\n<link rel=\"canonical\" href=\"https:\/\/www.arteco-global.com\/es\/video-security\/software-solutions\/lpr-server\/\" \/>\n<meta property=\"og:locale\" content=\"es_ES\" \/>\n<meta property=\"og:type\" content=\"article\" \/>\n<meta property=\"og:title\" content=\"LPR Server 2.0 - Arteco\" \/>\n<meta property=\"og:description\" content=\"Lectura de matr\u00edculas en c\u00e1maras IP est\u00e1ndar y seplificaci\u00f3n del an\u00e1lisis del tr\u00e1fico, la identificaci\u00f3n de veh\u00edculos y la vigilancia.\" \/>\n<meta property=\"og:url\" content=\"https:\/\/www.arteco-global.com\/es\/video-security\/software-solutions\/lpr-server\/\" \/>\n<meta property=\"og:site_name\" content=\"Arteco\" \/>\n<meta property=\"article:modified_time\" content=\"2024-02-28T15:46:35+00:00\" \/>\n<meta property=\"og:image\" content=\"https:\/\/www.arteco-global.com\/wp-content\/uploads\/2021\/01\/arteco-software-lpr-server.jpg\" \/>\n\t<meta property=\"og:image:width\" content=\"1920\" \/>\n\t<meta property=\"og:image:height\" content=\"600\" \/>\n\t<meta property=\"og:image:type\" content=\"image\/jpeg\" \/>\n<meta name=\"twitter:card\" content=\"summary_large_image\" \/>\n<meta name=\"twitter:label1\" content=\"Tiempo de lectura\" \/>\n\t<meta name=\"twitter:data1\" content=\"2 minutos\" \/>\n<script type=\"application\/ld+json\" class=\"yoast-schema-graph\">{\"@context\":\"https:\/\/schema.org\",\"@graph\":[{\"@type\":\"WebPage\",\"@id\":\"https:\/\/www.arteco-global.com\/es\/video-security\/software-solutions\/lpr-server\/\",\"url\":\"https:\/\/www.arteco-global.com\/es\/video-security\/software-solutions\/lpr-server\/\",\"name\":\"LPR Server 2.0 - Arteco\",\"isPartOf\":{\"@id\":\"https:\/\/www.arteco-global.com\/en\/#website\"},\"primaryImageOfPage\":{\"@id\":\"https:\/\/www.arteco-global.com\/es\/video-security\/software-solutions\/lpr-server\/#primaryimage\"},\"image\":{\"@id\":\"https:\/\/www.arteco-global.com\/es\/video-security\/software-solutions\/lpr-server\/#primaryimage\"},\"thumbnailUrl\":\"https:\/\/www.arteco-global.com\/wp-content\/uploads\/2021\/01\/arteco-software-lpr-server.jpg\",\"datePublished\":\"2018-10-02T14:33:18+00:00\",\"dateModified\":\"2024-02-28T15:46:35+00:00\",\"description\":\"Lectura de matr\u00edculas en c\u00e1maras IP est\u00e1ndar y seplificaci\u00f3n del an\u00e1lisis del tr\u00e1fico, la identificaci\u00f3n de veh\u00edculos y la vigilancia.\",\"breadcrumb\":{\"@id\":\"https:\/\/www.arteco-global.com\/es\/video-security\/software-solutions\/lpr-server\/#breadcrumb\"},\"inLanguage\":\"es\",\"potentialAction\":[{\"@type\":\"ReadAction\",\"target\":[\"https:\/\/www.arteco-global.com\/es\/video-security\/software-solutions\/lpr-server\/\"]}]},{\"@type\":\"ImageObject\",\"inLanguage\":\"es\",\"@id\":\"https:\/\/www.arteco-global.com\/es\/video-security\/software-solutions\/lpr-server\/#primaryimage\",\"url\":\"https:\/\/www.arteco-global.com\/wp-content\/uploads\/2021\/01\/arteco-software-lpr-server.jpg\",\"contentUrl\":\"https:\/\/www.arteco-global.com\/wp-content\/uploads\/2021\/01\/arteco-software-lpr-server.jpg\",\"width\":1920,\"height\":600},{\"@type\":\"BreadcrumbList\",\"@id\":\"https:\/\/www.arteco-global.com\/es\/video-security\/software-solutions\/lpr-server\/#breadcrumb\",\"itemListElement\":[{\"@type\":\"ListItem\",\"position\":1,\"name\":\"Home\",\"item\":\"https:\/\/www.arteco-global.com\/es\/\"},{\"@type\":\"ListItem\",\"position\":2,\"name\":\"Video Security\",\"item\":\"https:\/\/www.arteco-global.com\/es\/video-security\/\"},{\"@type\":\"ListItem\",\"position\":3,\"name\":\"Software Solutions\",\"item\":\"https:\/\/www.arteco-global.com\/es\/video-security\/software-solutions\/\"},{\"@type\":\"ListItem\",\"position\":4,\"name\":\"LPR Server 2.0\"}]},{\"@type\":\"WebSite\",\"@id\":\"https:\/\/www.arteco-global.com\/en\/#website\",\"url\":\"https:\/\/www.arteco-global.com\/en\/\",\"name\":\"Arteco\",\"description\":\"\",\"potentialAction\":[{\"@type\":\"SearchAction\",\"target\":{\"@type\":\"EntryPoint\",\"urlTemplate\":\"https:\/\/www.arteco-global.com\/en\/?s={search_term_string}\"},\"query-input\":\"required name=search_term_string\"}],\"inLanguage\":\"es\"}]}<\/script>\n<!-- \/ Yoast SEO plugin. -->","yoast_head_json":{"title":"LPR Server 2.0 - Arteco","description":"Lectura de matr\u00edculas en c\u00e1maras IP est\u00e1ndar y seplificaci\u00f3n del an\u00e1lisis del tr\u00e1fico, la identificaci\u00f3n de veh\u00edculos y la vigilancia.","robots":{"index":"index","follow":"follow","max-snippet":"max-snippet:-1","max-image-preview":"max-image-preview:large","max-video-preview":"max-video-preview:-1"},"canonical":"https:\/\/www.arteco-global.com\/es\/video-security\/software-solutions\/lpr-server\/","og_locale":"es_ES","og_type":"article","og_title":"LPR Server 2.0 - Arteco","og_description":"Lectura de matr\u00edculas en c\u00e1maras IP est\u00e1ndar y seplificaci\u00f3n del an\u00e1lisis del tr\u00e1fico, la identificaci\u00f3n de veh\u00edculos y la vigilancia.","og_url":"https:\/\/www.arteco-global.com\/es\/video-security\/software-solutions\/lpr-server\/","og_site_name":"Arteco","article_modified_time":"2024-02-28T15:46:35+00:00","og_image":[{"width":1920,"height":600,"url":"https:\/\/www.arteco-global.com\/wp-content\/uploads\/2021\/01\/arteco-software-lpr-server.jpg","type":"image\/jpeg"}],"twitter_card":"summary_large_image","twitter_misc":{"Tiempo de lectura":"2 minutos"},"schema":{"@context":"https:\/\/schema.org","@graph":[{"@type":"WebPage","@id":"https:\/\/www.arteco-global.com\/es\/video-security\/software-solutions\/lpr-server\/","url":"https:\/\/www.arteco-global.com\/es\/video-security\/software-solutions\/lpr-server\/","name":"LPR Server 2.0 - Arteco","isPartOf":{"@id":"https:\/\/www.arteco-global.com\/en\/#website"},"primaryImageOfPage":{"@id":"https:\/\/www.arteco-global.com\/es\/video-security\/software-solutions\/lpr-server\/#primaryimage"},"image":{"@id":"https:\/\/www.arteco-global.com\/es\/video-security\/software-solutions\/lpr-server\/#primaryimage"},"thumbnailUrl":"https:\/\/www.arteco-global.com\/wp-content\/uploads\/2021\/01\/arteco-software-lpr-server.jpg","datePublished":"2018-10-02T14:33:18+00:00","dateModified":"2024-02-28T15:46:35+00:00","description":"Lectura de matr\u00edculas en c\u00e1maras IP est\u00e1ndar y seplificaci\u00f3n del an\u00e1lisis del tr\u00e1fico, la identificaci\u00f3n de veh\u00edculos y la vigilancia.","breadcrumb":{"@id":"https:\/\/www.arteco-global.com\/es\/video-security\/software-solutions\/lpr-server\/#breadcrumb"},"inLanguage":"es","potentialAction":[{"@type":"ReadAction","target":["https:\/\/www.arteco-global.com\/es\/video-security\/software-solutions\/lpr-server\/"]}]},{"@type":"ImageObject","inLanguage":"es","@id":"https:\/\/www.arteco-global.com\/es\/video-security\/software-solutions\/lpr-server\/#primaryimage","url":"https:\/\/www.arteco-global.com\/wp-content\/uploads\/2021\/01\/arteco-software-lpr-server.jpg","contentUrl":"https:\/\/www.arteco-global.com\/wp-content\/uploads\/2021\/01\/arteco-software-lpr-server.jpg","width":1920,"height":600},{"@type":"BreadcrumbList","@id":"https:\/\/www.arteco-global.com\/es\/video-security\/software-solutions\/lpr-server\/#breadcrumb","itemListElement":[{"@type":"ListItem","position":1,"name":"Home","item":"https:\/\/www.arteco-global.com\/es\/"},{"@type":"ListItem","position":2,"name":"Video Security","item":"https:\/\/www.arteco-global.com\/es\/video-security\/"},{"@type":"ListItem","position":3,"name":"Software Solutions","item":"https:\/\/www.arteco-global.com\/es\/video-security\/software-solutions\/"},{"@type":"ListItem","position":4,"name":"LPR Server 2.0"}]},{"@type":"WebSite","@id":"https:\/\/www.arteco-global.com\/en\/#website","url":"https:\/\/www.arteco-global.com\/en\/","name":"Arteco","description":"","potentialAction":[{"@type":"SearchAction","target":{"@type":"EntryPoint","urlTemplate":"https:\/\/www.arteco-global.com\/en\/?s={search_term_string}"},"query-input":"required name=search_term_string"}],"inLanguage":"es"}]}},"_links":{"self":[{"href":"https:\/\/www.arteco-global.com\/es\/wp-json\/wp\/v2\/pages\/21017"}],"collection":[{"href":"https:\/\/www.arteco-global.com\/es\/wp-json\/wp\/v2\/pages"}],"about":[{"href":"https:\/\/www.arteco-global.com\/es\/wp-json\/wp\/v2\/types\/page"}],"author":[{"embeddable":true,"href":"https:\/\/www.arteco-global.com\/es\/wp-json\/wp\/v2\/users\/4"}],"replies":[{"embeddable":true,"href":"https:\/\/www.arteco-global.com\/es\/wp-json\/wp\/v2\/comments?post=21017"}],"version-history":[{"count":8,"href":"https:\/\/www.arteco-global.com\/es\/wp-json\/wp\/v2\/pages\/21017\/revisions"}],"predecessor-version":[{"id":35815,"href":"https:\/\/www.arteco-global.com\/es\/wp-json\/wp\/v2\/pages\/21017\/revisions\/35815"}],"up":[{"embeddable":true,"href":"https:\/\/www.arteco-global.com\/es\/wp-json\/wp\/v2\/pages\/18041"}],"wp:featuredmedia":[{"embeddable":true,"href":"https:\/\/www.arteco-global.com\/es\/wp-json\/wp\/v2\/media\/31923"}],"wp:attachment":[{"href":"https:\/\/www.arteco-global.com\/es\/wp-json\/wp\/v2\/media?parent=21017"}],"curies":[{"name":"wp","href":"https:\/\/api.w.org\/{rel}","templated":true}]}}