{"id":19138,"date":"2020-04-16T16:08:30","date_gmt":"2020-04-16T14:08:30","guid":{"rendered":"https:\/\/www.arteco-global.com\/arteco-vca-video-content-analysis\/"},"modified":"2024-10-30T16:49:37","modified_gmt":"2024-10-30T15:49:37","slug":"vca","status":"publish","type":"page","link":"https:\/\/www.arteco-global.com\/es\/video-security\/software-solutions\/vca\/","title":{"rendered":"VCA"},"content":{"rendered":"<p>Con la evoluci\u00f3n de las soluciones de seguridad por video, Arteco ha decidido enriquecer su oferta con <strong>VCA<\/strong>: la suite de an\u00e1lisis de video que lleva la licencia Extreme o uSee al nivel m\u00e1s avanzado de inteligencia. Al analizar constantemente los movimientos y comportamientos de personas y objetos dentro de su entorno, VCA puede <strong>extraer autom\u00e1ticamente la informaci\u00f3n m\u00e1s significativa de las transmisiones de video<\/strong> y mostrarlas en forma de alarmas al usuario.<\/p>\n<p>Gracias al reconocimiento de modelos en los datos recopilados y su clasificaci\u00f3n autom\u00e1tica, los algoritmos <strong>VCA pueden mejorar la eficiencia<\/strong> de los sistemas de seguridad, reducir los costos de gesti\u00f3n y disminuir los m\u00e1rgenes de riesgo con la perspectiva de nuevos desarrollos en el horizonte.<\/p>\n<p>La suite VCA es una aplicaci\u00f3n independiente que debe instalarse en una estaci\u00f3n de trabajo dedicada con sistema operativo Windows o en una m\u00e1quina virtual que se ejecuta en un entorno Windows.<\/p>\n<h3 class=\"character-count tlid-character-count\">COMO FUNCIONA<\/h3>\n<div class=\"character-count tlid-character-count\"><strong>VCA procesa los videos, identifica los objetos en el flujo de video<\/strong> (personas, veh\u00edculos y otros elementos) y los indexa para que las grabaciones puedan ser identificadas y analizadas f\u00e1cil y r\u00e1pidamente para varios prop\u00f3sitos:<\/div>\n<ol>\n<li class=\"character-count tlid-character-count\">realizar investigaciones posteriores al evento e investigaciones forenses;<\/li>\n<li class=\"character-count tlid-character-count\">mejorar el estado de seguridad en tiempo real.<\/li>\n<\/ol>\n<div>\n<div style=\"width: 1920px;\" class=\"wp-video\"><!--[if lt IE 9]><script>document.createElement('video');<\/script><![endif]-->\n<video class=\"wp-video-shortcode\" id=\"video-19138-1\" width=\"1920\" height=\"1080\" preload=\"metadata\" controls=\"controls\"><source type=\"video\/mp4\" src=\"https:\/\/www.arteco-global.com\/wp-content\/uploads\/2024\/02\/vca-presentazione-2.mp4?_=1\" \/><a href=\"https:\/\/www.arteco-global.com\/wp-content\/uploads\/2024\/02\/vca-presentazione-2.mp4\">https:\/\/www.arteco-global.com\/wp-content\/uploads\/2024\/02\/vca-presentazione-2.mp4<\/a><\/video><\/div>\n<\/div>\n<h3><\/h3>\n<h3>DEEP LEARNING<\/h3>\n<p>La tecnolog\u00eda VCA se basa en el modelo de aprendizaje autom\u00e1tico de Deep Learning, que puede procesar transmisiones de video y detectar y clasificar simult\u00e1neamente todos los objetos que aparecen en la pantalla. VCA est\u00e1 equipado con tres motores de Deep Learning.<\/p>\n<h3>DEEP LEARNING OBJECT TRACKER<\/h3>\n<p>Clasifica y analiza las siguientes clases de objetos:<\/p>\n<ul>\n<li>Personas<\/li>\n<li>Coches<\/li>\n<li>M\u00e1quina elevadora<\/li>\n<li>Furgonetas<\/li>\n<li>Camionetas<\/li>\n<li>Autob\u00fas<\/li>\n<li>Motocicletas<\/li>\n<li>Bicicletas<\/li>\n<li>Bolsas<\/li>\n<\/ul>\n<div>\n<p>&nbsp;<\/p>\n<div style=\"width: 1920px;\" class=\"wp-video\"><video class=\"wp-video-shortcode\" id=\"video-19138-2\" width=\"1920\" height=\"1080\" preload=\"metadata\" controls=\"controls\"><source type=\"video\/mp4\" src=\"https:\/\/www.arteco-global.com\/wp-content\/uploads\/2024\/02\/vca-DLOT.mp4?_=2\" \/><a href=\"https:\/\/www.arteco-global.com\/wp-content\/uploads\/2024\/02\/vca-DLOT.mp4\">https:\/\/www.arteco-global.com\/wp-content\/uploads\/2024\/02\/vca-DLOT.mp4<\/a><\/video><\/div>\n<hr \/>\n<\/div>\n<div>\n<h3>DEEP LEARNING PEOPLE TRACKER<\/h3>\n<p>Permite la clasificaci\u00f3n autom\u00e1tica de las personas y caras presentes en la escena, por lo que es especialmente adecuado en los siguientes casos: Seguimiento de asistencia y Recuento de personas.<\/p>\n<h3>DEEP LEARNING FISHEYE TRACKER<\/h3>\n<p>Permite la detecci\u00f3n y clasificaci\u00f3n humana en c\u00e1maras ojo de pez, sin necesidad de calibraci\u00f3n o correcci\u00f3n de imagen.<\/p>\n<\/div>\n","protected":false},"excerpt":{"rendered":"<p>Con la evoluci\u00f3n de las soluciones de seguridad por video, [&hellip;]<\/p>\n","protected":false},"author":8,"featured_media":36415,"parent":18041,"menu_order":180,"comment_status":"closed","ping_status":"closed","template":"template-page-con-download-link.php","meta":{"footnotes":""},"yoast_head":"<!-- This site is optimized with the Yoast SEO plugin v22.8 - https:\/\/yoast.com\/wordpress\/plugins\/seo\/ -->\n<title>OMIA VCA - Video Content Analysis<\/title>\n<meta name=\"description\" content=\"VCA es el servidor de an\u00e1lisis de video que lleva su licencia Arteco Extreme VMS al nivel m\u00e1s avanzado de inteligencia.\" \/>\n<meta name=\"robots\" content=\"index, follow, max-snippet:-1, max-image-preview:large, max-video-preview:-1\" \/>\n<link rel=\"canonical\" href=\"https:\/\/www.arteco-global.com\/es\/video-security\/software-solutions\/vca\/\" \/>\n<meta property=\"og:locale\" content=\"es_ES\" \/>\n<meta property=\"og:type\" content=\"article\" \/>\n<meta property=\"og:title\" content=\"OMIA VCA - Video Content Analysis\" \/>\n<meta property=\"og:description\" content=\"VCA es el servidor de an\u00e1lisis de video que lleva su licencia Arteco Extreme VMS al nivel m\u00e1s avanzado de inteligencia.\" \/>\n<meta property=\"og:url\" content=\"https:\/\/www.arteco-global.com\/es\/video-security\/software-solutions\/vca\/\" \/>\n<meta property=\"og:site_name\" content=\"Arteco\" \/>\n<meta property=\"article:modified_time\" content=\"2024-10-30T15:49:37+00:00\" \/>\n<meta property=\"og:image\" content=\"https:\/\/www.arteco-global.com\/wp-content\/uploads\/2024\/10\/vca-banner-scaled.jpg\" \/>\n\t<meta property=\"og:image:width\" content=\"2560\" \/>\n\t<meta property=\"og:image:height\" content=\"800\" \/>\n\t<meta property=\"og:image:type\" content=\"image\/jpeg\" \/>\n<meta name=\"twitter:card\" content=\"summary_large_image\" \/>\n<meta name=\"twitter:label1\" content=\"Tiempo de lectura\" \/>\n\t<meta name=\"twitter:data1\" content=\"2 minutos\" \/>\n<script type=\"application\/ld+json\" class=\"yoast-schema-graph\">{\"@context\":\"https:\/\/schema.org\",\"@graph\":[{\"@type\":\"WebPage\",\"@id\":\"https:\/\/www.arteco-global.com\/es\/video-security\/software-solutions\/vca\/\",\"url\":\"https:\/\/www.arteco-global.com\/es\/video-security\/software-solutions\/vca\/\",\"name\":\"OMIA VCA - Video Content Analysis\",\"isPartOf\":{\"@id\":\"https:\/\/www.arteco-global.com\/en\/#website\"},\"primaryImageOfPage\":{\"@id\":\"https:\/\/www.arteco-global.com\/es\/video-security\/software-solutions\/vca\/#primaryimage\"},\"image\":{\"@id\":\"https:\/\/www.arteco-global.com\/es\/video-security\/software-solutions\/vca\/#primaryimage\"},\"thumbnailUrl\":\"https:\/\/www.arteco-global.com\/wp-content\/uploads\/2024\/10\/vca-banner-scaled.jpg\",\"datePublished\":\"2020-04-16T14:08:30+00:00\",\"dateModified\":\"2024-10-30T15:49:37+00:00\",\"description\":\"VCA es el servidor de an\u00e1lisis de video que lleva su licencia Arteco Extreme VMS al nivel m\u00e1s avanzado de inteligencia.\",\"breadcrumb\":{\"@id\":\"https:\/\/www.arteco-global.com\/es\/video-security\/software-solutions\/vca\/#breadcrumb\"},\"inLanguage\":\"es\",\"potentialAction\":[{\"@type\":\"ReadAction\",\"target\":[\"https:\/\/www.arteco-global.com\/es\/video-security\/software-solutions\/vca\/\"]}]},{\"@type\":\"ImageObject\",\"inLanguage\":\"es\",\"@id\":\"https:\/\/www.arteco-global.com\/es\/video-security\/software-solutions\/vca\/#primaryimage\",\"url\":\"https:\/\/www.arteco-global.com\/wp-content\/uploads\/2024\/10\/vca-banner-scaled.jpg\",\"contentUrl\":\"https:\/\/www.arteco-global.com\/wp-content\/uploads\/2024\/10\/vca-banner-scaled.jpg\",\"width\":2560,\"height\":800},{\"@type\":\"BreadcrumbList\",\"@id\":\"https:\/\/www.arteco-global.com\/es\/video-security\/software-solutions\/vca\/#breadcrumb\",\"itemListElement\":[{\"@type\":\"ListItem\",\"position\":1,\"name\":\"Home\",\"item\":\"https:\/\/www.arteco-global.com\/es\/\"},{\"@type\":\"ListItem\",\"position\":2,\"name\":\"Video Security\",\"item\":\"https:\/\/www.arteco-global.com\/es\/video-security\/\"},{\"@type\":\"ListItem\",\"position\":3,\"name\":\"Software Solutions\",\"item\":\"https:\/\/www.arteco-global.com\/es\/video-security\/software-solutions\/\"},{\"@type\":\"ListItem\",\"position\":4,\"name\":\"VCA\"}]},{\"@type\":\"WebSite\",\"@id\":\"https:\/\/www.arteco-global.com\/en\/#website\",\"url\":\"https:\/\/www.arteco-global.com\/en\/\",\"name\":\"Arteco\",\"description\":\"\",\"potentialAction\":[{\"@type\":\"SearchAction\",\"target\":{\"@type\":\"EntryPoint\",\"urlTemplate\":\"https:\/\/www.arteco-global.com\/en\/?s={search_term_string}\"},\"query-input\":\"required name=search_term_string\"}],\"inLanguage\":\"es\"}]}<\/script>\n<!-- \/ Yoast SEO plugin. -->","yoast_head_json":{"title":"OMIA VCA - Video Content Analysis","description":"VCA es el servidor de an\u00e1lisis de video que lleva su licencia Arteco Extreme VMS al nivel m\u00e1s avanzado de inteligencia.","robots":{"index":"index","follow":"follow","max-snippet":"max-snippet:-1","max-image-preview":"max-image-preview:large","max-video-preview":"max-video-preview:-1"},"canonical":"https:\/\/www.arteco-global.com\/es\/video-security\/software-solutions\/vca\/","og_locale":"es_ES","og_type":"article","og_title":"OMIA VCA - Video Content Analysis","og_description":"VCA es el servidor de an\u00e1lisis de video que lleva su licencia Arteco Extreme VMS al nivel m\u00e1s avanzado de inteligencia.","og_url":"https:\/\/www.arteco-global.com\/es\/video-security\/software-solutions\/vca\/","og_site_name":"Arteco","article_modified_time":"2024-10-30T15:49:37+00:00","og_image":[{"width":2560,"height":800,"url":"https:\/\/www.arteco-global.com\/wp-content\/uploads\/2024\/10\/vca-banner-scaled.jpg","type":"image\/jpeg"}],"twitter_card":"summary_large_image","twitter_misc":{"Tiempo de lectura":"2 minutos"},"schema":{"@context":"https:\/\/schema.org","@graph":[{"@type":"WebPage","@id":"https:\/\/www.arteco-global.com\/es\/video-security\/software-solutions\/vca\/","url":"https:\/\/www.arteco-global.com\/es\/video-security\/software-solutions\/vca\/","name":"OMIA VCA - Video Content Analysis","isPartOf":{"@id":"https:\/\/www.arteco-global.com\/en\/#website"},"primaryImageOfPage":{"@id":"https:\/\/www.arteco-global.com\/es\/video-security\/software-solutions\/vca\/#primaryimage"},"image":{"@id":"https:\/\/www.arteco-global.com\/es\/video-security\/software-solutions\/vca\/#primaryimage"},"thumbnailUrl":"https:\/\/www.arteco-global.com\/wp-content\/uploads\/2024\/10\/vca-banner-scaled.jpg","datePublished":"2020-04-16T14:08:30+00:00","dateModified":"2024-10-30T15:49:37+00:00","description":"VCA es el servidor de an\u00e1lisis de video que lleva su licencia Arteco Extreme VMS al nivel m\u00e1s avanzado de inteligencia.","breadcrumb":{"@id":"https:\/\/www.arteco-global.com\/es\/video-security\/software-solutions\/vca\/#breadcrumb"},"inLanguage":"es","potentialAction":[{"@type":"ReadAction","target":["https:\/\/www.arteco-global.com\/es\/video-security\/software-solutions\/vca\/"]}]},{"@type":"ImageObject","inLanguage":"es","@id":"https:\/\/www.arteco-global.com\/es\/video-security\/software-solutions\/vca\/#primaryimage","url":"https:\/\/www.arteco-global.com\/wp-content\/uploads\/2024\/10\/vca-banner-scaled.jpg","contentUrl":"https:\/\/www.arteco-global.com\/wp-content\/uploads\/2024\/10\/vca-banner-scaled.jpg","width":2560,"height":800},{"@type":"BreadcrumbList","@id":"https:\/\/www.arteco-global.com\/es\/video-security\/software-solutions\/vca\/#breadcrumb","itemListElement":[{"@type":"ListItem","position":1,"name":"Home","item":"https:\/\/www.arteco-global.com\/es\/"},{"@type":"ListItem","position":2,"name":"Video Security","item":"https:\/\/www.arteco-global.com\/es\/video-security\/"},{"@type":"ListItem","position":3,"name":"Software Solutions","item":"https:\/\/www.arteco-global.com\/es\/video-security\/software-solutions\/"},{"@type":"ListItem","position":4,"name":"VCA"}]},{"@type":"WebSite","@id":"https:\/\/www.arteco-global.com\/en\/#website","url":"https:\/\/www.arteco-global.com\/en\/","name":"Arteco","description":"","potentialAction":[{"@type":"SearchAction","target":{"@type":"EntryPoint","urlTemplate":"https:\/\/www.arteco-global.com\/en\/?s={search_term_string}"},"query-input":"required name=search_term_string"}],"inLanguage":"es"}]}},"_links":{"self":[{"href":"https:\/\/www.arteco-global.com\/es\/wp-json\/wp\/v2\/pages\/19138"}],"collection":[{"href":"https:\/\/www.arteco-global.com\/es\/wp-json\/wp\/v2\/pages"}],"about":[{"href":"https:\/\/www.arteco-global.com\/es\/wp-json\/wp\/v2\/types\/page"}],"author":[{"embeddable":true,"href":"https:\/\/www.arteco-global.com\/es\/wp-json\/wp\/v2\/users\/8"}],"replies":[{"embeddable":true,"href":"https:\/\/www.arteco-global.com\/es\/wp-json\/wp\/v2\/comments?post=19138"}],"version-history":[{"count":14,"href":"https:\/\/www.arteco-global.com\/es\/wp-json\/wp\/v2\/pages\/19138\/revisions"}],"predecessor-version":[{"id":36481,"href":"https:\/\/www.arteco-global.com\/es\/wp-json\/wp\/v2\/pages\/19138\/revisions\/36481"}],"up":[{"embeddable":true,"href":"https:\/\/www.arteco-global.com\/es\/wp-json\/wp\/v2\/pages\/18041"}],"wp:featuredmedia":[{"embeddable":true,"href":"https:\/\/www.arteco-global.com\/es\/wp-json\/wp\/v2\/media\/36415"}],"wp:attachment":[{"href":"https:\/\/www.arteco-global.com\/es\/wp-json\/wp\/v2\/media?parent=19138"}],"curies":[{"name":"wp","href":"https:\/\/api.w.org\/{rel}","templated":true}]}}