{"id":18947,"date":"2014-08-28T15:18:13","date_gmt":"2014-08-28T13:18:13","guid":{"rendered":"https:\/\/www.arteco-global.com\/arteco-everywhere-3-0\/"},"modified":"2024-02-28T11:48:37","modified_gmt":"2024-02-28T10:48:37","slug":"arteco-everywhere-3-0","status":"publish","type":"page","link":"https:\/\/www.arteco-global.com\/es\/video-security\/hardware-solutions\/arteco-everywhere-3-0\/","title":{"rendered":"Arteco Everywhere 3.0"},"content":{"rendered":"<p>Everywhere 3.0 DRY CONTACT INPUTS es la nueva versi\u00f3n del controlador Smart IP de Arteco que le permite controlar de forma remota cualquier dispositivo, integrando seguridad, sistemas de automatizaci\u00f3n del hogar y edificios en una sola soluci\u00f3n, con extrema simplicidad.<\/p>\n<h2>SIMPLE Y VERS\u00c1TIL<\/h2>\n<p>Est\u00e9 donde est\u00e9, una conexi\u00f3n de red es suficiente para acceder al m\u00f3dulo, interactuar con todos los perif\u00e9ricos conectados y monitorear su estado operativo. La nueva interfaz web est\u00e1 dise\u00f1ada para brindar a cada usuario una experiencia inmediata, clara y din\u00e1mica, y le permite administrar y configurar todos los dispositivos de una manera r\u00e1pida e intuitiva. Gracias a la fuente de alimentaci\u00f3n PoE (Power over Ethernet) y la predisposici\u00f3n para el montaje en carril DIN, Everywhere 3.0 se presta a las instalaciones m\u00e1s diversas y complejas, pero es f\u00e1cil de configurar, tanto como m\u00f3dulo aut\u00f3nomo como integrado en todos los VEMS de Arteco.<\/p>\n<h2>FUNCIONALIDAD Y CARACTER\u00cdSTICAS<\/h2>\n<p>Gracias a la fuente de alimentaci\u00f3n PoE (Power over Ethernet) y la predisposici\u00f3n para el montaje en carril DIN, Arteco Everywhere es adecuado para cualquier entorno de instalaci\u00f3n y es f\u00e1cil de configurar. Con una simple conexi\u00f3n de red, la gesti\u00f3n de dos o m\u00e1s m\u00f3dulos Everywhere se vuelve inmediata y le permite controlar un n\u00famero ilimitado de dispositivos, con extrema facilidad.<\/p>\n<ul>\n<li>8 entradas + 8 salidas.<\/li>\n<li>Seguimiento y gesti\u00f3n de Input y Output.<\/li>\n<li>Mirroring: replicaci\u00f3n en las Entradas y \/ o Salidas de un m\u00f3dulo del estado de las Entradas y \/ o Salidas de otro m\u00f3dulo, con eventual se\u00f1alizaci\u00f3n en caso de p\u00e9rdida de la conexi\u00f3n entre los m\u00f3dulos.<\/li>\n<li>Micro-PLC: programaci\u00f3n sencilla de secuencias l\u00f3gicas.<\/li>\n<li>Monitor de red: monitorizaci\u00f3n de la red hasta un m\u00e1ximo de ocho dispositivos con se\u00f1alizaci\u00f3n en caso de p\u00e9rdida de conectividad.<\/li>\n<li>Calendario: posibilidad de definir d\u00eda, hora y minutos de activaci\u00f3n o desactivaci\u00f3n de las Salidas.<\/li>\n<li>Entrada de seguimiento: una o m\u00e1s salidas siguen el estado de la entrada relevante.<\/li>\n<li>Cliente DDNS para el administrador de servicios DynDns.<\/li>\n<li>Comandos personalizados: env\u00edo de comandos http a otros dispositivos.<\/li>\n<\/ul>\n","protected":false},"excerpt":{"rendered":"<p>Everywhere 3.0 DRY CONTACT INPUTS es la nueva versi\u00f3n del [&hellip;]<\/p>\n","protected":false},"author":4,"featured_media":31979,"parent":21253,"menu_order":90,"comment_status":"open","ping_status":"open","template":"template-page-con-download-link.php","meta":{"footnotes":""},"yoast_head":"<!-- This site is optimized with the Yoast SEO plugin v22.8 - https:\/\/yoast.com\/wordpress\/plugins\/seo\/ -->\n<title>Arteco Everywhere 3.0 - Arteco<\/title>\n<meta name=\"description\" content=\"Dispositivo de E\/S basado que controla puertas autom\u00e1ticas, portones, luces, altavoces, para combinar seguridad y automatizaci\u00f3n de edificios.\" \/>\n<meta name=\"robots\" content=\"index, follow, max-snippet:-1, max-image-preview:large, max-video-preview:-1\" \/>\n<link rel=\"canonical\" href=\"https:\/\/www.arteco-global.com\/es\/video-security\/hardware-solutions\/arteco-everywhere-3-0\/\" \/>\n<meta property=\"og:locale\" content=\"es_ES\" \/>\n<meta property=\"og:type\" content=\"article\" \/>\n<meta property=\"og:title\" content=\"Arteco Everywhere 3.0 - Arteco\" \/>\n<meta property=\"og:description\" content=\"Dispositivo de E\/S basado que controla puertas autom\u00e1ticas, portones, luces, altavoces, para combinar seguridad y automatizaci\u00f3n de edificios.\" \/>\n<meta property=\"og:url\" content=\"https:\/\/www.arteco-global.com\/es\/video-security\/hardware-solutions\/arteco-everywhere-3-0\/\" \/>\n<meta property=\"og:site_name\" content=\"Arteco\" \/>\n<meta property=\"article:modified_time\" content=\"2024-02-28T10:48:37+00:00\" \/>\n<meta property=\"og:image\" content=\"https:\/\/www.arteco-global.com\/wp-content\/uploads\/2021\/01\/arteco-hardware-everywhere.jpg\" \/>\n\t<meta property=\"og:image:width\" content=\"1920\" \/>\n\t<meta property=\"og:image:height\" content=\"600\" \/>\n\t<meta property=\"og:image:type\" content=\"image\/jpeg\" \/>\n<meta name=\"twitter:card\" content=\"summary_large_image\" \/>\n<meta name=\"twitter:label1\" content=\"Tiempo de lectura\" \/>\n\t<meta name=\"twitter:data1\" content=\"2 minutos\" \/>\n<script type=\"application\/ld+json\" class=\"yoast-schema-graph\">{\"@context\":\"https:\/\/schema.org\",\"@graph\":[{\"@type\":\"WebPage\",\"@id\":\"https:\/\/www.arteco-global.com\/es\/video-security\/hardware-solutions\/arteco-everywhere-3-0\/\",\"url\":\"https:\/\/www.arteco-global.com\/es\/video-security\/hardware-solutions\/arteco-everywhere-3-0\/\",\"name\":\"Arteco Everywhere 3.0 - Arteco\",\"isPartOf\":{\"@id\":\"https:\/\/www.arteco-global.com\/en\/#website\"},\"primaryImageOfPage\":{\"@id\":\"https:\/\/www.arteco-global.com\/es\/video-security\/hardware-solutions\/arteco-everywhere-3-0\/#primaryimage\"},\"image\":{\"@id\":\"https:\/\/www.arteco-global.com\/es\/video-security\/hardware-solutions\/arteco-everywhere-3-0\/#primaryimage\"},\"thumbnailUrl\":\"https:\/\/www.arteco-global.com\/wp-content\/uploads\/2021\/01\/arteco-hardware-everywhere.jpg\",\"datePublished\":\"2014-08-28T13:18:13+00:00\",\"dateModified\":\"2024-02-28T10:48:37+00:00\",\"description\":\"Dispositivo de E\/S basado que controla puertas autom\u00e1ticas, portones, luces, altavoces, para combinar seguridad y automatizaci\u00f3n de edificios.\",\"breadcrumb\":{\"@id\":\"https:\/\/www.arteco-global.com\/es\/video-security\/hardware-solutions\/arteco-everywhere-3-0\/#breadcrumb\"},\"inLanguage\":\"es\",\"potentialAction\":[{\"@type\":\"ReadAction\",\"target\":[\"https:\/\/www.arteco-global.com\/es\/video-security\/hardware-solutions\/arteco-everywhere-3-0\/\"]}]},{\"@type\":\"ImageObject\",\"inLanguage\":\"es\",\"@id\":\"https:\/\/www.arteco-global.com\/es\/video-security\/hardware-solutions\/arteco-everywhere-3-0\/#primaryimage\",\"url\":\"https:\/\/www.arteco-global.com\/wp-content\/uploads\/2021\/01\/arteco-hardware-everywhere.jpg\",\"contentUrl\":\"https:\/\/www.arteco-global.com\/wp-content\/uploads\/2021\/01\/arteco-hardware-everywhere.jpg\",\"width\":1920,\"height\":600},{\"@type\":\"BreadcrumbList\",\"@id\":\"https:\/\/www.arteco-global.com\/es\/video-security\/hardware-solutions\/arteco-everywhere-3-0\/#breadcrumb\",\"itemListElement\":[{\"@type\":\"ListItem\",\"position\":1,\"name\":\"Home\",\"item\":\"https:\/\/www.arteco-global.com\/es\/\"},{\"@type\":\"ListItem\",\"position\":2,\"name\":\"Video Security\",\"item\":\"https:\/\/www.arteco-global.com\/es\/video-security\/\"},{\"@type\":\"ListItem\",\"position\":3,\"name\":\"Hardware Solutions\",\"item\":\"https:\/\/www.arteco-global.com\/es\/video-security\/hardware-solutions\/\"},{\"@type\":\"ListItem\",\"position\":4,\"name\":\"Arteco Everywhere 3.0\"}]},{\"@type\":\"WebSite\",\"@id\":\"https:\/\/www.arteco-global.com\/en\/#website\",\"url\":\"https:\/\/www.arteco-global.com\/en\/\",\"name\":\"Arteco\",\"description\":\"\",\"potentialAction\":[{\"@type\":\"SearchAction\",\"target\":{\"@type\":\"EntryPoint\",\"urlTemplate\":\"https:\/\/www.arteco-global.com\/en\/?s={search_term_string}\"},\"query-input\":\"required name=search_term_string\"}],\"inLanguage\":\"es\"}]}<\/script>\n<!-- \/ Yoast SEO plugin. -->","yoast_head_json":{"title":"Arteco Everywhere 3.0 - Arteco","description":"Dispositivo de E\/S basado que controla puertas autom\u00e1ticas, portones, luces, altavoces, para combinar seguridad y automatizaci\u00f3n de edificios.","robots":{"index":"index","follow":"follow","max-snippet":"max-snippet:-1","max-image-preview":"max-image-preview:large","max-video-preview":"max-video-preview:-1"},"canonical":"https:\/\/www.arteco-global.com\/es\/video-security\/hardware-solutions\/arteco-everywhere-3-0\/","og_locale":"es_ES","og_type":"article","og_title":"Arteco Everywhere 3.0 - Arteco","og_description":"Dispositivo de E\/S basado que controla puertas autom\u00e1ticas, portones, luces, altavoces, para combinar seguridad y automatizaci\u00f3n de edificios.","og_url":"https:\/\/www.arteco-global.com\/es\/video-security\/hardware-solutions\/arteco-everywhere-3-0\/","og_site_name":"Arteco","article_modified_time":"2024-02-28T10:48:37+00:00","og_image":[{"width":1920,"height":600,"url":"https:\/\/www.arteco-global.com\/wp-content\/uploads\/2021\/01\/arteco-hardware-everywhere.jpg","type":"image\/jpeg"}],"twitter_card":"summary_large_image","twitter_misc":{"Tiempo de lectura":"2 minutos"},"schema":{"@context":"https:\/\/schema.org","@graph":[{"@type":"WebPage","@id":"https:\/\/www.arteco-global.com\/es\/video-security\/hardware-solutions\/arteco-everywhere-3-0\/","url":"https:\/\/www.arteco-global.com\/es\/video-security\/hardware-solutions\/arteco-everywhere-3-0\/","name":"Arteco Everywhere 3.0 - Arteco","isPartOf":{"@id":"https:\/\/www.arteco-global.com\/en\/#website"},"primaryImageOfPage":{"@id":"https:\/\/www.arteco-global.com\/es\/video-security\/hardware-solutions\/arteco-everywhere-3-0\/#primaryimage"},"image":{"@id":"https:\/\/www.arteco-global.com\/es\/video-security\/hardware-solutions\/arteco-everywhere-3-0\/#primaryimage"},"thumbnailUrl":"https:\/\/www.arteco-global.com\/wp-content\/uploads\/2021\/01\/arteco-hardware-everywhere.jpg","datePublished":"2014-08-28T13:18:13+00:00","dateModified":"2024-02-28T10:48:37+00:00","description":"Dispositivo de E\/S basado que controla puertas autom\u00e1ticas, portones, luces, altavoces, para combinar seguridad y automatizaci\u00f3n de edificios.","breadcrumb":{"@id":"https:\/\/www.arteco-global.com\/es\/video-security\/hardware-solutions\/arteco-everywhere-3-0\/#breadcrumb"},"inLanguage":"es","potentialAction":[{"@type":"ReadAction","target":["https:\/\/www.arteco-global.com\/es\/video-security\/hardware-solutions\/arteco-everywhere-3-0\/"]}]},{"@type":"ImageObject","inLanguage":"es","@id":"https:\/\/www.arteco-global.com\/es\/video-security\/hardware-solutions\/arteco-everywhere-3-0\/#primaryimage","url":"https:\/\/www.arteco-global.com\/wp-content\/uploads\/2021\/01\/arteco-hardware-everywhere.jpg","contentUrl":"https:\/\/www.arteco-global.com\/wp-content\/uploads\/2021\/01\/arteco-hardware-everywhere.jpg","width":1920,"height":600},{"@type":"BreadcrumbList","@id":"https:\/\/www.arteco-global.com\/es\/video-security\/hardware-solutions\/arteco-everywhere-3-0\/#breadcrumb","itemListElement":[{"@type":"ListItem","position":1,"name":"Home","item":"https:\/\/www.arteco-global.com\/es\/"},{"@type":"ListItem","position":2,"name":"Video Security","item":"https:\/\/www.arteco-global.com\/es\/video-security\/"},{"@type":"ListItem","position":3,"name":"Hardware Solutions","item":"https:\/\/www.arteco-global.com\/es\/video-security\/hardware-solutions\/"},{"@type":"ListItem","position":4,"name":"Arteco Everywhere 3.0"}]},{"@type":"WebSite","@id":"https:\/\/www.arteco-global.com\/en\/#website","url":"https:\/\/www.arteco-global.com\/en\/","name":"Arteco","description":"","potentialAction":[{"@type":"SearchAction","target":{"@type":"EntryPoint","urlTemplate":"https:\/\/www.arteco-global.com\/en\/?s={search_term_string}"},"query-input":"required name=search_term_string"}],"inLanguage":"es"}]}},"_links":{"self":[{"href":"https:\/\/www.arteco-global.com\/es\/wp-json\/wp\/v2\/pages\/18947"}],"collection":[{"href":"https:\/\/www.arteco-global.com\/es\/wp-json\/wp\/v2\/pages"}],"about":[{"href":"https:\/\/www.arteco-global.com\/es\/wp-json\/wp\/v2\/types\/page"}],"author":[{"embeddable":true,"href":"https:\/\/www.arteco-global.com\/es\/wp-json\/wp\/v2\/users\/4"}],"replies":[{"embeddable":true,"href":"https:\/\/www.arteco-global.com\/es\/wp-json\/wp\/v2\/comments?post=18947"}],"version-history":[{"count":7,"href":"https:\/\/www.arteco-global.com\/es\/wp-json\/wp\/v2\/pages\/18947\/revisions"}],"predecessor-version":[{"id":35792,"href":"https:\/\/www.arteco-global.com\/es\/wp-json\/wp\/v2\/pages\/18947\/revisions\/35792"}],"up":[{"embeddable":true,"href":"https:\/\/www.arteco-global.com\/es\/wp-json\/wp\/v2\/pages\/21253"}],"wp:featuredmedia":[{"embeddable":true,"href":"https:\/\/www.arteco-global.com\/es\/wp-json\/wp\/v2\/media\/31979"}],"wp:attachment":[{"href":"https:\/\/www.arteco-global.com\/es\/wp-json\/wp\/v2\/media?parent=18947"}],"curies":[{"name":"wp","href":"https:\/\/api.w.org\/{rel}","templated":true}]}}