{"id":18702,"date":"2014-03-25T15:34:32","date_gmt":"2014-03-25T14:34:32","guid":{"rendered":"https:\/\/www.arteco-global.com\/contactar-asistencia\/"},"modified":"2026-03-18T08:47:04","modified_gmt":"2026-03-18T07:47:04","slug":"contactar-asistencia","status":"publish","type":"page","link":"https:\/\/www.arteco-global.com\/es\/asistencia\/contactar-asistencia\/","title":{"rendered":"Contactar asistencia"},"content":{"rendered":"<h1 style=\"text-align: center;\">Nuestro equipo de asistencia est\u00e1 aqu\u00ed para ayudarte<\/h1>\n<p style=\"text-align: center;\">Cont\u00e1ctenos para cualquier problema, obtenga m\u00e1s informaci\u00f3n sobre nuestras soluciones o abra un ticket completando el formulario a continuaci\u00f3n.<\/p>\n<table style=\"width: 100%; border-collapse: collapse;\" cellpadding=\"20\">\n<tbody>\n<tr>\n<td style=\"width: 50%; text-align: center;\"><strong>Europa<br \/>\n<\/strong>Tel\u00e9fono: +39-0546 645777<br \/>\nCorreo electr\u00f3nico: <a href=\"mailto:support@arteco-global.com\">support@arteco-global.com<\/a><\/td>\n<td style=\"width: 50%; text-align: center;\"><strong>Norteam\u00e9rica<br \/>\n<\/strong>Tel\u00e9fono: +1-314-434-5331 option 2<br \/>\nCorreo electr\u00f3nico: <a href=\"mailto:support-us@arteco-global.com\">support-us@arteco-global.com<\/a><\/td>\n<\/tr>\n<tr>\n<td style=\"width: 50%; text-align: center;\"><strong>\u00c1frica<br \/>\n<\/strong>Tel\u00e9fono L\u00ednea<span data-olk-copy-source=\"MessageBody\">1: +27 10 0169 100 \/\/ L\u00ednea2: +27 87 4742 460 \/\/ L\u00ednea3: +27 63 904 9266<\/span><br \/>\nCorreo electr\u00f3nico: <a href=\"mailto:support@arteco-global.com\">support@arteco-global.com<\/a><\/td>\n<td style=\"width: 50%; text-align: center;\"><strong>Am\u00e9rica Central y del Sur<br \/>\n<\/strong>Tel\u00e9fono: +1-314-434-5331 option 2<br \/>\nCorreo electr\u00f3nico: <a href=\"mailto:support-us@arteco-global.com\">support-us@arteco-global.com<\/a><\/td>\n<\/tr>\n<tr>\n<td colspan=\"2\" style=\"width: 100%; text-align: center;\">\n<strong>Brasil<\/strong><br \/>\nCorreo electr\u00f3nico: <a href=\"mailto:support-br@arteco-global.com\">support-br@arteco-global.com<\/a>\n<\/td>\n<\/tr>\n<\/tbody>\n<\/table>\n<hr \/>\n<h1 style=\"text-align: center;\">Abrir un Ticket<\/h1>\n<form action=\"https:\/\/webto.salesforce.com\/servlet\/servlet.WebToCase?encoding=UTF-8\" method=\"POST\"><label>Regi\u00f3n<\/label><select id=\"00N0J00000AMppl\" title=\"Region\" name=\"00N0J00000AMppl\"><option value=\"\">&#8211;None&#8211;<\/option><option value=\"US\/Canada\">US\/Canada<\/option><option value=\"Latin America\">Latin America<\/option><option value=\"Europe\">Italy \/ Europe<\/option><option value=\"Africa\">Africa<\/option><option value=\"Asia\">Asia<\/option><option value=\"Oceania\">Oceania<\/option><\/select><br \/>\n<label for=\"name\">Nombre de contacto<\/label><input id=\"name\" maxlength=\"80\" name=\"name\" size=\"20\" type=\"text\" \/><label for=\"email\">Email<\/label><input id=\"email\" maxlength=\"80\" name=\"email\" size=\"20\" type=\"text\" \/><label for=\"phone\">Tel\u00e8fono<\/label><input id=\"phone\" maxlength=\"40\" name=\"phone\" size=\"20\" type=\"text\" \/><label>Nombre del sitio<\/label><input id=\"00N0J00000A1ZJf\" maxlength=\"50\" name=\"00N0J00000A1ZJf\" size=\"20\" type=\"text\" \/><label for=\"reason\">Raz\u00f3n del caso<\/label><select id=\"reason\" name=\"reason\"><option value=\"\">&#8211;None&#8211;<\/option><option value=\"Questions\">Questions<\/option><option value=\"Hardware (RMA)\">Hardware (RMA)<\/option><option value=\"Omnia Web Client\">Omnia Web Client<\/option><option value=\"Omnia Desktop Client\">Omnia Desktop Client<\/option><option value=\"Next Client\">Next Client<\/option><option value=\"Arteco-Server\">Arteco-Server<\/option><option value=\"Update\">Update<\/option><option value=\"Installation\">Installation<\/option><option value=\"Configurations\">Configurations<\/option><option value=\"Licensing\">Licensing<\/option><option value=\"Database\">Database<\/option><option value=\"Recordings\">Recordings<\/option><option value=\"Arteco-Gateway\">Arteco-Gateway<\/option><option value=\"Arteco-Mobile\">Arteco-Mobile<\/option><option value=\"iOS App\">iOS App<\/option><option value=\"Android App\">Android App<\/option><option value=\"Everywhere\">Everywhere<\/option><option value=\"Easy-Traffic\">Easy-Traffic<\/option><option value=\"LPR Wisenet App\">LPR Wisenet App<\/option><option value=\"LPR Win Server\">LPR Win Server<\/option><option value=\"Security-Connector\">Security-Connector<\/option><option value=\"Face Factor\">Face Factor<\/option><option value=\"Insight\">Insight<\/option><option value=\"VCA\">VCA<\/option><option value=\"AE (Aitech)\">AE (Aitech)<\/option><option value=\"AEA (DoingNext)\">AEA (DoingNext)<\/option><option value=\"AVA (Technoaware)\">AVA (Technoaware)<\/option><option value=\"Windows OS issues\">Windows OS issues<\/option><option value=\"Network issues\">Network issues<\/option><option value=\"known bugs\">known bugs<\/option><option value=\"Generic software issues\">Generic software issues<\/option><option value=\"Other\">Other<\/option><\/select><label>N\u00famero de serie<\/label><input id=\"00N20000003SjYH\" maxlength=\"50\" name=\"00N20000003SjYH\" size=\"20\" type=\"text\" \/><label>Arteco Server Build #<\/label><input id=\"00N0J00000A1ZJB\" maxlength=\"50\" name=\"00N0J00000A1ZJB\" size=\"20\" type=\"text\" \/><label>Detalles de la conexi\u00f3n remota<\/label><textarea id=\"00N2000000A8yvP\" name=\"00N2000000A8yvP\" wrap=\"soft\"><\/textarea><label for=\"description\">Descripci\u00f3n<\/label><textarea name=\"description\"><\/textarea><\/p>\n<div class=\"g-recaptcha\" data-sitekey=\"6LcUKkMUAAAAAH-UnHtbHbLINYc0AamZpzrNjB-l\" data-callback=\"recaptcha_callback\"><\/div>\n<p>&nbsp;<\/p>\n<p><input class=\"button\" disabled=\"disabled\" name=\"submit\" type=\"submit\" value=\"Enviar\" \/><\/p>\n<\/form>\n","protected":false},"excerpt":{"rendered":"<p>Nuestro equipo de asistencia est\u00e1 aqu\u00ed para ayudarte Cont\u00e1ctenos para [&hellip;]<\/p>\n","protected":false},"author":3,"featured_media":34889,"parent":18580,"menu_order":0,"comment_status":"open","ping_status":"open","template":"template-support-salesforce.php","meta":{"footnotes":""},"yoast_head":"<!-- This site is optimized with the Yoast SEO plugin v22.8 - https:\/\/yoast.com\/wordpress\/plugins\/seo\/ -->\n<title>Contactar asistencia - Arteco<\/title>\n<meta name=\"description\" content=\"P\u00f3ngase en contacto con nuestro equipo de asistencia. Abra un ticket de asistencia si tiene problemas con las soluciones Arteco VMS y OMNIA\" \/>\n<meta name=\"robots\" content=\"index, follow, max-snippet:-1, max-image-preview:large, max-video-preview:-1\" \/>\n<link rel=\"canonical\" href=\"https:\/\/www.arteco-global.com\/es\/asistencia\/contactar-asistencia\/\" \/>\n<meta property=\"og:locale\" content=\"es_ES\" \/>\n<meta property=\"og:type\" content=\"article\" \/>\n<meta property=\"og:title\" content=\"Contactar asistencia - Arteco\" \/>\n<meta property=\"og:description\" content=\"P\u00f3ngase en contacto con nuestro equipo de asistencia. Abra un ticket de asistencia si tiene problemas con las soluciones Arteco VMS y OMNIA\" \/>\n<meta property=\"og:url\" content=\"https:\/\/www.arteco-global.com\/es\/asistencia\/contactar-asistencia\/\" \/>\n<meta property=\"og:site_name\" content=\"Arteco\" \/>\n<meta property=\"article:modified_time\" content=\"2026-03-18T07:47:04+00:00\" \/>\n<meta property=\"og:image\" content=\"https:\/\/www.arteco-global.com\/wp-content\/uploads\/2023\/02\/support-cover.jpg\" \/>\n\t<meta property=\"og:image:width\" content=\"1920\" \/>\n\t<meta property=\"og:image:height\" content=\"300\" \/>\n\t<meta property=\"og:image:type\" content=\"image\/jpeg\" \/>\n<meta name=\"twitter:card\" content=\"summary_large_image\" \/>\n<meta name=\"twitter:label1\" content=\"Tiempo de lectura\" \/>\n\t<meta name=\"twitter:data1\" content=\"1 minuto\" \/>\n<script type=\"application\/ld+json\" class=\"yoast-schema-graph\">{\"@context\":\"https:\/\/schema.org\",\"@graph\":[{\"@type\":\"WebPage\",\"@id\":\"https:\/\/www.arteco-global.com\/es\/asistencia\/contactar-asistencia\/\",\"url\":\"https:\/\/www.arteco-global.com\/es\/asistencia\/contactar-asistencia\/\",\"name\":\"Contactar asistencia - Arteco\",\"isPartOf\":{\"@id\":\"https:\/\/www.arteco-global.com\/en\/#website\"},\"primaryImageOfPage\":{\"@id\":\"https:\/\/www.arteco-global.com\/es\/asistencia\/contactar-asistencia\/#primaryimage\"},\"image\":{\"@id\":\"https:\/\/www.arteco-global.com\/es\/asistencia\/contactar-asistencia\/#primaryimage\"},\"thumbnailUrl\":\"https:\/\/www.arteco-global.com\/wp-content\/uploads\/2023\/02\/support-cover.jpg\",\"datePublished\":\"2014-03-25T14:34:32+00:00\",\"dateModified\":\"2026-03-18T07:47:04+00:00\",\"description\":\"P\u00f3ngase en contacto con nuestro equipo de asistencia. Abra un ticket de asistencia si tiene problemas con las soluciones Arteco VMS y OMNIA\",\"breadcrumb\":{\"@id\":\"https:\/\/www.arteco-global.com\/es\/asistencia\/contactar-asistencia\/#breadcrumb\"},\"inLanguage\":\"es\",\"potentialAction\":[{\"@type\":\"ReadAction\",\"target\":[\"https:\/\/www.arteco-global.com\/es\/asistencia\/contactar-asistencia\/\"]}]},{\"@type\":\"ImageObject\",\"inLanguage\":\"es\",\"@id\":\"https:\/\/www.arteco-global.com\/es\/asistencia\/contactar-asistencia\/#primaryimage\",\"url\":\"https:\/\/www.arteco-global.com\/wp-content\/uploads\/2023\/02\/support-cover.jpg\",\"contentUrl\":\"https:\/\/www.arteco-global.com\/wp-content\/uploads\/2023\/02\/support-cover.jpg\",\"width\":1920,\"height\":300},{\"@type\":\"BreadcrumbList\",\"@id\":\"https:\/\/www.arteco-global.com\/es\/asistencia\/contactar-asistencia\/#breadcrumb\",\"itemListElement\":[{\"@type\":\"ListItem\",\"position\":1,\"name\":\"Home\",\"item\":\"https:\/\/www.arteco-global.com\/es\/\"},{\"@type\":\"ListItem\",\"position\":2,\"name\":\"Asistencia\",\"item\":\"https:\/\/www.arteco-global.com\/es\/asistencia\/\"},{\"@type\":\"ListItem\",\"position\":3,\"name\":\"Contactar asistencia\"}]},{\"@type\":\"WebSite\",\"@id\":\"https:\/\/www.arteco-global.com\/en\/#website\",\"url\":\"https:\/\/www.arteco-global.com\/en\/\",\"name\":\"Arteco\",\"description\":\"\",\"potentialAction\":[{\"@type\":\"SearchAction\",\"target\":{\"@type\":\"EntryPoint\",\"urlTemplate\":\"https:\/\/www.arteco-global.com\/en\/?s={search_term_string}\"},\"query-input\":\"required name=search_term_string\"}],\"inLanguage\":\"es\"}]}<\/script>\n<!-- \/ Yoast SEO plugin. -->","yoast_head_json":{"title":"Contactar asistencia - Arteco","description":"P\u00f3ngase en contacto con nuestro equipo de asistencia. Abra un ticket de asistencia si tiene problemas con las soluciones Arteco VMS y OMNIA","robots":{"index":"index","follow":"follow","max-snippet":"max-snippet:-1","max-image-preview":"max-image-preview:large","max-video-preview":"max-video-preview:-1"},"canonical":"https:\/\/www.arteco-global.com\/es\/asistencia\/contactar-asistencia\/","og_locale":"es_ES","og_type":"article","og_title":"Contactar asistencia - Arteco","og_description":"P\u00f3ngase en contacto con nuestro equipo de asistencia. Abra un ticket de asistencia si tiene problemas con las soluciones Arteco VMS y OMNIA","og_url":"https:\/\/www.arteco-global.com\/es\/asistencia\/contactar-asistencia\/","og_site_name":"Arteco","article_modified_time":"2026-03-18T07:47:04+00:00","og_image":[{"width":1920,"height":300,"url":"https:\/\/www.arteco-global.com\/wp-content\/uploads\/2023\/02\/support-cover.jpg","type":"image\/jpeg"}],"twitter_card":"summary_large_image","twitter_misc":{"Tiempo de lectura":"1 minuto"},"schema":{"@context":"https:\/\/schema.org","@graph":[{"@type":"WebPage","@id":"https:\/\/www.arteco-global.com\/es\/asistencia\/contactar-asistencia\/","url":"https:\/\/www.arteco-global.com\/es\/asistencia\/contactar-asistencia\/","name":"Contactar asistencia - Arteco","isPartOf":{"@id":"https:\/\/www.arteco-global.com\/en\/#website"},"primaryImageOfPage":{"@id":"https:\/\/www.arteco-global.com\/es\/asistencia\/contactar-asistencia\/#primaryimage"},"image":{"@id":"https:\/\/www.arteco-global.com\/es\/asistencia\/contactar-asistencia\/#primaryimage"},"thumbnailUrl":"https:\/\/www.arteco-global.com\/wp-content\/uploads\/2023\/02\/support-cover.jpg","datePublished":"2014-03-25T14:34:32+00:00","dateModified":"2026-03-18T07:47:04+00:00","description":"P\u00f3ngase en contacto con nuestro equipo de asistencia. Abra un ticket de asistencia si tiene problemas con las soluciones Arteco VMS y OMNIA","breadcrumb":{"@id":"https:\/\/www.arteco-global.com\/es\/asistencia\/contactar-asistencia\/#breadcrumb"},"inLanguage":"es","potentialAction":[{"@type":"ReadAction","target":["https:\/\/www.arteco-global.com\/es\/asistencia\/contactar-asistencia\/"]}]},{"@type":"ImageObject","inLanguage":"es","@id":"https:\/\/www.arteco-global.com\/es\/asistencia\/contactar-asistencia\/#primaryimage","url":"https:\/\/www.arteco-global.com\/wp-content\/uploads\/2023\/02\/support-cover.jpg","contentUrl":"https:\/\/www.arteco-global.com\/wp-content\/uploads\/2023\/02\/support-cover.jpg","width":1920,"height":300},{"@type":"BreadcrumbList","@id":"https:\/\/www.arteco-global.com\/es\/asistencia\/contactar-asistencia\/#breadcrumb","itemListElement":[{"@type":"ListItem","position":1,"name":"Home","item":"https:\/\/www.arteco-global.com\/es\/"},{"@type":"ListItem","position":2,"name":"Asistencia","item":"https:\/\/www.arteco-global.com\/es\/asistencia\/"},{"@type":"ListItem","position":3,"name":"Contactar asistencia"}]},{"@type":"WebSite","@id":"https:\/\/www.arteco-global.com\/en\/#website","url":"https:\/\/www.arteco-global.com\/en\/","name":"Arteco","description":"","potentialAction":[{"@type":"SearchAction","target":{"@type":"EntryPoint","urlTemplate":"https:\/\/www.arteco-global.com\/en\/?s={search_term_string}"},"query-input":"required name=search_term_string"}],"inLanguage":"es"}]}},"_links":{"self":[{"href":"https:\/\/www.arteco-global.com\/es\/wp-json\/wp\/v2\/pages\/18702"}],"collection":[{"href":"https:\/\/www.arteco-global.com\/es\/wp-json\/wp\/v2\/pages"}],"about":[{"href":"https:\/\/www.arteco-global.com\/es\/wp-json\/wp\/v2\/types\/page"}],"author":[{"embeddable":true,"href":"https:\/\/www.arteco-global.com\/es\/wp-json\/wp\/v2\/users\/3"}],"replies":[{"embeddable":true,"href":"https:\/\/www.arteco-global.com\/es\/wp-json\/wp\/v2\/comments?post=18702"}],"version-history":[{"count":26,"href":"https:\/\/www.arteco-global.com\/es\/wp-json\/wp\/v2\/pages\/18702\/revisions"}],"predecessor-version":[{"id":37889,"href":"https:\/\/www.arteco-global.com\/es\/wp-json\/wp\/v2\/pages\/18702\/revisions\/37889"}],"up":[{"embeddable":true,"href":"https:\/\/www.arteco-global.com\/es\/wp-json\/wp\/v2\/pages\/18580"}],"wp:featuredmedia":[{"embeddable":true,"href":"https:\/\/www.arteco-global.com\/es\/wp-json\/wp\/v2\/media\/34889"}],"wp:attachment":[{"href":"https:\/\/www.arteco-global.com\/es\/wp-json\/wp\/v2\/media?parent=18702"}],"curies":[{"name":"wp","href":"https:\/\/api.w.org\/{rel}","templated":true}]}}