{"id":18664,"date":"2014-01-30T10:05:35","date_gmt":"2014-01-30T09:05:35","guid":{"rendered":"https:\/\/www.arteco-global.com\/lista-de-compatibilidad-ip\/"},"modified":"2022-10-11T09:55:13","modified_gmt":"2022-10-11T07:55:13","slug":"lista-de-compatibilidad-ip","status":"publish","type":"page","link":"https:\/\/www.arteco-global.com\/es\/asistencia\/lista-de-compatibilidad-ip\/","title":{"rendered":"Lista de Compatibilidad IP"},"content":{"rendered":"<p>Estamos comprometidos a garantizar que el software de Arteco funcione con la m\u00e1s amplia variedad de dispositivos disponibles: hoy es compatible con c\u00e1maras IP, codificadores y DVR de la mayor\u00eda de los fabricantes y actualizamos constantemente la lista de productos integrados.<\/p>\n<p>Busque el dispositivo que le interesa y cont\u00e1ctenos para soluciones dedicadas a su sistema de seguridad.<\/p>\n","protected":false},"excerpt":{"rendered":"<p>Estamos comprometidos a garantizar que el software de Arteco funcione [&hellip;]<\/p>\n","protected":false},"author":3,"featured_media":32436,"parent":18580,"menu_order":50,"comment_status":"open","ping_status":"open","template":"template-ip-compatibility-list2022.php","meta":{"footnotes":""},"yoast_head":"<!-- This site is optimized with the Yoast SEO plugin v22.8 - https:\/\/yoast.com\/wordpress\/plugins\/seo\/ -->\n<title>Find hardware for Arteco Next\u00ae and Arteco Server\u2122<\/title>\n<meta name=\"robots\" content=\"index, follow, max-snippet:-1, max-image-preview:large, max-video-preview:-1\" \/>\n<link rel=\"canonical\" href=\"https:\/\/www.arteco-global.com\/es\/asistencia\/lista-de-compatibilidad-ip\/\" \/>\n<meta property=\"og:locale\" content=\"es_ES\" \/>\n<meta property=\"og:type\" content=\"article\" \/>\n<meta property=\"og:title\" content=\"Find hardware for Arteco Next\u00ae and Arteco Server\u2122\" \/>\n<meta property=\"og:description\" content=\"Estamos comprometidos a garantizar que el software de Arteco funcione [&hellip;]\" \/>\n<meta property=\"og:url\" content=\"https:\/\/www.arteco-global.com\/es\/asistencia\/lista-de-compatibilidad-ip\/\" \/>\n<meta property=\"og:site_name\" content=\"Arteco\" \/>\n<meta property=\"article:modified_time\" content=\"2022-10-11T07:55:13+00:00\" \/>\n<meta property=\"og:image\" content=\"https:\/\/www.arteco-global.com\/wp-content\/uploads\/2021\/02\/arteco-ip-compatibility-list.jpg\" \/>\n\t<meta property=\"og:image:width\" content=\"1920\" \/>\n\t<meta property=\"og:image:height\" content=\"600\" \/>\n\t<meta property=\"og:image:type\" content=\"image\/jpeg\" \/>\n<meta name=\"twitter:card\" content=\"summary_large_image\" \/>\n<meta name=\"twitter:label1\" content=\"Tiempo de lectura\" \/>\n\t<meta name=\"twitter:data1\" content=\"1 minuto\" \/>\n<script type=\"application\/ld+json\" class=\"yoast-schema-graph\">{\"@context\":\"https:\/\/schema.org\",\"@graph\":[{\"@type\":\"WebPage\",\"@id\":\"https:\/\/www.arteco-global.com\/es\/asistencia\/lista-de-compatibilidad-ip\/\",\"url\":\"https:\/\/www.arteco-global.com\/es\/asistencia\/lista-de-compatibilidad-ip\/\",\"name\":\"Find hardware for Arteco Next\u00ae and Arteco Server\u2122\",\"isPartOf\":{\"@id\":\"https:\/\/www.arteco-global.com\/en\/#website\"},\"primaryImageOfPage\":{\"@id\":\"https:\/\/www.arteco-global.com\/es\/asistencia\/lista-de-compatibilidad-ip\/#primaryimage\"},\"image\":{\"@id\":\"https:\/\/www.arteco-global.com\/es\/asistencia\/lista-de-compatibilidad-ip\/#primaryimage\"},\"thumbnailUrl\":\"https:\/\/www.arteco-global.com\/wp-content\/uploads\/2021\/02\/arteco-ip-compatibility-list.jpg\",\"datePublished\":\"2014-01-30T09:05:35+00:00\",\"dateModified\":\"2022-10-11T07:55:13+00:00\",\"breadcrumb\":{\"@id\":\"https:\/\/www.arteco-global.com\/es\/asistencia\/lista-de-compatibilidad-ip\/#breadcrumb\"},\"inLanguage\":\"es\",\"potentialAction\":[{\"@type\":\"ReadAction\",\"target\":[\"https:\/\/www.arteco-global.com\/es\/asistencia\/lista-de-compatibilidad-ip\/\"]}]},{\"@type\":\"ImageObject\",\"inLanguage\":\"es\",\"@id\":\"https:\/\/www.arteco-global.com\/es\/asistencia\/lista-de-compatibilidad-ip\/#primaryimage\",\"url\":\"https:\/\/www.arteco-global.com\/wp-content\/uploads\/2021\/02\/arteco-ip-compatibility-list.jpg\",\"contentUrl\":\"https:\/\/www.arteco-global.com\/wp-content\/uploads\/2021\/02\/arteco-ip-compatibility-list.jpg\",\"width\":1920,\"height\":600},{\"@type\":\"BreadcrumbList\",\"@id\":\"https:\/\/www.arteco-global.com\/es\/asistencia\/lista-de-compatibilidad-ip\/#breadcrumb\",\"itemListElement\":[{\"@type\":\"ListItem\",\"position\":1,\"name\":\"Home\",\"item\":\"https:\/\/www.arteco-global.com\/es\/\"},{\"@type\":\"ListItem\",\"position\":2,\"name\":\"Asistencia\",\"item\":\"https:\/\/www.arteco-global.com\/es\/asistencia\/\"},{\"@type\":\"ListItem\",\"position\":3,\"name\":\"Lista de Compatibilidad IP\"}]},{\"@type\":\"WebSite\",\"@id\":\"https:\/\/www.arteco-global.com\/en\/#website\",\"url\":\"https:\/\/www.arteco-global.com\/en\/\",\"name\":\"Arteco\",\"description\":\"\",\"potentialAction\":[{\"@type\":\"SearchAction\",\"target\":{\"@type\":\"EntryPoint\",\"urlTemplate\":\"https:\/\/www.arteco-global.com\/en\/?s={search_term_string}\"},\"query-input\":\"required name=search_term_string\"}],\"inLanguage\":\"es\"}]}<\/script>\n<!-- \/ Yoast SEO plugin. -->","yoast_head_json":{"title":"Find hardware for Arteco Next\u00ae and Arteco Server\u2122","robots":{"index":"index","follow":"follow","max-snippet":"max-snippet:-1","max-image-preview":"max-image-preview:large","max-video-preview":"max-video-preview:-1"},"canonical":"https:\/\/www.arteco-global.com\/es\/asistencia\/lista-de-compatibilidad-ip\/","og_locale":"es_ES","og_type":"article","og_title":"Find hardware for Arteco Next\u00ae and Arteco Server\u2122","og_description":"Estamos comprometidos a garantizar que el software de Arteco funcione [&hellip;]","og_url":"https:\/\/www.arteco-global.com\/es\/asistencia\/lista-de-compatibilidad-ip\/","og_site_name":"Arteco","article_modified_time":"2022-10-11T07:55:13+00:00","og_image":[{"width":1920,"height":600,"url":"https:\/\/www.arteco-global.com\/wp-content\/uploads\/2021\/02\/arteco-ip-compatibility-list.jpg","type":"image\/jpeg"}],"twitter_card":"summary_large_image","twitter_misc":{"Tiempo de lectura":"1 minuto"},"schema":{"@context":"https:\/\/schema.org","@graph":[{"@type":"WebPage","@id":"https:\/\/www.arteco-global.com\/es\/asistencia\/lista-de-compatibilidad-ip\/","url":"https:\/\/www.arteco-global.com\/es\/asistencia\/lista-de-compatibilidad-ip\/","name":"Find hardware for Arteco Next\u00ae and Arteco Server\u2122","isPartOf":{"@id":"https:\/\/www.arteco-global.com\/en\/#website"},"primaryImageOfPage":{"@id":"https:\/\/www.arteco-global.com\/es\/asistencia\/lista-de-compatibilidad-ip\/#primaryimage"},"image":{"@id":"https:\/\/www.arteco-global.com\/es\/asistencia\/lista-de-compatibilidad-ip\/#primaryimage"},"thumbnailUrl":"https:\/\/www.arteco-global.com\/wp-content\/uploads\/2021\/02\/arteco-ip-compatibility-list.jpg","datePublished":"2014-01-30T09:05:35+00:00","dateModified":"2022-10-11T07:55:13+00:00","breadcrumb":{"@id":"https:\/\/www.arteco-global.com\/es\/asistencia\/lista-de-compatibilidad-ip\/#breadcrumb"},"inLanguage":"es","potentialAction":[{"@type":"ReadAction","target":["https:\/\/www.arteco-global.com\/es\/asistencia\/lista-de-compatibilidad-ip\/"]}]},{"@type":"ImageObject","inLanguage":"es","@id":"https:\/\/www.arteco-global.com\/es\/asistencia\/lista-de-compatibilidad-ip\/#primaryimage","url":"https:\/\/www.arteco-global.com\/wp-content\/uploads\/2021\/02\/arteco-ip-compatibility-list.jpg","contentUrl":"https:\/\/www.arteco-global.com\/wp-content\/uploads\/2021\/02\/arteco-ip-compatibility-list.jpg","width":1920,"height":600},{"@type":"BreadcrumbList","@id":"https:\/\/www.arteco-global.com\/es\/asistencia\/lista-de-compatibilidad-ip\/#breadcrumb","itemListElement":[{"@type":"ListItem","position":1,"name":"Home","item":"https:\/\/www.arteco-global.com\/es\/"},{"@type":"ListItem","position":2,"name":"Asistencia","item":"https:\/\/www.arteco-global.com\/es\/asistencia\/"},{"@type":"ListItem","position":3,"name":"Lista de Compatibilidad IP"}]},{"@type":"WebSite","@id":"https:\/\/www.arteco-global.com\/en\/#website","url":"https:\/\/www.arteco-global.com\/en\/","name":"Arteco","description":"","potentialAction":[{"@type":"SearchAction","target":{"@type":"EntryPoint","urlTemplate":"https:\/\/www.arteco-global.com\/en\/?s={search_term_string}"},"query-input":"required name=search_term_string"}],"inLanguage":"es"}]}},"_links":{"self":[{"href":"https:\/\/www.arteco-global.com\/es\/wp-json\/wp\/v2\/pages\/18664"}],"collection":[{"href":"https:\/\/www.arteco-global.com\/es\/wp-json\/wp\/v2\/pages"}],"about":[{"href":"https:\/\/www.arteco-global.com\/es\/wp-json\/wp\/v2\/types\/page"}],"author":[{"embeddable":true,"href":"https:\/\/www.arteco-global.com\/es\/wp-json\/wp\/v2\/users\/3"}],"replies":[{"embeddable":true,"href":"https:\/\/www.arteco-global.com\/es\/wp-json\/wp\/v2\/comments?post=18664"}],"version-history":[{"count":5,"href":"https:\/\/www.arteco-global.com\/es\/wp-json\/wp\/v2\/pages\/18664\/revisions"}],"predecessor-version":[{"id":33951,"href":"https:\/\/www.arteco-global.com\/es\/wp-json\/wp\/v2\/pages\/18664\/revisions\/33951"}],"up":[{"embeddable":true,"href":"https:\/\/www.arteco-global.com\/es\/wp-json\/wp\/v2\/pages\/18580"}],"wp:featuredmedia":[{"embeddable":true,"href":"https:\/\/www.arteco-global.com\/es\/wp-json\/wp\/v2\/media\/32436"}],"wp:attachment":[{"href":"https:\/\/www.arteco-global.com\/es\/wp-json\/wp\/v2\/media?parent=18664"}],"curies":[{"name":"wp","href":"https:\/\/api.w.org\/{rel}","templated":true}]}}