{"id":18541,"date":"2012-11-14T07:48:43","date_gmt":"2012-11-14T07:48:43","guid":{"rendered":"https:\/\/www.arteco-global.com\/arteco-next\/"},"modified":"2024-04-03T14:01:23","modified_gmt":"2024-04-03T12:01:23","slug":"omnia-video-management-software-vms","status":"publish","type":"page","link":"https:\/\/www.arteco-global.com\/es\/video-security\/software-solutions\/omnia-video-management-software-vms\/","title":{"rendered":"OMNIA &#8211; Awareness. Understanding. Insight."},"content":{"rendered":"<p>La protecci\u00f3n de personas e infraestructuras requiere un conocimiento profundo de la zona monitoreada, una conciencia del riesgo y an\u00e1lisis de datos. <strong>OMNIA es el software de gesti\u00f3n de v\u00eddeo<\/strong> creado por Arteco para unificar todos los dispositivos de seguridad en una \u00fanica interfaz de usuario y proporcionar las herramientas necesarias para lograr una seguridad completa.<\/p>\n<p>Elegir OMNIA para su videovigilancia<strong> significa poder contar con la experiencia y el soporte de Arteco<\/strong> para dise\u00f1ar una instalaci\u00f3n capaz de gestionar una amplia gama de aplicaciones y dispositivos, tanto de Arteco como de muchos otros fabricantes del mundo de la seguridad y la automatizaci\u00f3n de edificios.<\/p>\n<div style=\"width: 1920px;\" class=\"wp-video\"><!--[if lt IE 9]><script>document.createElement('video');<\/script><![endif]-->\n<video class=\"wp-video-shortcode\" id=\"video-18541-1\" width=\"1920\" height=\"1080\" loop=\"1\" autoplay=\"1\" preload=\"metadata\" controls=\"controls\"><source type=\"video\/mp4\" src=\"https:\/\/www.arteco-global.com\/wp-content\/uploads\/2021\/08\/OMNIA-OFFICIAL-1.mp4?_=1\" \/><a href=\"https:\/\/www.arteco-global.com\/wp-content\/uploads\/2021\/08\/OMNIA-OFFICIAL-1.mp4\">https:\/\/www.arteco-global.com\/wp-content\/uploads\/2021\/08\/OMNIA-OFFICIAL-1.mp4<\/a><\/video><\/div>\n<h3><\/h3>\n<hr \/>\n<h3>POTENTE Y F\u00c1CIL<\/h3>\n<p>La plataforma \u00fanica para la gesti\u00f3n de c\u00e1maras y dispositivos de seguridad, fue <strong>dise\u00f1ada por Arteco para ser potente y f\u00e1cil de usar<\/strong>. Su capacidad de suportar la aceleraci\u00f3n de la GPU hace que la experiencia del usuario sea m\u00e1s fluida, con una conexi\u00f3n r\u00e1pida a los dispositivos, transmisi\u00f3n de video estable y descarga r\u00e1pida de grabaciones. El aspecto de la interfaz es llamativo y tienen como objetivo centrar la atenci\u00f3n de los usuarios en lo que m\u00e1s importa.<\/p>\n<h3>ABIERTO<span style=\"color: #b50000;\"><br \/>\n<\/span><\/h3>\n<p>La <strong>arquitectura abierta<\/strong> de OMNIA le permite interconectar el software Arteco con <strong>aplicaciones de software de terceros<\/strong> o integrar soluciones como anti-incendios, anti-intrusi\u00f3n, control de acceso, dom\u00f3tica, POS, Seed to Sale, RFID y muchas otras soluciones personalizadas.<\/p>\n<h3>ESCALABLE<\/h3>\n<p>Arteco es perfectamente consciente de que la seguridad no tiene un est\u00e1ndar, ya que <strong>cada empresa tiene sus propias necesidades que satisfacer<\/strong>. Por eso, OMNIA presenta cuatro licencias VMS diferentes para gestionar infinitas posibilidades de integraci\u00f3n y adaptarse a diferentes mercados y entornos: Pure, eMotion, Active y Extreme.<\/p>\n","protected":false},"excerpt":{"rendered":"<p>La protecci\u00f3n de personas e infraestructuras requiere un conocimiento profundo [&hellip;]<\/p>\n","protected":false},"author":4,"featured_media":32698,"parent":18041,"menu_order":0,"comment_status":"open","ping_status":"open","template":"template-page-con-download-link.php","meta":{"footnotes":""},"yoast_head":"<!-- This site is optimized with the Yoast SEO plugin v22.8 - https:\/\/yoast.com\/wordpress\/plugins\/seo\/ -->\n<title>OMNIA - Awareness. Understanding. Insight.<\/title>\n<meta name=\"robots\" content=\"index, follow, max-snippet:-1, max-image-preview:large, max-video-preview:-1\" \/>\n<link rel=\"canonical\" href=\"https:\/\/www.arteco-global.com\/es\/video-security\/software-solutions\/omnia-video-management-software-vms\/\" \/>\n<meta property=\"og:locale\" content=\"es_ES\" \/>\n<meta property=\"og:type\" content=\"article\" \/>\n<meta property=\"og:title\" content=\"OMNIA - Awareness. Understanding. Insight.\" \/>\n<meta property=\"og:description\" content=\"La protecci\u00f3n de personas e infraestructuras requiere un conocimiento profundo [&hellip;]\" \/>\n<meta property=\"og:url\" content=\"https:\/\/www.arteco-global.com\/es\/video-security\/software-solutions\/omnia-video-management-software-vms\/\" \/>\n<meta property=\"og:site_name\" content=\"Arteco\" \/>\n<meta property=\"article:modified_time\" content=\"2024-04-03T12:01:23+00:00\" \/>\n<meta property=\"og:image\" content=\"https:\/\/www.arteco-global.com\/wp-content\/uploads\/2021\/08\/omnia.jpg\" \/>\n\t<meta property=\"og:image:width\" content=\"1920\" \/>\n\t<meta property=\"og:image:height\" content=\"600\" \/>\n\t<meta property=\"og:image:type\" content=\"image\/jpeg\" \/>\n<meta name=\"twitter:card\" content=\"summary_large_image\" \/>\n<meta name=\"twitter:label1\" content=\"Tiempo de lectura\" \/>\n\t<meta name=\"twitter:data1\" content=\"2 minutos\" \/>\n<script type=\"application\/ld+json\" class=\"yoast-schema-graph\">{\"@context\":\"https:\/\/schema.org\",\"@graph\":[{\"@type\":\"WebPage\",\"@id\":\"https:\/\/www.arteco-global.com\/es\/video-security\/software-solutions\/omnia-video-management-software-vms\/\",\"url\":\"https:\/\/www.arteco-global.com\/es\/video-security\/software-solutions\/omnia-video-management-software-vms\/\",\"name\":\"OMNIA - Awareness. Understanding. Insight.\",\"isPartOf\":{\"@id\":\"https:\/\/www.arteco-global.com\/en\/#website\"},\"primaryImageOfPage\":{\"@id\":\"https:\/\/www.arteco-global.com\/es\/video-security\/software-solutions\/omnia-video-management-software-vms\/#primaryimage\"},\"image\":{\"@id\":\"https:\/\/www.arteco-global.com\/es\/video-security\/software-solutions\/omnia-video-management-software-vms\/#primaryimage\"},\"thumbnailUrl\":\"https:\/\/www.arteco-global.com\/wp-content\/uploads\/2021\/08\/omnia.jpg\",\"datePublished\":\"2012-11-14T07:48:43+00:00\",\"dateModified\":\"2024-04-03T12:01:23+00:00\",\"breadcrumb\":{\"@id\":\"https:\/\/www.arteco-global.com\/es\/video-security\/software-solutions\/omnia-video-management-software-vms\/#breadcrumb\"},\"inLanguage\":\"es\",\"potentialAction\":[{\"@type\":\"ReadAction\",\"target\":[\"https:\/\/www.arteco-global.com\/es\/video-security\/software-solutions\/omnia-video-management-software-vms\/\"]}]},{\"@type\":\"ImageObject\",\"inLanguage\":\"es\",\"@id\":\"https:\/\/www.arteco-global.com\/es\/video-security\/software-solutions\/omnia-video-management-software-vms\/#primaryimage\",\"url\":\"https:\/\/www.arteco-global.com\/wp-content\/uploads\/2021\/08\/omnia.jpg\",\"contentUrl\":\"https:\/\/www.arteco-global.com\/wp-content\/uploads\/2021\/08\/omnia.jpg\",\"width\":1920,\"height\":600},{\"@type\":\"BreadcrumbList\",\"@id\":\"https:\/\/www.arteco-global.com\/es\/video-security\/software-solutions\/omnia-video-management-software-vms\/#breadcrumb\",\"itemListElement\":[{\"@type\":\"ListItem\",\"position\":1,\"name\":\"Home\",\"item\":\"https:\/\/www.arteco-global.com\/es\/\"},{\"@type\":\"ListItem\",\"position\":2,\"name\":\"Video Security\",\"item\":\"https:\/\/www.arteco-global.com\/es\/video-security\/\"},{\"@type\":\"ListItem\",\"position\":3,\"name\":\"Software Solutions\",\"item\":\"https:\/\/www.arteco-global.com\/es\/video-security\/software-solutions\/\"},{\"@type\":\"ListItem\",\"position\":4,\"name\":\"OMNIA &#8211; Awareness. Understanding. Insight.\"}]},{\"@type\":\"WebSite\",\"@id\":\"https:\/\/www.arteco-global.com\/en\/#website\",\"url\":\"https:\/\/www.arteco-global.com\/en\/\",\"name\":\"Arteco\",\"description\":\"\",\"potentialAction\":[{\"@type\":\"SearchAction\",\"target\":{\"@type\":\"EntryPoint\",\"urlTemplate\":\"https:\/\/www.arteco-global.com\/en\/?s={search_term_string}\"},\"query-input\":\"required name=search_term_string\"}],\"inLanguage\":\"es\"}]}<\/script>\n<!-- \/ Yoast SEO plugin. -->","yoast_head_json":{"title":"OMNIA - Awareness. Understanding. Insight.","robots":{"index":"index","follow":"follow","max-snippet":"max-snippet:-1","max-image-preview":"max-image-preview:large","max-video-preview":"max-video-preview:-1"},"canonical":"https:\/\/www.arteco-global.com\/es\/video-security\/software-solutions\/omnia-video-management-software-vms\/","og_locale":"es_ES","og_type":"article","og_title":"OMNIA - Awareness. Understanding. Insight.","og_description":"La protecci\u00f3n de personas e infraestructuras requiere un conocimiento profundo [&hellip;]","og_url":"https:\/\/www.arteco-global.com\/es\/video-security\/software-solutions\/omnia-video-management-software-vms\/","og_site_name":"Arteco","article_modified_time":"2024-04-03T12:01:23+00:00","og_image":[{"width":1920,"height":600,"url":"https:\/\/www.arteco-global.com\/wp-content\/uploads\/2021\/08\/omnia.jpg","type":"image\/jpeg"}],"twitter_card":"summary_large_image","twitter_misc":{"Tiempo de lectura":"2 minutos"},"schema":{"@context":"https:\/\/schema.org","@graph":[{"@type":"WebPage","@id":"https:\/\/www.arteco-global.com\/es\/video-security\/software-solutions\/omnia-video-management-software-vms\/","url":"https:\/\/www.arteco-global.com\/es\/video-security\/software-solutions\/omnia-video-management-software-vms\/","name":"OMNIA - Awareness. Understanding. Insight.","isPartOf":{"@id":"https:\/\/www.arteco-global.com\/en\/#website"},"primaryImageOfPage":{"@id":"https:\/\/www.arteco-global.com\/es\/video-security\/software-solutions\/omnia-video-management-software-vms\/#primaryimage"},"image":{"@id":"https:\/\/www.arteco-global.com\/es\/video-security\/software-solutions\/omnia-video-management-software-vms\/#primaryimage"},"thumbnailUrl":"https:\/\/www.arteco-global.com\/wp-content\/uploads\/2021\/08\/omnia.jpg","datePublished":"2012-11-14T07:48:43+00:00","dateModified":"2024-04-03T12:01:23+00:00","breadcrumb":{"@id":"https:\/\/www.arteco-global.com\/es\/video-security\/software-solutions\/omnia-video-management-software-vms\/#breadcrumb"},"inLanguage":"es","potentialAction":[{"@type":"ReadAction","target":["https:\/\/www.arteco-global.com\/es\/video-security\/software-solutions\/omnia-video-management-software-vms\/"]}]},{"@type":"ImageObject","inLanguage":"es","@id":"https:\/\/www.arteco-global.com\/es\/video-security\/software-solutions\/omnia-video-management-software-vms\/#primaryimage","url":"https:\/\/www.arteco-global.com\/wp-content\/uploads\/2021\/08\/omnia.jpg","contentUrl":"https:\/\/www.arteco-global.com\/wp-content\/uploads\/2021\/08\/omnia.jpg","width":1920,"height":600},{"@type":"BreadcrumbList","@id":"https:\/\/www.arteco-global.com\/es\/video-security\/software-solutions\/omnia-video-management-software-vms\/#breadcrumb","itemListElement":[{"@type":"ListItem","position":1,"name":"Home","item":"https:\/\/www.arteco-global.com\/es\/"},{"@type":"ListItem","position":2,"name":"Video Security","item":"https:\/\/www.arteco-global.com\/es\/video-security\/"},{"@type":"ListItem","position":3,"name":"Software Solutions","item":"https:\/\/www.arteco-global.com\/es\/video-security\/software-solutions\/"},{"@type":"ListItem","position":4,"name":"OMNIA &#8211; Awareness. Understanding. Insight."}]},{"@type":"WebSite","@id":"https:\/\/www.arteco-global.com\/en\/#website","url":"https:\/\/www.arteco-global.com\/en\/","name":"Arteco","description":"","potentialAction":[{"@type":"SearchAction","target":{"@type":"EntryPoint","urlTemplate":"https:\/\/www.arteco-global.com\/en\/?s={search_term_string}"},"query-input":"required name=search_term_string"}],"inLanguage":"es"}]}},"_links":{"self":[{"href":"https:\/\/www.arteco-global.com\/es\/wp-json\/wp\/v2\/pages\/18541"}],"collection":[{"href":"https:\/\/www.arteco-global.com\/es\/wp-json\/wp\/v2\/pages"}],"about":[{"href":"https:\/\/www.arteco-global.com\/es\/wp-json\/wp\/v2\/types\/page"}],"author":[{"embeddable":true,"href":"https:\/\/www.arteco-global.com\/es\/wp-json\/wp\/v2\/users\/4"}],"replies":[{"embeddable":true,"href":"https:\/\/www.arteco-global.com\/es\/wp-json\/wp\/v2\/comments?post=18541"}],"version-history":[{"count":13,"href":"https:\/\/www.arteco-global.com\/es\/wp-json\/wp\/v2\/pages\/18541\/revisions"}],"predecessor-version":[{"id":35947,"href":"https:\/\/www.arteco-global.com\/es\/wp-json\/wp\/v2\/pages\/18541\/revisions\/35947"}],"up":[{"embeddable":true,"href":"https:\/\/www.arteco-global.com\/es\/wp-json\/wp\/v2\/pages\/18041"}],"wp:featuredmedia":[{"embeddable":true,"href":"https:\/\/www.arteco-global.com\/es\/wp-json\/wp\/v2\/media\/32698"}],"wp:attachment":[{"href":"https:\/\/www.arteco-global.com\/es\/wp-json\/wp\/v2\/media?parent=18541"}],"curies":[{"name":"wp","href":"https:\/\/api.w.org\/{rel}","templated":true}]}}