{"id":18534,"date":"2012-10-23T08:09:15","date_gmt":"2012-10-23T08:09:15","guid":{"rendered":"https:\/\/www.arteco-global.com\/arteco-lpr\/"},"modified":"2024-02-28T13:53:17","modified_gmt":"2024-02-28T12:53:17","slug":"lpr","status":"publish","type":"page","link":"https:\/\/www.arteco-global.com\/es\/video-security\/software-solutions\/lpr\/","title":{"rendered":"LPR"},"content":{"rendered":"<p><strong>LPR<\/strong> contiene todas las soluciones de Arteco para lectura de placas que, combinadas con la videovigilancia, aumentan el nivel de seguridad y control de cada instalaci\u00f3n manteniendo la facilidad de uso, bajos costos y optimizaci\u00f3n de recursos.<\/p>\n<p>Hay muchas \u00e1reas en las que se puede aplicar LPR: control de acceso, prevenci\u00f3n de delitos y control territorial, monitoreo de tiempo \/ asistencia de los empleados, y muchas otras. Dependiendo de sus necesidades y del tipo de hardware que haya instalado, hemos desarrollado una gama de soluciones LPR para que elija:<\/p>\n<h2><span style=\"text-decoration: underline;\"><a href=\"https:\/\/arteco-global.com\/es\/video-security\/software-solutions\/-lpr-server\/\" target=\"_blank\" rel=\"noopener noreferrer\"><span style=\"color: #b50000; text-decoration: underline;\">LPR Server 2.0<\/span><\/a><\/span><\/h2>\n<p>LPR Server 2.0 es la soluci\u00f3n de<strong>\u00a0software de nueva generaci\u00f3n<\/strong>\u00a0que se puede instalar en servidores Windows, dise\u00f1ada para permitir la lectura de matr\u00edculas en c\u00e1maras IP est\u00e1ndar y para facilitar el an\u00e1lisis del tr\u00e1fico y la identificaci\u00f3n de veh\u00edculos a trav\u00e9s de una interfaz de usuario de\u00a0<strong>nuevo dise\u00f1o e intuitiva<\/strong>.<\/p>\n<p>LPR Server 2.0 \u00a0no necesita c\u00e1maras LPR espec\u00edficas, solo requiere un flujo de video de calidad y su <strong>motor OCR de \u00faltima generaci\u00f3n<\/strong> hace el resto.<\/p>\n<p>Ha sido desarrollado para soportar tambi\u00e9n transmisiones de <strong>video H.264, H.265<\/strong>, con la incre\u00edble ventaja de un\u00a0<strong>menor consumo de CPU y RAM<\/strong>, y para que se ejecuta como un servicio de Windows para iniciar autom\u00e1ticamente la detecci\u00f3n de placas al iniciar el sistema operativo<\/p>\n<p>LPR Server 2.0 tambi\u00e9n se puede configurar<strong>\u00a0para gestionar hasta 4 listas de placas por canal de v\u00eddeo<\/strong>\u00a0y activar rel\u00e9s de forma remota, con el fin de facilitar la gesti\u00f3n automatizada de zonas residenciales delimitadas, aparcamientos y m\u00e1s, utilizando una \u00fanica y c\u00f3moda soluci\u00f3n.<\/p>\n<hr \/>\n<h2><span style=\"text-decoration: underline; color: #b50000;\"><a style=\"color: #b50000;\" href=\"https:\/\/arteco-global.com\/wp-content\/uploads\/2021\/09\/arteco-lpr-app-brochure-en-A4.pdf\" target=\"_blank\" rel=\"noopener noreferrer\">OMNIA LPR app for WisenetX cameras<\/a><\/span><\/h2>\n<p>La aplicaci\u00f3n LPR es una aplicaci\u00f3n que se puede instalar en la serie de c\u00e1maras <strong>WISENET X de Hanwha Techwin<\/strong>, lo que las convierte en c\u00e1maras de lectura de matr\u00edculas.<\/p>\n<p>Mediante la combinaci\u00f3n de estas tecnolog\u00edas, las organizaciones pueden aumentar los niveles de seguridad al automatizar los procesos de monitoreo, optimizar las operaciones y aumentar la conciencia.<\/p>\n<p><strong>La aplicaci\u00f3n LPR es flexible y f\u00e1cil de usar<\/strong>. F\u00e1cil de instalar, la configuraci\u00f3n se realiza en unos sencillos pasos. Est\u00e1 totalmente integrado con OMNIA y con Arteco Easy Traffic. La aplicaci\u00f3n tambi\u00e9n cuenta con numerosos protocolos de comunicaci\u00f3n, que le permiten desarrollar integraciones inteligentes y de alto rendimiento con VMS de terceros, soluciones de monitoreo de tr\u00e1fico y m\u00e1s.<\/p>\n<hr \/>\n<h2><span style=\"color: #b50000;\">Camera Integration<\/span><\/h2>\n<p>LPR, combinado con c\u00e1maras certificadas Arteco, es f\u00e1cil de configurar y administrar porque est\u00e1 completamente integrado en la plataforma de software OMNIA. El sistema tiene la capacidad de crear y administrar una base de datos de matr\u00edculas haciendo coincidir las placas LPR detectadas con una placa en la base de datos. <strong>OMNIA integra las marcas de c\u00e1maras m\u00e1s populares del mercado<\/strong> (Hikvision, Milesight, Selea, TargaSystem, Tattile, Urmet y otras) y garantiza una experiencia fluida en la gesti\u00f3n del tr\u00e1fico y estacionamiento, as\u00ed como en las operaciones de control de acceso.<\/p>\n","protected":false},"excerpt":{"rendered":"<p>LPR contiene todas las soluciones de Arteco para lectura de [&hellip;]<\/p>\n","protected":false},"author":1,"featured_media":31919,"parent":18041,"menu_order":100,"comment_status":"open","ping_status":"open","template":"template-page-con-download-link.php","meta":{"footnotes":""},"yoast_head":"<!-- This site is optimized with the Yoast SEO plugin v22.8 - https:\/\/yoast.com\/wordpress\/plugins\/seo\/ -->\n<title>Arteco LPR - lectura de matr\u00edculas<\/title>\n<meta name=\"description\" content=\"Combina lectura de matr\u00edculas con videovigilancia, aumentando el nivel de seguridad y control de cada instalaci\u00f3n.\" \/>\n<meta name=\"robots\" content=\"index, follow, max-snippet:-1, max-image-preview:large, max-video-preview:-1\" \/>\n<link rel=\"canonical\" href=\"https:\/\/www.arteco-global.com\/es\/video-security\/software-solutions\/lpr\/\" \/>\n<meta property=\"og:locale\" content=\"es_ES\" \/>\n<meta property=\"og:type\" content=\"article\" \/>\n<meta property=\"og:title\" content=\"Arteco LPR - lectura de matr\u00edculas\" \/>\n<meta property=\"og:description\" content=\"Combina lectura de matr\u00edculas con videovigilancia, aumentando el nivel de seguridad y control de cada instalaci\u00f3n.\" \/>\n<meta property=\"og:url\" content=\"https:\/\/www.arteco-global.com\/es\/video-security\/software-solutions\/lpr\/\" \/>\n<meta property=\"og:site_name\" content=\"Arteco\" \/>\n<meta property=\"article:modified_time\" content=\"2024-02-28T12:53:17+00:00\" \/>\n<meta property=\"og:image\" content=\"https:\/\/www.arteco-global.com\/wp-content\/uploads\/2021\/01\/arteco-software-lpr.jpg\" \/>\n\t<meta property=\"og:image:width\" content=\"1920\" \/>\n\t<meta property=\"og:image:height\" content=\"600\" \/>\n\t<meta property=\"og:image:type\" content=\"image\/jpeg\" \/>\n<meta name=\"twitter:card\" content=\"summary_large_image\" \/>\n<meta name=\"twitter:label1\" content=\"Tiempo de lectura\" \/>\n\t<meta name=\"twitter:data1\" content=\"3 minutos\" \/>\n<script type=\"application\/ld+json\" class=\"yoast-schema-graph\">{\"@context\":\"https:\/\/schema.org\",\"@graph\":[{\"@type\":\"WebPage\",\"@id\":\"https:\/\/www.arteco-global.com\/es\/video-security\/software-solutions\/lpr\/\",\"url\":\"https:\/\/www.arteco-global.com\/es\/video-security\/software-solutions\/lpr\/\",\"name\":\"Arteco LPR - lectura de matr\u00edculas\",\"isPartOf\":{\"@id\":\"https:\/\/www.arteco-global.com\/en\/#website\"},\"primaryImageOfPage\":{\"@id\":\"https:\/\/www.arteco-global.com\/es\/video-security\/software-solutions\/lpr\/#primaryimage\"},\"image\":{\"@id\":\"https:\/\/www.arteco-global.com\/es\/video-security\/software-solutions\/lpr\/#primaryimage\"},\"thumbnailUrl\":\"https:\/\/www.arteco-global.com\/wp-content\/uploads\/2021\/01\/arteco-software-lpr.jpg\",\"datePublished\":\"2012-10-23T08:09:15+00:00\",\"dateModified\":\"2024-02-28T12:53:17+00:00\",\"description\":\"Combina lectura de matr\u00edculas con videovigilancia, aumentando el nivel de seguridad y control de cada instalaci\u00f3n.\",\"breadcrumb\":{\"@id\":\"https:\/\/www.arteco-global.com\/es\/video-security\/software-solutions\/lpr\/#breadcrumb\"},\"inLanguage\":\"es\",\"potentialAction\":[{\"@type\":\"ReadAction\",\"target\":[\"https:\/\/www.arteco-global.com\/es\/video-security\/software-solutions\/lpr\/\"]}]},{\"@type\":\"ImageObject\",\"inLanguage\":\"es\",\"@id\":\"https:\/\/www.arteco-global.com\/es\/video-security\/software-solutions\/lpr\/#primaryimage\",\"url\":\"https:\/\/www.arteco-global.com\/wp-content\/uploads\/2021\/01\/arteco-software-lpr.jpg\",\"contentUrl\":\"https:\/\/www.arteco-global.com\/wp-content\/uploads\/2021\/01\/arteco-software-lpr.jpg\",\"width\":1920,\"height\":600},{\"@type\":\"BreadcrumbList\",\"@id\":\"https:\/\/www.arteco-global.com\/es\/video-security\/software-solutions\/lpr\/#breadcrumb\",\"itemListElement\":[{\"@type\":\"ListItem\",\"position\":1,\"name\":\"Home\",\"item\":\"https:\/\/www.arteco-global.com\/es\/\"},{\"@type\":\"ListItem\",\"position\":2,\"name\":\"Video Security\",\"item\":\"https:\/\/www.arteco-global.com\/es\/video-security\/\"},{\"@type\":\"ListItem\",\"position\":3,\"name\":\"Software Solutions\",\"item\":\"https:\/\/www.arteco-global.com\/es\/video-security\/software-solutions\/\"},{\"@type\":\"ListItem\",\"position\":4,\"name\":\"LPR\"}]},{\"@type\":\"WebSite\",\"@id\":\"https:\/\/www.arteco-global.com\/en\/#website\",\"url\":\"https:\/\/www.arteco-global.com\/en\/\",\"name\":\"Arteco\",\"description\":\"\",\"potentialAction\":[{\"@type\":\"SearchAction\",\"target\":{\"@type\":\"EntryPoint\",\"urlTemplate\":\"https:\/\/www.arteco-global.com\/en\/?s={search_term_string}\"},\"query-input\":\"required name=search_term_string\"}],\"inLanguage\":\"es\"}]}<\/script>\n<!-- \/ Yoast SEO plugin. -->","yoast_head_json":{"title":"Arteco LPR - lectura de matr\u00edculas","description":"Combina lectura de matr\u00edculas con videovigilancia, aumentando el nivel de seguridad y control de cada instalaci\u00f3n.","robots":{"index":"index","follow":"follow","max-snippet":"max-snippet:-1","max-image-preview":"max-image-preview:large","max-video-preview":"max-video-preview:-1"},"canonical":"https:\/\/www.arteco-global.com\/es\/video-security\/software-solutions\/lpr\/","og_locale":"es_ES","og_type":"article","og_title":"Arteco LPR - lectura de matr\u00edculas","og_description":"Combina lectura de matr\u00edculas con videovigilancia, aumentando el nivel de seguridad y control de cada instalaci\u00f3n.","og_url":"https:\/\/www.arteco-global.com\/es\/video-security\/software-solutions\/lpr\/","og_site_name":"Arteco","article_modified_time":"2024-02-28T12:53:17+00:00","og_image":[{"width":1920,"height":600,"url":"https:\/\/www.arteco-global.com\/wp-content\/uploads\/2021\/01\/arteco-software-lpr.jpg","type":"image\/jpeg"}],"twitter_card":"summary_large_image","twitter_misc":{"Tiempo de lectura":"3 minutos"},"schema":{"@context":"https:\/\/schema.org","@graph":[{"@type":"WebPage","@id":"https:\/\/www.arteco-global.com\/es\/video-security\/software-solutions\/lpr\/","url":"https:\/\/www.arteco-global.com\/es\/video-security\/software-solutions\/lpr\/","name":"Arteco LPR - lectura de matr\u00edculas","isPartOf":{"@id":"https:\/\/www.arteco-global.com\/en\/#website"},"primaryImageOfPage":{"@id":"https:\/\/www.arteco-global.com\/es\/video-security\/software-solutions\/lpr\/#primaryimage"},"image":{"@id":"https:\/\/www.arteco-global.com\/es\/video-security\/software-solutions\/lpr\/#primaryimage"},"thumbnailUrl":"https:\/\/www.arteco-global.com\/wp-content\/uploads\/2021\/01\/arteco-software-lpr.jpg","datePublished":"2012-10-23T08:09:15+00:00","dateModified":"2024-02-28T12:53:17+00:00","description":"Combina lectura de matr\u00edculas con videovigilancia, aumentando el nivel de seguridad y control de cada instalaci\u00f3n.","breadcrumb":{"@id":"https:\/\/www.arteco-global.com\/es\/video-security\/software-solutions\/lpr\/#breadcrumb"},"inLanguage":"es","potentialAction":[{"@type":"ReadAction","target":["https:\/\/www.arteco-global.com\/es\/video-security\/software-solutions\/lpr\/"]}]},{"@type":"ImageObject","inLanguage":"es","@id":"https:\/\/www.arteco-global.com\/es\/video-security\/software-solutions\/lpr\/#primaryimage","url":"https:\/\/www.arteco-global.com\/wp-content\/uploads\/2021\/01\/arteco-software-lpr.jpg","contentUrl":"https:\/\/www.arteco-global.com\/wp-content\/uploads\/2021\/01\/arteco-software-lpr.jpg","width":1920,"height":600},{"@type":"BreadcrumbList","@id":"https:\/\/www.arteco-global.com\/es\/video-security\/software-solutions\/lpr\/#breadcrumb","itemListElement":[{"@type":"ListItem","position":1,"name":"Home","item":"https:\/\/www.arteco-global.com\/es\/"},{"@type":"ListItem","position":2,"name":"Video Security","item":"https:\/\/www.arteco-global.com\/es\/video-security\/"},{"@type":"ListItem","position":3,"name":"Software Solutions","item":"https:\/\/www.arteco-global.com\/es\/video-security\/software-solutions\/"},{"@type":"ListItem","position":4,"name":"LPR"}]},{"@type":"WebSite","@id":"https:\/\/www.arteco-global.com\/en\/#website","url":"https:\/\/www.arteco-global.com\/en\/","name":"Arteco","description":"","potentialAction":[{"@type":"SearchAction","target":{"@type":"EntryPoint","urlTemplate":"https:\/\/www.arteco-global.com\/en\/?s={search_term_string}"},"query-input":"required name=search_term_string"}],"inLanguage":"es"}]}},"_links":{"self":[{"href":"https:\/\/www.arteco-global.com\/es\/wp-json\/wp\/v2\/pages\/18534"}],"collection":[{"href":"https:\/\/www.arteco-global.com\/es\/wp-json\/wp\/v2\/pages"}],"about":[{"href":"https:\/\/www.arteco-global.com\/es\/wp-json\/wp\/v2\/types\/page"}],"author":[{"embeddable":true,"href":"https:\/\/www.arteco-global.com\/es\/wp-json\/wp\/v2\/users\/1"}],"replies":[{"embeddable":true,"href":"https:\/\/www.arteco-global.com\/es\/wp-json\/wp\/v2\/comments?post=18534"}],"version-history":[{"count":12,"href":"https:\/\/www.arteco-global.com\/es\/wp-json\/wp\/v2\/pages\/18534\/revisions"}],"predecessor-version":[{"id":35819,"href":"https:\/\/www.arteco-global.com\/es\/wp-json\/wp\/v2\/pages\/18534\/revisions\/35819"}],"up":[{"embeddable":true,"href":"https:\/\/www.arteco-global.com\/es\/wp-json\/wp\/v2\/pages\/18041"}],"wp:featuredmedia":[{"embeddable":true,"href":"https:\/\/www.arteco-global.com\/es\/wp-json\/wp\/v2\/media\/31919"}],"wp:attachment":[{"href":"https:\/\/www.arteco-global.com\/es\/wp-json\/wp\/v2\/media?parent=18534"}],"curies":[{"name":"wp","href":"https:\/\/api.w.org\/{rel}","templated":true}]}}