{"id":18514,"date":"2012-10-16T10:28:42","date_gmt":"2012-10-16T10:28:42","guid":{"rendered":"https:\/\/www.arteco-global.com\/arteco-7000\/"},"modified":"2025-02-04T16:02:20","modified_gmt":"2025-02-04T15:02:20","slug":"arteco-7000","status":"publish","type":"page","link":"https:\/\/www.arteco-global.com\/es\/video-security\/hardware-solutions\/arteco-7000\/","title":{"rendered":"ARTECO 7000"},"content":{"rendered":"<p>Robusto y Potente: Arteco 7000 es el servidor de vigilancia industrial de montaje en rack de 19\u201d ideal para qui\u00e9n necesita administrar video IP en instalaciones medianas y grandes que requieren alto rendimiento y confiabilidad. Arteco 7000 puede manejar las fuentes de video IP de los principales fabricantes internacionales y es compatible con los dispositivos ONVIF \u2122 y RTSP.<\/p>\n<p>Cada Arteco 7000 est\u00e1 precargado y probado con la selecci\u00f3n de licencias de sus c\u00e1maras (se venden por separado). \u00bfNecesita un sistema robusto y flexible con amplio almacenamiento de grabaciones? La respuesta es Arteco 7000, un poderoso NVR que ofrece la posibilidad de instalar hasta 8 HDD.<\/p>\n<p>\u00bfNo est\u00e1 seguro de si necesitar\u00e1 agregar almacenamiento en el futuro? Arteco 7000 le brinda la posibilidad de agregar capacidad de almacenamiento despu\u00e9s de la instalaci\u00f3n gracias a los controladores de disco con soporte completo de intercambio en caliente.<\/p>\n<p>Integre sus sistemas de alarma y seguridad utilizando los complementos de Arteco para un control integral de su seguridad. Complete su Arteco 7000 con los m\u00f3dulos Arteco Everywhere 3.0 opcionales para una soluci\u00f3n de seguridad completamente integrada.<\/p>\n<p><strong>Experimente un sistema que maximiza su protecci\u00f3n y corta los costos innecesarios.<\/strong><\/p>\n","protected":false},"excerpt":{"rendered":"<p>Robusto y Potente: Arteco 7000 es el servidor de vigilancia [&hellip;]<\/p>\n","protected":false},"author":1,"featured_media":35100,"parent":21253,"menu_order":30,"comment_status":"open","ping_status":"open","template":"template-page-con-download-link.php","meta":{"footnotes":""},"yoast_head":"<!-- This site is optimized with the Yoast SEO plugin v22.8 - https:\/\/yoast.com\/wordpress\/plugins\/seo\/ -->\n<title>ARTECO 7000 - Arteco<\/title>\n<meta name=\"robots\" content=\"index, follow, max-snippet:-1, max-image-preview:large, max-video-preview:-1\" \/>\n<link rel=\"canonical\" href=\"https:\/\/www.arteco-global.com\/es\/video-security\/hardware-solutions\/arteco-7000\/\" \/>\n<meta property=\"og:locale\" content=\"es_ES\" \/>\n<meta property=\"og:type\" content=\"article\" \/>\n<meta property=\"og:title\" content=\"ARTECO 7000 - Arteco\" \/>\n<meta property=\"og:description\" content=\"Robusto y Potente: Arteco 7000 es el servidor de vigilancia [&hellip;]\" \/>\n<meta property=\"og:url\" content=\"https:\/\/www.arteco-global.com\/es\/video-security\/hardware-solutions\/arteco-7000\/\" \/>\n<meta property=\"og:site_name\" content=\"Arteco\" \/>\n<meta property=\"article:modified_time\" content=\"2025-02-04T15:02:20+00:00\" \/>\n<meta property=\"og:image\" content=\"https:\/\/www.arteco-global.com\/wp-content\/uploads\/2023\/06\/arteco-7000-old.jpg\" \/>\n\t<meta property=\"og:image:width\" content=\"1920\" \/>\n\t<meta property=\"og:image:height\" content=\"600\" \/>\n\t<meta property=\"og:image:type\" content=\"image\/jpeg\" \/>\n<meta name=\"twitter:card\" content=\"summary_large_image\" \/>\n<meta name=\"twitter:label1\" content=\"Tiempo de lectura\" \/>\n\t<meta name=\"twitter:data1\" content=\"2 minutos\" \/>\n<script type=\"application\/ld+json\" class=\"yoast-schema-graph\">{\"@context\":\"https:\/\/schema.org\",\"@graph\":[{\"@type\":\"WebPage\",\"@id\":\"https:\/\/www.arteco-global.com\/es\/video-security\/hardware-solutions\/arteco-7000\/\",\"url\":\"https:\/\/www.arteco-global.com\/es\/video-security\/hardware-solutions\/arteco-7000\/\",\"name\":\"ARTECO 7000 - Arteco\",\"isPartOf\":{\"@id\":\"https:\/\/www.arteco-global.com\/en\/#website\"},\"primaryImageOfPage\":{\"@id\":\"https:\/\/www.arteco-global.com\/es\/video-security\/hardware-solutions\/arteco-7000\/#primaryimage\"},\"image\":{\"@id\":\"https:\/\/www.arteco-global.com\/es\/video-security\/hardware-solutions\/arteco-7000\/#primaryimage\"},\"thumbnailUrl\":\"https:\/\/www.arteco-global.com\/wp-content\/uploads\/2023\/06\/arteco-7000-old.jpg\",\"datePublished\":\"2012-10-16T10:28:42+00:00\",\"dateModified\":\"2025-02-04T15:02:20+00:00\",\"breadcrumb\":{\"@id\":\"https:\/\/www.arteco-global.com\/es\/video-security\/hardware-solutions\/arteco-7000\/#breadcrumb\"},\"inLanguage\":\"es\",\"potentialAction\":[{\"@type\":\"ReadAction\",\"target\":[\"https:\/\/www.arteco-global.com\/es\/video-security\/hardware-solutions\/arteco-7000\/\"]}]},{\"@type\":\"ImageObject\",\"inLanguage\":\"es\",\"@id\":\"https:\/\/www.arteco-global.com\/es\/video-security\/hardware-solutions\/arteco-7000\/#primaryimage\",\"url\":\"https:\/\/www.arteco-global.com\/wp-content\/uploads\/2023\/06\/arteco-7000-old.jpg\",\"contentUrl\":\"https:\/\/www.arteco-global.com\/wp-content\/uploads\/2023\/06\/arteco-7000-old.jpg\",\"width\":1920,\"height\":600},{\"@type\":\"BreadcrumbList\",\"@id\":\"https:\/\/www.arteco-global.com\/es\/video-security\/hardware-solutions\/arteco-7000\/#breadcrumb\",\"itemListElement\":[{\"@type\":\"ListItem\",\"position\":1,\"name\":\"Home\",\"item\":\"https:\/\/www.arteco-global.com\/es\/\"},{\"@type\":\"ListItem\",\"position\":2,\"name\":\"Video Security\",\"item\":\"https:\/\/www.arteco-global.com\/es\/video-security\/\"},{\"@type\":\"ListItem\",\"position\":3,\"name\":\"Hardware Solutions\",\"item\":\"https:\/\/www.arteco-global.com\/es\/video-security\/hardware-solutions\/\"},{\"@type\":\"ListItem\",\"position\":4,\"name\":\"ARTECO 7000\"}]},{\"@type\":\"WebSite\",\"@id\":\"https:\/\/www.arteco-global.com\/en\/#website\",\"url\":\"https:\/\/www.arteco-global.com\/en\/\",\"name\":\"Arteco\",\"description\":\"\",\"potentialAction\":[{\"@type\":\"SearchAction\",\"target\":{\"@type\":\"EntryPoint\",\"urlTemplate\":\"https:\/\/www.arteco-global.com\/en\/?s={search_term_string}\"},\"query-input\":\"required name=search_term_string\"}],\"inLanguage\":\"es\"}]}<\/script>\n<!-- \/ Yoast SEO plugin. -->","yoast_head_json":{"title":"ARTECO 7000 - Arteco","robots":{"index":"index","follow":"follow","max-snippet":"max-snippet:-1","max-image-preview":"max-image-preview:large","max-video-preview":"max-video-preview:-1"},"canonical":"https:\/\/www.arteco-global.com\/es\/video-security\/hardware-solutions\/arteco-7000\/","og_locale":"es_ES","og_type":"article","og_title":"ARTECO 7000 - Arteco","og_description":"Robusto y Potente: Arteco 7000 es el servidor de vigilancia [&hellip;]","og_url":"https:\/\/www.arteco-global.com\/es\/video-security\/hardware-solutions\/arteco-7000\/","og_site_name":"Arteco","article_modified_time":"2025-02-04T15:02:20+00:00","og_image":[{"width":1920,"height":600,"url":"https:\/\/www.arteco-global.com\/wp-content\/uploads\/2023\/06\/arteco-7000-old.jpg","type":"image\/jpeg"}],"twitter_card":"summary_large_image","twitter_misc":{"Tiempo de lectura":"2 minutos"},"schema":{"@context":"https:\/\/schema.org","@graph":[{"@type":"WebPage","@id":"https:\/\/www.arteco-global.com\/es\/video-security\/hardware-solutions\/arteco-7000\/","url":"https:\/\/www.arteco-global.com\/es\/video-security\/hardware-solutions\/arteco-7000\/","name":"ARTECO 7000 - Arteco","isPartOf":{"@id":"https:\/\/www.arteco-global.com\/en\/#website"},"primaryImageOfPage":{"@id":"https:\/\/www.arteco-global.com\/es\/video-security\/hardware-solutions\/arteco-7000\/#primaryimage"},"image":{"@id":"https:\/\/www.arteco-global.com\/es\/video-security\/hardware-solutions\/arteco-7000\/#primaryimage"},"thumbnailUrl":"https:\/\/www.arteco-global.com\/wp-content\/uploads\/2023\/06\/arteco-7000-old.jpg","datePublished":"2012-10-16T10:28:42+00:00","dateModified":"2025-02-04T15:02:20+00:00","breadcrumb":{"@id":"https:\/\/www.arteco-global.com\/es\/video-security\/hardware-solutions\/arteco-7000\/#breadcrumb"},"inLanguage":"es","potentialAction":[{"@type":"ReadAction","target":["https:\/\/www.arteco-global.com\/es\/video-security\/hardware-solutions\/arteco-7000\/"]}]},{"@type":"ImageObject","inLanguage":"es","@id":"https:\/\/www.arteco-global.com\/es\/video-security\/hardware-solutions\/arteco-7000\/#primaryimage","url":"https:\/\/www.arteco-global.com\/wp-content\/uploads\/2023\/06\/arteco-7000-old.jpg","contentUrl":"https:\/\/www.arteco-global.com\/wp-content\/uploads\/2023\/06\/arteco-7000-old.jpg","width":1920,"height":600},{"@type":"BreadcrumbList","@id":"https:\/\/www.arteco-global.com\/es\/video-security\/hardware-solutions\/arteco-7000\/#breadcrumb","itemListElement":[{"@type":"ListItem","position":1,"name":"Home","item":"https:\/\/www.arteco-global.com\/es\/"},{"@type":"ListItem","position":2,"name":"Video Security","item":"https:\/\/www.arteco-global.com\/es\/video-security\/"},{"@type":"ListItem","position":3,"name":"Hardware Solutions","item":"https:\/\/www.arteco-global.com\/es\/video-security\/hardware-solutions\/"},{"@type":"ListItem","position":4,"name":"ARTECO 7000"}]},{"@type":"WebSite","@id":"https:\/\/www.arteco-global.com\/en\/#website","url":"https:\/\/www.arteco-global.com\/en\/","name":"Arteco","description":"","potentialAction":[{"@type":"SearchAction","target":{"@type":"EntryPoint","urlTemplate":"https:\/\/www.arteco-global.com\/en\/?s={search_term_string}"},"query-input":"required name=search_term_string"}],"inLanguage":"es"}]}},"_links":{"self":[{"href":"https:\/\/www.arteco-global.com\/es\/wp-json\/wp\/v2\/pages\/18514"}],"collection":[{"href":"https:\/\/www.arteco-global.com\/es\/wp-json\/wp\/v2\/pages"}],"about":[{"href":"https:\/\/www.arteco-global.com\/es\/wp-json\/wp\/v2\/types\/page"}],"author":[{"embeddable":true,"href":"https:\/\/www.arteco-global.com\/es\/wp-json\/wp\/v2\/users\/1"}],"replies":[{"embeddable":true,"href":"https:\/\/www.arteco-global.com\/es\/wp-json\/wp\/v2\/comments?post=18514"}],"version-history":[{"count":9,"href":"https:\/\/www.arteco-global.com\/es\/wp-json\/wp\/v2\/pages\/18514\/revisions"}],"predecessor-version":[{"id":36614,"href":"https:\/\/www.arteco-global.com\/es\/wp-json\/wp\/v2\/pages\/18514\/revisions\/36614"}],"up":[{"embeddable":true,"href":"https:\/\/www.arteco-global.com\/es\/wp-json\/wp\/v2\/pages\/21253"}],"wp:featuredmedia":[{"embeddable":true,"href":"https:\/\/www.arteco-global.com\/es\/wp-json\/wp\/v2\/media\/35100"}],"wp:attachment":[{"href":"https:\/\/www.arteco-global.com\/es\/wp-json\/wp\/v2\/media?parent=18514"}],"curies":[{"name":"wp","href":"https:\/\/api.w.org\/{rel}","templated":true}]}}