{"id":18492,"date":"2012-10-16T09:05:31","date_gmt":"2012-10-16T09:05:31","guid":{"rendered":"https:\/\/www.arteco-global.com\/arteco-extreme\/"},"modified":"2024-06-12T15:56:01","modified_gmt":"2024-06-12T13:56:01","slug":"extreme","status":"publish","type":"page","link":"https:\/\/www.arteco-global.com\/es\/video-security\/software-solutions\/extreme\/","title":{"rendered":"Extreme"},"content":{"rendered":"<p>Completo y altamente performativo, <strong>Extreme<\/strong> es un VMS sin igual. Creado para la supervisi\u00f3n de estructuras cr\u00edticas de tama\u00f1o grande y multicentro, Extreme ofrece la tecnolog\u00eda m\u00e1s<br \/>\navanzada de gesti\u00f3n de eventos, an\u00e1lisis video y recuperaci\u00f3n de desastres como Auxiliary Storage, Storage Failover y Server Failover, garantizando alta fiabilidad, continuidad de ejercicio<br \/>\ne intercambio de informaci\u00f3n sin interrupci\u00f3n.<\/p>\n<p>Adem\u00e1s, Extreme incluye Videowall para compartir entre usuarios y centros operativos un n\u00famero ilimitado de c\u00e1maras, servidores y sistemas terceros, viviendo una experiencia de<br \/>\ncontrol total y de m\u00e1xima percataci\u00f3n situacional.<\/p>\n<p><strong><span style=\"color: #b50000;\">Principales caracter\u00edsticas<\/span><\/strong><\/p>\n<p><strong>An\u00e1lisis de video y Privacidad <\/strong><br \/>\nExtreme est\u00e1 equipado con an\u00e1lisis de video avanzado con filtros de tiempo y tama\u00f1o, calibraci\u00f3n de sensibilidad y persistencia, ajuste de fondo e incluye la b\u00fasqueda inteligente. Adem\u00e1s, gracias al algoritmo de enmascaramiento de privacidad patentado, las \u00e1reas borrosas tambi\u00e9n se pueden eliminar del video grabado.<\/p>\n<p><strong>Grabaci\u00f3n Auxiliar<\/strong><br \/>\nPermite al VMA grabar dos flujos simult\u00e1neos, incluso de calidad diferentes, en diferentes soportes de almacenamiento, que sean instalados en el Servidor o en rutas de red. Esta es una funcionalidad \u00fatil para tener siempre acceso a los videos grabados.<\/p>\n<p><strong>Fallos de Almacenamiento<\/strong><br \/>\nEn caso de fallos en el sistema de almacenamiento, el sistema se ocupa de realojar autom\u00e1ticamente las grabaciones en una posici\u00f3n preconfigurada de una ruta funcionante.<\/p>\n<p><strong>Fallos del Servidor<\/strong><br \/>\nRedundancia del servidor que prev\u00e9 la transmisi\u00f3n autom\u00e1tica de datos a uno o m\u00e1s sistemas en espera, para que el nuevo dispositivo desplace el que ya no funciona. (opcional)<\/p>\n<p><strong>VCA<\/strong><br \/>\nDisponible como plug-in y aplicable en todas las c\u00e1maras IP, VCA est\u00e1 dise\u00f1ado para las aplicaciones m\u00e1s complejas en interiores y exteriores, gracias a los algoritmos avanzados de aprendizaje profundo (opcional).<\/p>\n<p><img loading=\"lazy\" decoding=\"async\" class=\"alignleft size-full wp-image-35966\" src=\"https:\/\/www.arteco-global.com\/wp-content\/uploads\/2024\/04\/Onvif-GMST-symbol-RGB-e1712155466768.png\" alt=\"\" width=\"268\" height=\"40\" \/><\/p>\n","protected":false},"excerpt":{"rendered":"<p>Completo y altamente performativo, Extreme es un VMS sin igual. [&hellip;]<\/p>\n","protected":false},"author":1,"featured_media":31911,"parent":18041,"menu_order":60,"comment_status":"open","ping_status":"open","template":"template-page-con-download-link.php","meta":{"footnotes":""},"yoast_head":"<!-- This site is optimized with the Yoast SEO plugin v22.8 - https:\/\/yoast.com\/wordpress\/plugins\/seo\/ -->\n<title>Arteco Extreme - VMS con recuperaci\u00f3n de emergencia<\/title>\n<meta name=\"description\" content=\"Soluci\u00f3n VMS que proporciona un rendimiento superior y un control completo para la protecci\u00f3n de grandes infraestructuras cr\u00edticas.\" \/>\n<meta name=\"robots\" content=\"index, follow, max-snippet:-1, max-image-preview:large, max-video-preview:-1\" \/>\n<link rel=\"canonical\" href=\"https:\/\/www.arteco-global.com\/es\/video-security\/software-solutions\/extreme\/\" \/>\n<meta property=\"og:locale\" content=\"es_ES\" \/>\n<meta property=\"og:type\" content=\"article\" \/>\n<meta property=\"og:title\" content=\"Arteco Extreme - VMS con recuperaci\u00f3n de emergencia\" \/>\n<meta property=\"og:description\" content=\"Soluci\u00f3n VMS que proporciona un rendimiento superior y un control completo para la protecci\u00f3n de grandes infraestructuras cr\u00edticas.\" \/>\n<meta property=\"og:url\" content=\"https:\/\/www.arteco-global.com\/es\/video-security\/software-solutions\/extreme\/\" \/>\n<meta property=\"og:site_name\" content=\"Arteco\" \/>\n<meta property=\"article:modified_time\" content=\"2024-06-12T13:56:01+00:00\" \/>\n<meta property=\"og:image\" content=\"https:\/\/www.arteco-global.com\/wp-content\/uploads\/2021\/01\/arteco-software-extreme.jpg\" \/>\n\t<meta property=\"og:image:width\" content=\"1920\" \/>\n\t<meta property=\"og:image:height\" content=\"600\" \/>\n\t<meta property=\"og:image:type\" content=\"image\/jpeg\" \/>\n<meta name=\"twitter:card\" content=\"summary_large_image\" \/>\n<meta name=\"twitter:label1\" content=\"Tiempo de lectura\" \/>\n\t<meta name=\"twitter:data1\" content=\"2 minutos\" \/>\n<script type=\"application\/ld+json\" class=\"yoast-schema-graph\">{\"@context\":\"https:\/\/schema.org\",\"@graph\":[{\"@type\":\"WebPage\",\"@id\":\"https:\/\/www.arteco-global.com\/es\/video-security\/software-solutions\/extreme\/\",\"url\":\"https:\/\/www.arteco-global.com\/es\/video-security\/software-solutions\/extreme\/\",\"name\":\"Arteco Extreme - VMS con recuperaci\u00f3n de emergencia\",\"isPartOf\":{\"@id\":\"https:\/\/www.arteco-global.com\/en\/#website\"},\"primaryImageOfPage\":{\"@id\":\"https:\/\/www.arteco-global.com\/es\/video-security\/software-solutions\/extreme\/#primaryimage\"},\"image\":{\"@id\":\"https:\/\/www.arteco-global.com\/es\/video-security\/software-solutions\/extreme\/#primaryimage\"},\"thumbnailUrl\":\"https:\/\/www.arteco-global.com\/wp-content\/uploads\/2021\/01\/arteco-software-extreme.jpg\",\"datePublished\":\"2012-10-16T09:05:31+00:00\",\"dateModified\":\"2024-06-12T13:56:01+00:00\",\"description\":\"Soluci\u00f3n VMS que proporciona un rendimiento superior y un control completo para la protecci\u00f3n de grandes infraestructuras cr\u00edticas.\",\"breadcrumb\":{\"@id\":\"https:\/\/www.arteco-global.com\/es\/video-security\/software-solutions\/extreme\/#breadcrumb\"},\"inLanguage\":\"es\",\"potentialAction\":[{\"@type\":\"ReadAction\",\"target\":[\"https:\/\/www.arteco-global.com\/es\/video-security\/software-solutions\/extreme\/\"]}]},{\"@type\":\"ImageObject\",\"inLanguage\":\"es\",\"@id\":\"https:\/\/www.arteco-global.com\/es\/video-security\/software-solutions\/extreme\/#primaryimage\",\"url\":\"https:\/\/www.arteco-global.com\/wp-content\/uploads\/2021\/01\/arteco-software-extreme.jpg\",\"contentUrl\":\"https:\/\/www.arteco-global.com\/wp-content\/uploads\/2021\/01\/arteco-software-extreme.jpg\",\"width\":1920,\"height\":600},{\"@type\":\"BreadcrumbList\",\"@id\":\"https:\/\/www.arteco-global.com\/es\/video-security\/software-solutions\/extreme\/#breadcrumb\",\"itemListElement\":[{\"@type\":\"ListItem\",\"position\":1,\"name\":\"Home\",\"item\":\"https:\/\/www.arteco-global.com\/es\/\"},{\"@type\":\"ListItem\",\"position\":2,\"name\":\"Video Security\",\"item\":\"https:\/\/www.arteco-global.com\/es\/video-security\/\"},{\"@type\":\"ListItem\",\"position\":3,\"name\":\"Software Solutions\",\"item\":\"https:\/\/www.arteco-global.com\/es\/video-security\/software-solutions\/\"},{\"@type\":\"ListItem\",\"position\":4,\"name\":\"Extreme\"}]},{\"@type\":\"WebSite\",\"@id\":\"https:\/\/www.arteco-global.com\/en\/#website\",\"url\":\"https:\/\/www.arteco-global.com\/en\/\",\"name\":\"Arteco\",\"description\":\"\",\"potentialAction\":[{\"@type\":\"SearchAction\",\"target\":{\"@type\":\"EntryPoint\",\"urlTemplate\":\"https:\/\/www.arteco-global.com\/en\/?s={search_term_string}\"},\"query-input\":\"required name=search_term_string\"}],\"inLanguage\":\"es\"}]}<\/script>\n<!-- \/ Yoast SEO plugin. -->","yoast_head_json":{"title":"Arteco Extreme - VMS con recuperaci\u00f3n de emergencia","description":"Soluci\u00f3n VMS que proporciona un rendimiento superior y un control completo para la protecci\u00f3n de grandes infraestructuras cr\u00edticas.","robots":{"index":"index","follow":"follow","max-snippet":"max-snippet:-1","max-image-preview":"max-image-preview:large","max-video-preview":"max-video-preview:-1"},"canonical":"https:\/\/www.arteco-global.com\/es\/video-security\/software-solutions\/extreme\/","og_locale":"es_ES","og_type":"article","og_title":"Arteco Extreme - VMS con recuperaci\u00f3n de emergencia","og_description":"Soluci\u00f3n VMS que proporciona un rendimiento superior y un control completo para la protecci\u00f3n de grandes infraestructuras cr\u00edticas.","og_url":"https:\/\/www.arteco-global.com\/es\/video-security\/software-solutions\/extreme\/","og_site_name":"Arteco","article_modified_time":"2024-06-12T13:56:01+00:00","og_image":[{"width":1920,"height":600,"url":"https:\/\/www.arteco-global.com\/wp-content\/uploads\/2021\/01\/arteco-software-extreme.jpg","type":"image\/jpeg"}],"twitter_card":"summary_large_image","twitter_misc":{"Tiempo de lectura":"2 minutos"},"schema":{"@context":"https:\/\/schema.org","@graph":[{"@type":"WebPage","@id":"https:\/\/www.arteco-global.com\/es\/video-security\/software-solutions\/extreme\/","url":"https:\/\/www.arteco-global.com\/es\/video-security\/software-solutions\/extreme\/","name":"Arteco Extreme - VMS con recuperaci\u00f3n de emergencia","isPartOf":{"@id":"https:\/\/www.arteco-global.com\/en\/#website"},"primaryImageOfPage":{"@id":"https:\/\/www.arteco-global.com\/es\/video-security\/software-solutions\/extreme\/#primaryimage"},"image":{"@id":"https:\/\/www.arteco-global.com\/es\/video-security\/software-solutions\/extreme\/#primaryimage"},"thumbnailUrl":"https:\/\/www.arteco-global.com\/wp-content\/uploads\/2021\/01\/arteco-software-extreme.jpg","datePublished":"2012-10-16T09:05:31+00:00","dateModified":"2024-06-12T13:56:01+00:00","description":"Soluci\u00f3n VMS que proporciona un rendimiento superior y un control completo para la protecci\u00f3n de grandes infraestructuras cr\u00edticas.","breadcrumb":{"@id":"https:\/\/www.arteco-global.com\/es\/video-security\/software-solutions\/extreme\/#breadcrumb"},"inLanguage":"es","potentialAction":[{"@type":"ReadAction","target":["https:\/\/www.arteco-global.com\/es\/video-security\/software-solutions\/extreme\/"]}]},{"@type":"ImageObject","inLanguage":"es","@id":"https:\/\/www.arteco-global.com\/es\/video-security\/software-solutions\/extreme\/#primaryimage","url":"https:\/\/www.arteco-global.com\/wp-content\/uploads\/2021\/01\/arteco-software-extreme.jpg","contentUrl":"https:\/\/www.arteco-global.com\/wp-content\/uploads\/2021\/01\/arteco-software-extreme.jpg","width":1920,"height":600},{"@type":"BreadcrumbList","@id":"https:\/\/www.arteco-global.com\/es\/video-security\/software-solutions\/extreme\/#breadcrumb","itemListElement":[{"@type":"ListItem","position":1,"name":"Home","item":"https:\/\/www.arteco-global.com\/es\/"},{"@type":"ListItem","position":2,"name":"Video Security","item":"https:\/\/www.arteco-global.com\/es\/video-security\/"},{"@type":"ListItem","position":3,"name":"Software Solutions","item":"https:\/\/www.arteco-global.com\/es\/video-security\/software-solutions\/"},{"@type":"ListItem","position":4,"name":"Extreme"}]},{"@type":"WebSite","@id":"https:\/\/www.arteco-global.com\/en\/#website","url":"https:\/\/www.arteco-global.com\/en\/","name":"Arteco","description":"","potentialAction":[{"@type":"SearchAction","target":{"@type":"EntryPoint","urlTemplate":"https:\/\/www.arteco-global.com\/en\/?s={search_term_string}"},"query-input":"required name=search_term_string"}],"inLanguage":"es"}]}},"_links":{"self":[{"href":"https:\/\/www.arteco-global.com\/es\/wp-json\/wp\/v2\/pages\/18492"}],"collection":[{"href":"https:\/\/www.arteco-global.com\/es\/wp-json\/wp\/v2\/pages"}],"about":[{"href":"https:\/\/www.arteco-global.com\/es\/wp-json\/wp\/v2\/types\/page"}],"author":[{"embeddable":true,"href":"https:\/\/www.arteco-global.com\/es\/wp-json\/wp\/v2\/users\/1"}],"replies":[{"embeddable":true,"href":"https:\/\/www.arteco-global.com\/es\/wp-json\/wp\/v2\/comments?post=18492"}],"version-history":[{"count":6,"href":"https:\/\/www.arteco-global.com\/es\/wp-json\/wp\/v2\/pages\/18492\/revisions"}],"predecessor-version":[{"id":36149,"href":"https:\/\/www.arteco-global.com\/es\/wp-json\/wp\/v2\/pages\/18492\/revisions\/36149"}],"up":[{"embeddable":true,"href":"https:\/\/www.arteco-global.com\/es\/wp-json\/wp\/v2\/pages\/18041"}],"wp:featuredmedia":[{"embeddable":true,"href":"https:\/\/www.arteco-global.com\/es\/wp-json\/wp\/v2\/media\/31911"}],"wp:attachment":[{"href":"https:\/\/www.arteco-global.com\/es\/wp-json\/wp\/v2\/media?parent=18492"}],"curies":[{"name":"wp","href":"https:\/\/api.w.org\/{rel}","templated":true}]}}