{"id":18481,"date":"2012-10-16T09:04:46","date_gmt":"2012-10-16T09:04:46","guid":{"rendered":"https:\/\/www.arteco-global.com\/arteco-active\/"},"modified":"2024-06-12T15:53:25","modified_gmt":"2024-06-12T13:53:25","slug":"active","status":"publish","type":"page","link":"https:\/\/www.arteco-global.com\/es\/video-security\/software-solutions\/active\/","title":{"rendered":"Active"},"content":{"rendered":"<p>Creado para sistemas de seguridad de tama\u00f1o medio-grande, <strong>Active<\/strong> es el VMS para la gesti\u00f3n de un n\u00famero ilimitado de servidores, c\u00e1maras y dispositivos instalados en varios sitios: por eso Active es perfecto para vigilar sobre vastos sistemas localizados en variadas infraestructuras. Gracias a los mapas din\u00e1micos y al an\u00e1lisis video avanzado, la b\u00fasqueda y la soluci\u00f3n de eventos se vuelven muchos m\u00e1s simples y r\u00e1pidas.<\/p>\n<p>Active se adapta perfectamente a instalaciones en museos, hospitales, edificios p\u00fablicos y centros de producci\u00f3n. Es indicado para salas de control y centros operativos que pueden ampliar el sistema Active con Arteco Videowall para la gesti\u00f3n de eventos en vivo y un intercambio inmediato de datos y videos.<\/p>\n<p><strong><span style=\"color: #b50000;\">Principales caracter\u00edsticas<\/span><\/strong><\/p>\n<p><strong>Centralizaci\u00f3n<br \/>\n<\/strong>La centralizaci\u00f3n permite vigilar con m\u00e1xima eficacia sobre un n\u00famero elevado de sitios y dispositivo desde una sola sede operativa.<\/p>\n<p><strong>Perfiles de Usuarios<\/strong><br \/>\nSe pueden activar tres perfiles seg\u00fan las competencias (Administrator, Power User, User).<\/p>\n<p><strong><span class=\"VIiyi\" lang=\"es\"><span class=\"JLqJ4b\" data-language-for-alternatives=\"es\" data-language-to-translate-into=\"it\" data-phrase-index=\"0\">An\u00e1lisis de video y privacidad<br \/>\n<\/span><\/span><\/strong>Active est\u00e1 equipado con an\u00e1lisis de video avanzado con filtros de tiempo, dimensionales, calibraci\u00f3n de sensibilidad y persistencia. Adem\u00e1s, se puede integrar con VCA Light. Adem\u00e1s, gracias al algoritmo de enmascaramiento de privacidad patentado, las \u00e1reas borrosas tambi\u00e9n se pueden eliminar del video grabado.<\/p>\n<p><strong>Mapas<\/strong><br \/>\nCon los Mapas de Arteco que emplea la geolocalizaci\u00f3n de los dispositivos instalados, es posible obtener una verificaci\u00f3n r\u00e1pida de los eventos y el \u00e1rea monitoreada.<\/p>\n<p><img loading=\"lazy\" decoding=\"async\" class=\"alignleft size-full wp-image-35954\" src=\"https:\/\/www.arteco-global.com\/wp-content\/uploads\/2024\/04\/Onvif-MST-symbol-RGB-e1712153902748.png\" alt=\"\" width=\"238\" height=\"40\" \/><\/p>\n","protected":false},"excerpt":{"rendered":"<p>Creado para sistemas de seguridad de tama\u00f1o medio-grande, Active es [&hellip;]<\/p>\n","protected":false},"author":1,"featured_media":31907,"parent":18041,"menu_order":10,"comment_status":"open","ping_status":"open","template":"template-page-con-download-link.php","meta":{"footnotes":""},"yoast_head":"<!-- This site is optimized with the Yoast SEO plugin v22.8 - https:\/\/yoast.com\/wordpress\/plugins\/seo\/ -->\n<title>Active - soluci\u00f3n VMS para vastos sistemas<\/title>\n<meta name=\"description\" content=\"VMS creado para monitorear estructuras de tama\u00f1o mediano-grande, administra un n\u00famero ilimitado de servidores, c\u00e1maras y dispositivos instalados.\" \/>\n<meta name=\"robots\" content=\"index, follow, max-snippet:-1, max-image-preview:large, max-video-preview:-1\" \/>\n<link rel=\"canonical\" href=\"https:\/\/www.arteco-global.com\/es\/video-security\/software-solutions\/active\/\" \/>\n<meta property=\"og:locale\" content=\"es_ES\" \/>\n<meta property=\"og:type\" content=\"article\" \/>\n<meta property=\"og:title\" content=\"Active - soluci\u00f3n VMS para vastos sistemas\" \/>\n<meta property=\"og:description\" content=\"VMS creado para monitorear estructuras de tama\u00f1o mediano-grande, administra un n\u00famero ilimitado de servidores, c\u00e1maras y dispositivos instalados.\" \/>\n<meta property=\"og:url\" content=\"https:\/\/www.arteco-global.com\/es\/video-security\/software-solutions\/active\/\" \/>\n<meta property=\"og:site_name\" content=\"Arteco\" \/>\n<meta property=\"article:modified_time\" content=\"2024-06-12T13:53:25+00:00\" \/>\n<meta property=\"og:image\" content=\"https:\/\/www.arteco-global.com\/wp-content\/uploads\/2021\/01\/arteco-software-active.jpg\" \/>\n\t<meta property=\"og:image:width\" content=\"1920\" \/>\n\t<meta property=\"og:image:height\" content=\"600\" \/>\n\t<meta property=\"og:image:type\" content=\"image\/jpeg\" \/>\n<meta name=\"twitter:card\" content=\"summary_large_image\" \/>\n<meta name=\"twitter:label1\" content=\"Tiempo de lectura\" \/>\n\t<meta name=\"twitter:data1\" content=\"2 minutos\" \/>\n<script type=\"application\/ld+json\" class=\"yoast-schema-graph\">{\"@context\":\"https:\/\/schema.org\",\"@graph\":[{\"@type\":\"WebPage\",\"@id\":\"https:\/\/www.arteco-global.com\/es\/video-security\/software-solutions\/active\/\",\"url\":\"https:\/\/www.arteco-global.com\/es\/video-security\/software-solutions\/active\/\",\"name\":\"Active - soluci\u00f3n VMS para vastos sistemas\",\"isPartOf\":{\"@id\":\"https:\/\/www.arteco-global.com\/en\/#website\"},\"primaryImageOfPage\":{\"@id\":\"https:\/\/www.arteco-global.com\/es\/video-security\/software-solutions\/active\/#primaryimage\"},\"image\":{\"@id\":\"https:\/\/www.arteco-global.com\/es\/video-security\/software-solutions\/active\/#primaryimage\"},\"thumbnailUrl\":\"https:\/\/www.arteco-global.com\/wp-content\/uploads\/2021\/01\/arteco-software-active.jpg\",\"datePublished\":\"2012-10-16T09:04:46+00:00\",\"dateModified\":\"2024-06-12T13:53:25+00:00\",\"description\":\"VMS creado para monitorear estructuras de tama\u00f1o mediano-grande, administra un n\u00famero ilimitado de servidores, c\u00e1maras y dispositivos instalados.\",\"breadcrumb\":{\"@id\":\"https:\/\/www.arteco-global.com\/es\/video-security\/software-solutions\/active\/#breadcrumb\"},\"inLanguage\":\"es\",\"potentialAction\":[{\"@type\":\"ReadAction\",\"target\":[\"https:\/\/www.arteco-global.com\/es\/video-security\/software-solutions\/active\/\"]}]},{\"@type\":\"ImageObject\",\"inLanguage\":\"es\",\"@id\":\"https:\/\/www.arteco-global.com\/es\/video-security\/software-solutions\/active\/#primaryimage\",\"url\":\"https:\/\/www.arteco-global.com\/wp-content\/uploads\/2021\/01\/arteco-software-active.jpg\",\"contentUrl\":\"https:\/\/www.arteco-global.com\/wp-content\/uploads\/2021\/01\/arteco-software-active.jpg\",\"width\":1920,\"height\":600},{\"@type\":\"BreadcrumbList\",\"@id\":\"https:\/\/www.arteco-global.com\/es\/video-security\/software-solutions\/active\/#breadcrumb\",\"itemListElement\":[{\"@type\":\"ListItem\",\"position\":1,\"name\":\"Home\",\"item\":\"https:\/\/www.arteco-global.com\/es\/\"},{\"@type\":\"ListItem\",\"position\":2,\"name\":\"Video Security\",\"item\":\"https:\/\/www.arteco-global.com\/es\/video-security\/\"},{\"@type\":\"ListItem\",\"position\":3,\"name\":\"Software Solutions\",\"item\":\"https:\/\/www.arteco-global.com\/es\/video-security\/software-solutions\/\"},{\"@type\":\"ListItem\",\"position\":4,\"name\":\"Active\"}]},{\"@type\":\"WebSite\",\"@id\":\"https:\/\/www.arteco-global.com\/en\/#website\",\"url\":\"https:\/\/www.arteco-global.com\/en\/\",\"name\":\"Arteco\",\"description\":\"\",\"potentialAction\":[{\"@type\":\"SearchAction\",\"target\":{\"@type\":\"EntryPoint\",\"urlTemplate\":\"https:\/\/www.arteco-global.com\/en\/?s={search_term_string}\"},\"query-input\":\"required name=search_term_string\"}],\"inLanguage\":\"es\"}]}<\/script>\n<!-- \/ Yoast SEO plugin. -->","yoast_head_json":{"title":"Active - soluci\u00f3n VMS para vastos sistemas","description":"VMS creado para monitorear estructuras de tama\u00f1o mediano-grande, administra un n\u00famero ilimitado de servidores, c\u00e1maras y dispositivos instalados.","robots":{"index":"index","follow":"follow","max-snippet":"max-snippet:-1","max-image-preview":"max-image-preview:large","max-video-preview":"max-video-preview:-1"},"canonical":"https:\/\/www.arteco-global.com\/es\/video-security\/software-solutions\/active\/","og_locale":"es_ES","og_type":"article","og_title":"Active - soluci\u00f3n VMS para vastos sistemas","og_description":"VMS creado para monitorear estructuras de tama\u00f1o mediano-grande, administra un n\u00famero ilimitado de servidores, c\u00e1maras y dispositivos instalados.","og_url":"https:\/\/www.arteco-global.com\/es\/video-security\/software-solutions\/active\/","og_site_name":"Arteco","article_modified_time":"2024-06-12T13:53:25+00:00","og_image":[{"width":1920,"height":600,"url":"https:\/\/www.arteco-global.com\/wp-content\/uploads\/2021\/01\/arteco-software-active.jpg","type":"image\/jpeg"}],"twitter_card":"summary_large_image","twitter_misc":{"Tiempo de lectura":"2 minutos"},"schema":{"@context":"https:\/\/schema.org","@graph":[{"@type":"WebPage","@id":"https:\/\/www.arteco-global.com\/es\/video-security\/software-solutions\/active\/","url":"https:\/\/www.arteco-global.com\/es\/video-security\/software-solutions\/active\/","name":"Active - soluci\u00f3n VMS para vastos sistemas","isPartOf":{"@id":"https:\/\/www.arteco-global.com\/en\/#website"},"primaryImageOfPage":{"@id":"https:\/\/www.arteco-global.com\/es\/video-security\/software-solutions\/active\/#primaryimage"},"image":{"@id":"https:\/\/www.arteco-global.com\/es\/video-security\/software-solutions\/active\/#primaryimage"},"thumbnailUrl":"https:\/\/www.arteco-global.com\/wp-content\/uploads\/2021\/01\/arteco-software-active.jpg","datePublished":"2012-10-16T09:04:46+00:00","dateModified":"2024-06-12T13:53:25+00:00","description":"VMS creado para monitorear estructuras de tama\u00f1o mediano-grande, administra un n\u00famero ilimitado de servidores, c\u00e1maras y dispositivos instalados.","breadcrumb":{"@id":"https:\/\/www.arteco-global.com\/es\/video-security\/software-solutions\/active\/#breadcrumb"},"inLanguage":"es","potentialAction":[{"@type":"ReadAction","target":["https:\/\/www.arteco-global.com\/es\/video-security\/software-solutions\/active\/"]}]},{"@type":"ImageObject","inLanguage":"es","@id":"https:\/\/www.arteco-global.com\/es\/video-security\/software-solutions\/active\/#primaryimage","url":"https:\/\/www.arteco-global.com\/wp-content\/uploads\/2021\/01\/arteco-software-active.jpg","contentUrl":"https:\/\/www.arteco-global.com\/wp-content\/uploads\/2021\/01\/arteco-software-active.jpg","width":1920,"height":600},{"@type":"BreadcrumbList","@id":"https:\/\/www.arteco-global.com\/es\/video-security\/software-solutions\/active\/#breadcrumb","itemListElement":[{"@type":"ListItem","position":1,"name":"Home","item":"https:\/\/www.arteco-global.com\/es\/"},{"@type":"ListItem","position":2,"name":"Video Security","item":"https:\/\/www.arteco-global.com\/es\/video-security\/"},{"@type":"ListItem","position":3,"name":"Software Solutions","item":"https:\/\/www.arteco-global.com\/es\/video-security\/software-solutions\/"},{"@type":"ListItem","position":4,"name":"Active"}]},{"@type":"WebSite","@id":"https:\/\/www.arteco-global.com\/en\/#website","url":"https:\/\/www.arteco-global.com\/en\/","name":"Arteco","description":"","potentialAction":[{"@type":"SearchAction","target":{"@type":"EntryPoint","urlTemplate":"https:\/\/www.arteco-global.com\/en\/?s={search_term_string}"},"query-input":"required name=search_term_string"}],"inLanguage":"es"}]}},"_links":{"self":[{"href":"https:\/\/www.arteco-global.com\/es\/wp-json\/wp\/v2\/pages\/18481"}],"collection":[{"href":"https:\/\/www.arteco-global.com\/es\/wp-json\/wp\/v2\/pages"}],"about":[{"href":"https:\/\/www.arteco-global.com\/es\/wp-json\/wp\/v2\/types\/page"}],"author":[{"embeddable":true,"href":"https:\/\/www.arteco-global.com\/es\/wp-json\/wp\/v2\/users\/1"}],"replies":[{"embeddable":true,"href":"https:\/\/www.arteco-global.com\/es\/wp-json\/wp\/v2\/comments?post=18481"}],"version-history":[{"count":8,"href":"https:\/\/www.arteco-global.com\/es\/wp-json\/wp\/v2\/pages\/18481\/revisions"}],"predecessor-version":[{"id":36146,"href":"https:\/\/www.arteco-global.com\/es\/wp-json\/wp\/v2\/pages\/18481\/revisions\/36146"}],"up":[{"embeddable":true,"href":"https:\/\/www.arteco-global.com\/es\/wp-json\/wp\/v2\/pages\/18041"}],"wp:featuredmedia":[{"embeddable":true,"href":"https:\/\/www.arteco-global.com\/es\/wp-json\/wp\/v2\/media\/31907"}],"wp:attachment":[{"href":"https:\/\/www.arteco-global.com\/es\/wp-json\/wp\/v2\/media?parent=18481"}],"curies":[{"name":"wp","href":"https:\/\/api.w.org\/{rel}","templated":true}]}}