{"id":18464,"date":"2012-10-16T09:04:03","date_gmt":"2012-10-16T09:04:03","guid":{"rendered":"https:\/\/www.arteco-global.com\/arteco-emotion\/"},"modified":"2024-06-12T15:49:12","modified_gmt":"2024-06-12T13:49:12","slug":"emotion","status":"publish","type":"page","link":"https:\/\/www.arteco-global.com\/es\/video-security\/software-solutions\/emotion\/","title":{"rendered":"eMotion"},"content":{"rendered":"<p>Un software que crece contigo: dise\u00f1ado para obtener un mayor nivel de personalizaci\u00f3n, eMotion VMS ha sido concebido para administrar simult\u00e1neamente hasta 3 sistemas y admitir un n\u00famero ilimitado de usuarios conectados al mismo tiempo.<\/p>\n<p>eMotion es escalable y expandible, perfecto para administrar sistemas peque\u00f1os y medianos. Simple e intuitivo, se puede enriquecer en cualquier momento para administrar e integrar otros dispositivos de seguridad, como control de acceso, antiintrusi\u00f3n o lectura de matr\u00edculas.<\/p>\n<div class=\"ccvoYb\">\n<div class=\"AxqVh\">\n<div class=\"OPPzxe\">\n<div class=\"dePhmb\">\n<div class=\"eyKpYb\" data-language=\"es\" data-original-language=\"it\" data-result-index=\"0\">\n<div class=\"J0lOec\"><span class=\"VIiyi\" lang=\"es\" style=\"color: #b50000;\"><span class=\"JLqJ4b\" data-language-for-alternatives=\"es\" data-language-to-translate-into=\"it\" data-phrase-index=\"0\"><strong>Principales caracter\u00edsticas<\/strong> <\/span><\/span><\/div>\n<div><\/div>\n<div class=\"J0lOec\"><strong>Gesti\u00f3n<\/strong><br \/>\nLa gesti\u00f3n del software se puede realizar de forma local y remota en todos los PC y dispositivos m\u00f3viles que utilicen nuestro cliente OMNIA, desde dispositivos fijos y m\u00f3viles.<\/div>\n<div><\/div>\n<div class=\"J0lOec\"><strong><span class=\"VIiyi\" lang=\"es\"><span class=\"JLqJ4b\" data-language-for-alternatives=\"es\" data-language-to-translate-into=\"it\" data-phrase-index=\"0\">An\u00e1lisis de video y privacidad<\/span><\/span><\/strong><\/div>\n<div class=\"J0lOec\">eMotion est\u00e1 equipado con an\u00e1lisis de video b\u00e1sico, con filtros de tiempo y tama\u00f1o, e incluye el Smart Search. Adem\u00e1s, gracias al algoritmo de enmascaramiento de privacidad patentado, las \u00e1reas borrosas tambi\u00e9n se pueden eliminar del video grabado.<\/div>\n<div><\/div>\n<div class=\"J0lOec\"><strong><span class=\"VIiyi\" lang=\"es\"><span class=\"JLqJ4b\" data-language-for-alternatives=\"es\" data-language-to-translate-into=\"it\" data-phrase-index=\"0\">Mapas <\/span><\/span><\/strong><\/div>\n<div class=\"J0lOec\">Con los Mapas de Arteco que emplea la geolocalizaci\u00f3n de los dispositivos instalados, es posible obtener una verificaci\u00f3n r\u00e1pida de los eventos y el \u00e1rea monitoreada.<\/div>\n<div><\/div>\n<div class=\"J0lOec\"><span class=\"VIiyi\" lang=\"es\"><span class=\"JLqJ4b\" data-language-for-alternatives=\"es\" data-language-to-translate-into=\"it\" data-phrase-index=\"0\"><strong>Control total<br \/>\n<\/strong><\/span><\/span>eMotion permite la centralizaci\u00f3n de diferentes sistemas, incluidos los de terceros, para garantizar una experiencia de control total para los responsables de seguridad.<\/div>\n<div class=\"J0lOec\">\n<p><img loading=\"lazy\" decoding=\"async\" class=\"alignleft size-full wp-image-35954\" src=\"https:\/\/www.arteco-global.com\/wp-content\/uploads\/2024\/04\/Onvif-MST-symbol-RGB-e1712153902748.png\" alt=\"\" width=\"238\" height=\"40\" \/><\/p>\n<\/div>\n<div class=\"UdTY9 Yb6eTe\" aria-hidden=\"true\" data-location=\"2\">\n<div class=\"kO6q6e\"><\/div>\n<\/div>\n<\/div>\n<\/div>\n<\/div>\n<\/div>\n<\/div>\n","protected":false},"excerpt":{"rendered":"<p>Un software que crece contigo: dise\u00f1ado para obtener un mayor [&hellip;]<\/p>\n","protected":false},"author":1,"featured_media":31903,"parent":18041,"menu_order":9,"comment_status":"open","ping_status":"open","template":"template-page-con-download-link.php","meta":{"footnotes":""},"yoast_head":"<!-- This site is optimized with the Yoast SEO plugin v22.8 - https:\/\/yoast.com\/wordpress\/plugins\/seo\/ -->\n<title>eMotion: VMS intuitivo gestiona hasta 3 sistemas<\/title>\n<meta name=\"description\" content=\"eMotion VMS ha sido dise\u00f1ado para administrar hasta 3 sistemas y admitir un n\u00famero ilimitado de usuarios conectados simult\u00e1neamente.\" \/>\n<meta name=\"robots\" content=\"index, follow, max-snippet:-1, max-image-preview:large, max-video-preview:-1\" \/>\n<link rel=\"canonical\" href=\"https:\/\/www.arteco-global.com\/es\/video-security\/software-solutions\/emotion\/\" \/>\n<meta property=\"og:locale\" content=\"es_ES\" \/>\n<meta property=\"og:type\" content=\"article\" \/>\n<meta property=\"og:title\" content=\"eMotion: VMS intuitivo gestiona hasta 3 sistemas\" \/>\n<meta property=\"og:description\" content=\"eMotion VMS ha sido dise\u00f1ado para administrar hasta 3 sistemas y admitir un n\u00famero ilimitado de usuarios conectados simult\u00e1neamente.\" \/>\n<meta property=\"og:url\" content=\"https:\/\/www.arteco-global.com\/es\/video-security\/software-solutions\/emotion\/\" \/>\n<meta property=\"og:site_name\" content=\"Arteco\" \/>\n<meta property=\"article:modified_time\" content=\"2024-06-12T13:49:12+00:00\" \/>\n<meta property=\"og:image\" content=\"https:\/\/www.arteco-global.com\/wp-content\/uploads\/2021\/01\/arteco-software-emotion.jpg\" \/>\n\t<meta property=\"og:image:width\" content=\"1920\" \/>\n\t<meta property=\"og:image:height\" content=\"600\" \/>\n\t<meta property=\"og:image:type\" content=\"image\/jpeg\" \/>\n<meta name=\"twitter:card\" content=\"summary_large_image\" \/>\n<meta name=\"twitter:label1\" content=\"Tiempo de lectura\" \/>\n\t<meta name=\"twitter:data1\" content=\"2 minutos\" \/>\n<script type=\"application\/ld+json\" class=\"yoast-schema-graph\">{\"@context\":\"https:\/\/schema.org\",\"@graph\":[{\"@type\":\"WebPage\",\"@id\":\"https:\/\/www.arteco-global.com\/es\/video-security\/software-solutions\/emotion\/\",\"url\":\"https:\/\/www.arteco-global.com\/es\/video-security\/software-solutions\/emotion\/\",\"name\":\"eMotion: VMS intuitivo gestiona hasta 3 sistemas\",\"isPartOf\":{\"@id\":\"https:\/\/www.arteco-global.com\/en\/#website\"},\"primaryImageOfPage\":{\"@id\":\"https:\/\/www.arteco-global.com\/es\/video-security\/software-solutions\/emotion\/#primaryimage\"},\"image\":{\"@id\":\"https:\/\/www.arteco-global.com\/es\/video-security\/software-solutions\/emotion\/#primaryimage\"},\"thumbnailUrl\":\"https:\/\/www.arteco-global.com\/wp-content\/uploads\/2021\/01\/arteco-software-emotion.jpg\",\"datePublished\":\"2012-10-16T09:04:03+00:00\",\"dateModified\":\"2024-06-12T13:49:12+00:00\",\"description\":\"eMotion VMS ha sido dise\u00f1ado para administrar hasta 3 sistemas y admitir un n\u00famero ilimitado de usuarios conectados simult\u00e1neamente.\",\"breadcrumb\":{\"@id\":\"https:\/\/www.arteco-global.com\/es\/video-security\/software-solutions\/emotion\/#breadcrumb\"},\"inLanguage\":\"es\",\"potentialAction\":[{\"@type\":\"ReadAction\",\"target\":[\"https:\/\/www.arteco-global.com\/es\/video-security\/software-solutions\/emotion\/\"]}]},{\"@type\":\"ImageObject\",\"inLanguage\":\"es\",\"@id\":\"https:\/\/www.arteco-global.com\/es\/video-security\/software-solutions\/emotion\/#primaryimage\",\"url\":\"https:\/\/www.arteco-global.com\/wp-content\/uploads\/2021\/01\/arteco-software-emotion.jpg\",\"contentUrl\":\"https:\/\/www.arteco-global.com\/wp-content\/uploads\/2021\/01\/arteco-software-emotion.jpg\",\"width\":1920,\"height\":600},{\"@type\":\"BreadcrumbList\",\"@id\":\"https:\/\/www.arteco-global.com\/es\/video-security\/software-solutions\/emotion\/#breadcrumb\",\"itemListElement\":[{\"@type\":\"ListItem\",\"position\":1,\"name\":\"Home\",\"item\":\"https:\/\/www.arteco-global.com\/es\/\"},{\"@type\":\"ListItem\",\"position\":2,\"name\":\"Video Security\",\"item\":\"https:\/\/www.arteco-global.com\/es\/video-security\/\"},{\"@type\":\"ListItem\",\"position\":3,\"name\":\"Software Solutions\",\"item\":\"https:\/\/www.arteco-global.com\/es\/video-security\/software-solutions\/\"},{\"@type\":\"ListItem\",\"position\":4,\"name\":\"eMotion\"}]},{\"@type\":\"WebSite\",\"@id\":\"https:\/\/www.arteco-global.com\/en\/#website\",\"url\":\"https:\/\/www.arteco-global.com\/en\/\",\"name\":\"Arteco\",\"description\":\"\",\"potentialAction\":[{\"@type\":\"SearchAction\",\"target\":{\"@type\":\"EntryPoint\",\"urlTemplate\":\"https:\/\/www.arteco-global.com\/en\/?s={search_term_string}\"},\"query-input\":\"required name=search_term_string\"}],\"inLanguage\":\"es\"}]}<\/script>\n<!-- \/ Yoast SEO plugin. -->","yoast_head_json":{"title":"eMotion: VMS intuitivo gestiona hasta 3 sistemas","description":"eMotion VMS ha sido dise\u00f1ado para administrar hasta 3 sistemas y admitir un n\u00famero ilimitado de usuarios conectados simult\u00e1neamente.","robots":{"index":"index","follow":"follow","max-snippet":"max-snippet:-1","max-image-preview":"max-image-preview:large","max-video-preview":"max-video-preview:-1"},"canonical":"https:\/\/www.arteco-global.com\/es\/video-security\/software-solutions\/emotion\/","og_locale":"es_ES","og_type":"article","og_title":"eMotion: VMS intuitivo gestiona hasta 3 sistemas","og_description":"eMotion VMS ha sido dise\u00f1ado para administrar hasta 3 sistemas y admitir un n\u00famero ilimitado de usuarios conectados simult\u00e1neamente.","og_url":"https:\/\/www.arteco-global.com\/es\/video-security\/software-solutions\/emotion\/","og_site_name":"Arteco","article_modified_time":"2024-06-12T13:49:12+00:00","og_image":[{"width":1920,"height":600,"url":"https:\/\/www.arteco-global.com\/wp-content\/uploads\/2021\/01\/arteco-software-emotion.jpg","type":"image\/jpeg"}],"twitter_card":"summary_large_image","twitter_misc":{"Tiempo de lectura":"2 minutos"},"schema":{"@context":"https:\/\/schema.org","@graph":[{"@type":"WebPage","@id":"https:\/\/www.arteco-global.com\/es\/video-security\/software-solutions\/emotion\/","url":"https:\/\/www.arteco-global.com\/es\/video-security\/software-solutions\/emotion\/","name":"eMotion: VMS intuitivo gestiona hasta 3 sistemas","isPartOf":{"@id":"https:\/\/www.arteco-global.com\/en\/#website"},"primaryImageOfPage":{"@id":"https:\/\/www.arteco-global.com\/es\/video-security\/software-solutions\/emotion\/#primaryimage"},"image":{"@id":"https:\/\/www.arteco-global.com\/es\/video-security\/software-solutions\/emotion\/#primaryimage"},"thumbnailUrl":"https:\/\/www.arteco-global.com\/wp-content\/uploads\/2021\/01\/arteco-software-emotion.jpg","datePublished":"2012-10-16T09:04:03+00:00","dateModified":"2024-06-12T13:49:12+00:00","description":"eMotion VMS ha sido dise\u00f1ado para administrar hasta 3 sistemas y admitir un n\u00famero ilimitado de usuarios conectados simult\u00e1neamente.","breadcrumb":{"@id":"https:\/\/www.arteco-global.com\/es\/video-security\/software-solutions\/emotion\/#breadcrumb"},"inLanguage":"es","potentialAction":[{"@type":"ReadAction","target":["https:\/\/www.arteco-global.com\/es\/video-security\/software-solutions\/emotion\/"]}]},{"@type":"ImageObject","inLanguage":"es","@id":"https:\/\/www.arteco-global.com\/es\/video-security\/software-solutions\/emotion\/#primaryimage","url":"https:\/\/www.arteco-global.com\/wp-content\/uploads\/2021\/01\/arteco-software-emotion.jpg","contentUrl":"https:\/\/www.arteco-global.com\/wp-content\/uploads\/2021\/01\/arteco-software-emotion.jpg","width":1920,"height":600},{"@type":"BreadcrumbList","@id":"https:\/\/www.arteco-global.com\/es\/video-security\/software-solutions\/emotion\/#breadcrumb","itemListElement":[{"@type":"ListItem","position":1,"name":"Home","item":"https:\/\/www.arteco-global.com\/es\/"},{"@type":"ListItem","position":2,"name":"Video Security","item":"https:\/\/www.arteco-global.com\/es\/video-security\/"},{"@type":"ListItem","position":3,"name":"Software Solutions","item":"https:\/\/www.arteco-global.com\/es\/video-security\/software-solutions\/"},{"@type":"ListItem","position":4,"name":"eMotion"}]},{"@type":"WebSite","@id":"https:\/\/www.arteco-global.com\/en\/#website","url":"https:\/\/www.arteco-global.com\/en\/","name":"Arteco","description":"","potentialAction":[{"@type":"SearchAction","target":{"@type":"EntryPoint","urlTemplate":"https:\/\/www.arteco-global.com\/en\/?s={search_term_string}"},"query-input":"required name=search_term_string"}],"inLanguage":"es"}]}},"_links":{"self":[{"href":"https:\/\/www.arteco-global.com\/es\/wp-json\/wp\/v2\/pages\/18464"}],"collection":[{"href":"https:\/\/www.arteco-global.com\/es\/wp-json\/wp\/v2\/pages"}],"about":[{"href":"https:\/\/www.arteco-global.com\/es\/wp-json\/wp\/v2\/types\/page"}],"author":[{"embeddable":true,"href":"https:\/\/www.arteco-global.com\/es\/wp-json\/wp\/v2\/users\/1"}],"replies":[{"embeddable":true,"href":"https:\/\/www.arteco-global.com\/es\/wp-json\/wp\/v2\/comments?post=18464"}],"version-history":[{"count":8,"href":"https:\/\/www.arteco-global.com\/es\/wp-json\/wp\/v2\/pages\/18464\/revisions"}],"predecessor-version":[{"id":36143,"href":"https:\/\/www.arteco-global.com\/es\/wp-json\/wp\/v2\/pages\/18464\/revisions\/36143"}],"up":[{"embeddable":true,"href":"https:\/\/www.arteco-global.com\/es\/wp-json\/wp\/v2\/pages\/18041"}],"wp:featuredmedia":[{"embeddable":true,"href":"https:\/\/www.arteco-global.com\/es\/wp-json\/wp\/v2\/media\/31903"}],"wp:attachment":[{"href":"https:\/\/www.arteco-global.com\/es\/wp-json\/wp\/v2\/media?parent=18464"}],"curies":[{"name":"wp","href":"https:\/\/api.w.org\/{rel}","templated":true}]}}