{"id":17922,"date":"2006-05-03T14:51:06","date_gmt":"2006-05-03T14:51:06","guid":{"rendered":"https:\/\/www.arteco-global.com\/empresa\/"},"modified":"2025-07-09T17:03:57","modified_gmt":"2025-07-09T15:03:57","slug":"empresa","status":"publish","type":"page","link":"https:\/\/www.arteco-global.com\/es\/empresa\/","title":{"rendered":"Empresa"},"content":{"rendered":"<p><img loading=\"lazy\" decoding=\"async\" class=\"alignnone size-medium wp-image-37020\" src=\"https:\/\/www.arteco-global.com\/wp-content\/uploads\/2025\/07\/identidad-660x103.png\" alt=\"\" width=\"660\" height=\"103\" srcset=\"https:\/\/www.arteco-global.com\/wp-content\/uploads\/2025\/07\/identidad-660x103.png 660w, https:\/\/www.arteco-global.com\/wp-content\/uploads\/2025\/07\/identidad-1024x160.png 1024w, https:\/\/www.arteco-global.com\/wp-content\/uploads\/2025\/07\/identidad-768x120.png 768w, https:\/\/www.arteco-global.com\/wp-content\/uploads\/2025\/07\/identidad-1536x240.png 1536w, https:\/\/www.arteco-global.com\/wp-content\/uploads\/2025\/07\/identidad-110x17.png 110w, https:\/\/www.arteco-global.com\/wp-content\/uploads\/2025\/07\/identidad.png 1920w\" sizes=\"(max-width: 660px) 100vw, 660px\" \/><\/p>\n<p><strong>ARTECO<\/strong> es una empresa<strong> especializada desde hace m\u00e1s de 30 a\u00f1os<\/strong> en el dise\u00f1o y desarrollo de soluciones software para videovigilancia y gesti\u00f3n de v\u00eddeo.<\/p>\n<p>Ofrece productos y servicios que van m\u00e1s all\u00e1 de la videovigilancia tradicional, tanto entrante como saliente, e incluyen funciones avanzadas como <strong>an\u00e1lisis de v\u00eddeo, integraci\u00f3n con otros<\/strong><br \/>\n<strong>Sistemas, automatizaci\u00f3n de procesos y gesti\u00f3n de v\u00eddeo<\/strong>.<\/p>\n<p>El objetivo es ofrecer a los usuarios un mayor nivel de funcionalidad, eficiencia, UX y gesti\u00f3n de datos de v\u00eddeo desmaterializando los sistemas.<\/p>\n<p>La empresa se compromete a proporcionar <strong>soluciones flexibles y escalables<\/strong> que se adapten a las <strong>diferentes necesidades de los clientes<\/strong>, desde sistemas de vigilancia peque\u00f1os\/medianos hasta grandes sistemas distribuidos en m\u00faltiples sitios.<\/p>\n<p>Las <strong>soluciones<\/strong> de <strong>Arteco<\/strong> permiten <strong>administrar<\/strong> y <strong>monitorear<\/strong> en tiempo real una <strong>amplia gama de dispositivos<\/strong> de seguridad y c\u00e1maras, <strong>ofreciendo<\/strong> capacidades de <strong>an\u00e1lisis de video<\/strong> para detecci\u00f3n de eventos,<strong> reconocimiento de objetos y personas<\/strong>, integraci\u00f3n con otros <strong>sistemas de seguridad<\/strong> y mucho m\u00e1s.<\/p>\n<p><img loading=\"lazy\" decoding=\"async\" class=\"alignnone size-medium wp-image-37029\" src=\"https:\/\/www.arteco-global.com\/wp-content\/uploads\/2025\/07\/mision-660x103.png\" alt=\"\" width=\"660\" height=\"103\" srcset=\"https:\/\/www.arteco-global.com\/wp-content\/uploads\/2025\/07\/mision-660x103.png 660w, https:\/\/www.arteco-global.com\/wp-content\/uploads\/2025\/07\/mision-1024x160.png 1024w, https:\/\/www.arteco-global.com\/wp-content\/uploads\/2025\/07\/mision-768x120.png 768w, https:\/\/www.arteco-global.com\/wp-content\/uploads\/2025\/07\/mision-1536x240.png 1536w, https:\/\/www.arteco-global.com\/wp-content\/uploads\/2025\/07\/mision-110x17.png 110w, https:\/\/www.arteco-global.com\/wp-content\/uploads\/2025\/07\/mision.png 1920w\" sizes=\"(max-width: 660px) 100vw, 660px\" \/><\/p>\n<p><strong>EVOLUCIONAR<\/strong> el software de videovigilancia en <strong>sistemas capaces de leer e interpretar la \u201crealidad\u201d<\/strong>, estructurar la informaci\u00f3n y <strong>acortar los tiempos de intervenci\u00f3n<\/strong>.<\/p>\n<p><img loading=\"lazy\" decoding=\"async\" class=\"alignnone size-medium wp-image-37026\" src=\"https:\/\/www.arteco-global.com\/wp-content\/uploads\/2025\/07\/vision-esp-660x103.png\" alt=\"\" width=\"660\" height=\"103\" srcset=\"https:\/\/www.arteco-global.com\/wp-content\/uploads\/2025\/07\/vision-esp-660x103.png 660w, https:\/\/www.arteco-global.com\/wp-content\/uploads\/2025\/07\/vision-esp-1024x160.png 1024w, https:\/\/www.arteco-global.com\/wp-content\/uploads\/2025\/07\/vision-esp-768x120.png 768w, https:\/\/www.arteco-global.com\/wp-content\/uploads\/2025\/07\/vision-esp-1536x240.png 1536w, https:\/\/www.arteco-global.com\/wp-content\/uploads\/2025\/07\/vision-esp-110x17.png 110w, https:\/\/www.arteco-global.com\/wp-content\/uploads\/2025\/07\/vision-esp.png 1920w\" sizes=\"(max-width: 660px) 100vw, 660px\" \/><\/p>\n<p><strong>CREEMOS<\/strong> en un<strong> uso consciente<\/strong> y <strong>estrat\u00e9gico de las tecnolog\u00edas<\/strong> para <strong>optimizar la eficiencia<\/strong> y la <strong>seguridad<\/strong> de los <strong>entornos de trabajo<\/strong> y de <strong>vida de las personas<\/strong>.<\/p>\n<p><strong>AYUDAMOS<\/strong> a nuestros clientes a <strong>ir m\u00e1s all\u00e1 de los modelos tradicionales<\/strong> y adoptar <strong>enfoques m\u00e1s innovadores y efectivos<\/strong>.<\/p>\n<p><img loading=\"lazy\" decoding=\"async\" class=\"alignnone size-medium wp-image-36899\" src=\"https:\/\/www.arteco-global.com\/wp-content\/uploads\/2025\/06\/valores-660x103.png\" alt=\"\" width=\"660\" height=\"103\" srcset=\"https:\/\/www.arteco-global.com\/wp-content\/uploads\/2025\/06\/valores-660x103.png 660w, https:\/\/www.arteco-global.com\/wp-content\/uploads\/2025\/06\/valores-1024x160.png 1024w, https:\/\/www.arteco-global.com\/wp-content\/uploads\/2025\/06\/valores-768x120.png 768w, https:\/\/www.arteco-global.com\/wp-content\/uploads\/2025\/06\/valores-1536x240.png 1536w, https:\/\/www.arteco-global.com\/wp-content\/uploads\/2025\/06\/valores-110x17.png 110w, https:\/\/www.arteco-global.com\/wp-content\/uploads\/2025\/06\/valores.png 1920w\" sizes=\"(max-width: 660px) 100vw, 660px\" \/><\/p>\n<table style=\"width: 100%;\">\n<tbody>\n<tr>\n<td style=\"width: 16.6667%;\"><img loading=\"lazy\" decoding=\"async\" class=\"alignnone size-medium wp-image-36905\" src=\"https:\/\/www.arteco-global.com\/wp-content\/uploads\/2025\/06\/pannelli-valori-80x80-es-371x371.jpg\" alt=\"\" width=\"371\" height=\"371\" srcset=\"https:\/\/www.arteco-global.com\/wp-content\/uploads\/2025\/06\/pannelli-valori-80x80-es-371x371.jpg 371w, https:\/\/www.arteco-global.com\/wp-content\/uploads\/2025\/06\/pannelli-valori-80x80-es-1024x1024.jpg 1024w, https:\/\/www.arteco-global.com\/wp-content\/uploads\/2025\/06\/pannelli-valori-80x80-es-768x768.jpg 768w, https:\/\/www.arteco-global.com\/wp-content\/uploads\/2025\/06\/pannelli-valori-80x80-es-1536x1536.jpg 1536w, https:\/\/www.arteco-global.com\/wp-content\/uploads\/2025\/06\/pannelli-valori-80x80-es-2048x2048.jpg 2048w, https:\/\/www.arteco-global.com\/wp-content\/uploads\/2025\/06\/pannelli-valori-80x80-es-60x60.jpg 60w, https:\/\/www.arteco-global.com\/wp-content\/uploads\/2025\/06\/pannelli-valori-80x80-es-150x150.jpg 150w, https:\/\/www.arteco-global.com\/wp-content\/uploads\/2025\/06\/pannelli-valori-80x80-es-32x32.jpg 32w\" sizes=\"(max-width: 371px) 100vw, 371px\" \/><\/td>\n<td style=\"width: 16.6667%;\"><img loading=\"lazy\" decoding=\"async\" class=\"alignnone size-medium wp-image-36908\" src=\"https:\/\/www.arteco-global.com\/wp-content\/uploads\/2025\/06\/pannelli-valori-80x80-es2-371x371.jpg\" alt=\"\" width=\"371\" height=\"371\" srcset=\"https:\/\/www.arteco-global.com\/wp-content\/uploads\/2025\/06\/pannelli-valori-80x80-es2-371x371.jpg 371w, https:\/\/www.arteco-global.com\/wp-content\/uploads\/2025\/06\/pannelli-valori-80x80-es2-1024x1024.jpg 1024w, https:\/\/www.arteco-global.com\/wp-content\/uploads\/2025\/06\/pannelli-valori-80x80-es2-768x768.jpg 768w, https:\/\/www.arteco-global.com\/wp-content\/uploads\/2025\/06\/pannelli-valori-80x80-es2-1536x1536.jpg 1536w, https:\/\/www.arteco-global.com\/wp-content\/uploads\/2025\/06\/pannelli-valori-80x80-es2-2048x2048.jpg 2048w, https:\/\/www.arteco-global.com\/wp-content\/uploads\/2025\/06\/pannelli-valori-80x80-es2-60x60.jpg 60w, https:\/\/www.arteco-global.com\/wp-content\/uploads\/2025\/06\/pannelli-valori-80x80-es2-150x150.jpg 150w, https:\/\/www.arteco-global.com\/wp-content\/uploads\/2025\/06\/pannelli-valori-80x80-es2-32x32.jpg 32w\" sizes=\"(max-width: 371px) 100vw, 371px\" \/><\/td>\n<td style=\"width: 16.6667%;\"><img loading=\"lazy\" decoding=\"async\" class=\"alignnone size-medium wp-image-36911\" src=\"https:\/\/www.arteco-global.com\/wp-content\/uploads\/2025\/06\/pannelli-valori-80x80-es3-371x371.jpg\" alt=\"\" width=\"371\" height=\"371\" srcset=\"https:\/\/www.arteco-global.com\/wp-content\/uploads\/2025\/06\/pannelli-valori-80x80-es3-371x371.jpg 371w, https:\/\/www.arteco-global.com\/wp-content\/uploads\/2025\/06\/pannelli-valori-80x80-es3-1024x1024.jpg 1024w, https:\/\/www.arteco-global.com\/wp-content\/uploads\/2025\/06\/pannelli-valori-80x80-es3-768x768.jpg 768w, https:\/\/www.arteco-global.com\/wp-content\/uploads\/2025\/06\/pannelli-valori-80x80-es3-1536x1536.jpg 1536w, https:\/\/www.arteco-global.com\/wp-content\/uploads\/2025\/06\/pannelli-valori-80x80-es3-2048x2048.jpg 2048w, https:\/\/www.arteco-global.com\/wp-content\/uploads\/2025\/06\/pannelli-valori-80x80-es3-60x60.jpg 60w, https:\/\/www.arteco-global.com\/wp-content\/uploads\/2025\/06\/pannelli-valori-80x80-es3-150x150.jpg 150w, https:\/\/www.arteco-global.com\/wp-content\/uploads\/2025\/06\/pannelli-valori-80x80-es3-32x32.jpg 32w\" sizes=\"(max-width: 371px) 100vw, 371px\" \/><\/td>\n<td style=\"width: 16.6667%;\"><img loading=\"lazy\" decoding=\"async\" class=\"alignnone size-medium wp-image-36914\" src=\"https:\/\/www.arteco-global.com\/wp-content\/uploads\/2025\/06\/pannelli-valori-80x80-es4-371x371.jpg\" alt=\"\" width=\"371\" height=\"371\" srcset=\"https:\/\/www.arteco-global.com\/wp-content\/uploads\/2025\/06\/pannelli-valori-80x80-es4-371x371.jpg 371w, https:\/\/www.arteco-global.com\/wp-content\/uploads\/2025\/06\/pannelli-valori-80x80-es4-1024x1024.jpg 1024w, https:\/\/www.arteco-global.com\/wp-content\/uploads\/2025\/06\/pannelli-valori-80x80-es4-768x768.jpg 768w, https:\/\/www.arteco-global.com\/wp-content\/uploads\/2025\/06\/pannelli-valori-80x80-es4-1536x1536.jpg 1536w, https:\/\/www.arteco-global.com\/wp-content\/uploads\/2025\/06\/pannelli-valori-80x80-es4-2048x2048.jpg 2048w, https:\/\/www.arteco-global.com\/wp-content\/uploads\/2025\/06\/pannelli-valori-80x80-es4-60x60.jpg 60w, https:\/\/www.arteco-global.com\/wp-content\/uploads\/2025\/06\/pannelli-valori-80x80-es4-150x150.jpg 150w, https:\/\/www.arteco-global.com\/wp-content\/uploads\/2025\/06\/pannelli-valori-80x80-es4-32x32.jpg 32w\" sizes=\"(max-width: 371px) 100vw, 371px\" \/><\/td>\n<td style=\"width: 16.6667%;\"><img loading=\"lazy\" decoding=\"async\" class=\"alignnone size-medium wp-image-36917\" src=\"https:\/\/www.arteco-global.com\/wp-content\/uploads\/2025\/06\/pannelli-valori-80x80-es5-371x371.jpg\" alt=\"\" width=\"371\" height=\"371\" srcset=\"https:\/\/www.arteco-global.com\/wp-content\/uploads\/2025\/06\/pannelli-valori-80x80-es5-371x371.jpg 371w, https:\/\/www.arteco-global.com\/wp-content\/uploads\/2025\/06\/pannelli-valori-80x80-es5-1024x1024.jpg 1024w, https:\/\/www.arteco-global.com\/wp-content\/uploads\/2025\/06\/pannelli-valori-80x80-es5-768x768.jpg 768w, https:\/\/www.arteco-global.com\/wp-content\/uploads\/2025\/06\/pannelli-valori-80x80-es5-1536x1536.jpg 1536w, https:\/\/www.arteco-global.com\/wp-content\/uploads\/2025\/06\/pannelli-valori-80x80-es5-2048x2048.jpg 2048w, https:\/\/www.arteco-global.com\/wp-content\/uploads\/2025\/06\/pannelli-valori-80x80-es5-60x60.jpg 60w, https:\/\/www.arteco-global.com\/wp-content\/uploads\/2025\/06\/pannelli-valori-80x80-es5-150x150.jpg 150w, https:\/\/www.arteco-global.com\/wp-content\/uploads\/2025\/06\/pannelli-valori-80x80-es5-32x32.jpg 32w\" sizes=\"(max-width: 371px) 100vw, 371px\" \/><\/td>\n<td style=\"width: 16.6667%;\"><img loading=\"lazy\" decoding=\"async\" class=\"alignnone size-medium wp-image-36902\" src=\"https:\/\/www.arteco-global.com\/wp-content\/uploads\/2025\/06\/pannelli-valori-80x80-es6-371x371.jpg\" alt=\"\" width=\"371\" height=\"371\" srcset=\"https:\/\/www.arteco-global.com\/wp-content\/uploads\/2025\/06\/pannelli-valori-80x80-es6-371x371.jpg 371w, https:\/\/www.arteco-global.com\/wp-content\/uploads\/2025\/06\/pannelli-valori-80x80-es6-1024x1024.jpg 1024w, https:\/\/www.arteco-global.com\/wp-content\/uploads\/2025\/06\/pannelli-valori-80x80-es6-768x768.jpg 768w, https:\/\/www.arteco-global.com\/wp-content\/uploads\/2025\/06\/pannelli-valori-80x80-es6-1536x1536.jpg 1536w, https:\/\/www.arteco-global.com\/wp-content\/uploads\/2025\/06\/pannelli-valori-80x80-es6-2048x2048.jpg 2048w, https:\/\/www.arteco-global.com\/wp-content\/uploads\/2025\/06\/pannelli-valori-80x80-es6-60x60.jpg 60w, https:\/\/www.arteco-global.com\/wp-content\/uploads\/2025\/06\/pannelli-valori-80x80-es6-150x150.jpg 150w, https:\/\/www.arteco-global.com\/wp-content\/uploads\/2025\/06\/pannelli-valori-80x80-es6-32x32.jpg 32w\" sizes=\"(max-width: 371px) 100vw, 371px\" \/><\/td>\n<\/tr>\n<\/tbody>\n<\/table>\n<h3><\/h3>\n<p>&nbsp;<\/p>\n<h1 id=\"headline-11-23\" class=\"ct-headline\">M\u00e1s de treinta a\u00f1os de experiencia y conocimiento<\/h1>\n<p>Arteco, l\u00edder mundial en el sector de las plataformas VMS, est\u00e1 presente en Europa, Am\u00e9rica del Norte, Am\u00e9rica Latina y \u00c1frica y cuenta con el apoyo de una red de distribuidores y socios certificados presentes en todo el mundo.<\/p>\n<p><a href=\"https:\/\/www.arteco-global.com\/es\/donde-comprar\/\" target=\"_blank\" rel=\"noopener\"><span style=\"text-decoration: underline;\"><strong>Encuentre su sucursal o socio de referencia<\/strong><\/span><\/a><\/p>\n<p>&nbsp;<\/p>\n<p><img loading=\"lazy\" decoding=\"async\" class=\"alignnone size-full wp-image-36034\" src=\"https:\/\/www.arteco-global.com\/wp-content\/uploads\/2024\/04\/mappa-filiali-arteco-1.png\" alt=\"\" width=\"2000\" height=\"824\" srcset=\"https:\/\/www.arteco-global.com\/wp-content\/uploads\/2024\/04\/mappa-filiali-arteco-1.png 2000w, https:\/\/www.arteco-global.com\/wp-content\/uploads\/2024\/04\/mappa-filiali-arteco-1-660x272.png 660w, https:\/\/www.arteco-global.com\/wp-content\/uploads\/2024\/04\/mappa-filiali-arteco-1-1024x422.png 1024w, https:\/\/www.arteco-global.com\/wp-content\/uploads\/2024\/04\/mappa-filiali-arteco-1-768x316.png 768w, https:\/\/www.arteco-global.com\/wp-content\/uploads\/2024\/04\/mappa-filiali-arteco-1-1536x633.png 1536w, https:\/\/www.arteco-global.com\/wp-content\/uploads\/2024\/04\/mappa-filiali-arteco-1-110x45.png 110w\" sizes=\"(max-width: 2000px) 100vw, 2000px\" \/><\/p>\n<p>&nbsp;<\/p>\n","protected":false},"excerpt":{"rendered":"<p>ARTECO es una empresa especializada desde hace m\u00e1s de 30 [&hellip;]<\/p>\n","protected":false},"author":1,"featured_media":32719,"parent":0,"menu_order":20,"comment_status":"open","ping_status":"closed","template":"template-support.php","meta":{"footnotes":""},"yoast_head":"<!-- This site is optimized with the Yoast SEO plugin v22.8 - https:\/\/yoast.com\/wordpress\/plugins\/seo\/ -->\n<title>Arteco - Empresa<\/title>\n<meta name=\"description\" content=\"Arteco produce software de gesti\u00f3n de video con un enfoque en la facilidad de uso, an\u00e1lisis e integraci\u00f3n de video de \u00faltima generaci\u00f3n.\" \/>\n<meta name=\"robots\" content=\"index, follow, max-snippet:-1, max-image-preview:large, max-video-preview:-1\" \/>\n<link rel=\"canonical\" href=\"https:\/\/www.arteco-global.com\/es\/empresa\/\" \/>\n<meta property=\"og:locale\" content=\"es_ES\" \/>\n<meta property=\"og:type\" content=\"article\" \/>\n<meta property=\"og:title\" content=\"Arteco - Empresa\" \/>\n<meta property=\"og:description\" content=\"Arteco produce software de gesti\u00f3n de video con un enfoque en la facilidad de uso, an\u00e1lisis e integraci\u00f3n de video de \u00faltima generaci\u00f3n.\" \/>\n<meta property=\"og:url\" content=\"https:\/\/www.arteco-global.com\/es\/empresa\/\" \/>\n<meta property=\"og:site_name\" content=\"Arteco\" \/>\n<meta property=\"article:modified_time\" content=\"2025-07-09T15:03:57+00:00\" \/>\n<meta property=\"og:image\" content=\"https:\/\/www.arteco-global.com\/wp-content\/uploads\/2021\/08\/arteco-company.jpg\" \/>\n\t<meta property=\"og:image:width\" content=\"1920\" \/>\n\t<meta property=\"og:image:height\" content=\"600\" \/>\n\t<meta property=\"og:image:type\" content=\"image\/jpeg\" \/>\n<meta name=\"twitter:card\" content=\"summary_large_image\" \/>\n<meta name=\"twitter:label1\" content=\"Tiempo de lectura\" \/>\n\t<meta name=\"twitter:data1\" content=\"4 minutos\" \/>\n<script type=\"application\/ld+json\" class=\"yoast-schema-graph\">{\"@context\":\"https:\/\/schema.org\",\"@graph\":[{\"@type\":\"WebPage\",\"@id\":\"https:\/\/www.arteco-global.com\/es\/empresa\/\",\"url\":\"https:\/\/www.arteco-global.com\/es\/empresa\/\",\"name\":\"Arteco - Empresa\",\"isPartOf\":{\"@id\":\"https:\/\/www.arteco-global.com\/en\/#website\"},\"primaryImageOfPage\":{\"@id\":\"https:\/\/www.arteco-global.com\/es\/empresa\/#primaryimage\"},\"image\":{\"@id\":\"https:\/\/www.arteco-global.com\/es\/empresa\/#primaryimage\"},\"thumbnailUrl\":\"https:\/\/www.arteco-global.com\/wp-content\/uploads\/2021\/08\/arteco-company.jpg\",\"datePublished\":\"2006-05-03T14:51:06+00:00\",\"dateModified\":\"2025-07-09T15:03:57+00:00\",\"description\":\"Arteco produce software de gesti\u00f3n de video con un enfoque en la facilidad de uso, an\u00e1lisis e integraci\u00f3n de video de \u00faltima generaci\u00f3n.\",\"breadcrumb\":{\"@id\":\"https:\/\/www.arteco-global.com\/es\/empresa\/#breadcrumb\"},\"inLanguage\":\"es\",\"potentialAction\":[{\"@type\":\"ReadAction\",\"target\":[\"https:\/\/www.arteco-global.com\/es\/empresa\/\"]}]},{\"@type\":\"ImageObject\",\"inLanguage\":\"es\",\"@id\":\"https:\/\/www.arteco-global.com\/es\/empresa\/#primaryimage\",\"url\":\"https:\/\/www.arteco-global.com\/wp-content\/uploads\/2021\/08\/arteco-company.jpg\",\"contentUrl\":\"https:\/\/www.arteco-global.com\/wp-content\/uploads\/2021\/08\/arteco-company.jpg\",\"width\":1920,\"height\":600},{\"@type\":\"BreadcrumbList\",\"@id\":\"https:\/\/www.arteco-global.com\/es\/empresa\/#breadcrumb\",\"itemListElement\":[{\"@type\":\"ListItem\",\"position\":1,\"name\":\"Home\",\"item\":\"https:\/\/www.arteco-global.com\/es\/\"},{\"@type\":\"ListItem\",\"position\":2,\"name\":\"Empresa\"}]},{\"@type\":\"WebSite\",\"@id\":\"https:\/\/www.arteco-global.com\/en\/#website\",\"url\":\"https:\/\/www.arteco-global.com\/en\/\",\"name\":\"Arteco\",\"description\":\"\",\"potentialAction\":[{\"@type\":\"SearchAction\",\"target\":{\"@type\":\"EntryPoint\",\"urlTemplate\":\"https:\/\/www.arteco-global.com\/en\/?s={search_term_string}\"},\"query-input\":\"required name=search_term_string\"}],\"inLanguage\":\"es\"}]}<\/script>\n<!-- \/ Yoast SEO plugin. -->","yoast_head_json":{"title":"Arteco - Empresa","description":"Arteco produce software de gesti\u00f3n de video con un enfoque en la facilidad de uso, an\u00e1lisis e integraci\u00f3n de video de \u00faltima generaci\u00f3n.","robots":{"index":"index","follow":"follow","max-snippet":"max-snippet:-1","max-image-preview":"max-image-preview:large","max-video-preview":"max-video-preview:-1"},"canonical":"https:\/\/www.arteco-global.com\/es\/empresa\/","og_locale":"es_ES","og_type":"article","og_title":"Arteco - Empresa","og_description":"Arteco produce software de gesti\u00f3n de video con un enfoque en la facilidad de uso, an\u00e1lisis e integraci\u00f3n de video de \u00faltima generaci\u00f3n.","og_url":"https:\/\/www.arteco-global.com\/es\/empresa\/","og_site_name":"Arteco","article_modified_time":"2025-07-09T15:03:57+00:00","og_image":[{"width":1920,"height":600,"url":"https:\/\/www.arteco-global.com\/wp-content\/uploads\/2021\/08\/arteco-company.jpg","type":"image\/jpeg"}],"twitter_card":"summary_large_image","twitter_misc":{"Tiempo de lectura":"4 minutos"},"schema":{"@context":"https:\/\/schema.org","@graph":[{"@type":"WebPage","@id":"https:\/\/www.arteco-global.com\/es\/empresa\/","url":"https:\/\/www.arteco-global.com\/es\/empresa\/","name":"Arteco - Empresa","isPartOf":{"@id":"https:\/\/www.arteco-global.com\/en\/#website"},"primaryImageOfPage":{"@id":"https:\/\/www.arteco-global.com\/es\/empresa\/#primaryimage"},"image":{"@id":"https:\/\/www.arteco-global.com\/es\/empresa\/#primaryimage"},"thumbnailUrl":"https:\/\/www.arteco-global.com\/wp-content\/uploads\/2021\/08\/arteco-company.jpg","datePublished":"2006-05-03T14:51:06+00:00","dateModified":"2025-07-09T15:03:57+00:00","description":"Arteco produce software de gesti\u00f3n de video con un enfoque en la facilidad de uso, an\u00e1lisis e integraci\u00f3n de video de \u00faltima generaci\u00f3n.","breadcrumb":{"@id":"https:\/\/www.arteco-global.com\/es\/empresa\/#breadcrumb"},"inLanguage":"es","potentialAction":[{"@type":"ReadAction","target":["https:\/\/www.arteco-global.com\/es\/empresa\/"]}]},{"@type":"ImageObject","inLanguage":"es","@id":"https:\/\/www.arteco-global.com\/es\/empresa\/#primaryimage","url":"https:\/\/www.arteco-global.com\/wp-content\/uploads\/2021\/08\/arteco-company.jpg","contentUrl":"https:\/\/www.arteco-global.com\/wp-content\/uploads\/2021\/08\/arteco-company.jpg","width":1920,"height":600},{"@type":"BreadcrumbList","@id":"https:\/\/www.arteco-global.com\/es\/empresa\/#breadcrumb","itemListElement":[{"@type":"ListItem","position":1,"name":"Home","item":"https:\/\/www.arteco-global.com\/es\/"},{"@type":"ListItem","position":2,"name":"Empresa"}]},{"@type":"WebSite","@id":"https:\/\/www.arteco-global.com\/en\/#website","url":"https:\/\/www.arteco-global.com\/en\/","name":"Arteco","description":"","potentialAction":[{"@type":"SearchAction","target":{"@type":"EntryPoint","urlTemplate":"https:\/\/www.arteco-global.com\/en\/?s={search_term_string}"},"query-input":"required name=search_term_string"}],"inLanguage":"es"}]}},"_links":{"self":[{"href":"https:\/\/www.arteco-global.com\/es\/wp-json\/wp\/v2\/pages\/17922"}],"collection":[{"href":"https:\/\/www.arteco-global.com\/es\/wp-json\/wp\/v2\/pages"}],"about":[{"href":"https:\/\/www.arteco-global.com\/es\/wp-json\/wp\/v2\/types\/page"}],"author":[{"embeddable":true,"href":"https:\/\/www.arteco-global.com\/es\/wp-json\/wp\/v2\/users\/1"}],"replies":[{"embeddable":true,"href":"https:\/\/www.arteco-global.com\/es\/wp-json\/wp\/v2\/comments?post=17922"}],"version-history":[{"count":12,"href":"https:\/\/www.arteco-global.com\/es\/wp-json\/wp\/v2\/pages\/17922\/revisions"}],"predecessor-version":[{"id":37033,"href":"https:\/\/www.arteco-global.com\/es\/wp-json\/wp\/v2\/pages\/17922\/revisions\/37033"}],"wp:featuredmedia":[{"embeddable":true,"href":"https:\/\/www.arteco-global.com\/es\/wp-json\/wp\/v2\/media\/32719"}],"wp:attachment":[{"href":"https:\/\/www.arteco-global.com\/es\/wp-json\/wp\/v2\/media?parent=17922"}],"curies":[{"name":"wp","href":"https:\/\/api.w.org\/{rel}","templated":true}]}}